{"id":1063,"date":"2024-12-18T11:02:37","date_gmt":"2024-12-18T11:02:37","guid":{"rendered":"https:\/\/staging.tropicalhotel.it\/escursioni\/vicenza\/"},"modified":"2025-01-31T14:19:18","modified_gmt":"2025-01-31T14:19:18","slug":"vicenze","status":"publish","type":"page","link":"https:\/\/tropicalhotel.it\/fr\/attractions\/tours\/vicenze\/","title":{"rendered":"VICENZE"},"content":{"rendered":"\n<p>Vicence&nbsp;est&nbsp;connue comme la ville&nbsp;de Palladio&nbsp;\u2013&nbsp;qui a con\u00e7u&nbsp;de nombreux b\u00e2timents&nbsp;\u2013&nbsp;et est&nbsp;un lieu d\u2019art&nbsp;parmi les plus importants&nbsp;non seulementdans la&nbsp;V\u00e9n\u00e9tie.&nbsp;Il&nbsp;est une destination&nbsp;pour le tourisme culturel&nbsp;avec les visiteurs&nbsp;de toute l\u2019Italie&nbsp;et \u00e0 l\u2019\u00e9tranger.&nbsp;<strong>La ville&nbsp;a \u00e9t\u00e9 class\u00e9&nbsp;du patrimoine mondial de&nbsp;l\u2019UNESCO&nbsp;<\/strong>.&nbsp;La basilique&nbsp;palladienne,&nbsp;reconstruit&nbsp;en 1549,&nbsp;est le&nbsp;b\u00e2timent le plus c\u00e9l\u00e8bre&nbsp;du public.&nbsp;Pour&nbsp;le sud\u2013ouest de la ville&nbsp;de Vicence&nbsp;est le sanctuaire de&nbsp;Notre-Dame du Mont&nbsp;Berico&nbsp;qui sont li\u00e9s&nbsp;les&nbsp;deux&nbsp;apparitions de&nbsp;la Vierge,&nbsp;le premier de Mars&nbsp;7, 1426,&nbsp;la seconde de&nbsp;1Ao\u00fbt,&nbsp;1428.&nbsp;Un must&nbsp;go\u00fbt du plat:&nbsp;la&nbsp;morue&nbsp;Vicence.<\/p>\n\n\n\n<p><a href=\"https:\/\/www.tropicalhotel.it\/#facebook\" rel=\"noreferrer noopener\" target=\"_blank\">Facebook<\/a><a href=\"https:\/\/www.tropicalhotel.it\/#twitter\" rel=\"noreferrer noopener\" target=\"_blank\">Twitter<\/a><a href=\"https:\/\/www.addtoany.com\/add_to\/google_plus?linkurl=https%3A%2F%2Fwww.tropicalhotel.it%2Ffr%2Ftours%2Fvicence%2F&amp;linkname=VICENCE\" rel=\"noreferrer noopener\" target=\"_blank\"><\/a><a href=\"https:\/\/www.addtoany.com\/share#url=https%3A%2F%2Fwww.tropicalhotel.it%2Ffr%2Ftours%2Fvicence%2F&amp;title=VICENCE\">Condividi<\/a><\/p>\n\n\n\n<p><a href=\"https:\/\/www.tropicalhotel.it\/#facebook\" rel=\"noreferrer noopener\" target=\"_blank\">Facebook<\/a><a href=\"https:\/\/www.tropicalhotel.it\/#twitter\" rel=\"noreferrer noopener\" target=\"_blank\">Twitter<\/a><a href=\"https:\/\/www.addtoany.com\/add_to\/google_plus?linkurl=https%3A%2F%2Fwww.tropicalhotel.it%2Fescursioni%2Fvicenza%2F&amp;linkname=VICENZA\" rel=\"noreferrer noopener\" target=\"_blank\"><\/a><a href=\"https:\/\/www.addtoany.com\/share#url=https%3A%2F%2Fwww.tropicalhotel.it%2Fescursioni%2Fvicenza%2F&amp;title=VICENZA\">Condividi<\/a><\/p>\n\n\n\n<p><\/p>\n","protected":false},"excerpt":{"rendered":"<p>Vicence&nbsp;est&nbsp;connue comme la ville&nbsp;de Palladio&nbsp;\u2013&nbsp;qui a con\u00e7u&nbsp;de nombreux b\u00e2timents&nbsp;\u2013&nbsp;et est&nbsp;un lieu d\u2019art&nbsp;parmi les plus importants&nbsp;non seulementdans la&nbsp;V\u00e9n\u00e9tie.&nbsp;Il&nbsp;est une destination&nbsp;pour le tourisme culturel&nbsp;avec les visiteurs&nbsp;de toute l\u2019Italie&nbsp;et \u00e0 l\u2019\u00e9tranger.&nbsp;La ville&nbsp;a \u00e9t\u00e9 class\u00e9&nbsp;du patrimoine mondial de&nbsp;l\u2019UNESCO&nbsp;.&nbsp;La basilique&nbsp;palladienne,&nbsp;reconstruit&nbsp;en 1549,&nbsp;est le&nbsp;b\u00e2timent le plus c\u00e9l\u00e8bre&nbsp;du public.&nbsp;Pour&nbsp;le sud\u2013ouest de la ville&nbsp;de Vicence&nbsp;est le sanctuaire de&nbsp;Notre-Dame du Mont&nbsp;Berico&nbsp;qui sont li\u00e9s&nbsp;les&nbsp;deux&nbsp;apparitions de&nbsp;la Vierge,&nbsp;le [&hellip;]<\/p>\n","protected":false},"author":1,"featured_media":985,"parent":1045,"menu_order":0,"comment_status":"closed","ping_status":"closed","template":"templates\/lista-figlio.php","meta":{"_acf_changed":false,"footnotes":""},"class_list":["post-1063","page","type-page","status-publish","has-post-thumbnail","hentry"],"acf":[],"yoast_head":"<!-- This site is optimized with the Yoast SEO plugin v27.0 - https:\/\/yoast.com\/product\/yoast-seo-wordpress\/ -->\n<title>VICENZE - Tropical Hotel Jesolo<\/title>\n<meta name=\"description\" content=\"D\u00e9couvrez Vicenza, ville de Palladio et site UNESCO. Visitez la Basilique Palladiana et Monte Berico. Go\u00fbtez le baccal\u00e0 alla vicentina.\" \/>\n<meta name=\"robots\" content=\"index, follow, max-snippet:-1, max-image-preview:large, max-video-preview:-1\" \/>\n<link rel=\"canonical\" href=\"https:\/\/tropicalhotel.it\/fr\/attractions\/tours\/vicenze\/\" \/>\n<meta property=\"og:locale\" content=\"fr_FR\" \/>\n<meta property=\"og:type\" content=\"article\" \/>\n<meta property=\"og:title\" content=\"VICENZE - Tropical Hotel Jesolo\" \/>\n<meta property=\"og:description\" content=\"D\u00e9couvrez Vicenza, ville de Palladio et site UNESCO. Visitez la Basilique Palladiana et Monte Berico. Go\u00fbtez le baccal\u00e0 alla vicentina.\" \/>\n<meta property=\"og:url\" content=\"https:\/\/tropicalhotel.it\/fr\/attractions\/tours\/vicenze\/\" \/>\n<meta property=\"og:site_name\" content=\"Tropical Hotel Jesolo\" \/>\n<meta property=\"article:publisher\" content=\"https:\/\/www.facebook.com\/Tropical-Hotel-Jesolo-276868195688612\/\" \/>\n<meta property=\"article:modified_time\" content=\"2025-01-31T14:19:18+00:00\" \/>\n<meta property=\"og:image\" content=\"https:\/\/tropicalhotel.it\/wp-content\/uploads\/2024\/12\/Vicenza-EVI-Tropical-1600x558-1.jpg\" \/>\n\t<meta property=\"og:image:width\" content=\"1600\" \/>\n\t<meta property=\"og:image:height\" content=\"558\" \/>\n\t<meta property=\"og:image:type\" content=\"image\/jpeg\" \/>\n<meta name=\"twitter:card\" content=\"summary_large_image\" \/>\n<meta name=\"twitter:label1\" content=\"Dur\u00e9e de lecture estim\u00e9e\" \/>\n\t<meta name=\"twitter:data1\" content=\"1 minute\" \/>\n<script type=\"application\/ld+json\" class=\"yoast-schema-graph\">{\"@context\":\"https:\/\/schema.org\",\"@graph\":[{\"@type\":\"WebPage\",\"@id\":\"https:\/\/tropicalhotel.it\/fr\/attractions\/tours\/vicenze\/\",\"url\":\"https:\/\/tropicalhotel.it\/fr\/attractions\/tours\/vicenze\/\",\"name\":\"VICENZE - Tropical Hotel Jesolo\",\"isPartOf\":{\"@id\":\"https:\/\/tropicalhotel.it\/fr\/#website\"},\"primaryImageOfPage\":{\"@id\":\"https:\/\/tropicalhotel.it\/fr\/attractions\/tours\/vicenze\/#primaryimage\"},\"image\":{\"@id\":\"https:\/\/tropicalhotel.it\/fr\/attractions\/tours\/vicenze\/#primaryimage\"},\"thumbnailUrl\":\"https:\/\/tropicalhotel.it\/wp-content\/uploads\/2024\/12\/Vicenza-EVI-Tropical-1600x558-1.jpg\",\"datePublished\":\"2024-12-18T11:02:37+00:00\",\"dateModified\":\"2025-01-31T14:19:18+00:00\",\"description\":\"D\u00e9couvrez Vicenza, ville de Palladio et site UNESCO. Visitez la Basilique Palladiana et Monte Berico. Go\u00fbtez le baccal\u00e0 alla vicentina.\",\"breadcrumb\":{\"@id\":\"https:\/\/tropicalhotel.it\/fr\/attractions\/tours\/vicenze\/#breadcrumb\"},\"inLanguage\":\"fr-FR\",\"potentialAction\":[{\"@type\":\"ReadAction\",\"target\":[\"https:\/\/tropicalhotel.it\/fr\/attractions\/tours\/vicenze\/\"]}]},{\"@type\":\"ImageObject\",\"inLanguage\":\"fr-FR\",\"@id\":\"https:\/\/tropicalhotel.it\/fr\/attractions\/tours\/vicenze\/#primaryimage\",\"url\":\"https:\/\/tropicalhotel.it\/wp-content\/uploads\/2024\/12\/Vicenza-EVI-Tropical-1600x558-1.jpg\",\"contentUrl\":\"https:\/\/tropicalhotel.it\/wp-content\/uploads\/2024\/12\/Vicenza-EVI-Tropical-1600x558-1.jpg\",\"width\":1600,\"height\":558,\"caption\":\"Vicenza ville de Palladio\"},{\"@type\":\"BreadcrumbList\",\"@id\":\"https:\/\/tropicalhotel.it\/fr\/attractions\/tours\/vicenze\/#breadcrumb\",\"itemListElement\":[{\"@type\":\"ListItem\",\"position\":1,\"name\":\"Home\",\"item\":\"https:\/\/tropicalhotel.it\/fr\/\"},{\"@type\":\"ListItem\",\"position\":2,\"name\":\"Attractions\",\"item\":\"https:\/\/tropicalhotel.it\/fr\/attractions\/\"},{\"@type\":\"ListItem\",\"position\":3,\"name\":\"TOURS\",\"item\":\"https:\/\/tropicalhotel.it\/fr\/attractions\/tours\/\"},{\"@type\":\"ListItem\",\"position\":4,\"name\":\"VICENZE\"}]},{\"@type\":\"WebSite\",\"@id\":\"https:\/\/tropicalhotel.it\/fr\/#website\",\"url\":\"https:\/\/tropicalhotel.it\/fr\/\",\"name\":\"Tropical Hotel Jesolo\",\"description\":\"Hotel 3 stelle a Jesolo\",\"publisher\":{\"@id\":\"https:\/\/tropicalhotel.it\/fr\/#organization\"},\"potentialAction\":[{\"@type\":\"SearchAction\",\"target\":{\"@type\":\"EntryPoint\",\"urlTemplate\":\"https:\/\/tropicalhotel.it\/fr\/?s={search_term_string}\"},\"query-input\":{\"@type\":\"PropertyValueSpecification\",\"valueRequired\":true,\"valueName\":\"search_term_string\"}}],\"inLanguage\":\"fr-FR\"},{\"@type\":\"Organization\",\"@id\":\"https:\/\/tropicalhotel.it\/fr\/#organization\",\"name\":\"Tropical Hotel Jesolo\",\"url\":\"https:\/\/tropicalhotel.it\/fr\/\",\"logo\":{\"@type\":\"ImageObject\",\"inLanguage\":\"fr-FR\",\"@id\":\"https:\/\/tropicalhotel.it\/fr\/#\/schema\/logo\/image\/\",\"url\":\"https:\/\/tropicalhotel.it\/wp-content\/uploads\/2024\/12\/Logo-Tropical-Verticale-2-2.jpg\",\"contentUrl\":\"https:\/\/tropicalhotel.it\/wp-content\/uploads\/2024\/12\/Logo-Tropical-Verticale-2-2.jpg\",\"width\":190,\"height\":147,\"caption\":\"Tropical Hotel Jesolo\"},\"image\":{\"@id\":\"https:\/\/tropicalhotel.it\/fr\/#\/schema\/logo\/image\/\"},\"sameAs\":[\"https:\/\/www.facebook.com\/Tropical-Hotel-Jesolo-276868195688612\/\",\"https:\/\/www.instagram.com\/tropicalhoteljesolo\/\"]}]}<\/script>\n<!-- \/ Yoast SEO plugin. -->","yoast_head_json":{"title":"VICENZE - Tropical Hotel Jesolo","description":"D\u00e9couvrez Vicenza, ville de Palladio et site UNESCO. Visitez la Basilique Palladiana et Monte Berico. Go\u00fbtez le baccal\u00e0 alla vicentina.","robots":{"index":"index","follow":"follow","max-snippet":"max-snippet:-1","max-image-preview":"max-image-preview:large","max-video-preview":"max-video-preview:-1"},"canonical":"https:\/\/tropicalhotel.it\/fr\/attractions\/tours\/vicenze\/","og_locale":"fr_FR","og_type":"article","og_title":"VICENZE - Tropical Hotel Jesolo","og_description":"D\u00e9couvrez Vicenza, ville de Palladio et site UNESCO. Visitez la Basilique Palladiana et Monte Berico. Go\u00fbtez le baccal\u00e0 alla vicentina.","og_url":"https:\/\/tropicalhotel.it\/fr\/attractions\/tours\/vicenze\/","og_site_name":"Tropical Hotel Jesolo","article_publisher":"https:\/\/www.facebook.com\/Tropical-Hotel-Jesolo-276868195688612\/","article_modified_time":"2025-01-31T14:19:18+00:00","og_image":[{"width":1600,"height":558,"url":"https:\/\/tropicalhotel.it\/wp-content\/uploads\/2024\/12\/Vicenza-EVI-Tropical-1600x558-1.jpg","type":"image\/jpeg"}],"twitter_card":"summary_large_image","twitter_misc":{"Dur\u00e9e de lecture estim\u00e9e":"1 minute"},"schema":{"@context":"https:\/\/schema.org","@graph":[{"@type":"WebPage","@id":"https:\/\/tropicalhotel.it\/fr\/attractions\/tours\/vicenze\/","url":"https:\/\/tropicalhotel.it\/fr\/attractions\/tours\/vicenze\/","name":"VICENZE - Tropical Hotel Jesolo","isPartOf":{"@id":"https:\/\/tropicalhotel.it\/fr\/#website"},"primaryImageOfPage":{"@id":"https:\/\/tropicalhotel.it\/fr\/attractions\/tours\/vicenze\/#primaryimage"},"image":{"@id":"https:\/\/tropicalhotel.it\/fr\/attractions\/tours\/vicenze\/#primaryimage"},"thumbnailUrl":"https:\/\/tropicalhotel.it\/wp-content\/uploads\/2024\/12\/Vicenza-EVI-Tropical-1600x558-1.jpg","datePublished":"2024-12-18T11:02:37+00:00","dateModified":"2025-01-31T14:19:18+00:00","description":"D\u00e9couvrez Vicenza, ville de Palladio et site UNESCO. Visitez la Basilique Palladiana et Monte Berico. Go\u00fbtez le baccal\u00e0 alla vicentina.","breadcrumb":{"@id":"https:\/\/tropicalhotel.it\/fr\/attractions\/tours\/vicenze\/#breadcrumb"},"inLanguage":"fr-FR","potentialAction":[{"@type":"ReadAction","target":["https:\/\/tropicalhotel.it\/fr\/attractions\/tours\/vicenze\/"]}]},{"@type":"ImageObject","inLanguage":"fr-FR","@id":"https:\/\/tropicalhotel.it\/fr\/attractions\/tours\/vicenze\/#primaryimage","url":"https:\/\/tropicalhotel.it\/wp-content\/uploads\/2024\/12\/Vicenza-EVI-Tropical-1600x558-1.jpg","contentUrl":"https:\/\/tropicalhotel.it\/wp-content\/uploads\/2024\/12\/Vicenza-EVI-Tropical-1600x558-1.jpg","width":1600,"height":558,"caption":"Vicenza ville de Palladio"},{"@type":"BreadcrumbList","@id":"https:\/\/tropicalhotel.it\/fr\/attractions\/tours\/vicenze\/#breadcrumb","itemListElement":[{"@type":"ListItem","position":1,"name":"Home","item":"https:\/\/tropicalhotel.it\/fr\/"},{"@type":"ListItem","position":2,"name":"Attractions","item":"https:\/\/tropicalhotel.it\/fr\/attractions\/"},{"@type":"ListItem","position":3,"name":"TOURS","item":"https:\/\/tropicalhotel.it\/fr\/attractions\/tours\/"},{"@type":"ListItem","position":4,"name":"VICENZE"}]},{"@type":"WebSite","@id":"https:\/\/tropicalhotel.it\/fr\/#website","url":"https:\/\/tropicalhotel.it\/fr\/","name":"Tropical Hotel Jesolo","description":"Hotel 3 stelle a Jesolo","publisher":{"@id":"https:\/\/tropicalhotel.it\/fr\/#organization"},"potentialAction":[{"@type":"SearchAction","target":{"@type":"EntryPoint","urlTemplate":"https:\/\/tropicalhotel.it\/fr\/?s={search_term_string}"},"query-input":{"@type":"PropertyValueSpecification","valueRequired":true,"valueName":"search_term_string"}}],"inLanguage":"fr-FR"},{"@type":"Organization","@id":"https:\/\/tropicalhotel.it\/fr\/#organization","name":"Tropical Hotel Jesolo","url":"https:\/\/tropicalhotel.it\/fr\/","logo":{"@type":"ImageObject","inLanguage":"fr-FR","@id":"https:\/\/tropicalhotel.it\/fr\/#\/schema\/logo\/image\/","url":"https:\/\/tropicalhotel.it\/wp-content\/uploads\/2024\/12\/Logo-Tropical-Verticale-2-2.jpg","contentUrl":"https:\/\/tropicalhotel.it\/wp-content\/uploads\/2024\/12\/Logo-Tropical-Verticale-2-2.jpg","width":190,"height":147,"caption":"Tropical Hotel Jesolo"},"image":{"@id":"https:\/\/tropicalhotel.it\/fr\/#\/schema\/logo\/image\/"},"sameAs":["https:\/\/www.facebook.com\/Tropical-Hotel-Jesolo-276868195688612\/","https:\/\/www.instagram.com\/tropicalhoteljesolo\/"]}]}},"_links":{"self":[{"href":"https:\/\/tropicalhotel.it\/fr\/wp-json\/wp\/v2\/pages\/1063","targetHints":{"allow":["GET"]}}],"collection":[{"href":"https:\/\/tropicalhotel.it\/fr\/wp-json\/wp\/v2\/pages"}],"about":[{"href":"https:\/\/tropicalhotel.it\/fr\/wp-json\/wp\/v2\/types\/page"}],"author":[{"embeddable":true,"href":"https:\/\/tropicalhotel.it\/fr\/wp-json\/wp\/v2\/users\/1"}],"replies":[{"embeddable":true,"href":"https:\/\/tropicalhotel.it\/fr\/wp-json\/wp\/v2\/comments?post=1063"}],"version-history":[{"count":1,"href":"https:\/\/tropicalhotel.it\/fr\/wp-json\/wp\/v2\/pages\/1063\/revisions"}],"predecessor-version":[{"id":1295,"href":"https:\/\/tropicalhotel.it\/fr\/wp-json\/wp\/v2\/pages\/1063\/revisions\/1295"}],"up":[{"embeddable":true,"href":"https:\/\/tropicalhotel.it\/fr\/wp-json\/wp\/v2\/pages\/1045"}],"wp:featuredmedia":[{"embeddable":true,"href":"https:\/\/tropicalhotel.it\/fr\/wp-json\/wp\/v2\/media\/985"}],"wp:attachment":[{"href":"https:\/\/tropicalhotel.it\/fr\/wp-json\/wp\/v2\/media?parent=1063"}],"curies":[{"name":"wp","href":"https:\/\/api.w.org\/{rel}","templated":true}]}}