{"id":1066,"date":"2024-12-17T08:23:34","date_gmt":"2024-12-17T08:23:34","guid":{"rendered":"https:\/\/staging.tropicalhotel.it\/escursioni\/villa-venete\/"},"modified":"2025-02-21T12:47:43","modified_gmt":"2025-02-21T12:47:43","slug":"villas-venitiennes","status":"publish","type":"page","link":"https:\/\/tropicalhotel.it\/fr\/attractions\/tours\/villas-venitiennes\/","title":{"rendered":"VILLAS VENITIENNES"},"content":{"rendered":"\n<p>La R\u00e9publique de&nbsp;Venise en&nbsp;mille&nbsp;ans d\u2019histoire&nbsp;a laiss\u00e9&nbsp;l\u2019h\u00e9ritage multiple.&nbsp;Sur le continent&nbsp;l\u2019exemple le plus&nbsp;frappant&nbsp;est repr\u00e9sent\u00e9 par la&nbsp;culture dite&nbsp;villa v\u00e9nitienne,&nbsp;compris&nbsp;que le gouvernement territorial, les familles&nbsp;et les communaut\u00e9s&nbsp;de&nbsp;micro-histoire,&nbsp;des oeuvres d\u2019art&nbsp;du patrimoine&nbsp;de nombreux architectes,&nbsp;peintres,&nbsp;sculpteurs.&nbsp;Un portefeuille&nbsp;de plus de 5000&nbsp;villas,&nbsp;qui sont devenus&nbsp;une destination touristique&nbsp;de premier int\u00e9r\u00eat.<\/p>\n\n\n\n<p>Foto \u00a9 www.villevenete.net<\/p>\n\n\n\n<p><\/p>\n","protected":false},"excerpt":{"rendered":"<p>La R\u00e9publique de&nbsp;Venise en&nbsp;mille&nbsp;ans d\u2019histoire&nbsp;a laiss\u00e9&nbsp;l\u2019h\u00e9ritage multiple.&nbsp;Sur le continent&nbsp;l\u2019exemple le plus&nbsp;frappant&nbsp;est repr\u00e9sent\u00e9 par la&nbsp;culture dite&nbsp;villa v\u00e9nitienne,&nbsp;compris&nbsp;que le gouvernement territorial, les familles&nbsp;et les communaut\u00e9s&nbsp;de&nbsp;micro-histoire,&nbsp;des oeuvres d\u2019art&nbsp;du patrimoine&nbsp;de nombreux architectes,&nbsp;peintres,&nbsp;sculpteurs.&nbsp;Un portefeuille&nbsp;de plus de 5000&nbsp;villas,&nbsp;qui sont devenus&nbsp;une destination touristique&nbsp;de premier int\u00e9r\u00eat. Foto \u00a9 www.villevenete.net<\/p>\n","protected":false},"author":1,"featured_media":328,"parent":1045,"menu_order":0,"comment_status":"closed","ping_status":"closed","template":"templates\/lista-figlio.php","meta":{"_acf_changed":false,"footnotes":""},"class_list":["post-1066","page","type-page","status-publish","has-post-thumbnail","hentry"],"acf":[],"yoast_head":"<!-- This site is optimized with the Yoast SEO plugin v27.0 - https:\/\/yoast.com\/product\/yoast-seo-wordpress\/ -->\n<title>VILLAS VENITIENNES - Tropical Hotel Jesolo<\/title>\n<meta name=\"description\" content=\"D\u00e9couvrez les villas v\u00e9nitiennes, un patrimoine exceptionnel de plus de 5000 r\u00e9sidences historiques, reflet de l&#039;histoire de la S\u00e9r\u00e9nissime.\" \/>\n<meta name=\"robots\" content=\"index, follow, max-snippet:-1, max-image-preview:large, max-video-preview:-1\" \/>\n<link rel=\"canonical\" href=\"https:\/\/tropicalhotel.it\/fr\/attractions\/tours\/villas-venitiennes\/\" \/>\n<meta property=\"og:locale\" content=\"fr_FR\" \/>\n<meta property=\"og:type\" content=\"article\" \/>\n<meta property=\"og:title\" content=\"VILLAS VENITIENNES - Tropical Hotel Jesolo\" \/>\n<meta property=\"og:description\" content=\"D\u00e9couvrez les villas v\u00e9nitiennes, un patrimoine exceptionnel de plus de 5000 r\u00e9sidences historiques, reflet de l&#039;histoire de la S\u00e9r\u00e9nissime.\" \/>\n<meta property=\"og:url\" content=\"https:\/\/tropicalhotel.it\/fr\/attractions\/tours\/villas-venitiennes\/\" \/>\n<meta property=\"og:site_name\" content=\"Tropical Hotel Jesolo\" \/>\n<meta property=\"article:publisher\" content=\"https:\/\/www.facebook.com\/Tropical-Hotel-Jesolo-276868195688612\/\" \/>\n<meta property=\"article:modified_time\" content=\"2025-02-21T12:47:43+00:00\" \/>\n<meta property=\"og:image\" content=\"https:\/\/tropicalhotel.it\/wp-content\/uploads\/2024\/12\/Villevenete-EVI-Tropical.jpg\" \/>\n\t<meta property=\"og:image:width\" content=\"1600\" \/>\n\t<meta property=\"og:image:height\" content=\"558\" \/>\n\t<meta property=\"og:image:type\" content=\"image\/jpeg\" \/>\n<meta name=\"twitter:card\" content=\"summary_large_image\" \/>\n<meta name=\"twitter:label1\" content=\"Dur\u00e9e de lecture estim\u00e9e\" \/>\n\t<meta name=\"twitter:data1\" content=\"1 minute\" \/>\n<script type=\"application\/ld+json\" class=\"yoast-schema-graph\">{\"@context\":\"https:\/\/schema.org\",\"@graph\":[{\"@type\":\"WebPage\",\"@id\":\"https:\/\/tropicalhotel.it\/fr\/attractions\/tours\/villas-venitiennes\/\",\"url\":\"https:\/\/tropicalhotel.it\/fr\/attractions\/tours\/villas-venitiennes\/\",\"name\":\"VILLAS VENITIENNES - Tropical Hotel Jesolo\",\"isPartOf\":{\"@id\":\"https:\/\/tropicalhotel.it\/fr\/#website\"},\"primaryImageOfPage\":{\"@id\":\"https:\/\/tropicalhotel.it\/fr\/attractions\/tours\/villas-venitiennes\/#primaryimage\"},\"image\":{\"@id\":\"https:\/\/tropicalhotel.it\/fr\/attractions\/tours\/villas-venitiennes\/#primaryimage\"},\"thumbnailUrl\":\"https:\/\/tropicalhotel.it\/wp-content\/uploads\/2024\/12\/Villevenete-EVI-Tropical.jpg\",\"datePublished\":\"2024-12-17T08:23:34+00:00\",\"dateModified\":\"2025-02-21T12:47:43+00:00\",\"description\":\"D\u00e9couvrez les villas v\u00e9nitiennes, un patrimoine exceptionnel de plus de 5000 r\u00e9sidences historiques, reflet de l'histoire de la S\u00e9r\u00e9nissime.\",\"breadcrumb\":{\"@id\":\"https:\/\/tropicalhotel.it\/fr\/attractions\/tours\/villas-venitiennes\/#breadcrumb\"},\"inLanguage\":\"fr-FR\",\"potentialAction\":[{\"@type\":\"ReadAction\",\"target\":[\"https:\/\/tropicalhotel.it\/fr\/attractions\/tours\/villas-venitiennes\/\"]}]},{\"@type\":\"ImageObject\",\"inLanguage\":\"fr-FR\",\"@id\":\"https:\/\/tropicalhotel.it\/fr\/attractions\/tours\/villas-venitiennes\/#primaryimage\",\"url\":\"https:\/\/tropicalhotel.it\/wp-content\/uploads\/2024\/12\/Villevenete-EVI-Tropical.jpg\",\"contentUrl\":\"https:\/\/tropicalhotel.it\/wp-content\/uploads\/2024\/12\/Villevenete-EVI-Tropical.jpg\",\"width\":1600,\"height\":558},{\"@type\":\"BreadcrumbList\",\"@id\":\"https:\/\/tropicalhotel.it\/fr\/attractions\/tours\/villas-venitiennes\/#breadcrumb\",\"itemListElement\":[{\"@type\":\"ListItem\",\"position\":1,\"name\":\"Home\",\"item\":\"https:\/\/tropicalhotel.it\/fr\/\"},{\"@type\":\"ListItem\",\"position\":2,\"name\":\"Attractions\",\"item\":\"https:\/\/tropicalhotel.it\/fr\/attractions\/\"},{\"@type\":\"ListItem\",\"position\":3,\"name\":\"TOURS\",\"item\":\"https:\/\/tropicalhotel.it\/fr\/attractions\/tours\/\"},{\"@type\":\"ListItem\",\"position\":4,\"name\":\"VILLAS VENITIENNES\"}]},{\"@type\":\"WebSite\",\"@id\":\"https:\/\/tropicalhotel.it\/fr\/#website\",\"url\":\"https:\/\/tropicalhotel.it\/fr\/\",\"name\":\"Tropical Hotel Jesolo\",\"description\":\"Hotel 3 stelle a Jesolo\",\"publisher\":{\"@id\":\"https:\/\/tropicalhotel.it\/fr\/#organization\"},\"potentialAction\":[{\"@type\":\"SearchAction\",\"target\":{\"@type\":\"EntryPoint\",\"urlTemplate\":\"https:\/\/tropicalhotel.it\/fr\/?s={search_term_string}\"},\"query-input\":{\"@type\":\"PropertyValueSpecification\",\"valueRequired\":true,\"valueName\":\"search_term_string\"}}],\"inLanguage\":\"fr-FR\"},{\"@type\":\"Organization\",\"@id\":\"https:\/\/tropicalhotel.it\/fr\/#organization\",\"name\":\"Tropical Hotel Jesolo\",\"url\":\"https:\/\/tropicalhotel.it\/fr\/\",\"logo\":{\"@type\":\"ImageObject\",\"inLanguage\":\"fr-FR\",\"@id\":\"https:\/\/tropicalhotel.it\/fr\/#\/schema\/logo\/image\/\",\"url\":\"https:\/\/tropicalhotel.it\/wp-content\/uploads\/2024\/12\/Logo-Tropical-Verticale-2-2.jpg\",\"contentUrl\":\"https:\/\/tropicalhotel.it\/wp-content\/uploads\/2024\/12\/Logo-Tropical-Verticale-2-2.jpg\",\"width\":190,\"height\":147,\"caption\":\"Tropical Hotel Jesolo\"},\"image\":{\"@id\":\"https:\/\/tropicalhotel.it\/fr\/#\/schema\/logo\/image\/\"},\"sameAs\":[\"https:\/\/www.facebook.com\/Tropical-Hotel-Jesolo-276868195688612\/\",\"https:\/\/www.instagram.com\/tropicalhoteljesolo\/\"]}]}<\/script>\n<!-- \/ Yoast SEO plugin. -->","yoast_head_json":{"title":"VILLAS VENITIENNES - Tropical Hotel Jesolo","description":"D\u00e9couvrez les villas v\u00e9nitiennes, un patrimoine exceptionnel de plus de 5000 r\u00e9sidences historiques, reflet de l'histoire de la S\u00e9r\u00e9nissime.","robots":{"index":"index","follow":"follow","max-snippet":"max-snippet:-1","max-image-preview":"max-image-preview:large","max-video-preview":"max-video-preview:-1"},"canonical":"https:\/\/tropicalhotel.it\/fr\/attractions\/tours\/villas-venitiennes\/","og_locale":"fr_FR","og_type":"article","og_title":"VILLAS VENITIENNES - Tropical Hotel Jesolo","og_description":"D\u00e9couvrez les villas v\u00e9nitiennes, un patrimoine exceptionnel de plus de 5000 r\u00e9sidences historiques, reflet de l'histoire de la S\u00e9r\u00e9nissime.","og_url":"https:\/\/tropicalhotel.it\/fr\/attractions\/tours\/villas-venitiennes\/","og_site_name":"Tropical Hotel Jesolo","article_publisher":"https:\/\/www.facebook.com\/Tropical-Hotel-Jesolo-276868195688612\/","article_modified_time":"2025-02-21T12:47:43+00:00","og_image":[{"width":1600,"height":558,"url":"https:\/\/tropicalhotel.it\/wp-content\/uploads\/2024\/12\/Villevenete-EVI-Tropical.jpg","type":"image\/jpeg"}],"twitter_card":"summary_large_image","twitter_misc":{"Dur\u00e9e de lecture estim\u00e9e":"1 minute"},"schema":{"@context":"https:\/\/schema.org","@graph":[{"@type":"WebPage","@id":"https:\/\/tropicalhotel.it\/fr\/attractions\/tours\/villas-venitiennes\/","url":"https:\/\/tropicalhotel.it\/fr\/attractions\/tours\/villas-venitiennes\/","name":"VILLAS VENITIENNES - Tropical Hotel Jesolo","isPartOf":{"@id":"https:\/\/tropicalhotel.it\/fr\/#website"},"primaryImageOfPage":{"@id":"https:\/\/tropicalhotel.it\/fr\/attractions\/tours\/villas-venitiennes\/#primaryimage"},"image":{"@id":"https:\/\/tropicalhotel.it\/fr\/attractions\/tours\/villas-venitiennes\/#primaryimage"},"thumbnailUrl":"https:\/\/tropicalhotel.it\/wp-content\/uploads\/2024\/12\/Villevenete-EVI-Tropical.jpg","datePublished":"2024-12-17T08:23:34+00:00","dateModified":"2025-02-21T12:47:43+00:00","description":"D\u00e9couvrez les villas v\u00e9nitiennes, un patrimoine exceptionnel de plus de 5000 r\u00e9sidences historiques, reflet de l'histoire de la S\u00e9r\u00e9nissime.","breadcrumb":{"@id":"https:\/\/tropicalhotel.it\/fr\/attractions\/tours\/villas-venitiennes\/#breadcrumb"},"inLanguage":"fr-FR","potentialAction":[{"@type":"ReadAction","target":["https:\/\/tropicalhotel.it\/fr\/attractions\/tours\/villas-venitiennes\/"]}]},{"@type":"ImageObject","inLanguage":"fr-FR","@id":"https:\/\/tropicalhotel.it\/fr\/attractions\/tours\/villas-venitiennes\/#primaryimage","url":"https:\/\/tropicalhotel.it\/wp-content\/uploads\/2024\/12\/Villevenete-EVI-Tropical.jpg","contentUrl":"https:\/\/tropicalhotel.it\/wp-content\/uploads\/2024\/12\/Villevenete-EVI-Tropical.jpg","width":1600,"height":558},{"@type":"BreadcrumbList","@id":"https:\/\/tropicalhotel.it\/fr\/attractions\/tours\/villas-venitiennes\/#breadcrumb","itemListElement":[{"@type":"ListItem","position":1,"name":"Home","item":"https:\/\/tropicalhotel.it\/fr\/"},{"@type":"ListItem","position":2,"name":"Attractions","item":"https:\/\/tropicalhotel.it\/fr\/attractions\/"},{"@type":"ListItem","position":3,"name":"TOURS","item":"https:\/\/tropicalhotel.it\/fr\/attractions\/tours\/"},{"@type":"ListItem","position":4,"name":"VILLAS VENITIENNES"}]},{"@type":"WebSite","@id":"https:\/\/tropicalhotel.it\/fr\/#website","url":"https:\/\/tropicalhotel.it\/fr\/","name":"Tropical Hotel Jesolo","description":"Hotel 3 stelle a Jesolo","publisher":{"@id":"https:\/\/tropicalhotel.it\/fr\/#organization"},"potentialAction":[{"@type":"SearchAction","target":{"@type":"EntryPoint","urlTemplate":"https:\/\/tropicalhotel.it\/fr\/?s={search_term_string}"},"query-input":{"@type":"PropertyValueSpecification","valueRequired":true,"valueName":"search_term_string"}}],"inLanguage":"fr-FR"},{"@type":"Organization","@id":"https:\/\/tropicalhotel.it\/fr\/#organization","name":"Tropical Hotel Jesolo","url":"https:\/\/tropicalhotel.it\/fr\/","logo":{"@type":"ImageObject","inLanguage":"fr-FR","@id":"https:\/\/tropicalhotel.it\/fr\/#\/schema\/logo\/image\/","url":"https:\/\/tropicalhotel.it\/wp-content\/uploads\/2024\/12\/Logo-Tropical-Verticale-2-2.jpg","contentUrl":"https:\/\/tropicalhotel.it\/wp-content\/uploads\/2024\/12\/Logo-Tropical-Verticale-2-2.jpg","width":190,"height":147,"caption":"Tropical Hotel Jesolo"},"image":{"@id":"https:\/\/tropicalhotel.it\/fr\/#\/schema\/logo\/image\/"},"sameAs":["https:\/\/www.facebook.com\/Tropical-Hotel-Jesolo-276868195688612\/","https:\/\/www.instagram.com\/tropicalhoteljesolo\/"]}]}},"_links":{"self":[{"href":"https:\/\/tropicalhotel.it\/fr\/wp-json\/wp\/v2\/pages\/1066","targetHints":{"allow":["GET"]}}],"collection":[{"href":"https:\/\/tropicalhotel.it\/fr\/wp-json\/wp\/v2\/pages"}],"about":[{"href":"https:\/\/tropicalhotel.it\/fr\/wp-json\/wp\/v2\/types\/page"}],"author":[{"embeddable":true,"href":"https:\/\/tropicalhotel.it\/fr\/wp-json\/wp\/v2\/users\/1"}],"replies":[{"embeddable":true,"href":"https:\/\/tropicalhotel.it\/fr\/wp-json\/wp\/v2\/comments?post=1066"}],"version-history":[{"count":1,"href":"https:\/\/tropicalhotel.it\/fr\/wp-json\/wp\/v2\/pages\/1066\/revisions"}],"predecessor-version":[{"id":1302,"href":"https:\/\/tropicalhotel.it\/fr\/wp-json\/wp\/v2\/pages\/1066\/revisions\/1302"}],"up":[{"embeddable":true,"href":"https:\/\/tropicalhotel.it\/fr\/wp-json\/wp\/v2\/pages\/1045"}],"wp:featuredmedia":[{"embeddable":true,"href":"https:\/\/tropicalhotel.it\/fr\/wp-json\/wp\/v2\/media\/328"}],"wp:attachment":[{"href":"https:\/\/tropicalhotel.it\/fr\/wp-json\/wp\/v2\/media?parent=1066"}],"curies":[{"name":"wp","href":"https:\/\/api.w.org\/{rel}","templated":true}]}}