{"id":1072,"date":"2024-12-17T08:50:02","date_gmt":"2024-12-17T08:50:02","guid":{"rendered":"https:\/\/staging.tropicalhotel.it\/sport-e-fitness\/centro-ippico-di-jesolo\/"},"modified":"2025-02-21T11:33:18","modified_gmt":"2025-02-21T11:33:18","slug":"centre-equestre","status":"publish","type":"page","link":"https:\/\/tropicalhotel.it\/fr\/attractions\/sport-fitness\/centre-equestre\/","title":{"rendered":"CENTRE EQUESTRE"},"content":{"rendered":"\n<p>Le\u00a0centre \u00e9questre\u00a0est un\u00a0p\u00f4le d\u2019attraction majeur\u00a0pour tous les\u00a0amateurs de sports \u00e9questres.<br>L\u2019h\u00f4tel\u00a0a\u00a0couvert des domaines, des \u00e9curies,\u00a0de grands espaces\u00a0en plein air\u00a0pour accueillir\u00a0des \u00e9v\u00e9nements et des\u00a0comp\u00e9titions\u00a0\u00e0 l\u2019\u00e9chelle nationaleet internationale.<br>Il\u00a0propose\u00a0une \u00e9cole d\u2019\u00e9quitation\u00a0pour adultes et enfants\u00a0pendant l\u2019\u00e9t\u00e9 et\u00a0offre\u00a0semaine\u00a0\u201cvacances en contact\u00a0avec la nature.\u201d<\/p>\n\n\n\n<p>INFO&nbsp;\u2192<br>Centro ippico Jesolo<\/p>\n\n\n\n<p>Via Ivone Grassetto<\/p>\n\n\n\n<p><\/p>\n","protected":false},"excerpt":{"rendered":"<p>Le\u00a0centre \u00e9questre\u00a0est un\u00a0p\u00f4le d\u2019attraction majeur\u00a0pour tous les\u00a0amateurs de sports \u00e9questres.L\u2019h\u00f4tel\u00a0a\u00a0couvert des domaines, des \u00e9curies,\u00a0de grands espaces\u00a0en plein air\u00a0pour accueillir\u00a0des \u00e9v\u00e9nements et des\u00a0comp\u00e9titions\u00a0\u00e0 l\u2019\u00e9chelle nationaleet internationale.Il\u00a0propose\u00a0une \u00e9cole d\u2019\u00e9quitation\u00a0pour adultes et enfants\u00a0pendant l\u2019\u00e9t\u00e9 et\u00a0offre\u00a0semaine\u00a0\u201cvacances en contact\u00a0avec la nature.\u201d INFO&nbsp;\u2192Centro ippico Jesolo Via Ivone Grassetto<\/p>\n","protected":false},"author":1,"featured_media":364,"parent":1069,"menu_order":0,"comment_status":"closed","ping_status":"closed","template":"templates\/lista-figlio.php","meta":{"_acf_changed":false,"footnotes":""},"class_list":["post-1072","page","type-page","status-publish","has-post-thumbnail","hentry"],"acf":[],"yoast_head":"<!-- This site is optimized with the Yoast SEO plugin v27.0 - https:\/\/yoast.com\/product\/yoast-seo-wordpress\/ -->\n<title>CENTRE EQUESTRE - Tropical Hotel Jesolo<\/title>\n<meta name=\"description\" content=\"D\u00e9couvrez le Centre \u00c9questre: cours d&#039;\u00e9quitation pour tous, comp\u00e9titions nationales et internationales et vacances en pleine nature!\" \/>\n<meta name=\"robots\" content=\"index, follow, max-snippet:-1, max-image-preview:large, max-video-preview:-1\" \/>\n<link rel=\"canonical\" href=\"https:\/\/tropicalhotel.it\/fr\/attractions\/sport-fitness\/centre-equestre\/\" \/>\n<meta property=\"og:locale\" content=\"fr_FR\" \/>\n<meta property=\"og:type\" content=\"article\" \/>\n<meta property=\"og:title\" content=\"CENTRE EQUESTRE - Tropical Hotel Jesolo\" \/>\n<meta property=\"og:description\" content=\"D\u00e9couvrez le Centre \u00c9questre: cours d&#039;\u00e9quitation pour tous, comp\u00e9titions nationales et internationales et vacances en pleine nature!\" \/>\n<meta property=\"og:url\" content=\"https:\/\/tropicalhotel.it\/fr\/attractions\/sport-fitness\/centre-equestre\/\" \/>\n<meta property=\"og:site_name\" content=\"Tropical Hotel Jesolo\" \/>\n<meta property=\"article:publisher\" content=\"https:\/\/www.facebook.com\/Tropical-Hotel-Jesolo-276868195688612\/\" \/>\n<meta property=\"article:modified_time\" content=\"2025-02-21T11:33:18+00:00\" \/>\n<meta property=\"og:image\" content=\"https:\/\/tropicalhotel.it\/wp-content\/uploads\/2024\/12\/Centroippico-EVI-Tropical.jpg\" \/>\n\t<meta property=\"og:image:width\" content=\"1600\" \/>\n\t<meta property=\"og:image:height\" content=\"558\" \/>\n\t<meta property=\"og:image:type\" content=\"image\/jpeg\" \/>\n<meta name=\"twitter:card\" content=\"summary_large_image\" \/>\n<meta name=\"twitter:label1\" content=\"Dur\u00e9e de lecture estim\u00e9e\" \/>\n\t<meta name=\"twitter:data1\" content=\"1 minute\" \/>\n<script type=\"application\/ld+json\" class=\"yoast-schema-graph\">{\"@context\":\"https:\/\/schema.org\",\"@graph\":[{\"@type\":\"WebPage\",\"@id\":\"https:\/\/tropicalhotel.it\/fr\/attractions\/sport-fitness\/centre-equestre\/\",\"url\":\"https:\/\/tropicalhotel.it\/fr\/attractions\/sport-fitness\/centre-equestre\/\",\"name\":\"CENTRE EQUESTRE - Tropical Hotel Jesolo\",\"isPartOf\":{\"@id\":\"https:\/\/tropicalhotel.it\/fr\/#website\"},\"primaryImageOfPage\":{\"@id\":\"https:\/\/tropicalhotel.it\/fr\/attractions\/sport-fitness\/centre-equestre\/#primaryimage\"},\"image\":{\"@id\":\"https:\/\/tropicalhotel.it\/fr\/attractions\/sport-fitness\/centre-equestre\/#primaryimage\"},\"thumbnailUrl\":\"https:\/\/tropicalhotel.it\/wp-content\/uploads\/2024\/12\/Centroippico-EVI-Tropical.jpg\",\"datePublished\":\"2024-12-17T08:50:02+00:00\",\"dateModified\":\"2025-02-21T11:33:18+00:00\",\"description\":\"D\u00e9couvrez le Centre \u00c9questre: cours d'\u00e9quitation pour tous, comp\u00e9titions nationales et internationales et vacances en pleine nature!\",\"breadcrumb\":{\"@id\":\"https:\/\/tropicalhotel.it\/fr\/attractions\/sport-fitness\/centre-equestre\/#breadcrumb\"},\"inLanguage\":\"fr-FR\",\"potentialAction\":[{\"@type\":\"ReadAction\",\"target\":[\"https:\/\/tropicalhotel.it\/fr\/attractions\/sport-fitness\/centre-equestre\/\"]}]},{\"@type\":\"ImageObject\",\"inLanguage\":\"fr-FR\",\"@id\":\"https:\/\/tropicalhotel.it\/fr\/attractions\/sport-fitness\/centre-equestre\/#primaryimage\",\"url\":\"https:\/\/tropicalhotel.it\/wp-content\/uploads\/2024\/12\/Centroippico-EVI-Tropical.jpg\",\"contentUrl\":\"https:\/\/tropicalhotel.it\/wp-content\/uploads\/2024\/12\/Centroippico-EVI-Tropical.jpg\",\"width\":1600,\"height\":558},{\"@type\":\"BreadcrumbList\",\"@id\":\"https:\/\/tropicalhotel.it\/fr\/attractions\/sport-fitness\/centre-equestre\/#breadcrumb\",\"itemListElement\":[{\"@type\":\"ListItem\",\"position\":1,\"name\":\"Home\",\"item\":\"https:\/\/tropicalhotel.it\/fr\/\"},{\"@type\":\"ListItem\",\"position\":2,\"name\":\"Attractions\",\"item\":\"https:\/\/tropicalhotel.it\/fr\/attractions\/\"},{\"@type\":\"ListItem\",\"position\":3,\"name\":\"Sport &amp; Fitness\",\"item\":\"https:\/\/tropicalhotel.it\/fr\/attractions\/sport-fitness\/\"},{\"@type\":\"ListItem\",\"position\":4,\"name\":\"CENTRE EQUESTRE\"}]},{\"@type\":\"WebSite\",\"@id\":\"https:\/\/tropicalhotel.it\/fr\/#website\",\"url\":\"https:\/\/tropicalhotel.it\/fr\/\",\"name\":\"Tropical Hotel Jesolo\",\"description\":\"Hotel 3 stelle a Jesolo\",\"publisher\":{\"@id\":\"https:\/\/tropicalhotel.it\/fr\/#organization\"},\"potentialAction\":[{\"@type\":\"SearchAction\",\"target\":{\"@type\":\"EntryPoint\",\"urlTemplate\":\"https:\/\/tropicalhotel.it\/fr\/?s={search_term_string}\"},\"query-input\":{\"@type\":\"PropertyValueSpecification\",\"valueRequired\":true,\"valueName\":\"search_term_string\"}}],\"inLanguage\":\"fr-FR\"},{\"@type\":\"Organization\",\"@id\":\"https:\/\/tropicalhotel.it\/fr\/#organization\",\"name\":\"Tropical Hotel Jesolo\",\"url\":\"https:\/\/tropicalhotel.it\/fr\/\",\"logo\":{\"@type\":\"ImageObject\",\"inLanguage\":\"fr-FR\",\"@id\":\"https:\/\/tropicalhotel.it\/fr\/#\/schema\/logo\/image\/\",\"url\":\"https:\/\/tropicalhotel.it\/wp-content\/uploads\/2024\/12\/Logo-Tropical-Verticale-2-2.jpg\",\"contentUrl\":\"https:\/\/tropicalhotel.it\/wp-content\/uploads\/2024\/12\/Logo-Tropical-Verticale-2-2.jpg\",\"width\":190,\"height\":147,\"caption\":\"Tropical Hotel Jesolo\"},\"image\":{\"@id\":\"https:\/\/tropicalhotel.it\/fr\/#\/schema\/logo\/image\/\"},\"sameAs\":[\"https:\/\/www.facebook.com\/Tropical-Hotel-Jesolo-276868195688612\/\",\"https:\/\/www.instagram.com\/tropicalhoteljesolo\/\"]}]}<\/script>\n<!-- \/ Yoast SEO plugin. -->","yoast_head_json":{"title":"CENTRE EQUESTRE - Tropical Hotel Jesolo","description":"D\u00e9couvrez le Centre \u00c9questre: cours d'\u00e9quitation pour tous, comp\u00e9titions nationales et internationales et vacances en pleine nature!","robots":{"index":"index","follow":"follow","max-snippet":"max-snippet:-1","max-image-preview":"max-image-preview:large","max-video-preview":"max-video-preview:-1"},"canonical":"https:\/\/tropicalhotel.it\/fr\/attractions\/sport-fitness\/centre-equestre\/","og_locale":"fr_FR","og_type":"article","og_title":"CENTRE EQUESTRE - Tropical Hotel Jesolo","og_description":"D\u00e9couvrez le Centre \u00c9questre: cours d'\u00e9quitation pour tous, comp\u00e9titions nationales et internationales et vacances en pleine nature!","og_url":"https:\/\/tropicalhotel.it\/fr\/attractions\/sport-fitness\/centre-equestre\/","og_site_name":"Tropical Hotel Jesolo","article_publisher":"https:\/\/www.facebook.com\/Tropical-Hotel-Jesolo-276868195688612\/","article_modified_time":"2025-02-21T11:33:18+00:00","og_image":[{"width":1600,"height":558,"url":"https:\/\/tropicalhotel.it\/wp-content\/uploads\/2024\/12\/Centroippico-EVI-Tropical.jpg","type":"image\/jpeg"}],"twitter_card":"summary_large_image","twitter_misc":{"Dur\u00e9e de lecture estim\u00e9e":"1 minute"},"schema":{"@context":"https:\/\/schema.org","@graph":[{"@type":"WebPage","@id":"https:\/\/tropicalhotel.it\/fr\/attractions\/sport-fitness\/centre-equestre\/","url":"https:\/\/tropicalhotel.it\/fr\/attractions\/sport-fitness\/centre-equestre\/","name":"CENTRE EQUESTRE - Tropical Hotel Jesolo","isPartOf":{"@id":"https:\/\/tropicalhotel.it\/fr\/#website"},"primaryImageOfPage":{"@id":"https:\/\/tropicalhotel.it\/fr\/attractions\/sport-fitness\/centre-equestre\/#primaryimage"},"image":{"@id":"https:\/\/tropicalhotel.it\/fr\/attractions\/sport-fitness\/centre-equestre\/#primaryimage"},"thumbnailUrl":"https:\/\/tropicalhotel.it\/wp-content\/uploads\/2024\/12\/Centroippico-EVI-Tropical.jpg","datePublished":"2024-12-17T08:50:02+00:00","dateModified":"2025-02-21T11:33:18+00:00","description":"D\u00e9couvrez le Centre \u00c9questre: cours d'\u00e9quitation pour tous, comp\u00e9titions nationales et internationales et vacances en pleine nature!","breadcrumb":{"@id":"https:\/\/tropicalhotel.it\/fr\/attractions\/sport-fitness\/centre-equestre\/#breadcrumb"},"inLanguage":"fr-FR","potentialAction":[{"@type":"ReadAction","target":["https:\/\/tropicalhotel.it\/fr\/attractions\/sport-fitness\/centre-equestre\/"]}]},{"@type":"ImageObject","inLanguage":"fr-FR","@id":"https:\/\/tropicalhotel.it\/fr\/attractions\/sport-fitness\/centre-equestre\/#primaryimage","url":"https:\/\/tropicalhotel.it\/wp-content\/uploads\/2024\/12\/Centroippico-EVI-Tropical.jpg","contentUrl":"https:\/\/tropicalhotel.it\/wp-content\/uploads\/2024\/12\/Centroippico-EVI-Tropical.jpg","width":1600,"height":558},{"@type":"BreadcrumbList","@id":"https:\/\/tropicalhotel.it\/fr\/attractions\/sport-fitness\/centre-equestre\/#breadcrumb","itemListElement":[{"@type":"ListItem","position":1,"name":"Home","item":"https:\/\/tropicalhotel.it\/fr\/"},{"@type":"ListItem","position":2,"name":"Attractions","item":"https:\/\/tropicalhotel.it\/fr\/attractions\/"},{"@type":"ListItem","position":3,"name":"Sport &amp; Fitness","item":"https:\/\/tropicalhotel.it\/fr\/attractions\/sport-fitness\/"},{"@type":"ListItem","position":4,"name":"CENTRE EQUESTRE"}]},{"@type":"WebSite","@id":"https:\/\/tropicalhotel.it\/fr\/#website","url":"https:\/\/tropicalhotel.it\/fr\/","name":"Tropical Hotel Jesolo","description":"Hotel 3 stelle a Jesolo","publisher":{"@id":"https:\/\/tropicalhotel.it\/fr\/#organization"},"potentialAction":[{"@type":"SearchAction","target":{"@type":"EntryPoint","urlTemplate":"https:\/\/tropicalhotel.it\/fr\/?s={search_term_string}"},"query-input":{"@type":"PropertyValueSpecification","valueRequired":true,"valueName":"search_term_string"}}],"inLanguage":"fr-FR"},{"@type":"Organization","@id":"https:\/\/tropicalhotel.it\/fr\/#organization","name":"Tropical Hotel Jesolo","url":"https:\/\/tropicalhotel.it\/fr\/","logo":{"@type":"ImageObject","inLanguage":"fr-FR","@id":"https:\/\/tropicalhotel.it\/fr\/#\/schema\/logo\/image\/","url":"https:\/\/tropicalhotel.it\/wp-content\/uploads\/2024\/12\/Logo-Tropical-Verticale-2-2.jpg","contentUrl":"https:\/\/tropicalhotel.it\/wp-content\/uploads\/2024\/12\/Logo-Tropical-Verticale-2-2.jpg","width":190,"height":147,"caption":"Tropical Hotel Jesolo"},"image":{"@id":"https:\/\/tropicalhotel.it\/fr\/#\/schema\/logo\/image\/"},"sameAs":["https:\/\/www.facebook.com\/Tropical-Hotel-Jesolo-276868195688612\/","https:\/\/www.instagram.com\/tropicalhoteljesolo\/"]}]}},"_links":{"self":[{"href":"https:\/\/tropicalhotel.it\/fr\/wp-json\/wp\/v2\/pages\/1072","targetHints":{"allow":["GET"]}}],"collection":[{"href":"https:\/\/tropicalhotel.it\/fr\/wp-json\/wp\/v2\/pages"}],"about":[{"href":"https:\/\/tropicalhotel.it\/fr\/wp-json\/wp\/v2\/types\/page"}],"author":[{"embeddable":true,"href":"https:\/\/tropicalhotel.it\/fr\/wp-json\/wp\/v2\/users\/1"}],"replies":[{"embeddable":true,"href":"https:\/\/tropicalhotel.it\/fr\/wp-json\/wp\/v2\/comments?post=1072"}],"version-history":[{"count":2,"href":"https:\/\/tropicalhotel.it\/fr\/wp-json\/wp\/v2\/pages\/1072\/revisions"}],"predecessor-version":[{"id":2361,"href":"https:\/\/tropicalhotel.it\/fr\/wp-json\/wp\/v2\/pages\/1072\/revisions\/2361"}],"up":[{"embeddable":true,"href":"https:\/\/tropicalhotel.it\/fr\/wp-json\/wp\/v2\/pages\/1069"}],"wp:featuredmedia":[{"embeddable":true,"href":"https:\/\/tropicalhotel.it\/fr\/wp-json\/wp\/v2\/media\/364"}],"wp:attachment":[{"href":"https:\/\/tropicalhotel.it\/fr\/wp-json\/wp\/v2\/media?parent=1072"}],"curies":[{"name":"wp","href":"https:\/\/api.w.org\/{rel}","templated":true}]}}