{"id":1075,"date":"2024-12-18T10:13:07","date_gmt":"2024-12-18T10:13:07","guid":{"rendered":"https:\/\/staging.tropicalhotel.it\/sport-e-fitness\/go-kart\/"},"modified":"2025-02-21T11:52:18","modified_gmt":"2025-02-21T11:52:18","slug":"go-kart","status":"publish","type":"page","link":"https:\/\/tropicalhotel.it\/fr\/attractions\/sport-fitness\/go-kart\/","title":{"rendered":"GO KART"},"content":{"rendered":"\n<p>Construit en 1961 sur une surface de 80 000 m\u00e8tres carr\u00e9s, le Pista Azzurra est encore aujourd&rsquo;hui l&rsquo;un des circuits les plus importants au monde et accueille chaque ann\u00e9e des comp\u00e9titions de karting ainsi que des \u00e9preuves de sport automobile de diff\u00e9rents types, des voitures de r\u00e9gularit\u00e9 aux supermotards. De mars \u00e0 septembre, la Pista Azzurra offre \u00e9galement \u00e0 tous la possibilit\u00e9 de d\u00e9couvrir les sensations du karting gr\u00e2ce \u00e0 la location de karts pour adultes et enfants. \u00c0 l&rsquo;int\u00e9rieur du circuit, on trouve un atelier bien approvisionn\u00e9 pour les karts de course, un bar-restaurant spacieux et un grand parking avec une aire de jeux pour les enfants.<\/p>\n\n\n\n<p>INFO&nbsp;\u2192<br>Via Roma Dx, 90<br>E. info@pista-azzurra.com<br><a href=\"http:\/\/www.pista-azzurra.com\/\" target=\"_blank\" rel=\"noreferrer noopener\">www.pista-azzurra.com<\/a><\/p>\n\n\n\n<p>Foto&nbsp;\u00a9 www.pista-azzurra.com<\/p>\n","protected":false},"excerpt":{"rendered":"<p>Construit en 1961 sur une surface de 80 000 m\u00e8tres carr\u00e9s, le Pista Azzurra est encore aujourd&rsquo;hui l&rsquo;un des circuits les plus importants au monde et accueille chaque ann\u00e9e des comp\u00e9titions de karting ainsi que des \u00e9preuves de sport automobile de diff\u00e9rents types, des voitures de r\u00e9gularit\u00e9 aux supermotards. De mars \u00e0 septembre, la Pista [&hellip;]<\/p>\n","protected":false},"author":1,"featured_media":929,"parent":1069,"menu_order":0,"comment_status":"closed","ping_status":"closed","template":"templates\/lista-figlio.php","meta":{"_acf_changed":false,"footnotes":""},"class_list":["post-1075","page","type-page","status-publish","has-post-thumbnail","hentry"],"acf":[],"_links":{"self":[{"href":"https:\/\/tropicalhotel.it\/fr\/wp-json\/wp\/v2\/pages\/1075","targetHints":{"allow":["GET"]}}],"collection":[{"href":"https:\/\/tropicalhotel.it\/fr\/wp-json\/wp\/v2\/pages"}],"about":[{"href":"https:\/\/tropicalhotel.it\/fr\/wp-json\/wp\/v2\/types\/page"}],"author":[{"embeddable":true,"href":"https:\/\/tropicalhotel.it\/fr\/wp-json\/wp\/v2\/users\/1"}],"replies":[{"embeddable":true,"href":"https:\/\/tropicalhotel.it\/fr\/wp-json\/wp\/v2\/comments?post=1075"}],"version-history":[{"count":3,"href":"https:\/\/tropicalhotel.it\/fr\/wp-json\/wp\/v2\/pages\/1075\/revisions"}],"predecessor-version":[{"id":1326,"href":"https:\/\/tropicalhotel.it\/fr\/wp-json\/wp\/v2\/pages\/1075\/revisions\/1326"}],"up":[{"embeddable":true,"href":"https:\/\/tropicalhotel.it\/fr\/wp-json\/wp\/v2\/pages\/1069"}],"wp:featuredmedia":[{"embeddable":true,"href":"https:\/\/tropicalhotel.it\/fr\/wp-json\/wp\/v2\/media\/929"}],"wp:attachment":[{"href":"https:\/\/tropicalhotel.it\/fr\/wp-json\/wp\/v2\/media?parent=1075"}],"curies":[{"name":"wp","href":"https:\/\/api.w.org\/{rel}","templated":true}]}}