{"id":1078,"date":"2024-12-18T10:31:38","date_gmt":"2024-12-18T10:31:38","guid":{"rendered":"https:\/\/staging.tropicalhotel.it\/sport-e-fitness\/golf-club-jesolo\/"},"modified":"2025-02-19T13:09:22","modified_gmt":"2025-02-19T13:09:22","slug":"golf-club-jesolo","status":"publish","type":"page","link":"https:\/\/tropicalhotel.it\/fr\/attractions\/sport-fitness\/golf-club-jesolo\/","title":{"rendered":"GOLF CLUB JESOLO"},"content":{"rendered":"\n<p>Le Golf Club Jesolo, oasis de verdure couvrant une superficie de 900 000 m\u00e8tres carr\u00e9s avec une v\u00e9g\u00e9tation luxuriante, est id\u00e9al pour ceux qui veulent combiner la passion du golf avec des vacances \u00e0 la mer et \u00e0 la culture.<br>Dans le Club House \u00e9l\u00e9gant et raffin\u00e9, les golfeurs peuvent profiter de services exclusifs : pro-shop, bar, restaurant et vestiaires.<\/p>\n\n\n\n<p>INFO&nbsp;\u2192<br>Via St. Andrews, 2<br>E. info@golfclubjesolo.it<br><a href=\"http:\/\/www.golfclubjesolo.it\/\" target=\"_blank\" rel=\"noreferrer noopener\">www.golfclubjesolo.it<\/a><\/p>\n\n\n\n<p>Foto&nbsp;\u00a9 www.golfclubjesolo.it<\/p>\n\n\n\n<p><a href=\"https:\/\/www.tropicalhotel.it\/#facebook\" rel=\"noreferrer noopener\" target=\"_blank\"><\/a><\/p>\n","protected":false},"excerpt":{"rendered":"<p>Le Golf Club Jesolo, oasis de verdure couvrant une superficie de 900 000 m\u00e8tres carr\u00e9s avec une v\u00e9g\u00e9tation luxuriante, est id\u00e9al pour ceux qui veulent combiner la passion du golf avec des vacances \u00e0 la mer et \u00e0 la culture.Dans le Club House \u00e9l\u00e9gant et raffin\u00e9, les golfeurs peuvent profiter de services exclusifs : pro-shop, [&hellip;]<\/p>\n","protected":false},"author":1,"featured_media":937,"parent":1069,"menu_order":0,"comment_status":"closed","ping_status":"closed","template":"templates\/lista-figlio.php","meta":{"_acf_changed":false,"footnotes":""},"class_list":["post-1078","page","type-page","status-publish","has-post-thumbnail","hentry"],"acf":[],"yoast_head":"<!-- This site is optimized with the Yoast SEO plugin v27.0 - https:\/\/yoast.com\/product\/yoast-seo-wordpress\/ -->\n<title>GOLF CLUB JESOLO - Tropical Hotel Jesolo<\/title>\n<meta name=\"description\" content=\"Golf et d\u00e9tente au Golf Club Jesolo : 900 000 m\u00b2 de verdure pour une exp\u00e9rience unique entre sport, mer et culture.\" \/>\n<meta name=\"robots\" content=\"index, follow, max-snippet:-1, max-image-preview:large, max-video-preview:-1\" \/>\n<link rel=\"canonical\" href=\"https:\/\/tropicalhotel.it\/fr\/attractions\/sport-fitness\/golf-club-jesolo\/\" \/>\n<meta property=\"og:locale\" content=\"fr_FR\" \/>\n<meta property=\"og:type\" content=\"article\" \/>\n<meta property=\"og:title\" content=\"GOLF CLUB JESOLO - Tropical Hotel Jesolo\" \/>\n<meta property=\"og:description\" content=\"Golf et d\u00e9tente au Golf Club Jesolo : 900 000 m\u00b2 de verdure pour une exp\u00e9rience unique entre sport, mer et culture.\" \/>\n<meta property=\"og:url\" content=\"https:\/\/tropicalhotel.it\/fr\/attractions\/sport-fitness\/golf-club-jesolo\/\" \/>\n<meta property=\"og:site_name\" content=\"Tropical Hotel Jesolo\" \/>\n<meta property=\"article:publisher\" content=\"https:\/\/www.facebook.com\/Tropical-Hotel-Jesolo-276868195688612\/\" \/>\n<meta property=\"article:modified_time\" content=\"2025-02-19T13:09:22+00:00\" \/>\n<meta property=\"og:image\" content=\"https:\/\/tropicalhotel.it\/wp-content\/uploads\/2024\/12\/Golf-EVI-Tropical-1600x558-1.jpg\" \/>\n\t<meta property=\"og:image:width\" content=\"1600\" \/>\n\t<meta property=\"og:image:height\" content=\"558\" \/>\n\t<meta property=\"og:image:type\" content=\"image\/jpeg\" \/>\n<meta name=\"twitter:card\" content=\"summary_large_image\" \/>\n<meta name=\"twitter:label1\" content=\"Dur\u00e9e de lecture estim\u00e9e\" \/>\n\t<meta name=\"twitter:data1\" content=\"1 minute\" \/>\n<script type=\"application\/ld+json\" class=\"yoast-schema-graph\">{\"@context\":\"https:\/\/schema.org\",\"@graph\":[{\"@type\":\"WebPage\",\"@id\":\"https:\/\/tropicalhotel.it\/fr\/attractions\/sport-fitness\/golf-club-jesolo\/\",\"url\":\"https:\/\/tropicalhotel.it\/fr\/attractions\/sport-fitness\/golf-club-jesolo\/\",\"name\":\"GOLF CLUB JESOLO - Tropical Hotel Jesolo\",\"isPartOf\":{\"@id\":\"https:\/\/tropicalhotel.it\/fr\/#website\"},\"primaryImageOfPage\":{\"@id\":\"https:\/\/tropicalhotel.it\/fr\/attractions\/sport-fitness\/golf-club-jesolo\/#primaryimage\"},\"image\":{\"@id\":\"https:\/\/tropicalhotel.it\/fr\/attractions\/sport-fitness\/golf-club-jesolo\/#primaryimage\"},\"thumbnailUrl\":\"https:\/\/tropicalhotel.it\/wp-content\/uploads\/2024\/12\/Golf-EVI-Tropical-1600x558-1.jpg\",\"datePublished\":\"2024-12-18T10:31:38+00:00\",\"dateModified\":\"2025-02-19T13:09:22+00:00\",\"description\":\"Golf et d\u00e9tente au Golf Club Jesolo : 900 000 m\u00b2 de verdure pour une exp\u00e9rience unique entre sport, mer et culture.\",\"breadcrumb\":{\"@id\":\"https:\/\/tropicalhotel.it\/fr\/attractions\/sport-fitness\/golf-club-jesolo\/#breadcrumb\"},\"inLanguage\":\"fr-FR\",\"potentialAction\":[{\"@type\":\"ReadAction\",\"target\":[\"https:\/\/tropicalhotel.it\/fr\/attractions\/sport-fitness\/golf-club-jesolo\/\"]}]},{\"@type\":\"ImageObject\",\"inLanguage\":\"fr-FR\",\"@id\":\"https:\/\/tropicalhotel.it\/fr\/attractions\/sport-fitness\/golf-club-jesolo\/#primaryimage\",\"url\":\"https:\/\/tropicalhotel.it\/wp-content\/uploads\/2024\/12\/Golf-EVI-Tropical-1600x558-1.jpg\",\"contentUrl\":\"https:\/\/tropicalhotel.it\/wp-content\/uploads\/2024\/12\/Golf-EVI-Tropical-1600x558-1.jpg\",\"width\":1600,\"height\":558},{\"@type\":\"BreadcrumbList\",\"@id\":\"https:\/\/tropicalhotel.it\/fr\/attractions\/sport-fitness\/golf-club-jesolo\/#breadcrumb\",\"itemListElement\":[{\"@type\":\"ListItem\",\"position\":1,\"name\":\"Home\",\"item\":\"https:\/\/tropicalhotel.it\/fr\/\"},{\"@type\":\"ListItem\",\"position\":2,\"name\":\"Attractions\",\"item\":\"https:\/\/tropicalhotel.it\/fr\/attractions\/\"},{\"@type\":\"ListItem\",\"position\":3,\"name\":\"Sport &amp; Fitness\",\"item\":\"https:\/\/tropicalhotel.it\/fr\/attractions\/sport-fitness\/\"},{\"@type\":\"ListItem\",\"position\":4,\"name\":\"GOLF CLUB JESOLO\"}]},{\"@type\":\"WebSite\",\"@id\":\"https:\/\/tropicalhotel.it\/fr\/#website\",\"url\":\"https:\/\/tropicalhotel.it\/fr\/\",\"name\":\"Tropical Hotel Jesolo\",\"description\":\"Hotel 3 stelle a Jesolo\",\"publisher\":{\"@id\":\"https:\/\/tropicalhotel.it\/fr\/#organization\"},\"potentialAction\":[{\"@type\":\"SearchAction\",\"target\":{\"@type\":\"EntryPoint\",\"urlTemplate\":\"https:\/\/tropicalhotel.it\/fr\/?s={search_term_string}\"},\"query-input\":{\"@type\":\"PropertyValueSpecification\",\"valueRequired\":true,\"valueName\":\"search_term_string\"}}],\"inLanguage\":\"fr-FR\"},{\"@type\":\"Organization\",\"@id\":\"https:\/\/tropicalhotel.it\/fr\/#organization\",\"name\":\"Tropical Hotel Jesolo\",\"url\":\"https:\/\/tropicalhotel.it\/fr\/\",\"logo\":{\"@type\":\"ImageObject\",\"inLanguage\":\"fr-FR\",\"@id\":\"https:\/\/tropicalhotel.it\/fr\/#\/schema\/logo\/image\/\",\"url\":\"https:\/\/tropicalhotel.it\/wp-content\/uploads\/2024\/12\/Logo-Tropical-Verticale-2-2.jpg\",\"contentUrl\":\"https:\/\/tropicalhotel.it\/wp-content\/uploads\/2024\/12\/Logo-Tropical-Verticale-2-2.jpg\",\"width\":190,\"height\":147,\"caption\":\"Tropical Hotel Jesolo\"},\"image\":{\"@id\":\"https:\/\/tropicalhotel.it\/fr\/#\/schema\/logo\/image\/\"},\"sameAs\":[\"https:\/\/www.facebook.com\/Tropical-Hotel-Jesolo-276868195688612\/\",\"https:\/\/www.instagram.com\/tropicalhoteljesolo\/\"]}]}<\/script>\n<!-- \/ Yoast SEO plugin. -->","yoast_head_json":{"title":"GOLF CLUB JESOLO - Tropical Hotel Jesolo","description":"Golf et d\u00e9tente au Golf Club Jesolo : 900 000 m\u00b2 de verdure pour une exp\u00e9rience unique entre sport, mer et culture.","robots":{"index":"index","follow":"follow","max-snippet":"max-snippet:-1","max-image-preview":"max-image-preview:large","max-video-preview":"max-video-preview:-1"},"canonical":"https:\/\/tropicalhotel.it\/fr\/attractions\/sport-fitness\/golf-club-jesolo\/","og_locale":"fr_FR","og_type":"article","og_title":"GOLF CLUB JESOLO - Tropical Hotel Jesolo","og_description":"Golf et d\u00e9tente au Golf Club Jesolo : 900 000 m\u00b2 de verdure pour une exp\u00e9rience unique entre sport, mer et culture.","og_url":"https:\/\/tropicalhotel.it\/fr\/attractions\/sport-fitness\/golf-club-jesolo\/","og_site_name":"Tropical Hotel Jesolo","article_publisher":"https:\/\/www.facebook.com\/Tropical-Hotel-Jesolo-276868195688612\/","article_modified_time":"2025-02-19T13:09:22+00:00","og_image":[{"width":1600,"height":558,"url":"https:\/\/tropicalhotel.it\/wp-content\/uploads\/2024\/12\/Golf-EVI-Tropical-1600x558-1.jpg","type":"image\/jpeg"}],"twitter_card":"summary_large_image","twitter_misc":{"Dur\u00e9e de lecture estim\u00e9e":"1 minute"},"schema":{"@context":"https:\/\/schema.org","@graph":[{"@type":"WebPage","@id":"https:\/\/tropicalhotel.it\/fr\/attractions\/sport-fitness\/golf-club-jesolo\/","url":"https:\/\/tropicalhotel.it\/fr\/attractions\/sport-fitness\/golf-club-jesolo\/","name":"GOLF CLUB JESOLO - Tropical Hotel Jesolo","isPartOf":{"@id":"https:\/\/tropicalhotel.it\/fr\/#website"},"primaryImageOfPage":{"@id":"https:\/\/tropicalhotel.it\/fr\/attractions\/sport-fitness\/golf-club-jesolo\/#primaryimage"},"image":{"@id":"https:\/\/tropicalhotel.it\/fr\/attractions\/sport-fitness\/golf-club-jesolo\/#primaryimage"},"thumbnailUrl":"https:\/\/tropicalhotel.it\/wp-content\/uploads\/2024\/12\/Golf-EVI-Tropical-1600x558-1.jpg","datePublished":"2024-12-18T10:31:38+00:00","dateModified":"2025-02-19T13:09:22+00:00","description":"Golf et d\u00e9tente au Golf Club Jesolo : 900 000 m\u00b2 de verdure pour une exp\u00e9rience unique entre sport, mer et culture.","breadcrumb":{"@id":"https:\/\/tropicalhotel.it\/fr\/attractions\/sport-fitness\/golf-club-jesolo\/#breadcrumb"},"inLanguage":"fr-FR","potentialAction":[{"@type":"ReadAction","target":["https:\/\/tropicalhotel.it\/fr\/attractions\/sport-fitness\/golf-club-jesolo\/"]}]},{"@type":"ImageObject","inLanguage":"fr-FR","@id":"https:\/\/tropicalhotel.it\/fr\/attractions\/sport-fitness\/golf-club-jesolo\/#primaryimage","url":"https:\/\/tropicalhotel.it\/wp-content\/uploads\/2024\/12\/Golf-EVI-Tropical-1600x558-1.jpg","contentUrl":"https:\/\/tropicalhotel.it\/wp-content\/uploads\/2024\/12\/Golf-EVI-Tropical-1600x558-1.jpg","width":1600,"height":558},{"@type":"BreadcrumbList","@id":"https:\/\/tropicalhotel.it\/fr\/attractions\/sport-fitness\/golf-club-jesolo\/#breadcrumb","itemListElement":[{"@type":"ListItem","position":1,"name":"Home","item":"https:\/\/tropicalhotel.it\/fr\/"},{"@type":"ListItem","position":2,"name":"Attractions","item":"https:\/\/tropicalhotel.it\/fr\/attractions\/"},{"@type":"ListItem","position":3,"name":"Sport &amp; Fitness","item":"https:\/\/tropicalhotel.it\/fr\/attractions\/sport-fitness\/"},{"@type":"ListItem","position":4,"name":"GOLF CLUB JESOLO"}]},{"@type":"WebSite","@id":"https:\/\/tropicalhotel.it\/fr\/#website","url":"https:\/\/tropicalhotel.it\/fr\/","name":"Tropical Hotel Jesolo","description":"Hotel 3 stelle a Jesolo","publisher":{"@id":"https:\/\/tropicalhotel.it\/fr\/#organization"},"potentialAction":[{"@type":"SearchAction","target":{"@type":"EntryPoint","urlTemplate":"https:\/\/tropicalhotel.it\/fr\/?s={search_term_string}"},"query-input":{"@type":"PropertyValueSpecification","valueRequired":true,"valueName":"search_term_string"}}],"inLanguage":"fr-FR"},{"@type":"Organization","@id":"https:\/\/tropicalhotel.it\/fr\/#organization","name":"Tropical Hotel Jesolo","url":"https:\/\/tropicalhotel.it\/fr\/","logo":{"@type":"ImageObject","inLanguage":"fr-FR","@id":"https:\/\/tropicalhotel.it\/fr\/#\/schema\/logo\/image\/","url":"https:\/\/tropicalhotel.it\/wp-content\/uploads\/2024\/12\/Logo-Tropical-Verticale-2-2.jpg","contentUrl":"https:\/\/tropicalhotel.it\/wp-content\/uploads\/2024\/12\/Logo-Tropical-Verticale-2-2.jpg","width":190,"height":147,"caption":"Tropical Hotel Jesolo"},"image":{"@id":"https:\/\/tropicalhotel.it\/fr\/#\/schema\/logo\/image\/"},"sameAs":["https:\/\/www.facebook.com\/Tropical-Hotel-Jesolo-276868195688612\/","https:\/\/www.instagram.com\/tropicalhoteljesolo\/"]}]}},"_links":{"self":[{"href":"https:\/\/tropicalhotel.it\/fr\/wp-json\/wp\/v2\/pages\/1078","targetHints":{"allow":["GET"]}}],"collection":[{"href":"https:\/\/tropicalhotel.it\/fr\/wp-json\/wp\/v2\/pages"}],"about":[{"href":"https:\/\/tropicalhotel.it\/fr\/wp-json\/wp\/v2\/types\/page"}],"author":[{"embeddable":true,"href":"https:\/\/tropicalhotel.it\/fr\/wp-json\/wp\/v2\/users\/1"}],"replies":[{"embeddable":true,"href":"https:\/\/tropicalhotel.it\/fr\/wp-json\/wp\/v2\/comments?post=1078"}],"version-history":[{"count":1,"href":"https:\/\/tropicalhotel.it\/fr\/wp-json\/wp\/v2\/pages\/1078\/revisions"}],"predecessor-version":[{"id":1330,"href":"https:\/\/tropicalhotel.it\/fr\/wp-json\/wp\/v2\/pages\/1078\/revisions\/1330"}],"up":[{"embeddable":true,"href":"https:\/\/tropicalhotel.it\/fr\/wp-json\/wp\/v2\/pages\/1069"}],"wp:featuredmedia":[{"embeddable":true,"href":"https:\/\/tropicalhotel.it\/fr\/wp-json\/wp\/v2\/media\/937"}],"wp:attachment":[{"href":"https:\/\/tropicalhotel.it\/fr\/wp-json\/wp\/v2\/media?parent=1078"}],"curies":[{"name":"wp","href":"https:\/\/api.w.org\/{rel}","templated":true}]}}