{"id":1084,"date":"2024-12-18T10:29:04","date_gmt":"2024-12-18T10:29:04","guid":{"rendered":"https:\/\/staging.tropicalhotel.it\/sport-e-fitness\/porto-turistico-jesolo\/"},"modified":"2025-02-19T13:24:25","modified_gmt":"2025-02-19T13:24:25","slug":"port-touristique-jesolo","status":"publish","type":"page","link":"https:\/\/tropicalhotel.it\/fr\/attractions\/sport-fitness\/port-touristique-jesolo\/","title":{"rendered":"PORT TOURISTIQUE JESOLO"},"content":{"rendered":"\n<p>Que ce soit\u00a0une destination ou un\u00a0lieu de d\u00e9part,\u00a0il est\u00a0le cadre id\u00e9al pour\u00a0tous ceux qui\u00a0aime la vie\u00a0sur la mer.\u00a0Le\u00a0Porto Turistico\u00a0di Jesolo\u00a0a \u00e9t\u00e9 cr\u00e9\u00e9e pour\u00a0transformer ce qui est\u00a0g\u00e9n\u00e9ralement une\u00a0aire de stationnement\u00a0pour les bateaux\u00a0simples\u00a0dans\u00a0une exclusivit\u00e9 \u201cmarina\u00a0parc\u201d\u00a0offrant confort\u00a0et de d\u00e9tente.\u00a0Il est\u00a0un endroit magnifique\u00a0qui fera de votre\u00a0s\u00e9jour vraiment inoubliable.\u00a0Regardez autour de\u00a0la baie\u00a0et vous verrez\u00a0que l\u2019architecture et\u00a0le paysage\u00a0sont\u00a0en compl\u00e8te harmonie.\u00a0Vous pouvez\u00a0profiter de la vue\u00a0de\u00a0l\u00e0 o\u00f9\u00a0vous le souhaitez: \u00e0 partir de\u00a0la proue\u00a0de votre bateau, vous serez en\u00a0mesure de prendre\u00a0dans les\u00a0b\u00e2timents\u00a0spectaculaires\u00a0modernes\u00a0avec\u00a0leurs\u00a0lignes minimales\u00a0et\u00a0mat\u00e9riaux high-tech, alors que\u00a0d\u2019un point\u00a0de vue sur\u00a0une des terrasses\u00a0fleuries\u00a0seront\u00a0vous pr\u00e9senter\u00a0un panorama\u00a0\u00e0 couper le souffle.\u00a0La marina\u00a0propose aux amateurs deparfums\u00a0de la mer\u00a0et les couleurs\u00a0une nouvelle fa\u00e7on de\u00a0faire l\u2019exp\u00e9rience\u00a0tout en\u00a0v\u00e9ritablement\u00a0se sentir chez soi.\u00a0Le\u00a0logement au\u00a0Porto Turistico\u00a0diJesolo\u00a0a \u00e9t\u00e9 con\u00e7u pour\u00a0donner l\u2019hospitalit\u00e9\u00a0au maximum.\u00a0Finitions\u00a0de prestige\u00a0peuvent \u00eatre trouv\u00e9s dans\u00a0les\u00a0maisons\u00a0tr\u00e8s bien \u00e9quip\u00e9es, qui ont \u00e9t\u00e9\u00a0construits avec des mat\u00e9riaux\u00a0certifi\u00e9s\u00a0de\u00a0la plus haute qualit\u00e9.\u00a0La\u00a0d\u00e9couverte de nouveaux mondes\u00a0commence toujours\u00a0dans un port.<\/p>\n\n\n\n<p>INFO&nbsp;\u2192<br>Piazza Rosa dei Venti, 1 (distanza 10 km)<br>E. info@portoturistico.it<br><a href=\"http:\/\/www.portoturistico.it\/\" target=\"_blank\" rel=\"noreferrer noopener\">www.portoturistico.it<\/a><\/p>\n\n\n\n<p>Foto \u00a9 www.portoturistico.it<\/p>\n\n\n\n<p><a href=\"https:\/\/www.tropicalhotel.it\/#facebook\" rel=\"noreferrer noopener\" target=\"_blank\"><\/a><\/p>\n\n\n\n<p><\/p>\n","protected":false},"excerpt":{"rendered":"<p>Que ce soit\u00a0une destination ou un\u00a0lieu de d\u00e9part,\u00a0il est\u00a0le cadre id\u00e9al pour\u00a0tous ceux qui\u00a0aime la vie\u00a0sur la mer.\u00a0Le\u00a0Porto Turistico\u00a0di Jesolo\u00a0a \u00e9t\u00e9 cr\u00e9\u00e9e pour\u00a0transformer ce qui est\u00a0g\u00e9n\u00e9ralement une\u00a0aire de stationnement\u00a0pour les bateaux\u00a0simples\u00a0dans\u00a0une exclusivit\u00e9 \u201cmarina\u00a0parc\u201d\u00a0offrant confort\u00a0et de d\u00e9tente.\u00a0Il est\u00a0un endroit magnifique\u00a0qui fera de votre\u00a0s\u00e9jour vraiment inoubliable.\u00a0Regardez autour de\u00a0la baie\u00a0et vous verrez\u00a0que l\u2019architecture et\u00a0le paysage\u00a0sont\u00a0en compl\u00e8te harmonie.\u00a0Vous pouvez\u00a0profiter [&hellip;]<\/p>\n","protected":false},"author":1,"featured_media":925,"parent":1069,"menu_order":0,"comment_status":"closed","ping_status":"closed","template":"templates\/lista-figlio.php","meta":{"_acf_changed":false,"footnotes":""},"class_list":["post-1084","page","type-page","status-publish","has-post-thumbnail","hentry"],"acf":[],"yoast_head":"<!-- This site is optimized with the Yoast SEO plugin v27.0 - https:\/\/yoast.com\/product\/yoast-seo-wordpress\/ -->\n<title>PORT TOURISTIQUE JESOLO - Tropical Hotel Jesolo<\/title>\n<meta name=\"description\" content=\"Port de Tourisme de Jesolo: un \u2018port-parc\u2019 exclusif o\u00f9 confort, d\u00e9tente et design se rencontrent pour une exp\u00e9rience unique en bord de mer.\" \/>\n<meta name=\"robots\" content=\"index, follow, max-snippet:-1, max-image-preview:large, max-video-preview:-1\" \/>\n<link rel=\"canonical\" href=\"https:\/\/tropicalhotel.it\/fr\/attractions\/sport-fitness\/port-touristique-jesolo\/\" \/>\n<meta property=\"og:locale\" content=\"fr_FR\" \/>\n<meta property=\"og:type\" content=\"article\" \/>\n<meta property=\"og:title\" content=\"PORT TOURISTIQUE JESOLO - Tropical Hotel Jesolo\" \/>\n<meta property=\"og:description\" content=\"Port de Tourisme de Jesolo: un \u2018port-parc\u2019 exclusif o\u00f9 confort, d\u00e9tente et design se rencontrent pour une exp\u00e9rience unique en bord de mer.\" \/>\n<meta property=\"og:url\" content=\"https:\/\/tropicalhotel.it\/fr\/attractions\/sport-fitness\/port-touristique-jesolo\/\" \/>\n<meta property=\"og:site_name\" content=\"Tropical Hotel Jesolo\" \/>\n<meta property=\"article:publisher\" content=\"https:\/\/www.facebook.com\/Tropical-Hotel-Jesolo-276868195688612\/\" \/>\n<meta property=\"article:modified_time\" content=\"2025-02-19T13:24:25+00:00\" \/>\n<meta property=\"og:image\" content=\"https:\/\/tropicalhotel.it\/wp-content\/uploads\/2024\/12\/Porto-EVI-Tropical-1600x558-1.jpg\" \/>\n\t<meta property=\"og:image:width\" content=\"1600\" \/>\n\t<meta property=\"og:image:height\" content=\"558\" \/>\n\t<meta property=\"og:image:type\" content=\"image\/jpeg\" \/>\n<meta name=\"twitter:card\" content=\"summary_large_image\" \/>\n<meta name=\"twitter:label1\" content=\"Dur\u00e9e de lecture estim\u00e9e\" \/>\n\t<meta name=\"twitter:data1\" content=\"2 minutes\" \/>\n<script type=\"application\/ld+json\" class=\"yoast-schema-graph\">{\"@context\":\"https:\/\/schema.org\",\"@graph\":[{\"@type\":\"WebPage\",\"@id\":\"https:\/\/tropicalhotel.it\/fr\/attractions\/sport-fitness\/port-touristique-jesolo\/\",\"url\":\"https:\/\/tropicalhotel.it\/fr\/attractions\/sport-fitness\/port-touristique-jesolo\/\",\"name\":\"PORT TOURISTIQUE JESOLO - Tropical Hotel Jesolo\",\"isPartOf\":{\"@id\":\"https:\/\/tropicalhotel.it\/fr\/#website\"},\"primaryImageOfPage\":{\"@id\":\"https:\/\/tropicalhotel.it\/fr\/attractions\/sport-fitness\/port-touristique-jesolo\/#primaryimage\"},\"image\":{\"@id\":\"https:\/\/tropicalhotel.it\/fr\/attractions\/sport-fitness\/port-touristique-jesolo\/#primaryimage\"},\"thumbnailUrl\":\"https:\/\/tropicalhotel.it\/wp-content\/uploads\/2024\/12\/Porto-EVI-Tropical-1600x558-1.jpg\",\"datePublished\":\"2024-12-18T10:29:04+00:00\",\"dateModified\":\"2025-02-19T13:24:25+00:00\",\"description\":\"Port de Tourisme de Jesolo: un \u2018port-parc\u2019 exclusif o\u00f9 confort, d\u00e9tente et design se rencontrent pour une exp\u00e9rience unique en bord de mer.\",\"breadcrumb\":{\"@id\":\"https:\/\/tropicalhotel.it\/fr\/attractions\/sport-fitness\/port-touristique-jesolo\/#breadcrumb\"},\"inLanguage\":\"fr-FR\",\"potentialAction\":[{\"@type\":\"ReadAction\",\"target\":[\"https:\/\/tropicalhotel.it\/fr\/attractions\/sport-fitness\/port-touristique-jesolo\/\"]}]},{\"@type\":\"ImageObject\",\"inLanguage\":\"fr-FR\",\"@id\":\"https:\/\/tropicalhotel.it\/fr\/attractions\/sport-fitness\/port-touristique-jesolo\/#primaryimage\",\"url\":\"https:\/\/tropicalhotel.it\/wp-content\/uploads\/2024\/12\/Porto-EVI-Tropical-1600x558-1.jpg\",\"contentUrl\":\"https:\/\/tropicalhotel.it\/wp-content\/uploads\/2024\/12\/Porto-EVI-Tropical-1600x558-1.jpg\",\"width\":1600,\"height\":558},{\"@type\":\"BreadcrumbList\",\"@id\":\"https:\/\/tropicalhotel.it\/fr\/attractions\/sport-fitness\/port-touristique-jesolo\/#breadcrumb\",\"itemListElement\":[{\"@type\":\"ListItem\",\"position\":1,\"name\":\"Home\",\"item\":\"https:\/\/tropicalhotel.it\/fr\/\"},{\"@type\":\"ListItem\",\"position\":2,\"name\":\"Attractions\",\"item\":\"https:\/\/tropicalhotel.it\/fr\/attractions\/\"},{\"@type\":\"ListItem\",\"position\":3,\"name\":\"Sport &amp; Fitness\",\"item\":\"https:\/\/tropicalhotel.it\/fr\/attractions\/sport-fitness\/\"},{\"@type\":\"ListItem\",\"position\":4,\"name\":\"PORT TOURISTIQUE JESOLO\"}]},{\"@type\":\"WebSite\",\"@id\":\"https:\/\/tropicalhotel.it\/fr\/#website\",\"url\":\"https:\/\/tropicalhotel.it\/fr\/\",\"name\":\"Tropical Hotel Jesolo\",\"description\":\"Hotel 3 stelle a Jesolo\",\"publisher\":{\"@id\":\"https:\/\/tropicalhotel.it\/fr\/#organization\"},\"potentialAction\":[{\"@type\":\"SearchAction\",\"target\":{\"@type\":\"EntryPoint\",\"urlTemplate\":\"https:\/\/tropicalhotel.it\/fr\/?s={search_term_string}\"},\"query-input\":{\"@type\":\"PropertyValueSpecification\",\"valueRequired\":true,\"valueName\":\"search_term_string\"}}],\"inLanguage\":\"fr-FR\"},{\"@type\":\"Organization\",\"@id\":\"https:\/\/tropicalhotel.it\/fr\/#organization\",\"name\":\"Tropical Hotel Jesolo\",\"url\":\"https:\/\/tropicalhotel.it\/fr\/\",\"logo\":{\"@type\":\"ImageObject\",\"inLanguage\":\"fr-FR\",\"@id\":\"https:\/\/tropicalhotel.it\/fr\/#\/schema\/logo\/image\/\",\"url\":\"https:\/\/tropicalhotel.it\/wp-content\/uploads\/2024\/12\/Logo-Tropical-Verticale-2-2.jpg\",\"contentUrl\":\"https:\/\/tropicalhotel.it\/wp-content\/uploads\/2024\/12\/Logo-Tropical-Verticale-2-2.jpg\",\"width\":190,\"height\":147,\"caption\":\"Tropical Hotel Jesolo\"},\"image\":{\"@id\":\"https:\/\/tropicalhotel.it\/fr\/#\/schema\/logo\/image\/\"},\"sameAs\":[\"https:\/\/www.facebook.com\/Tropical-Hotel-Jesolo-276868195688612\/\",\"https:\/\/www.instagram.com\/tropicalhoteljesolo\/\"]}]}<\/script>\n<!-- \/ Yoast SEO plugin. -->","yoast_head_json":{"title":"PORT TOURISTIQUE JESOLO - Tropical Hotel Jesolo","description":"Port de Tourisme de Jesolo: un \u2018port-parc\u2019 exclusif o\u00f9 confort, d\u00e9tente et design se rencontrent pour une exp\u00e9rience unique en bord de mer.","robots":{"index":"index","follow":"follow","max-snippet":"max-snippet:-1","max-image-preview":"max-image-preview:large","max-video-preview":"max-video-preview:-1"},"canonical":"https:\/\/tropicalhotel.it\/fr\/attractions\/sport-fitness\/port-touristique-jesolo\/","og_locale":"fr_FR","og_type":"article","og_title":"PORT TOURISTIQUE JESOLO - Tropical Hotel Jesolo","og_description":"Port de Tourisme de Jesolo: un \u2018port-parc\u2019 exclusif o\u00f9 confort, d\u00e9tente et design se rencontrent pour une exp\u00e9rience unique en bord de mer.","og_url":"https:\/\/tropicalhotel.it\/fr\/attractions\/sport-fitness\/port-touristique-jesolo\/","og_site_name":"Tropical Hotel Jesolo","article_publisher":"https:\/\/www.facebook.com\/Tropical-Hotel-Jesolo-276868195688612\/","article_modified_time":"2025-02-19T13:24:25+00:00","og_image":[{"width":1600,"height":558,"url":"https:\/\/tropicalhotel.it\/wp-content\/uploads\/2024\/12\/Porto-EVI-Tropical-1600x558-1.jpg","type":"image\/jpeg"}],"twitter_card":"summary_large_image","twitter_misc":{"Dur\u00e9e de lecture estim\u00e9e":"2 minutes"},"schema":{"@context":"https:\/\/schema.org","@graph":[{"@type":"WebPage","@id":"https:\/\/tropicalhotel.it\/fr\/attractions\/sport-fitness\/port-touristique-jesolo\/","url":"https:\/\/tropicalhotel.it\/fr\/attractions\/sport-fitness\/port-touristique-jesolo\/","name":"PORT TOURISTIQUE JESOLO - Tropical Hotel Jesolo","isPartOf":{"@id":"https:\/\/tropicalhotel.it\/fr\/#website"},"primaryImageOfPage":{"@id":"https:\/\/tropicalhotel.it\/fr\/attractions\/sport-fitness\/port-touristique-jesolo\/#primaryimage"},"image":{"@id":"https:\/\/tropicalhotel.it\/fr\/attractions\/sport-fitness\/port-touristique-jesolo\/#primaryimage"},"thumbnailUrl":"https:\/\/tropicalhotel.it\/wp-content\/uploads\/2024\/12\/Porto-EVI-Tropical-1600x558-1.jpg","datePublished":"2024-12-18T10:29:04+00:00","dateModified":"2025-02-19T13:24:25+00:00","description":"Port de Tourisme de Jesolo: un \u2018port-parc\u2019 exclusif o\u00f9 confort, d\u00e9tente et design se rencontrent pour une exp\u00e9rience unique en bord de mer.","breadcrumb":{"@id":"https:\/\/tropicalhotel.it\/fr\/attractions\/sport-fitness\/port-touristique-jesolo\/#breadcrumb"},"inLanguage":"fr-FR","potentialAction":[{"@type":"ReadAction","target":["https:\/\/tropicalhotel.it\/fr\/attractions\/sport-fitness\/port-touristique-jesolo\/"]}]},{"@type":"ImageObject","inLanguage":"fr-FR","@id":"https:\/\/tropicalhotel.it\/fr\/attractions\/sport-fitness\/port-touristique-jesolo\/#primaryimage","url":"https:\/\/tropicalhotel.it\/wp-content\/uploads\/2024\/12\/Porto-EVI-Tropical-1600x558-1.jpg","contentUrl":"https:\/\/tropicalhotel.it\/wp-content\/uploads\/2024\/12\/Porto-EVI-Tropical-1600x558-1.jpg","width":1600,"height":558},{"@type":"BreadcrumbList","@id":"https:\/\/tropicalhotel.it\/fr\/attractions\/sport-fitness\/port-touristique-jesolo\/#breadcrumb","itemListElement":[{"@type":"ListItem","position":1,"name":"Home","item":"https:\/\/tropicalhotel.it\/fr\/"},{"@type":"ListItem","position":2,"name":"Attractions","item":"https:\/\/tropicalhotel.it\/fr\/attractions\/"},{"@type":"ListItem","position":3,"name":"Sport &amp; Fitness","item":"https:\/\/tropicalhotel.it\/fr\/attractions\/sport-fitness\/"},{"@type":"ListItem","position":4,"name":"PORT TOURISTIQUE JESOLO"}]},{"@type":"WebSite","@id":"https:\/\/tropicalhotel.it\/fr\/#website","url":"https:\/\/tropicalhotel.it\/fr\/","name":"Tropical Hotel Jesolo","description":"Hotel 3 stelle a Jesolo","publisher":{"@id":"https:\/\/tropicalhotel.it\/fr\/#organization"},"potentialAction":[{"@type":"SearchAction","target":{"@type":"EntryPoint","urlTemplate":"https:\/\/tropicalhotel.it\/fr\/?s={search_term_string}"},"query-input":{"@type":"PropertyValueSpecification","valueRequired":true,"valueName":"search_term_string"}}],"inLanguage":"fr-FR"},{"@type":"Organization","@id":"https:\/\/tropicalhotel.it\/fr\/#organization","name":"Tropical Hotel Jesolo","url":"https:\/\/tropicalhotel.it\/fr\/","logo":{"@type":"ImageObject","inLanguage":"fr-FR","@id":"https:\/\/tropicalhotel.it\/fr\/#\/schema\/logo\/image\/","url":"https:\/\/tropicalhotel.it\/wp-content\/uploads\/2024\/12\/Logo-Tropical-Verticale-2-2.jpg","contentUrl":"https:\/\/tropicalhotel.it\/wp-content\/uploads\/2024\/12\/Logo-Tropical-Verticale-2-2.jpg","width":190,"height":147,"caption":"Tropical Hotel Jesolo"},"image":{"@id":"https:\/\/tropicalhotel.it\/fr\/#\/schema\/logo\/image\/"},"sameAs":["https:\/\/www.facebook.com\/Tropical-Hotel-Jesolo-276868195688612\/","https:\/\/www.instagram.com\/tropicalhoteljesolo\/"]}]}},"_links":{"self":[{"href":"https:\/\/tropicalhotel.it\/fr\/wp-json\/wp\/v2\/pages\/1084","targetHints":{"allow":["GET"]}}],"collection":[{"href":"https:\/\/tropicalhotel.it\/fr\/wp-json\/wp\/v2\/pages"}],"about":[{"href":"https:\/\/tropicalhotel.it\/fr\/wp-json\/wp\/v2\/types\/page"}],"author":[{"embeddable":true,"href":"https:\/\/tropicalhotel.it\/fr\/wp-json\/wp\/v2\/users\/1"}],"replies":[{"embeddable":true,"href":"https:\/\/tropicalhotel.it\/fr\/wp-json\/wp\/v2\/comments?post=1084"}],"version-history":[{"count":2,"href":"https:\/\/tropicalhotel.it\/fr\/wp-json\/wp\/v2\/pages\/1084\/revisions"}],"predecessor-version":[{"id":1354,"href":"https:\/\/tropicalhotel.it\/fr\/wp-json\/wp\/v2\/pages\/1084\/revisions\/1354"}],"up":[{"embeddable":true,"href":"https:\/\/tropicalhotel.it\/fr\/wp-json\/wp\/v2\/pages\/1069"}],"wp:featuredmedia":[{"embeddable":true,"href":"https:\/\/tropicalhotel.it\/fr\/wp-json\/wp\/v2\/media\/925"}],"wp:attachment":[{"href":"https:\/\/tropicalhotel.it\/fr\/wp-json\/wp\/v2\/media?parent=1084"}],"curies":[{"name":"wp","href":"https:\/\/api.w.org\/{rel}","templated":true}]}}