{"id":1087,"date":"2024-12-18T10:28:15","date_gmt":"2024-12-18T10:28:15","guid":{"rendered":"https:\/\/staging.tropicalhotel.it\/sport-e-fitness\/scuola-sub\/"},"modified":"2025-02-19T13:29:37","modified_gmt":"2025-02-19T13:29:37","slug":"sub-school","status":"publish","type":"page","link":"https:\/\/tropicalhotel.it\/fr\/attractions\/sport-fitness\/sub-school\/","title":{"rendered":"SUB SCHOOL"},"content":{"rendered":"\n<p>Une exp\u00e9rience de plong\u00e9e, offrant des plong\u00e9es \u00e0 tous les niveaux.<\/p>\n\n\n\n<p>INFO \u2192<br>Diving Nord Adriatico se trouve \u00e0 l&rsquo;int\u00e9rieur de Darsena International, au bout de la Via A. Giussano .<br>E. info@divingnordadriatico.com<br>www.divingnordadriatico.com<\/p>\n\n\n\n<p><\/p>\n","protected":false},"excerpt":{"rendered":"<p>Une exp\u00e9rience de plong\u00e9e, offrant des plong\u00e9es \u00e0 tous les niveaux. INFO \u2192Diving Nord Adriatico se trouve \u00e0 l&rsquo;int\u00e9rieur de Darsena International, au bout de la Via A. Giussano .E. info@divingnordadriatico.comwww.divingnordadriatico.com<\/p>\n","protected":false},"author":1,"featured_media":949,"parent":1069,"menu_order":0,"comment_status":"closed","ping_status":"closed","template":"templates\/lista-figlio.php","meta":{"_acf_changed":false,"footnotes":""},"class_list":["post-1087","page","type-page","status-publish","has-post-thumbnail","hentry"],"acf":[],"_links":{"self":[{"href":"https:\/\/tropicalhotel.it\/fr\/wp-json\/wp\/v2\/pages\/1087","targetHints":{"allow":["GET"]}}],"collection":[{"href":"https:\/\/tropicalhotel.it\/fr\/wp-json\/wp\/v2\/pages"}],"about":[{"href":"https:\/\/tropicalhotel.it\/fr\/wp-json\/wp\/v2\/types\/page"}],"author":[{"embeddable":true,"href":"https:\/\/tropicalhotel.it\/fr\/wp-json\/wp\/v2\/users\/1"}],"replies":[{"embeddable":true,"href":"https:\/\/tropicalhotel.it\/fr\/wp-json\/wp\/v2\/comments?post=1087"}],"version-history":[{"count":2,"href":"https:\/\/tropicalhotel.it\/fr\/wp-json\/wp\/v2\/pages\/1087\/revisions"}],"predecessor-version":[{"id":1315,"href":"https:\/\/tropicalhotel.it\/fr\/wp-json\/wp\/v2\/pages\/1087\/revisions\/1315"}],"up":[{"embeddable":true,"href":"https:\/\/tropicalhotel.it\/fr\/wp-json\/wp\/v2\/pages\/1069"}],"wp:featuredmedia":[{"embeddable":true,"href":"https:\/\/tropicalhotel.it\/fr\/wp-json\/wp\/v2\/media\/949"}],"wp:attachment":[{"href":"https:\/\/tropicalhotel.it\/fr\/wp-json\/wp\/v2\/media?parent=1087"}],"curies":[{"name":"wp","href":"https:\/\/api.w.org\/{rel}","templated":true}]}}