{"id":1090,"date":"2024-12-18T10:30:19","date_gmt":"2024-12-18T10:30:19","guid":{"rendered":"https:\/\/staging.tropicalhotel.it\/sport-e-fitness\/tennis-club-serenissima\/"},"modified":"2025-02-19T13:35:47","modified_gmt":"2025-02-19T13:35:47","slug":"tennis-club-serenissima","status":"publish","type":"page","link":"https:\/\/tropicalhotel.it\/fr\/attractions\/sport-fitness\/tennis-club-serenissima\/","title":{"rendered":"TENNIS CLUB SERENISSIMA"},"content":{"rendered":"\n<p>CLUB DE TENNIS JESOLO<\/p>\n\n\n\n<p>Le club de tennis est situ\u00e9 au Play Village. Avec 6 courts disponibles (4 en terre battue, 2 en b\u00e9ton), il propose des le\u00e7ons priv\u00e9es et collectives aux passionn\u00e9s de tous \u00e2ges. Encadr\u00e9 par des instructeurs ayant une exp\u00e9rience internationale et comp\u00e9titive, le TC a \u00e9galement form\u00e9 une \u00e9quipe de Coupe d&rsquo;Italie qui a d\u00e9j\u00e0 connu un grand succ\u00e8s au cours de sa premi\u00e8re ann\u00e9e d&rsquo;existence. Les courts peuvent \u00eatre utilis\u00e9s \u00e0 toute heure, m\u00eame tard dans la soir\u00e9e, sur simple r\u00e9servation. Des offres attrayantes sont \u00e9galement propos\u00e9es avec des forfaits horaires \u00e0 prix r\u00e9duit.<br>Outre des vestiaires confortables, une aire de jeux, un solarium et un espace de d\u00e9tente, le centre est situ\u00e9 dans le PlayVillage, une installation polyvalente accueillante qui, en plus d&rsquo;accueillir des \u00e9v\u00e9nements sportifs internationaux tels que le Nec Wheelchair Championship ou Fitnesslandia, propose \u00e9galement un bar \u00e0 cocktails et un \u00e9l\u00e9gant restaurant\/pizzeria. Quatre terrains de football \u00e0 cinq sont \u00e9galement disponibles au centre.<\/p>\n\n\n\n<p>INFO \u2192<br>Via Equilio, 48<br>E. info@tcjesolo.com<br>www.tcjesolo.com<\/p>\n\n\n\n<p>EDEN GOLF<\/p>\n\n\n\n<p>L&rsquo;Eden golf propose des activit\u00e9s de plein air \u00e0 Jesolo avec 4 courts de tennis en terre battue et un minigolf.<\/p>\n\n\n\n<p>INFO&nbsp;\u2192<br>Via Olanda, 207<br>T. +39 0421 961053<\/p>\n\n\n\n<p><a href=\"https:\/\/www.tropicalhotel.it\/#facebook\" rel=\"noreferrer noopener\" target=\"_blank\">Facebook<\/a><a href=\"https:\/\/www.tropicalhotel.it\/#twitter\" rel=\"noreferrer noopener\" target=\"_blank\">Twitter<\/a><a href=\"https:\/\/www.addtoany.com\/add_to\/google_plus?linkurl=https%3A%2F%2Fwww.tropicalhotel.it%2Fsport-e-fitness-jesolo%2Ftennis-club%2F&amp;linkname=TENNIS%20CLUB%20SERENISSIMA\" rel=\"noreferrer noopener\" target=\"_blank\"><\/a><a href=\"https:\/\/www.addtoany.com\/share#url=https%3A%2F%2Fwww.tropicalhotel.it%2Fsport-e-fitness-jesolo%2Ftennis-club%2F&amp;title=TENNIS%20CLUB%20SERENISSIMA\">Condividi<\/a><\/p>\n","protected":false},"excerpt":{"rendered":"<p>CLUB DE TENNIS JESOLO Le club de tennis est situ\u00e9 au Play Village. Avec 6 courts disponibles (4 en terre battue, 2 en b\u00e9ton), il propose des le\u00e7ons priv\u00e9es et collectives aux passionn\u00e9s de tous \u00e2ges. Encadr\u00e9 par des instructeurs ayant une exp\u00e9rience internationale et comp\u00e9titive, le TC a \u00e9galement form\u00e9 une \u00e9quipe de Coupe [&hellip;]<\/p>\n","protected":false},"author":1,"featured_media":933,"parent":1069,"menu_order":0,"comment_status":"closed","ping_status":"closed","template":"templates\/lista-figlio.php","meta":{"_acf_changed":false,"footnotes":""},"class_list":["post-1090","page","type-page","status-publish","has-post-thumbnail","hentry"],"acf":[],"yoast_head":"<!-- This site is optimized with the Yoast SEO plugin v27.0 - https:\/\/yoast.com\/product\/yoast-seo-wordpress\/ -->\n<title>TENNIS CLUB SERENISSIMA - Tropical Hotel Jesolo<\/title>\n<meta name=\"description\" content=\"Jouez au tennis au Tennis Club Serenissima! 6 courts, cours pour tous les \u00e2ges et entra\u00eeneurs experts dans un cadre moderne et exclusif.\" \/>\n<meta name=\"robots\" content=\"index, follow, max-snippet:-1, max-image-preview:large, max-video-preview:-1\" \/>\n<link rel=\"canonical\" href=\"https:\/\/tropicalhotel.it\/fr\/attractions\/sport-fitness\/tennis-club-serenissima\/\" \/>\n<meta property=\"og:locale\" content=\"fr_FR\" \/>\n<meta property=\"og:type\" content=\"article\" \/>\n<meta property=\"og:title\" content=\"TENNIS CLUB SERENISSIMA - Tropical Hotel Jesolo\" \/>\n<meta property=\"og:description\" content=\"Jouez au tennis au Tennis Club Serenissima! 6 courts, cours pour tous les \u00e2ges et entra\u00eeneurs experts dans un cadre moderne et exclusif.\" \/>\n<meta property=\"og:url\" content=\"https:\/\/tropicalhotel.it\/fr\/attractions\/sport-fitness\/tennis-club-serenissima\/\" \/>\n<meta property=\"og:site_name\" content=\"Tropical Hotel Jesolo\" \/>\n<meta property=\"article:publisher\" content=\"https:\/\/www.facebook.com\/Tropical-Hotel-Jesolo-276868195688612\/\" \/>\n<meta property=\"article:modified_time\" content=\"2025-02-19T13:35:47+00:00\" \/>\n<meta property=\"og:image\" content=\"https:\/\/tropicalhotel.it\/wp-content\/uploads\/2024\/12\/Tennis-EVI-Tropical-1600x558-1.jpg\" \/>\n\t<meta property=\"og:image:width\" content=\"1600\" \/>\n\t<meta property=\"og:image:height\" content=\"558\" \/>\n\t<meta property=\"og:image:type\" content=\"image\/jpeg\" \/>\n<meta name=\"twitter:card\" content=\"summary_large_image\" \/>\n<meta name=\"twitter:label1\" content=\"Dur\u00e9e de lecture estim\u00e9e\" \/>\n\t<meta name=\"twitter:data1\" content=\"2 minutes\" \/>\n<script type=\"application\/ld+json\" class=\"yoast-schema-graph\">{\"@context\":\"https:\/\/schema.org\",\"@graph\":[{\"@type\":\"WebPage\",\"@id\":\"https:\/\/tropicalhotel.it\/fr\/attractions\/sport-fitness\/tennis-club-serenissima\/\",\"url\":\"https:\/\/tropicalhotel.it\/fr\/attractions\/sport-fitness\/tennis-club-serenissima\/\",\"name\":\"TENNIS CLUB SERENISSIMA - Tropical Hotel Jesolo\",\"isPartOf\":{\"@id\":\"https:\/\/tropicalhotel.it\/fr\/#website\"},\"primaryImageOfPage\":{\"@id\":\"https:\/\/tropicalhotel.it\/fr\/attractions\/sport-fitness\/tennis-club-serenissima\/#primaryimage\"},\"image\":{\"@id\":\"https:\/\/tropicalhotel.it\/fr\/attractions\/sport-fitness\/tennis-club-serenissima\/#primaryimage\"},\"thumbnailUrl\":\"https:\/\/tropicalhotel.it\/wp-content\/uploads\/2024\/12\/Tennis-EVI-Tropical-1600x558-1.jpg\",\"datePublished\":\"2024-12-18T10:30:19+00:00\",\"dateModified\":\"2025-02-19T13:35:47+00:00\",\"description\":\"Jouez au tennis au Tennis Club Serenissima! 6 courts, cours pour tous les \u00e2ges et entra\u00eeneurs experts dans un cadre moderne et exclusif.\",\"breadcrumb\":{\"@id\":\"https:\/\/tropicalhotel.it\/fr\/attractions\/sport-fitness\/tennis-club-serenissima\/#breadcrumb\"},\"inLanguage\":\"fr-FR\",\"potentialAction\":[{\"@type\":\"ReadAction\",\"target\":[\"https:\/\/tropicalhotel.it\/fr\/attractions\/sport-fitness\/tennis-club-serenissima\/\"]}]},{\"@type\":\"ImageObject\",\"inLanguage\":\"fr-FR\",\"@id\":\"https:\/\/tropicalhotel.it\/fr\/attractions\/sport-fitness\/tennis-club-serenissima\/#primaryimage\",\"url\":\"https:\/\/tropicalhotel.it\/wp-content\/uploads\/2024\/12\/Tennis-EVI-Tropical-1600x558-1.jpg\",\"contentUrl\":\"https:\/\/tropicalhotel.it\/wp-content\/uploads\/2024\/12\/Tennis-EVI-Tropical-1600x558-1.jpg\",\"width\":1600,\"height\":558},{\"@type\":\"BreadcrumbList\",\"@id\":\"https:\/\/tropicalhotel.it\/fr\/attractions\/sport-fitness\/tennis-club-serenissima\/#breadcrumb\",\"itemListElement\":[{\"@type\":\"ListItem\",\"position\":1,\"name\":\"Home\",\"item\":\"https:\/\/tropicalhotel.it\/fr\/\"},{\"@type\":\"ListItem\",\"position\":2,\"name\":\"Attractions\",\"item\":\"https:\/\/tropicalhotel.it\/fr\/attractions\/\"},{\"@type\":\"ListItem\",\"position\":3,\"name\":\"Sport &amp; Fitness\",\"item\":\"https:\/\/tropicalhotel.it\/fr\/attractions\/sport-fitness\/\"},{\"@type\":\"ListItem\",\"position\":4,\"name\":\"TENNIS CLUB SERENISSIMA\"}]},{\"@type\":\"WebSite\",\"@id\":\"https:\/\/tropicalhotel.it\/fr\/#website\",\"url\":\"https:\/\/tropicalhotel.it\/fr\/\",\"name\":\"Tropical Hotel Jesolo\",\"description\":\"Hotel 3 stelle a Jesolo\",\"publisher\":{\"@id\":\"https:\/\/tropicalhotel.it\/fr\/#organization\"},\"potentialAction\":[{\"@type\":\"SearchAction\",\"target\":{\"@type\":\"EntryPoint\",\"urlTemplate\":\"https:\/\/tropicalhotel.it\/fr\/?s={search_term_string}\"},\"query-input\":{\"@type\":\"PropertyValueSpecification\",\"valueRequired\":true,\"valueName\":\"search_term_string\"}}],\"inLanguage\":\"fr-FR\"},{\"@type\":\"Organization\",\"@id\":\"https:\/\/tropicalhotel.it\/fr\/#organization\",\"name\":\"Tropical Hotel Jesolo\",\"url\":\"https:\/\/tropicalhotel.it\/fr\/\",\"logo\":{\"@type\":\"ImageObject\",\"inLanguage\":\"fr-FR\",\"@id\":\"https:\/\/tropicalhotel.it\/fr\/#\/schema\/logo\/image\/\",\"url\":\"https:\/\/tropicalhotel.it\/wp-content\/uploads\/2024\/12\/Logo-Tropical-Verticale-2-2.jpg\",\"contentUrl\":\"https:\/\/tropicalhotel.it\/wp-content\/uploads\/2024\/12\/Logo-Tropical-Verticale-2-2.jpg\",\"width\":190,\"height\":147,\"caption\":\"Tropical Hotel Jesolo\"},\"image\":{\"@id\":\"https:\/\/tropicalhotel.it\/fr\/#\/schema\/logo\/image\/\"},\"sameAs\":[\"https:\/\/www.facebook.com\/Tropical-Hotel-Jesolo-276868195688612\/\",\"https:\/\/www.instagram.com\/tropicalhoteljesolo\/\"]}]}<\/script>\n<!-- \/ Yoast SEO plugin. -->","yoast_head_json":{"title":"TENNIS CLUB SERENISSIMA - Tropical Hotel Jesolo","description":"Jouez au tennis au Tennis Club Serenissima! 6 courts, cours pour tous les \u00e2ges et entra\u00eeneurs experts dans un cadre moderne et exclusif.","robots":{"index":"index","follow":"follow","max-snippet":"max-snippet:-1","max-image-preview":"max-image-preview:large","max-video-preview":"max-video-preview:-1"},"canonical":"https:\/\/tropicalhotel.it\/fr\/attractions\/sport-fitness\/tennis-club-serenissima\/","og_locale":"fr_FR","og_type":"article","og_title":"TENNIS CLUB SERENISSIMA - Tropical Hotel Jesolo","og_description":"Jouez au tennis au Tennis Club Serenissima! 6 courts, cours pour tous les \u00e2ges et entra\u00eeneurs experts dans un cadre moderne et exclusif.","og_url":"https:\/\/tropicalhotel.it\/fr\/attractions\/sport-fitness\/tennis-club-serenissima\/","og_site_name":"Tropical Hotel Jesolo","article_publisher":"https:\/\/www.facebook.com\/Tropical-Hotel-Jesolo-276868195688612\/","article_modified_time":"2025-02-19T13:35:47+00:00","og_image":[{"width":1600,"height":558,"url":"https:\/\/tropicalhotel.it\/wp-content\/uploads\/2024\/12\/Tennis-EVI-Tropical-1600x558-1.jpg","type":"image\/jpeg"}],"twitter_card":"summary_large_image","twitter_misc":{"Dur\u00e9e de lecture estim\u00e9e":"2 minutes"},"schema":{"@context":"https:\/\/schema.org","@graph":[{"@type":"WebPage","@id":"https:\/\/tropicalhotel.it\/fr\/attractions\/sport-fitness\/tennis-club-serenissima\/","url":"https:\/\/tropicalhotel.it\/fr\/attractions\/sport-fitness\/tennis-club-serenissima\/","name":"TENNIS CLUB SERENISSIMA - Tropical Hotel Jesolo","isPartOf":{"@id":"https:\/\/tropicalhotel.it\/fr\/#website"},"primaryImageOfPage":{"@id":"https:\/\/tropicalhotel.it\/fr\/attractions\/sport-fitness\/tennis-club-serenissima\/#primaryimage"},"image":{"@id":"https:\/\/tropicalhotel.it\/fr\/attractions\/sport-fitness\/tennis-club-serenissima\/#primaryimage"},"thumbnailUrl":"https:\/\/tropicalhotel.it\/wp-content\/uploads\/2024\/12\/Tennis-EVI-Tropical-1600x558-1.jpg","datePublished":"2024-12-18T10:30:19+00:00","dateModified":"2025-02-19T13:35:47+00:00","description":"Jouez au tennis au Tennis Club Serenissima! 6 courts, cours pour tous les \u00e2ges et entra\u00eeneurs experts dans un cadre moderne et exclusif.","breadcrumb":{"@id":"https:\/\/tropicalhotel.it\/fr\/attractions\/sport-fitness\/tennis-club-serenissima\/#breadcrumb"},"inLanguage":"fr-FR","potentialAction":[{"@type":"ReadAction","target":["https:\/\/tropicalhotel.it\/fr\/attractions\/sport-fitness\/tennis-club-serenissima\/"]}]},{"@type":"ImageObject","inLanguage":"fr-FR","@id":"https:\/\/tropicalhotel.it\/fr\/attractions\/sport-fitness\/tennis-club-serenissima\/#primaryimage","url":"https:\/\/tropicalhotel.it\/wp-content\/uploads\/2024\/12\/Tennis-EVI-Tropical-1600x558-1.jpg","contentUrl":"https:\/\/tropicalhotel.it\/wp-content\/uploads\/2024\/12\/Tennis-EVI-Tropical-1600x558-1.jpg","width":1600,"height":558},{"@type":"BreadcrumbList","@id":"https:\/\/tropicalhotel.it\/fr\/attractions\/sport-fitness\/tennis-club-serenissima\/#breadcrumb","itemListElement":[{"@type":"ListItem","position":1,"name":"Home","item":"https:\/\/tropicalhotel.it\/fr\/"},{"@type":"ListItem","position":2,"name":"Attractions","item":"https:\/\/tropicalhotel.it\/fr\/attractions\/"},{"@type":"ListItem","position":3,"name":"Sport &amp; Fitness","item":"https:\/\/tropicalhotel.it\/fr\/attractions\/sport-fitness\/"},{"@type":"ListItem","position":4,"name":"TENNIS CLUB SERENISSIMA"}]},{"@type":"WebSite","@id":"https:\/\/tropicalhotel.it\/fr\/#website","url":"https:\/\/tropicalhotel.it\/fr\/","name":"Tropical Hotel Jesolo","description":"Hotel 3 stelle a Jesolo","publisher":{"@id":"https:\/\/tropicalhotel.it\/fr\/#organization"},"potentialAction":[{"@type":"SearchAction","target":{"@type":"EntryPoint","urlTemplate":"https:\/\/tropicalhotel.it\/fr\/?s={search_term_string}"},"query-input":{"@type":"PropertyValueSpecification","valueRequired":true,"valueName":"search_term_string"}}],"inLanguage":"fr-FR"},{"@type":"Organization","@id":"https:\/\/tropicalhotel.it\/fr\/#organization","name":"Tropical Hotel Jesolo","url":"https:\/\/tropicalhotel.it\/fr\/","logo":{"@type":"ImageObject","inLanguage":"fr-FR","@id":"https:\/\/tropicalhotel.it\/fr\/#\/schema\/logo\/image\/","url":"https:\/\/tropicalhotel.it\/wp-content\/uploads\/2024\/12\/Logo-Tropical-Verticale-2-2.jpg","contentUrl":"https:\/\/tropicalhotel.it\/wp-content\/uploads\/2024\/12\/Logo-Tropical-Verticale-2-2.jpg","width":190,"height":147,"caption":"Tropical Hotel Jesolo"},"image":{"@id":"https:\/\/tropicalhotel.it\/fr\/#\/schema\/logo\/image\/"},"sameAs":["https:\/\/www.facebook.com\/Tropical-Hotel-Jesolo-276868195688612\/","https:\/\/www.instagram.com\/tropicalhoteljesolo\/"]}]}},"_links":{"self":[{"href":"https:\/\/tropicalhotel.it\/fr\/wp-json\/wp\/v2\/pages\/1090","targetHints":{"allow":["GET"]}}],"collection":[{"href":"https:\/\/tropicalhotel.it\/fr\/wp-json\/wp\/v2\/pages"}],"about":[{"href":"https:\/\/tropicalhotel.it\/fr\/wp-json\/wp\/v2\/types\/page"}],"author":[{"embeddable":true,"href":"https:\/\/tropicalhotel.it\/fr\/wp-json\/wp\/v2\/users\/1"}],"replies":[{"embeddable":true,"href":"https:\/\/tropicalhotel.it\/fr\/wp-json\/wp\/v2\/comments?post=1090"}],"version-history":[{"count":2,"href":"https:\/\/tropicalhotel.it\/fr\/wp-json\/wp\/v2\/pages\/1090\/revisions"}],"predecessor-version":[{"id":1364,"href":"https:\/\/tropicalhotel.it\/fr\/wp-json\/wp\/v2\/pages\/1090\/revisions\/1364"}],"up":[{"embeddable":true,"href":"https:\/\/tropicalhotel.it\/fr\/wp-json\/wp\/v2\/pages\/1069"}],"wp:featuredmedia":[{"embeddable":true,"href":"https:\/\/tropicalhotel.it\/fr\/wp-json\/wp\/v2\/media\/933"}],"wp:attachment":[{"href":"https:\/\/tropicalhotel.it\/fr\/wp-json\/wp\/v2\/media?parent=1090"}],"curies":[{"name":"wp","href":"https:\/\/api.w.org\/{rel}","templated":true}]}}