{"id":1096,"date":"2024-12-18T10:20:27","date_gmt":"2024-12-18T10:20:27","guid":{"rendered":"https:\/\/staging.tropicalhotel.it\/sport-e-fitness\/windsurf-e-vela\/"},"modified":"2025-02-20T11:18:58","modified_gmt":"2025-02-20T11:18:58","slug":"windsurf-et-vela","status":"publish","type":"page","link":"https:\/\/tropicalhotel.it\/fr\/attractions\/sport-fitness\/windsurf-et-vela\/","title":{"rendered":"WINDSURF ET VELA"},"content":{"rendered":"\n<p>Le&nbsp;centre de&nbsp;S.B.J.&nbsp;vous permet de&nbsp;profiter de votre&nbsp;s\u00e9jour&nbsp;\u00e0 Jesolo, non seulement&nbsp;en termes de&nbsp;salles de bains et&nbsp;de relaxation,&nbsp;mais aussi&nbsp;\u00e0 partir d\u2019un&nbsp;point de vue sportif&nbsp;et captivant,&nbsp;le soi-disant&nbsp;\u201cvacances actives\u201d,&nbsp;d\u2019entrer pleinement&nbsp;en contact avec&nbsp;le v\u00e9ritable esprit&nbsp;de la mer.<\/p>\n\n\n\n<p>INFO&nbsp;\u2192<br>Via Levantina, 136<br>E. info@sailbeachjesolo.it<br><a href=\"http:\/\/www.sailbeachjesolo.it\/\" target=\"_blank\" rel=\"noreferrer noopener\">www.sailbeachjesolo.it<\/a><\/p>\n\n\n\n<p><a href=\"https:\/\/www.tropicalhotel.it\/#facebook\" rel=\"noreferrer noopener\" target=\"_blank\"><\/a><\/p>\n\n\n\n<p><\/p>\n","protected":false},"excerpt":{"rendered":"<p>Le&nbsp;centre de&nbsp;S.B.J.&nbsp;vous permet de&nbsp;profiter de votre&nbsp;s\u00e9jour&nbsp;\u00e0 Jesolo, non seulement&nbsp;en termes de&nbsp;salles de bains et&nbsp;de relaxation,&nbsp;mais aussi&nbsp;\u00e0 partir d\u2019un&nbsp;point de vue sportif&nbsp;et captivant,&nbsp;le soi-disant&nbsp;\u201cvacances actives\u201d,&nbsp;d\u2019entrer pleinement&nbsp;en contact avec&nbsp;le v\u00e9ritable esprit&nbsp;de la mer. INFO&nbsp;\u2192Via Levantina, 136E. info@sailbeachjesolo.itwww.sailbeachjesolo.it<\/p>\n","protected":false},"author":1,"featured_media":945,"parent":1069,"menu_order":0,"comment_status":"closed","ping_status":"closed","template":"templates\/lista-figlio.php","meta":{"_acf_changed":false,"footnotes":""},"class_list":["post-1096","page","type-page","status-publish","has-post-thumbnail","hentry"],"acf":[],"yoast_head":"<!-- This site is optimized with the Yoast SEO plugin v27.0 - https:\/\/yoast.com\/product\/yoast-seo-wordpress\/ -->\n<title>WINDSURF ET VELA - Tropical Hotel Jesolo<\/title>\n<meta name=\"description\" content=\"Profitez d&#039;un s\u00e9jour actif \u00e0 Jesolo avec voile, planche \u00e0 voile et SUP ! Cours pour tous niveaux et location de bateaux. En savoir plus!\" \/>\n<meta name=\"robots\" content=\"index, follow, max-snippet:-1, max-image-preview:large, max-video-preview:-1\" \/>\n<link rel=\"canonical\" href=\"https:\/\/tropicalhotel.it\/fr\/attractions\/sport-fitness\/windsurf-et-vela\/\" \/>\n<meta property=\"og:locale\" content=\"fr_FR\" \/>\n<meta property=\"og:type\" content=\"article\" \/>\n<meta property=\"og:title\" content=\"WINDSURF ET VELA - Tropical Hotel Jesolo\" \/>\n<meta property=\"og:description\" content=\"Profitez d&#039;un s\u00e9jour actif \u00e0 Jesolo avec voile, planche \u00e0 voile et SUP ! Cours pour tous niveaux et location de bateaux. En savoir plus!\" \/>\n<meta property=\"og:url\" content=\"https:\/\/tropicalhotel.it\/fr\/attractions\/sport-fitness\/windsurf-et-vela\/\" \/>\n<meta property=\"og:site_name\" content=\"Tropical Hotel Jesolo\" \/>\n<meta property=\"article:publisher\" content=\"https:\/\/www.facebook.com\/Tropical-Hotel-Jesolo-276868195688612\/\" \/>\n<meta property=\"article:modified_time\" content=\"2025-02-20T11:18:58+00:00\" \/>\n<meta property=\"og:image\" content=\"https:\/\/tropicalhotel.it\/wp-content\/uploads\/2024\/12\/Windsurf-EVI-Tropical-1600x558-1.jpg\" \/>\n\t<meta property=\"og:image:width\" content=\"1600\" \/>\n\t<meta property=\"og:image:height\" content=\"558\" \/>\n\t<meta property=\"og:image:type\" content=\"image\/jpeg\" \/>\n<meta name=\"twitter:card\" content=\"summary_large_image\" \/>\n<meta name=\"twitter:label1\" content=\"Dur\u00e9e de lecture estim\u00e9e\" \/>\n\t<meta name=\"twitter:data1\" content=\"1 minute\" \/>\n<script type=\"application\/ld+json\" class=\"yoast-schema-graph\">{\"@context\":\"https:\/\/schema.org\",\"@graph\":[{\"@type\":\"WebPage\",\"@id\":\"https:\/\/tropicalhotel.it\/fr\/attractions\/sport-fitness\/windsurf-et-vela\/\",\"url\":\"https:\/\/tropicalhotel.it\/fr\/attractions\/sport-fitness\/windsurf-et-vela\/\",\"name\":\"WINDSURF ET VELA - Tropical Hotel Jesolo\",\"isPartOf\":{\"@id\":\"https:\/\/tropicalhotel.it\/fr\/#website\"},\"primaryImageOfPage\":{\"@id\":\"https:\/\/tropicalhotel.it\/fr\/attractions\/sport-fitness\/windsurf-et-vela\/#primaryimage\"},\"image\":{\"@id\":\"https:\/\/tropicalhotel.it\/fr\/attractions\/sport-fitness\/windsurf-et-vela\/#primaryimage\"},\"thumbnailUrl\":\"https:\/\/tropicalhotel.it\/wp-content\/uploads\/2024\/12\/Windsurf-EVI-Tropical-1600x558-1.jpg\",\"datePublished\":\"2024-12-18T10:20:27+00:00\",\"dateModified\":\"2025-02-20T11:18:58+00:00\",\"description\":\"Profitez d'un s\u00e9jour actif \u00e0 Jesolo avec voile, planche \u00e0 voile et SUP ! Cours pour tous niveaux et location de bateaux. En savoir plus!\",\"breadcrumb\":{\"@id\":\"https:\/\/tropicalhotel.it\/fr\/attractions\/sport-fitness\/windsurf-et-vela\/#breadcrumb\"},\"inLanguage\":\"fr-FR\",\"potentialAction\":[{\"@type\":\"ReadAction\",\"target\":[\"https:\/\/tropicalhotel.it\/fr\/attractions\/sport-fitness\/windsurf-et-vela\/\"]}]},{\"@type\":\"ImageObject\",\"inLanguage\":\"fr-FR\",\"@id\":\"https:\/\/tropicalhotel.it\/fr\/attractions\/sport-fitness\/windsurf-et-vela\/#primaryimage\",\"url\":\"https:\/\/tropicalhotel.it\/wp-content\/uploads\/2024\/12\/Windsurf-EVI-Tropical-1600x558-1.jpg\",\"contentUrl\":\"https:\/\/tropicalhotel.it\/wp-content\/uploads\/2024\/12\/Windsurf-EVI-Tropical-1600x558-1.jpg\",\"width\":1600,\"height\":558},{\"@type\":\"BreadcrumbList\",\"@id\":\"https:\/\/tropicalhotel.it\/fr\/attractions\/sport-fitness\/windsurf-et-vela\/#breadcrumb\",\"itemListElement\":[{\"@type\":\"ListItem\",\"position\":1,\"name\":\"Home\",\"item\":\"https:\/\/tropicalhotel.it\/fr\/\"},{\"@type\":\"ListItem\",\"position\":2,\"name\":\"Attractions\",\"item\":\"https:\/\/tropicalhotel.it\/fr\/attractions\/\"},{\"@type\":\"ListItem\",\"position\":3,\"name\":\"Sport &amp; Fitness\",\"item\":\"https:\/\/tropicalhotel.it\/fr\/attractions\/sport-fitness\/\"},{\"@type\":\"ListItem\",\"position\":4,\"name\":\"WINDSURF ET VELA\"}]},{\"@type\":\"WebSite\",\"@id\":\"https:\/\/tropicalhotel.it\/fr\/#website\",\"url\":\"https:\/\/tropicalhotel.it\/fr\/\",\"name\":\"Tropical Hotel Jesolo\",\"description\":\"Hotel 3 stelle a Jesolo\",\"publisher\":{\"@id\":\"https:\/\/tropicalhotel.it\/fr\/#organization\"},\"potentialAction\":[{\"@type\":\"SearchAction\",\"target\":{\"@type\":\"EntryPoint\",\"urlTemplate\":\"https:\/\/tropicalhotel.it\/fr\/?s={search_term_string}\"},\"query-input\":{\"@type\":\"PropertyValueSpecification\",\"valueRequired\":true,\"valueName\":\"search_term_string\"}}],\"inLanguage\":\"fr-FR\"},{\"@type\":\"Organization\",\"@id\":\"https:\/\/tropicalhotel.it\/fr\/#organization\",\"name\":\"Tropical Hotel Jesolo\",\"url\":\"https:\/\/tropicalhotel.it\/fr\/\",\"logo\":{\"@type\":\"ImageObject\",\"inLanguage\":\"fr-FR\",\"@id\":\"https:\/\/tropicalhotel.it\/fr\/#\/schema\/logo\/image\/\",\"url\":\"https:\/\/tropicalhotel.it\/wp-content\/uploads\/2024\/12\/Logo-Tropical-Verticale-2-2.jpg\",\"contentUrl\":\"https:\/\/tropicalhotel.it\/wp-content\/uploads\/2024\/12\/Logo-Tropical-Verticale-2-2.jpg\",\"width\":190,\"height\":147,\"caption\":\"Tropical Hotel Jesolo\"},\"image\":{\"@id\":\"https:\/\/tropicalhotel.it\/fr\/#\/schema\/logo\/image\/\"},\"sameAs\":[\"https:\/\/www.facebook.com\/Tropical-Hotel-Jesolo-276868195688612\/\",\"https:\/\/www.instagram.com\/tropicalhoteljesolo\/\"]}]}<\/script>\n<!-- \/ Yoast SEO plugin. -->","yoast_head_json":{"title":"WINDSURF ET VELA - Tropical Hotel Jesolo","description":"Profitez d'un s\u00e9jour actif \u00e0 Jesolo avec voile, planche \u00e0 voile et SUP ! Cours pour tous niveaux et location de bateaux. En savoir plus!","robots":{"index":"index","follow":"follow","max-snippet":"max-snippet:-1","max-image-preview":"max-image-preview:large","max-video-preview":"max-video-preview:-1"},"canonical":"https:\/\/tropicalhotel.it\/fr\/attractions\/sport-fitness\/windsurf-et-vela\/","og_locale":"fr_FR","og_type":"article","og_title":"WINDSURF ET VELA - Tropical Hotel Jesolo","og_description":"Profitez d'un s\u00e9jour actif \u00e0 Jesolo avec voile, planche \u00e0 voile et SUP ! Cours pour tous niveaux et location de bateaux. En savoir plus!","og_url":"https:\/\/tropicalhotel.it\/fr\/attractions\/sport-fitness\/windsurf-et-vela\/","og_site_name":"Tropical Hotel Jesolo","article_publisher":"https:\/\/www.facebook.com\/Tropical-Hotel-Jesolo-276868195688612\/","article_modified_time":"2025-02-20T11:18:58+00:00","og_image":[{"width":1600,"height":558,"url":"https:\/\/tropicalhotel.it\/wp-content\/uploads\/2024\/12\/Windsurf-EVI-Tropical-1600x558-1.jpg","type":"image\/jpeg"}],"twitter_card":"summary_large_image","twitter_misc":{"Dur\u00e9e de lecture estim\u00e9e":"1 minute"},"schema":{"@context":"https:\/\/schema.org","@graph":[{"@type":"WebPage","@id":"https:\/\/tropicalhotel.it\/fr\/attractions\/sport-fitness\/windsurf-et-vela\/","url":"https:\/\/tropicalhotel.it\/fr\/attractions\/sport-fitness\/windsurf-et-vela\/","name":"WINDSURF ET VELA - Tropical Hotel Jesolo","isPartOf":{"@id":"https:\/\/tropicalhotel.it\/fr\/#website"},"primaryImageOfPage":{"@id":"https:\/\/tropicalhotel.it\/fr\/attractions\/sport-fitness\/windsurf-et-vela\/#primaryimage"},"image":{"@id":"https:\/\/tropicalhotel.it\/fr\/attractions\/sport-fitness\/windsurf-et-vela\/#primaryimage"},"thumbnailUrl":"https:\/\/tropicalhotel.it\/wp-content\/uploads\/2024\/12\/Windsurf-EVI-Tropical-1600x558-1.jpg","datePublished":"2024-12-18T10:20:27+00:00","dateModified":"2025-02-20T11:18:58+00:00","description":"Profitez d'un s\u00e9jour actif \u00e0 Jesolo avec voile, planche \u00e0 voile et SUP ! Cours pour tous niveaux et location de bateaux. En savoir plus!","breadcrumb":{"@id":"https:\/\/tropicalhotel.it\/fr\/attractions\/sport-fitness\/windsurf-et-vela\/#breadcrumb"},"inLanguage":"fr-FR","potentialAction":[{"@type":"ReadAction","target":["https:\/\/tropicalhotel.it\/fr\/attractions\/sport-fitness\/windsurf-et-vela\/"]}]},{"@type":"ImageObject","inLanguage":"fr-FR","@id":"https:\/\/tropicalhotel.it\/fr\/attractions\/sport-fitness\/windsurf-et-vela\/#primaryimage","url":"https:\/\/tropicalhotel.it\/wp-content\/uploads\/2024\/12\/Windsurf-EVI-Tropical-1600x558-1.jpg","contentUrl":"https:\/\/tropicalhotel.it\/wp-content\/uploads\/2024\/12\/Windsurf-EVI-Tropical-1600x558-1.jpg","width":1600,"height":558},{"@type":"BreadcrumbList","@id":"https:\/\/tropicalhotel.it\/fr\/attractions\/sport-fitness\/windsurf-et-vela\/#breadcrumb","itemListElement":[{"@type":"ListItem","position":1,"name":"Home","item":"https:\/\/tropicalhotel.it\/fr\/"},{"@type":"ListItem","position":2,"name":"Attractions","item":"https:\/\/tropicalhotel.it\/fr\/attractions\/"},{"@type":"ListItem","position":3,"name":"Sport &amp; Fitness","item":"https:\/\/tropicalhotel.it\/fr\/attractions\/sport-fitness\/"},{"@type":"ListItem","position":4,"name":"WINDSURF ET VELA"}]},{"@type":"WebSite","@id":"https:\/\/tropicalhotel.it\/fr\/#website","url":"https:\/\/tropicalhotel.it\/fr\/","name":"Tropical Hotel Jesolo","description":"Hotel 3 stelle a Jesolo","publisher":{"@id":"https:\/\/tropicalhotel.it\/fr\/#organization"},"potentialAction":[{"@type":"SearchAction","target":{"@type":"EntryPoint","urlTemplate":"https:\/\/tropicalhotel.it\/fr\/?s={search_term_string}"},"query-input":{"@type":"PropertyValueSpecification","valueRequired":true,"valueName":"search_term_string"}}],"inLanguage":"fr-FR"},{"@type":"Organization","@id":"https:\/\/tropicalhotel.it\/fr\/#organization","name":"Tropical Hotel Jesolo","url":"https:\/\/tropicalhotel.it\/fr\/","logo":{"@type":"ImageObject","inLanguage":"fr-FR","@id":"https:\/\/tropicalhotel.it\/fr\/#\/schema\/logo\/image\/","url":"https:\/\/tropicalhotel.it\/wp-content\/uploads\/2024\/12\/Logo-Tropical-Verticale-2-2.jpg","contentUrl":"https:\/\/tropicalhotel.it\/wp-content\/uploads\/2024\/12\/Logo-Tropical-Verticale-2-2.jpg","width":190,"height":147,"caption":"Tropical Hotel Jesolo"},"image":{"@id":"https:\/\/tropicalhotel.it\/fr\/#\/schema\/logo\/image\/"},"sameAs":["https:\/\/www.facebook.com\/Tropical-Hotel-Jesolo-276868195688612\/","https:\/\/www.instagram.com\/tropicalhoteljesolo\/"]}]}},"_links":{"self":[{"href":"https:\/\/tropicalhotel.it\/fr\/wp-json\/wp\/v2\/pages\/1096","targetHints":{"allow":["GET"]}}],"collection":[{"href":"https:\/\/tropicalhotel.it\/fr\/wp-json\/wp\/v2\/pages"}],"about":[{"href":"https:\/\/tropicalhotel.it\/fr\/wp-json\/wp\/v2\/types\/page"}],"author":[{"embeddable":true,"href":"https:\/\/tropicalhotel.it\/fr\/wp-json\/wp\/v2\/users\/1"}],"replies":[{"embeddable":true,"href":"https:\/\/tropicalhotel.it\/fr\/wp-json\/wp\/v2\/comments?post=1096"}],"version-history":[{"count":4,"href":"https:\/\/tropicalhotel.it\/fr\/wp-json\/wp\/v2\/pages\/1096\/revisions"}],"predecessor-version":[{"id":1385,"href":"https:\/\/tropicalhotel.it\/fr\/wp-json\/wp\/v2\/pages\/1096\/revisions\/1385"}],"up":[{"embeddable":true,"href":"https:\/\/tropicalhotel.it\/fr\/wp-json\/wp\/v2\/pages\/1069"}],"wp:featuredmedia":[{"embeddable":true,"href":"https:\/\/tropicalhotel.it\/fr\/wp-json\/wp\/v2\/media\/945"}],"wp:attachment":[{"href":"https:\/\/tropicalhotel.it\/fr\/wp-json\/wp\/v2\/media?parent=1096"}],"curies":[{"name":"wp","href":"https:\/\/api.w.org\/{rel}","templated":true}]}}