{"id":1104,"date":"2024-12-17T08:28:56","date_gmt":"2024-12-17T08:28:56","guid":{"rendered":"https:\/\/staging.tropicalhotel.it\/by-day\/caribe-bay\/"},"modified":"2025-01-31T09:06:36","modified_gmt":"2025-01-31T09:06:36","slug":"aqualandia","status":"publish","type":"page","link":"https:\/\/tropicalhotel.it\/fr\/attractions\/by-day\/aqualandia\/","title":{"rendered":"CARIBE BAY"},"content":{"rendered":"\n<p>Caribe Bay est\u00a0beaucoup plus\u00a0d\u2019un\u00a0parc aquatique\u00a0classique,\u00a0mais une\u00a0v\u00e9ritable \u00eele\u00a0de divertissement\u00a0\u00e0 th\u00e8me,\u00a0avec 27\u00a0attractions aquatiques\u00a0(y compris la\u00a0plus haute glissade d\u2019dans le monde)\u00a0et\u00a0aquatiques\u00a0(y compris\u00a0la tour de\u00a0saut \u00e0\u00a0l\u2019\u00e9lastique\u00a0plus haute d\u2019Europe\u00a0),\u00a0montre et les activit\u00e9s de divertissement professionnels.<\/p>\n\n\n\n<p>Hotel Tropical est un partenaire et un revendeur agr\u00e9\u00e9 de Caribe Bay, avec pr\u00e9vente de billets \u00e0 prix r\u00e9duits.<br><\/p>\n\n\n\n<p>INFO&nbsp;\u2192<br>Via Michelangelo Buonarroti, 15 (distanza 6 km)<br>E-mail: customercare@caribebay.it<br><a href=\"https:\/\/www.caribebay.it\/\" target=\"_blank\" rel=\"noreferrer noopener\">www.caribebay.it<\/a><\/p>\n\n\n\n<p>Foto&nbsp;\u00a9 www.caribebay.it<\/p>\n","protected":false},"excerpt":{"rendered":"<p>Caribe Bay est\u00a0beaucoup plus\u00a0d\u2019un\u00a0parc aquatique\u00a0classique,\u00a0mais une\u00a0v\u00e9ritable \u00eele\u00a0de divertissement\u00a0\u00e0 th\u00e8me,\u00a0avec 27\u00a0attractions aquatiques\u00a0(y compris la\u00a0plus haute glissade d\u2019dans le monde)\u00a0et\u00a0aquatiques\u00a0(y compris\u00a0la tour de\u00a0saut \u00e0\u00a0l\u2019\u00e9lastique\u00a0plus haute d\u2019Europe\u00a0),\u00a0montre et les activit\u00e9s de divertissement professionnels. Hotel Tropical est un partenaire et un revendeur agr\u00e9\u00e9 de Caribe Bay, avec pr\u00e9vente de billets \u00e0 prix r\u00e9duits. INFO&nbsp;\u2192Via Michelangelo Buonarroti, 15 (distanza 6 [&hellip;]<\/p>\n","protected":false},"author":1,"featured_media":334,"parent":1101,"menu_order":1,"comment_status":"closed","ping_status":"closed","template":"templates\/lista-figlio.php","meta":{"_acf_changed":false,"footnotes":""},"class_list":["post-1104","page","type-page","status-publish","has-post-thumbnail","hentry"],"acf":[],"_links":{"self":[{"href":"https:\/\/tropicalhotel.it\/fr\/wp-json\/wp\/v2\/pages\/1104","targetHints":{"allow":["GET"]}}],"collection":[{"href":"https:\/\/tropicalhotel.it\/fr\/wp-json\/wp\/v2\/pages"}],"about":[{"href":"https:\/\/tropicalhotel.it\/fr\/wp-json\/wp\/v2\/types\/page"}],"author":[{"embeddable":true,"href":"https:\/\/tropicalhotel.it\/fr\/wp-json\/wp\/v2\/users\/1"}],"replies":[{"embeddable":true,"href":"https:\/\/tropicalhotel.it\/fr\/wp-json\/wp\/v2\/comments?post=1104"}],"version-history":[{"count":2,"href":"https:\/\/tropicalhotel.it\/fr\/wp-json\/wp\/v2\/pages\/1104\/revisions"}],"predecessor-version":[{"id":1169,"href":"https:\/\/tropicalhotel.it\/fr\/wp-json\/wp\/v2\/pages\/1104\/revisions\/1169"}],"up":[{"embeddable":true,"href":"https:\/\/tropicalhotel.it\/fr\/wp-json\/wp\/v2\/pages\/1101"}],"wp:featuredmedia":[{"embeddable":true,"href":"https:\/\/tropicalhotel.it\/fr\/wp-json\/wp\/v2\/media\/334"}],"wp:attachment":[{"href":"https:\/\/tropicalhotel.it\/fr\/wp-json\/wp\/v2\/media?parent=1104"}],"curies":[{"name":"wp","href":"https:\/\/api.w.org\/{rel}","templated":true}]}}