{"id":1107,"date":"2024-12-18T08:16:16","date_gmt":"2024-12-18T08:16:16","guid":{"rendered":"https:\/\/staging.tropicalhotel.it\/by-day\/jolly-roger\/"},"modified":"2025-01-27T13:41:31","modified_gmt":"2025-01-27T13:41:31","slug":"jolly-roger","status":"publish","type":"page","link":"https:\/\/tropicalhotel.it\/fr\/attractions\/by-day\/jolly-roger\/","title":{"rendered":"JOLLY ROGER"},"content":{"rendered":"\n<p><strong>Jolly\u00a0Roger<\/strong>\u00a0est pr\u00eat \u00e0 accueillir\u00a0\u00e0 bord de leurs\u00a0gal\u00e8res, les silhouettes\u00a0repr\u00e9sentant\u00a0les bateaux\u00a0lanc\u00e9s \u00e0 partir de\u00a0Venise, entre\u00a01600 et 1800,\u00a0\u00e0 la d\u00e9couverte de\u00a0la vue imprenable\u00a0de la lagune v\u00e9nitienne\u00a0\u00e0 travers des itin\u00e9raires\u00a0suggestifs\u00a0parmi les\u00a0endroits les plus fascinants\u00a0de la c\u00f4te adriatique.<\/p>\n\n\n\n<p>INFO&nbsp;\u2192<br>Lungomare di Piazza Brescia, Piazza Trento, Piazza Mazzini e Piazza Nember<br>E. info@jollyroger.it<br>T. +39 0421.380006<br><a href=\"http:\/\/www.jollyroger.it\/it\/index.htm\" target=\"_blank\" rel=\"noreferrer noopener\">www.jollyroger.it<\/a><\/p>\n\n\n\n<p>Foto&nbsp;\u00a9 www.jollyroger.it<\/p>\n\n\n\n<p><a href=\"https:\/\/www.tropicalhotel.it\/#facebook\" rel=\"noreferrer noopener\" target=\"_blank\"><\/a><\/p>\n","protected":false},"excerpt":{"rendered":"<p>Jolly\u00a0Roger\u00a0est pr\u00eat \u00e0 accueillir\u00a0\u00e0 bord de leurs\u00a0gal\u00e8res, les silhouettes\u00a0repr\u00e9sentant\u00a0les bateaux\u00a0lanc\u00e9s \u00e0 partir de\u00a0Venise, entre\u00a01600 et 1800,\u00a0\u00e0 la d\u00e9couverte de\u00a0la vue imprenable\u00a0de la lagune v\u00e9nitienne\u00a0\u00e0 travers des itin\u00e9raires\u00a0suggestifs\u00a0parmi les\u00a0endroits les plus fascinants\u00a0de la c\u00f4te adriatique. INFO&nbsp;\u2192Lungomare di Piazza Brescia, Piazza Trento, Piazza Mazzini e Piazza NemberE. info@jollyroger.itT. +39 0421.380006www.jollyroger.it Foto&nbsp;\u00a9 www.jollyroger.it<\/p>\n","protected":false},"author":1,"featured_media":797,"parent":1101,"menu_order":0,"comment_status":"closed","ping_status":"closed","template":"templates\/lista-figlio.php","meta":{"_acf_changed":false,"footnotes":""},"class_list":["post-1107","page","type-page","status-publish","has-post-thumbnail","hentry"],"acf":[],"yoast_head":"<!-- This site is optimized with the Yoast SEO plugin v27.0 - https:\/\/yoast.com\/product\/yoast-seo-wordpress\/ -->\n<title>JOLLY ROGER - Tropical Hotel Jesolo<\/title>\n<meta name=\"description\" content=\"D\u00e9couvrez la magie des galions de Jolly Roger, inspir\u00e9s par la S\u00e9r\u00e9nissime, pour explorer la lagune de Venise et ses lieux enchanteurs.\" \/>\n<meta name=\"robots\" content=\"index, follow, max-snippet:-1, max-image-preview:large, max-video-preview:-1\" \/>\n<link rel=\"canonical\" href=\"https:\/\/tropicalhotel.it\/fr\/attractions\/by-day\/jolly-roger\/\" \/>\n<meta property=\"og:locale\" content=\"fr_FR\" \/>\n<meta property=\"og:type\" content=\"article\" \/>\n<meta property=\"og:title\" content=\"JOLLY ROGER - Tropical Hotel Jesolo\" \/>\n<meta property=\"og:description\" content=\"D\u00e9couvrez la magie des galions de Jolly Roger, inspir\u00e9s par la S\u00e9r\u00e9nissime, pour explorer la lagune de Venise et ses lieux enchanteurs.\" \/>\n<meta property=\"og:url\" content=\"https:\/\/tropicalhotel.it\/fr\/attractions\/by-day\/jolly-roger\/\" \/>\n<meta property=\"og:site_name\" content=\"Tropical Hotel Jesolo\" \/>\n<meta property=\"article:publisher\" content=\"https:\/\/www.facebook.com\/Tropical-Hotel-Jesolo-276868195688612\/\" \/>\n<meta property=\"article:modified_time\" content=\"2025-01-27T13:41:31+00:00\" \/>\n<meta property=\"og:image\" content=\"https:\/\/tropicalhotel.it\/wp-content\/uploads\/2024\/12\/Jollyroger-EVI-Tropical-1600x558-1.jpg\" \/>\n\t<meta property=\"og:image:width\" content=\"1600\" \/>\n\t<meta property=\"og:image:height\" content=\"558\" \/>\n\t<meta property=\"og:image:type\" content=\"image\/jpeg\" \/>\n<meta name=\"twitter:card\" content=\"summary_large_image\" \/>\n<meta name=\"twitter:label1\" content=\"Dur\u00e9e de lecture estim\u00e9e\" \/>\n\t<meta name=\"twitter:data1\" content=\"1 minute\" \/>\n<script type=\"application\/ld+json\" class=\"yoast-schema-graph\">{\"@context\":\"https:\/\/schema.org\",\"@graph\":[{\"@type\":\"WebPage\",\"@id\":\"https:\/\/tropicalhotel.it\/fr\/attractions\/by-day\/jolly-roger\/\",\"url\":\"https:\/\/tropicalhotel.it\/fr\/attractions\/by-day\/jolly-roger\/\",\"name\":\"JOLLY ROGER - Tropical Hotel Jesolo\",\"isPartOf\":{\"@id\":\"https:\/\/tropicalhotel.it\/fr\/#website\"},\"primaryImageOfPage\":{\"@id\":\"https:\/\/tropicalhotel.it\/fr\/attractions\/by-day\/jolly-roger\/#primaryimage\"},\"image\":{\"@id\":\"https:\/\/tropicalhotel.it\/fr\/attractions\/by-day\/jolly-roger\/#primaryimage\"},\"thumbnailUrl\":\"https:\/\/tropicalhotel.it\/wp-content\/uploads\/2024\/12\/Jollyroger-EVI-Tropical-1600x558-1.jpg\",\"datePublished\":\"2024-12-18T08:16:16+00:00\",\"dateModified\":\"2025-01-27T13:41:31+00:00\",\"description\":\"D\u00e9couvrez la magie des galions de Jolly Roger, inspir\u00e9s par la S\u00e9r\u00e9nissime, pour explorer la lagune de Venise et ses lieux enchanteurs.\",\"breadcrumb\":{\"@id\":\"https:\/\/tropicalhotel.it\/fr\/attractions\/by-day\/jolly-roger\/#breadcrumb\"},\"inLanguage\":\"fr-FR\",\"potentialAction\":[{\"@type\":\"ReadAction\",\"target\":[\"https:\/\/tropicalhotel.it\/fr\/attractions\/by-day\/jolly-roger\/\"]}]},{\"@type\":\"ImageObject\",\"inLanguage\":\"fr-FR\",\"@id\":\"https:\/\/tropicalhotel.it\/fr\/attractions\/by-day\/jolly-roger\/#primaryimage\",\"url\":\"https:\/\/tropicalhotel.it\/wp-content\/uploads\/2024\/12\/Jollyroger-EVI-Tropical-1600x558-1.jpg\",\"contentUrl\":\"https:\/\/tropicalhotel.it\/wp-content\/uploads\/2024\/12\/Jollyroger-EVI-Tropical-1600x558-1.jpg\",\"width\":1600,\"height\":558,\"caption\":\"JOLLY ROGER\"},{\"@type\":\"BreadcrumbList\",\"@id\":\"https:\/\/tropicalhotel.it\/fr\/attractions\/by-day\/jolly-roger\/#breadcrumb\",\"itemListElement\":[{\"@type\":\"ListItem\",\"position\":1,\"name\":\"Home\",\"item\":\"https:\/\/tropicalhotel.it\/fr\/\"},{\"@type\":\"ListItem\",\"position\":2,\"name\":\"Attractions\",\"item\":\"https:\/\/tropicalhotel.it\/fr\/attractions\/\"},{\"@type\":\"ListItem\",\"position\":3,\"name\":\"By Day\",\"item\":\"https:\/\/tropicalhotel.it\/fr\/attractions\/by-day\/\"},{\"@type\":\"ListItem\",\"position\":4,\"name\":\"JOLLY ROGER\"}]},{\"@type\":\"WebSite\",\"@id\":\"https:\/\/tropicalhotel.it\/fr\/#website\",\"url\":\"https:\/\/tropicalhotel.it\/fr\/\",\"name\":\"Tropical Hotel Jesolo\",\"description\":\"Hotel 3 stelle a Jesolo\",\"publisher\":{\"@id\":\"https:\/\/tropicalhotel.it\/fr\/#organization\"},\"potentialAction\":[{\"@type\":\"SearchAction\",\"target\":{\"@type\":\"EntryPoint\",\"urlTemplate\":\"https:\/\/tropicalhotel.it\/fr\/?s={search_term_string}\"},\"query-input\":{\"@type\":\"PropertyValueSpecification\",\"valueRequired\":true,\"valueName\":\"search_term_string\"}}],\"inLanguage\":\"fr-FR\"},{\"@type\":\"Organization\",\"@id\":\"https:\/\/tropicalhotel.it\/fr\/#organization\",\"name\":\"Tropical Hotel Jesolo\",\"url\":\"https:\/\/tropicalhotel.it\/fr\/\",\"logo\":{\"@type\":\"ImageObject\",\"inLanguage\":\"fr-FR\",\"@id\":\"https:\/\/tropicalhotel.it\/fr\/#\/schema\/logo\/image\/\",\"url\":\"https:\/\/tropicalhotel.it\/wp-content\/uploads\/2024\/12\/Logo-Tropical-Verticale-2-2.jpg\",\"contentUrl\":\"https:\/\/tropicalhotel.it\/wp-content\/uploads\/2024\/12\/Logo-Tropical-Verticale-2-2.jpg\",\"width\":190,\"height\":147,\"caption\":\"Tropical Hotel Jesolo\"},\"image\":{\"@id\":\"https:\/\/tropicalhotel.it\/fr\/#\/schema\/logo\/image\/\"},\"sameAs\":[\"https:\/\/www.facebook.com\/Tropical-Hotel-Jesolo-276868195688612\/\",\"https:\/\/www.instagram.com\/tropicalhoteljesolo\/\"]}]}<\/script>\n<!-- \/ Yoast SEO plugin. -->","yoast_head_json":{"title":"JOLLY ROGER - Tropical Hotel Jesolo","description":"D\u00e9couvrez la magie des galions de Jolly Roger, inspir\u00e9s par la S\u00e9r\u00e9nissime, pour explorer la lagune de Venise et ses lieux enchanteurs.","robots":{"index":"index","follow":"follow","max-snippet":"max-snippet:-1","max-image-preview":"max-image-preview:large","max-video-preview":"max-video-preview:-1"},"canonical":"https:\/\/tropicalhotel.it\/fr\/attractions\/by-day\/jolly-roger\/","og_locale":"fr_FR","og_type":"article","og_title":"JOLLY ROGER - Tropical Hotel Jesolo","og_description":"D\u00e9couvrez la magie des galions de Jolly Roger, inspir\u00e9s par la S\u00e9r\u00e9nissime, pour explorer la lagune de Venise et ses lieux enchanteurs.","og_url":"https:\/\/tropicalhotel.it\/fr\/attractions\/by-day\/jolly-roger\/","og_site_name":"Tropical Hotel Jesolo","article_publisher":"https:\/\/www.facebook.com\/Tropical-Hotel-Jesolo-276868195688612\/","article_modified_time":"2025-01-27T13:41:31+00:00","og_image":[{"width":1600,"height":558,"url":"https:\/\/tropicalhotel.it\/wp-content\/uploads\/2024\/12\/Jollyroger-EVI-Tropical-1600x558-1.jpg","type":"image\/jpeg"}],"twitter_card":"summary_large_image","twitter_misc":{"Dur\u00e9e de lecture estim\u00e9e":"1 minute"},"schema":{"@context":"https:\/\/schema.org","@graph":[{"@type":"WebPage","@id":"https:\/\/tropicalhotel.it\/fr\/attractions\/by-day\/jolly-roger\/","url":"https:\/\/tropicalhotel.it\/fr\/attractions\/by-day\/jolly-roger\/","name":"JOLLY ROGER - Tropical Hotel Jesolo","isPartOf":{"@id":"https:\/\/tropicalhotel.it\/fr\/#website"},"primaryImageOfPage":{"@id":"https:\/\/tropicalhotel.it\/fr\/attractions\/by-day\/jolly-roger\/#primaryimage"},"image":{"@id":"https:\/\/tropicalhotel.it\/fr\/attractions\/by-day\/jolly-roger\/#primaryimage"},"thumbnailUrl":"https:\/\/tropicalhotel.it\/wp-content\/uploads\/2024\/12\/Jollyroger-EVI-Tropical-1600x558-1.jpg","datePublished":"2024-12-18T08:16:16+00:00","dateModified":"2025-01-27T13:41:31+00:00","description":"D\u00e9couvrez la magie des galions de Jolly Roger, inspir\u00e9s par la S\u00e9r\u00e9nissime, pour explorer la lagune de Venise et ses lieux enchanteurs.","breadcrumb":{"@id":"https:\/\/tropicalhotel.it\/fr\/attractions\/by-day\/jolly-roger\/#breadcrumb"},"inLanguage":"fr-FR","potentialAction":[{"@type":"ReadAction","target":["https:\/\/tropicalhotel.it\/fr\/attractions\/by-day\/jolly-roger\/"]}]},{"@type":"ImageObject","inLanguage":"fr-FR","@id":"https:\/\/tropicalhotel.it\/fr\/attractions\/by-day\/jolly-roger\/#primaryimage","url":"https:\/\/tropicalhotel.it\/wp-content\/uploads\/2024\/12\/Jollyroger-EVI-Tropical-1600x558-1.jpg","contentUrl":"https:\/\/tropicalhotel.it\/wp-content\/uploads\/2024\/12\/Jollyroger-EVI-Tropical-1600x558-1.jpg","width":1600,"height":558,"caption":"JOLLY ROGER"},{"@type":"BreadcrumbList","@id":"https:\/\/tropicalhotel.it\/fr\/attractions\/by-day\/jolly-roger\/#breadcrumb","itemListElement":[{"@type":"ListItem","position":1,"name":"Home","item":"https:\/\/tropicalhotel.it\/fr\/"},{"@type":"ListItem","position":2,"name":"Attractions","item":"https:\/\/tropicalhotel.it\/fr\/attractions\/"},{"@type":"ListItem","position":3,"name":"By Day","item":"https:\/\/tropicalhotel.it\/fr\/attractions\/by-day\/"},{"@type":"ListItem","position":4,"name":"JOLLY ROGER"}]},{"@type":"WebSite","@id":"https:\/\/tropicalhotel.it\/fr\/#website","url":"https:\/\/tropicalhotel.it\/fr\/","name":"Tropical Hotel Jesolo","description":"Hotel 3 stelle a Jesolo","publisher":{"@id":"https:\/\/tropicalhotel.it\/fr\/#organization"},"potentialAction":[{"@type":"SearchAction","target":{"@type":"EntryPoint","urlTemplate":"https:\/\/tropicalhotel.it\/fr\/?s={search_term_string}"},"query-input":{"@type":"PropertyValueSpecification","valueRequired":true,"valueName":"search_term_string"}}],"inLanguage":"fr-FR"},{"@type":"Organization","@id":"https:\/\/tropicalhotel.it\/fr\/#organization","name":"Tropical Hotel Jesolo","url":"https:\/\/tropicalhotel.it\/fr\/","logo":{"@type":"ImageObject","inLanguage":"fr-FR","@id":"https:\/\/tropicalhotel.it\/fr\/#\/schema\/logo\/image\/","url":"https:\/\/tropicalhotel.it\/wp-content\/uploads\/2024\/12\/Logo-Tropical-Verticale-2-2.jpg","contentUrl":"https:\/\/tropicalhotel.it\/wp-content\/uploads\/2024\/12\/Logo-Tropical-Verticale-2-2.jpg","width":190,"height":147,"caption":"Tropical Hotel Jesolo"},"image":{"@id":"https:\/\/tropicalhotel.it\/fr\/#\/schema\/logo\/image\/"},"sameAs":["https:\/\/www.facebook.com\/Tropical-Hotel-Jesolo-276868195688612\/","https:\/\/www.instagram.com\/tropicalhoteljesolo\/"]}]}},"_links":{"self":[{"href":"https:\/\/tropicalhotel.it\/fr\/wp-json\/wp\/v2\/pages\/1107","targetHints":{"allow":["GET"]}}],"collection":[{"href":"https:\/\/tropicalhotel.it\/fr\/wp-json\/wp\/v2\/pages"}],"about":[{"href":"https:\/\/tropicalhotel.it\/fr\/wp-json\/wp\/v2\/types\/page"}],"author":[{"embeddable":true,"href":"https:\/\/tropicalhotel.it\/fr\/wp-json\/wp\/v2\/users\/1"}],"replies":[{"embeddable":true,"href":"https:\/\/tropicalhotel.it\/fr\/wp-json\/wp\/v2\/comments?post=1107"}],"version-history":[{"count":2,"href":"https:\/\/tropicalhotel.it\/fr\/wp-json\/wp\/v2\/pages\/1107\/revisions"}],"predecessor-version":[{"id":1178,"href":"https:\/\/tropicalhotel.it\/fr\/wp-json\/wp\/v2\/pages\/1107\/revisions\/1178"}],"up":[{"embeddable":true,"href":"https:\/\/tropicalhotel.it\/fr\/wp-json\/wp\/v2\/pages\/1101"}],"wp:featuredmedia":[{"embeddable":true,"href":"https:\/\/tropicalhotel.it\/fr\/wp-json\/wp\/v2\/media\/797"}],"wp:attachment":[{"href":"https:\/\/tropicalhotel.it\/fr\/wp-json\/wp\/v2\/media?parent=1107"}],"curies":[{"name":"wp","href":"https:\/\/api.w.org\/{rel}","templated":true}]}}