{"id":1116,"date":"2024-12-18T08:38:53","date_gmt":"2024-12-18T08:38:53","guid":{"rendered":"https:\/\/staging.tropicalhotel.it\/by-day\/noventa-di-piave-designer-outlet\/"},"modified":"2025-01-31T08:13:31","modified_gmt":"2025-01-31T08:13:31","slug":"noventa-di-piave-designer-outlet","status":"publish","type":"page","link":"https:\/\/tropicalhotel.it\/fr\/attractions\/by-day\/noventa-di-piave-designer-outlet\/","title":{"rendered":"NOVENTA DI PIAVE DESIGNER OUTLET"},"content":{"rendered":"\n<p>Connu sous le nom de Outlet Village of Noventa di Piave, le Veneto Designer Outlet est le centre commercial de qualit\u00e9 le plus proche de Venise. Il est situ\u00e9 dans l&rsquo;un des cadres les plus pittoresques de la plaine de V\u00e9n\u00e9tie, le long de la rivi\u00e8re Piave et \u00e0 deux pas de la plus grande lagune de la M\u00e9diterran\u00e9e. Avec plus de 100 magasins, dont des boutiques monomarques et multimarques, l&rsquo;Outlet Village de Noventa di Piave offre un large choix de produits des meilleures marques de mode. Les visiteurs du Noventa di Piave Outlet ont la possibilit\u00e9 d&rsquo;\u00e9conomiser toute l&rsquo;ann\u00e9e, avec des r\u00e9ductions de 35 % \u00e0 70 % sur les prix des grandes marques de v\u00eatements et autres.<\/p>\n\n\n\n<p>INFO\u00a0\u2192<br>Via Marco Polo, 1, 30020 Noventa di Piave VE (23 km)<\/p>\n\n\n\n<figure class=\"wp-block-embed\"><div class=\"wp-block-embed__wrapper\">\nhttps:\/\/www.mcarthurglen.com\/it\/outlets\/it\/designer-outlet-noventa-di-piave\n<\/div><\/figure>\n","protected":false},"excerpt":{"rendered":"<p>Connu sous le nom de Outlet Village of Noventa di Piave, le Veneto Designer Outlet est le centre commercial de qualit\u00e9 le plus proche de Venise. Il est situ\u00e9 dans l&rsquo;un des cadres les plus pittoresques de la plaine de V\u00e9n\u00e9tie, le long de la rivi\u00e8re Piave et \u00e0 deux pas de la plus grande [&hellip;]<\/p>\n","protected":false},"author":1,"featured_media":773,"parent":1101,"menu_order":0,"comment_status":"closed","ping_status":"closed","template":"templates\/lista-figlio.php","meta":{"_acf_changed":false,"footnotes":""},"class_list":["post-1116","page","type-page","status-publish","has-post-thumbnail","hentry"],"acf":[],"yoast_head":"<!-- This site is optimized with the Yoast SEO plugin v27.0 - https:\/\/yoast.com\/product\/yoast-seo-wordpress\/ -->\n<title>NOVENTA DI PIAVE DESIGNER OUTLET - Tropical Hotel Jesolo<\/title>\n<meta name=\"description\" content=\"D\u00e9couvrez le Noventa di Piave Designer Outlet pr\u00e8s de Venise, plus de 100 boutiques et r\u00e9ductions jusqu&#039;\u00e0 70% sur les grandes marques.\" \/>\n<meta name=\"robots\" content=\"index, follow, max-snippet:-1, max-image-preview:large, max-video-preview:-1\" \/>\n<link rel=\"canonical\" href=\"https:\/\/tropicalhotel.it\/fr\/attractions\/by-day\/noventa-di-piave-designer-outlet\/\" \/>\n<meta property=\"og:locale\" content=\"fr_FR\" \/>\n<meta property=\"og:type\" content=\"article\" \/>\n<meta property=\"og:title\" content=\"NOVENTA DI PIAVE DESIGNER OUTLET - Tropical Hotel Jesolo\" \/>\n<meta property=\"og:description\" content=\"D\u00e9couvrez le Noventa di Piave Designer Outlet pr\u00e8s de Venise, plus de 100 boutiques et r\u00e9ductions jusqu&#039;\u00e0 70% sur les grandes marques.\" \/>\n<meta property=\"og:url\" content=\"https:\/\/tropicalhotel.it\/fr\/attractions\/by-day\/noventa-di-piave-designer-outlet\/\" \/>\n<meta property=\"og:site_name\" content=\"Tropical Hotel Jesolo\" \/>\n<meta property=\"article:publisher\" content=\"https:\/\/www.facebook.com\/Tropical-Hotel-Jesolo-276868195688612\/\" \/>\n<meta property=\"article:modified_time\" content=\"2025-01-31T08:13:31+00:00\" \/>\n<meta property=\"og:image\" content=\"https:\/\/tropicalhotel.it\/wp-content\/uploads\/2024\/12\/outlet-noventa-di-piave-1600x558-1.jpg\" \/>\n\t<meta property=\"og:image:width\" content=\"1600\" \/>\n\t<meta property=\"og:image:height\" content=\"558\" \/>\n\t<meta property=\"og:image:type\" content=\"image\/jpeg\" \/>\n<meta name=\"twitter:card\" content=\"summary_large_image\" \/>\n<meta name=\"twitter:label1\" content=\"Dur\u00e9e de lecture estim\u00e9e\" \/>\n\t<meta name=\"twitter:data1\" content=\"1 minute\" \/>\n<script type=\"application\/ld+json\" class=\"yoast-schema-graph\">{\"@context\":\"https:\/\/schema.org\",\"@graph\":[{\"@type\":\"WebPage\",\"@id\":\"https:\/\/tropicalhotel.it\/fr\/attractions\/by-day\/noventa-di-piave-designer-outlet\/\",\"url\":\"https:\/\/tropicalhotel.it\/fr\/attractions\/by-day\/noventa-di-piave-designer-outlet\/\",\"name\":\"NOVENTA DI PIAVE DESIGNER OUTLET - Tropical Hotel Jesolo\",\"isPartOf\":{\"@id\":\"https:\/\/tropicalhotel.it\/fr\/#website\"},\"primaryImageOfPage\":{\"@id\":\"https:\/\/tropicalhotel.it\/fr\/attractions\/by-day\/noventa-di-piave-designer-outlet\/#primaryimage\"},\"image\":{\"@id\":\"https:\/\/tropicalhotel.it\/fr\/attractions\/by-day\/noventa-di-piave-designer-outlet\/#primaryimage\"},\"thumbnailUrl\":\"https:\/\/tropicalhotel.it\/wp-content\/uploads\/2024\/12\/outlet-noventa-di-piave-1600x558-1.jpg\",\"datePublished\":\"2024-12-18T08:38:53+00:00\",\"dateModified\":\"2025-01-31T08:13:31+00:00\",\"description\":\"D\u00e9couvrez le Noventa di Piave Designer Outlet pr\u00e8s de Venise, plus de 100 boutiques et r\u00e9ductions jusqu'\u00e0 70% sur les grandes marques.\",\"breadcrumb\":{\"@id\":\"https:\/\/tropicalhotel.it\/fr\/attractions\/by-day\/noventa-di-piave-designer-outlet\/#breadcrumb\"},\"inLanguage\":\"fr-FR\",\"potentialAction\":[{\"@type\":\"ReadAction\",\"target\":[\"https:\/\/tropicalhotel.it\/fr\/attractions\/by-day\/noventa-di-piave-designer-outlet\/\"]}]},{\"@type\":\"ImageObject\",\"inLanguage\":\"fr-FR\",\"@id\":\"https:\/\/tropicalhotel.it\/fr\/attractions\/by-day\/noventa-di-piave-designer-outlet\/#primaryimage\",\"url\":\"https:\/\/tropicalhotel.it\/wp-content\/uploads\/2024\/12\/outlet-noventa-di-piave-1600x558-1.jpg\",\"contentUrl\":\"https:\/\/tropicalhotel.it\/wp-content\/uploads\/2024\/12\/outlet-noventa-di-piave-1600x558-1.jpg\",\"width\":1600,\"height\":558,\"caption\":\"Noventa di Piave Designer Outlet\"},{\"@type\":\"BreadcrumbList\",\"@id\":\"https:\/\/tropicalhotel.it\/fr\/attractions\/by-day\/noventa-di-piave-designer-outlet\/#breadcrumb\",\"itemListElement\":[{\"@type\":\"ListItem\",\"position\":1,\"name\":\"Home\",\"item\":\"https:\/\/tropicalhotel.it\/fr\/\"},{\"@type\":\"ListItem\",\"position\":2,\"name\":\"Attractions\",\"item\":\"https:\/\/tropicalhotel.it\/fr\/attractions\/\"},{\"@type\":\"ListItem\",\"position\":3,\"name\":\"By Day\",\"item\":\"https:\/\/tropicalhotel.it\/fr\/attractions\/by-day\/\"},{\"@type\":\"ListItem\",\"position\":4,\"name\":\"NOVENTA DI PIAVE DESIGNER OUTLET\"}]},{\"@type\":\"WebSite\",\"@id\":\"https:\/\/tropicalhotel.it\/fr\/#website\",\"url\":\"https:\/\/tropicalhotel.it\/fr\/\",\"name\":\"Tropical Hotel Jesolo\",\"description\":\"Hotel 3 stelle a Jesolo\",\"publisher\":{\"@id\":\"https:\/\/tropicalhotel.it\/fr\/#organization\"},\"potentialAction\":[{\"@type\":\"SearchAction\",\"target\":{\"@type\":\"EntryPoint\",\"urlTemplate\":\"https:\/\/tropicalhotel.it\/fr\/?s={search_term_string}\"},\"query-input\":{\"@type\":\"PropertyValueSpecification\",\"valueRequired\":true,\"valueName\":\"search_term_string\"}}],\"inLanguage\":\"fr-FR\"},{\"@type\":\"Organization\",\"@id\":\"https:\/\/tropicalhotel.it\/fr\/#organization\",\"name\":\"Tropical Hotel Jesolo\",\"url\":\"https:\/\/tropicalhotel.it\/fr\/\",\"logo\":{\"@type\":\"ImageObject\",\"inLanguage\":\"fr-FR\",\"@id\":\"https:\/\/tropicalhotel.it\/fr\/#\/schema\/logo\/image\/\",\"url\":\"https:\/\/tropicalhotel.it\/wp-content\/uploads\/2024\/12\/Logo-Tropical-Verticale-2-2.jpg\",\"contentUrl\":\"https:\/\/tropicalhotel.it\/wp-content\/uploads\/2024\/12\/Logo-Tropical-Verticale-2-2.jpg\",\"width\":190,\"height\":147,\"caption\":\"Tropical Hotel Jesolo\"},\"image\":{\"@id\":\"https:\/\/tropicalhotel.it\/fr\/#\/schema\/logo\/image\/\"},\"sameAs\":[\"https:\/\/www.facebook.com\/Tropical-Hotel-Jesolo-276868195688612\/\",\"https:\/\/www.instagram.com\/tropicalhoteljesolo\/\"]}]}<\/script>\n<!-- \/ Yoast SEO plugin. -->","yoast_head_json":{"title":"NOVENTA DI PIAVE DESIGNER OUTLET - Tropical Hotel Jesolo","description":"D\u00e9couvrez le Noventa di Piave Designer Outlet pr\u00e8s de Venise, plus de 100 boutiques et r\u00e9ductions jusqu'\u00e0 70% sur les grandes marques.","robots":{"index":"index","follow":"follow","max-snippet":"max-snippet:-1","max-image-preview":"max-image-preview:large","max-video-preview":"max-video-preview:-1"},"canonical":"https:\/\/tropicalhotel.it\/fr\/attractions\/by-day\/noventa-di-piave-designer-outlet\/","og_locale":"fr_FR","og_type":"article","og_title":"NOVENTA DI PIAVE DESIGNER OUTLET - Tropical Hotel Jesolo","og_description":"D\u00e9couvrez le Noventa di Piave Designer Outlet pr\u00e8s de Venise, plus de 100 boutiques et r\u00e9ductions jusqu'\u00e0 70% sur les grandes marques.","og_url":"https:\/\/tropicalhotel.it\/fr\/attractions\/by-day\/noventa-di-piave-designer-outlet\/","og_site_name":"Tropical Hotel Jesolo","article_publisher":"https:\/\/www.facebook.com\/Tropical-Hotel-Jesolo-276868195688612\/","article_modified_time":"2025-01-31T08:13:31+00:00","og_image":[{"width":1600,"height":558,"url":"https:\/\/tropicalhotel.it\/wp-content\/uploads\/2024\/12\/outlet-noventa-di-piave-1600x558-1.jpg","type":"image\/jpeg"}],"twitter_card":"summary_large_image","twitter_misc":{"Dur\u00e9e de lecture estim\u00e9e":"1 minute"},"schema":{"@context":"https:\/\/schema.org","@graph":[{"@type":"WebPage","@id":"https:\/\/tropicalhotel.it\/fr\/attractions\/by-day\/noventa-di-piave-designer-outlet\/","url":"https:\/\/tropicalhotel.it\/fr\/attractions\/by-day\/noventa-di-piave-designer-outlet\/","name":"NOVENTA DI PIAVE DESIGNER OUTLET - Tropical Hotel Jesolo","isPartOf":{"@id":"https:\/\/tropicalhotel.it\/fr\/#website"},"primaryImageOfPage":{"@id":"https:\/\/tropicalhotel.it\/fr\/attractions\/by-day\/noventa-di-piave-designer-outlet\/#primaryimage"},"image":{"@id":"https:\/\/tropicalhotel.it\/fr\/attractions\/by-day\/noventa-di-piave-designer-outlet\/#primaryimage"},"thumbnailUrl":"https:\/\/tropicalhotel.it\/wp-content\/uploads\/2024\/12\/outlet-noventa-di-piave-1600x558-1.jpg","datePublished":"2024-12-18T08:38:53+00:00","dateModified":"2025-01-31T08:13:31+00:00","description":"D\u00e9couvrez le Noventa di Piave Designer Outlet pr\u00e8s de Venise, plus de 100 boutiques et r\u00e9ductions jusqu'\u00e0 70% sur les grandes marques.","breadcrumb":{"@id":"https:\/\/tropicalhotel.it\/fr\/attractions\/by-day\/noventa-di-piave-designer-outlet\/#breadcrumb"},"inLanguage":"fr-FR","potentialAction":[{"@type":"ReadAction","target":["https:\/\/tropicalhotel.it\/fr\/attractions\/by-day\/noventa-di-piave-designer-outlet\/"]}]},{"@type":"ImageObject","inLanguage":"fr-FR","@id":"https:\/\/tropicalhotel.it\/fr\/attractions\/by-day\/noventa-di-piave-designer-outlet\/#primaryimage","url":"https:\/\/tropicalhotel.it\/wp-content\/uploads\/2024\/12\/outlet-noventa-di-piave-1600x558-1.jpg","contentUrl":"https:\/\/tropicalhotel.it\/wp-content\/uploads\/2024\/12\/outlet-noventa-di-piave-1600x558-1.jpg","width":1600,"height":558,"caption":"Noventa di Piave Designer Outlet"},{"@type":"BreadcrumbList","@id":"https:\/\/tropicalhotel.it\/fr\/attractions\/by-day\/noventa-di-piave-designer-outlet\/#breadcrumb","itemListElement":[{"@type":"ListItem","position":1,"name":"Home","item":"https:\/\/tropicalhotel.it\/fr\/"},{"@type":"ListItem","position":2,"name":"Attractions","item":"https:\/\/tropicalhotel.it\/fr\/attractions\/"},{"@type":"ListItem","position":3,"name":"By Day","item":"https:\/\/tropicalhotel.it\/fr\/attractions\/by-day\/"},{"@type":"ListItem","position":4,"name":"NOVENTA DI PIAVE DESIGNER OUTLET"}]},{"@type":"WebSite","@id":"https:\/\/tropicalhotel.it\/fr\/#website","url":"https:\/\/tropicalhotel.it\/fr\/","name":"Tropical Hotel Jesolo","description":"Hotel 3 stelle a Jesolo","publisher":{"@id":"https:\/\/tropicalhotel.it\/fr\/#organization"},"potentialAction":[{"@type":"SearchAction","target":{"@type":"EntryPoint","urlTemplate":"https:\/\/tropicalhotel.it\/fr\/?s={search_term_string}"},"query-input":{"@type":"PropertyValueSpecification","valueRequired":true,"valueName":"search_term_string"}}],"inLanguage":"fr-FR"},{"@type":"Organization","@id":"https:\/\/tropicalhotel.it\/fr\/#organization","name":"Tropical Hotel Jesolo","url":"https:\/\/tropicalhotel.it\/fr\/","logo":{"@type":"ImageObject","inLanguage":"fr-FR","@id":"https:\/\/tropicalhotel.it\/fr\/#\/schema\/logo\/image\/","url":"https:\/\/tropicalhotel.it\/wp-content\/uploads\/2024\/12\/Logo-Tropical-Verticale-2-2.jpg","contentUrl":"https:\/\/tropicalhotel.it\/wp-content\/uploads\/2024\/12\/Logo-Tropical-Verticale-2-2.jpg","width":190,"height":147,"caption":"Tropical Hotel Jesolo"},"image":{"@id":"https:\/\/tropicalhotel.it\/fr\/#\/schema\/logo\/image\/"},"sameAs":["https:\/\/www.facebook.com\/Tropical-Hotel-Jesolo-276868195688612\/","https:\/\/www.instagram.com\/tropicalhoteljesolo\/"]}]}},"_links":{"self":[{"href":"https:\/\/tropicalhotel.it\/fr\/wp-json\/wp\/v2\/pages\/1116","targetHints":{"allow":["GET"]}}],"collection":[{"href":"https:\/\/tropicalhotel.it\/fr\/wp-json\/wp\/v2\/pages"}],"about":[{"href":"https:\/\/tropicalhotel.it\/fr\/wp-json\/wp\/v2\/types\/page"}],"author":[{"embeddable":true,"href":"https:\/\/tropicalhotel.it\/fr\/wp-json\/wp\/v2\/users\/1"}],"replies":[{"embeddable":true,"href":"https:\/\/tropicalhotel.it\/fr\/wp-json\/wp\/v2\/comments?post=1116"}],"version-history":[{"count":2,"href":"https:\/\/tropicalhotel.it\/fr\/wp-json\/wp\/v2\/pages\/1116\/revisions"}],"predecessor-version":[{"id":1210,"href":"https:\/\/tropicalhotel.it\/fr\/wp-json\/wp\/v2\/pages\/1116\/revisions\/1210"}],"up":[{"embeddable":true,"href":"https:\/\/tropicalhotel.it\/fr\/wp-json\/wp\/v2\/pages\/1101"}],"wp:featuredmedia":[{"embeddable":true,"href":"https:\/\/tropicalhotel.it\/fr\/wp-json\/wp\/v2\/media\/773"}],"wp:attachment":[{"href":"https:\/\/tropicalhotel.it\/fr\/wp-json\/wp\/v2\/media?parent=1116"}],"curies":[{"name":"wp","href":"https:\/\/api.w.org\/{rel}","templated":true}]}}