{"id":1119,"date":"2024-12-18T08:30:48","date_gmt":"2024-12-18T08:30:48","guid":{"rendered":"https:\/\/staging.tropicalhotel.it\/by-day\/parco-gommapiuma\/"},"modified":"2025-01-31T08:21:34","modified_gmt":"2025-01-31T08:21:34","slug":"parc-gommapiuma","status":"publish","type":"page","link":"https:\/\/tropicalhotel.it\/fr\/attractions\/by-day\/parc-gommapiuma\/","title":{"rendered":"PARC GOMMAPIUMA"},"content":{"rendered":"\n<p>En&nbsp;<strong>Gommapiuma Jesolo<\/strong>&nbsp;et&nbsp;ne payez que pour&nbsp;les&nbsp;enfants peuvent jouer librement&nbsp;sur \u200b\u200btous les jeux&nbsp;sans&nbsp;limites de temps,&nbsp;l\u2019aire de jeu&nbsp;est exclusivement r\u00e9serv\u00e9 aux&nbsp;enfants \u00e2g\u00e9s de&nbsp;moins de 12 ans, les adultes peuvent&nbsp;aller \u00e0 l\u2019int\u00e9rieur&nbsp;du jeu&nbsp;avec les enfants&nbsp;,&nbsp;mais ne peut pas&nbsp;utiliser les structures,&nbsp;pour attendre&nbsp;les parents&nbsp;de mousse&nbsp;est \u00e9quip\u00e9 de bancs, kiosques&nbsp;et un&nbsp;service de&nbsp;mini-bar.<\/p>\n\n\n\n<p>INFO \u2192<br>Via Eraclea (distance 50 metri)<br>E. info@gommapiuma.net<br><a href=\"http:\/\/www.gommapiuma.net\/\" target=\"_blank\" rel=\"noreferrer noopener\">www.gommapiuma.net<\/a><\/p>\n\n\n\n<p>Foto&nbsp;\u00a9 www.gommapiuma.net<\/p>\n\n\n\n<p><a href=\"https:\/\/www.tropicalhotel.it\/#facebook\" rel=\"noreferrer noopener\" target=\"_blank\">Facebook<\/a><a href=\"https:\/\/www.tropicalhotel.it\/#twitter\" rel=\"noreferrer noopener\" target=\"_blank\">Twitter<\/a><a href=\"https:\/\/www.addtoany.com\/add_to\/google_plus?linkurl=https%3A%2F%2Fwww.tropicalhotel.it%2Ffr%2Fby-day%2Fparc-gommapiuma%2F&amp;linkname=PARC%20GOMMAPIUMA\" rel=\"noreferrer noopener\" target=\"_blank\"><\/a><a href=\"https:\/\/www.addtoany.com\/share#url=https%3A%2F%2Fwww.tropicalhotel.it%2Ffr%2Fby-day%2Fparc-gommapiuma%2F&amp;title=PARC%20GOMMAPIUMA\">Condividi<\/a><\/p>\n\n\n\n<p><a href=\"https:\/\/www.tropicalhotel.it\/#facebook\" rel=\"noreferrer noopener\" target=\"_blank\"><\/a><\/p>\n","protected":false},"excerpt":{"rendered":"<p>En&nbsp;Gommapiuma Jesolo&nbsp;et&nbsp;ne payez que pour&nbsp;les&nbsp;enfants peuvent jouer librement&nbsp;sur \u200b\u200btous les jeux&nbsp;sans&nbsp;limites de temps,&nbsp;l\u2019aire de jeu&nbsp;est exclusivement r\u00e9serv\u00e9 aux&nbsp;enfants \u00e2g\u00e9s de&nbsp;moins de 12 ans, les adultes peuvent&nbsp;aller \u00e0 l\u2019int\u00e9rieur&nbsp;du jeu&nbsp;avec les enfants&nbsp;,&nbsp;mais ne peut pas&nbsp;utiliser les structures,&nbsp;pour attendre&nbsp;les parents&nbsp;de mousse&nbsp;est \u00e9quip\u00e9 de bancs, kiosques&nbsp;et un&nbsp;service de&nbsp;mini-bar. INFO \u2192Via Eraclea (distance 50 metri)E. info@gommapiuma.netwww.gommapiuma.net Foto&nbsp;\u00a9 www.gommapiuma.net FacebookTwitterCondividi<\/p>\n","protected":false},"author":1,"featured_media":785,"parent":1101,"menu_order":0,"comment_status":"closed","ping_status":"closed","template":"templates\/lista-figlio.php","meta":{"_acf_changed":false,"footnotes":""},"class_list":["post-1119","page","type-page","status-publish","has-post-thumbnail","hentry"],"acf":[],"yoast_head":"<!-- This site is optimized with the Yoast SEO plugin v27.0 - https:\/\/yoast.com\/product\/yoast-seo-wordpress\/ -->\n<title>Parc Gommapiuma Jesolo : amusement sans limites pour enfants<\/title>\n<meta name=\"description\" content=\"Au Parc Gommapiuma Jesolo, les enfants jouent sans limite de temps. Espace s\u00e9curis\u00e9 avec bancs, gazebos et mini bar.Tedesco\" \/>\n<meta name=\"robots\" content=\"index, follow, max-snippet:-1, max-image-preview:large, max-video-preview:-1\" \/>\n<link rel=\"canonical\" href=\"https:\/\/tropicalhotel.it\/fr\/attractions\/by-day\/parc-gommapiuma\/\" \/>\n<meta property=\"og:locale\" content=\"fr_FR\" \/>\n<meta property=\"og:type\" content=\"article\" \/>\n<meta property=\"og:title\" content=\"Parc Gommapiuma Jesolo : amusement sans limites pour enfants\" \/>\n<meta property=\"og:description\" content=\"Au Parc Gommapiuma Jesolo, les enfants jouent sans limite de temps. Espace s\u00e9curis\u00e9 avec bancs, gazebos et mini bar.Tedesco\" \/>\n<meta property=\"og:url\" content=\"https:\/\/tropicalhotel.it\/fr\/attractions\/by-day\/parc-gommapiuma\/\" \/>\n<meta property=\"og:site_name\" content=\"Tropical Hotel Jesolo\" \/>\n<meta property=\"article:publisher\" content=\"https:\/\/www.facebook.com\/Tropical-Hotel-Jesolo-276868195688612\/\" \/>\n<meta property=\"article:modified_time\" content=\"2025-01-31T08:21:34+00:00\" \/>\n<meta property=\"og:image\" content=\"https:\/\/tropicalhotel.it\/wp-content\/uploads\/2024\/12\/Gommapiuma-EVI-Tropical-1600x558-1.jpg\" \/>\n\t<meta property=\"og:image:width\" content=\"1600\" \/>\n\t<meta property=\"og:image:height\" content=\"558\" \/>\n\t<meta property=\"og:image:type\" content=\"image\/jpeg\" \/>\n<meta name=\"twitter:card\" content=\"summary_large_image\" \/>\n<meta name=\"twitter:label1\" content=\"Dur\u00e9e de lecture estim\u00e9e\" \/>\n\t<meta name=\"twitter:data1\" content=\"1 minute\" \/>\n<script type=\"application\/ld+json\" class=\"yoast-schema-graph\">{\"@context\":\"https:\/\/schema.org\",\"@graph\":[{\"@type\":\"WebPage\",\"@id\":\"https:\/\/tropicalhotel.it\/fr\/attractions\/by-day\/parc-gommapiuma\/\",\"url\":\"https:\/\/tropicalhotel.it\/fr\/attractions\/by-day\/parc-gommapiuma\/\",\"name\":\"Parc Gommapiuma Jesolo : amusement sans limites pour enfants\",\"isPartOf\":{\"@id\":\"https:\/\/tropicalhotel.it\/fr\/#website\"},\"primaryImageOfPage\":{\"@id\":\"https:\/\/tropicalhotel.it\/fr\/attractions\/by-day\/parc-gommapiuma\/#primaryimage\"},\"image\":{\"@id\":\"https:\/\/tropicalhotel.it\/fr\/attractions\/by-day\/parc-gommapiuma\/#primaryimage\"},\"thumbnailUrl\":\"https:\/\/tropicalhotel.it\/wp-content\/uploads\/2024\/12\/Gommapiuma-EVI-Tropical-1600x558-1.jpg\",\"datePublished\":\"2024-12-18T08:30:48+00:00\",\"dateModified\":\"2025-01-31T08:21:34+00:00\",\"description\":\"Au Parc Gommapiuma Jesolo, les enfants jouent sans limite de temps. Espace s\u00e9curis\u00e9 avec bancs, gazebos et mini bar.Tedesco\",\"breadcrumb\":{\"@id\":\"https:\/\/tropicalhotel.it\/fr\/attractions\/by-day\/parc-gommapiuma\/#breadcrumb\"},\"inLanguage\":\"fr-FR\",\"potentialAction\":[{\"@type\":\"ReadAction\",\"target\":[\"https:\/\/tropicalhotel.it\/fr\/attractions\/by-day\/parc-gommapiuma\/\"]}]},{\"@type\":\"ImageObject\",\"inLanguage\":\"fr-FR\",\"@id\":\"https:\/\/tropicalhotel.it\/fr\/attractions\/by-day\/parc-gommapiuma\/#primaryimage\",\"url\":\"https:\/\/tropicalhotel.it\/wp-content\/uploads\/2024\/12\/Gommapiuma-EVI-Tropical-1600x558-1.jpg\",\"contentUrl\":\"https:\/\/tropicalhotel.it\/wp-content\/uploads\/2024\/12\/Gommapiuma-EVI-Tropical-1600x558-1.jpg\",\"width\":1600,\"height\":558,\"caption\":\"Gommapiuma\"},{\"@type\":\"BreadcrumbList\",\"@id\":\"https:\/\/tropicalhotel.it\/fr\/attractions\/by-day\/parc-gommapiuma\/#breadcrumb\",\"itemListElement\":[{\"@type\":\"ListItem\",\"position\":1,\"name\":\"Home\",\"item\":\"https:\/\/tropicalhotel.it\/fr\/\"},{\"@type\":\"ListItem\",\"position\":2,\"name\":\"Attractions\",\"item\":\"https:\/\/tropicalhotel.it\/fr\/attractions\/\"},{\"@type\":\"ListItem\",\"position\":3,\"name\":\"By Day\",\"item\":\"https:\/\/tropicalhotel.it\/fr\/attractions\/by-day\/\"},{\"@type\":\"ListItem\",\"position\":4,\"name\":\"PARC GOMMAPIUMA\"}]},{\"@type\":\"WebSite\",\"@id\":\"https:\/\/tropicalhotel.it\/fr\/#website\",\"url\":\"https:\/\/tropicalhotel.it\/fr\/\",\"name\":\"Tropical Hotel Jesolo\",\"description\":\"Hotel 3 stelle a Jesolo\",\"publisher\":{\"@id\":\"https:\/\/tropicalhotel.it\/fr\/#organization\"},\"potentialAction\":[{\"@type\":\"SearchAction\",\"target\":{\"@type\":\"EntryPoint\",\"urlTemplate\":\"https:\/\/tropicalhotel.it\/fr\/?s={search_term_string}\"},\"query-input\":{\"@type\":\"PropertyValueSpecification\",\"valueRequired\":true,\"valueName\":\"search_term_string\"}}],\"inLanguage\":\"fr-FR\"},{\"@type\":\"Organization\",\"@id\":\"https:\/\/tropicalhotel.it\/fr\/#organization\",\"name\":\"Tropical Hotel Jesolo\",\"url\":\"https:\/\/tropicalhotel.it\/fr\/\",\"logo\":{\"@type\":\"ImageObject\",\"inLanguage\":\"fr-FR\",\"@id\":\"https:\/\/tropicalhotel.it\/fr\/#\/schema\/logo\/image\/\",\"url\":\"https:\/\/tropicalhotel.it\/wp-content\/uploads\/2024\/12\/Logo-Tropical-Verticale-2-2.jpg\",\"contentUrl\":\"https:\/\/tropicalhotel.it\/wp-content\/uploads\/2024\/12\/Logo-Tropical-Verticale-2-2.jpg\",\"width\":190,\"height\":147,\"caption\":\"Tropical Hotel Jesolo\"},\"image\":{\"@id\":\"https:\/\/tropicalhotel.it\/fr\/#\/schema\/logo\/image\/\"},\"sameAs\":[\"https:\/\/www.facebook.com\/Tropical-Hotel-Jesolo-276868195688612\/\",\"https:\/\/www.instagram.com\/tropicalhoteljesolo\/\"]}]}<\/script>\n<!-- \/ Yoast SEO plugin. -->","yoast_head_json":{"title":"Parc Gommapiuma Jesolo : amusement sans limites pour enfants","description":"Au Parc Gommapiuma Jesolo, les enfants jouent sans limite de temps. Espace s\u00e9curis\u00e9 avec bancs, gazebos et mini bar.Tedesco","robots":{"index":"index","follow":"follow","max-snippet":"max-snippet:-1","max-image-preview":"max-image-preview:large","max-video-preview":"max-video-preview:-1"},"canonical":"https:\/\/tropicalhotel.it\/fr\/attractions\/by-day\/parc-gommapiuma\/","og_locale":"fr_FR","og_type":"article","og_title":"Parc Gommapiuma Jesolo : amusement sans limites pour enfants","og_description":"Au Parc Gommapiuma Jesolo, les enfants jouent sans limite de temps. Espace s\u00e9curis\u00e9 avec bancs, gazebos et mini bar.Tedesco","og_url":"https:\/\/tropicalhotel.it\/fr\/attractions\/by-day\/parc-gommapiuma\/","og_site_name":"Tropical Hotel Jesolo","article_publisher":"https:\/\/www.facebook.com\/Tropical-Hotel-Jesolo-276868195688612\/","article_modified_time":"2025-01-31T08:21:34+00:00","og_image":[{"width":1600,"height":558,"url":"https:\/\/tropicalhotel.it\/wp-content\/uploads\/2024\/12\/Gommapiuma-EVI-Tropical-1600x558-1.jpg","type":"image\/jpeg"}],"twitter_card":"summary_large_image","twitter_misc":{"Dur\u00e9e de lecture estim\u00e9e":"1 minute"},"schema":{"@context":"https:\/\/schema.org","@graph":[{"@type":"WebPage","@id":"https:\/\/tropicalhotel.it\/fr\/attractions\/by-day\/parc-gommapiuma\/","url":"https:\/\/tropicalhotel.it\/fr\/attractions\/by-day\/parc-gommapiuma\/","name":"Parc Gommapiuma Jesolo : amusement sans limites pour enfants","isPartOf":{"@id":"https:\/\/tropicalhotel.it\/fr\/#website"},"primaryImageOfPage":{"@id":"https:\/\/tropicalhotel.it\/fr\/attractions\/by-day\/parc-gommapiuma\/#primaryimage"},"image":{"@id":"https:\/\/tropicalhotel.it\/fr\/attractions\/by-day\/parc-gommapiuma\/#primaryimage"},"thumbnailUrl":"https:\/\/tropicalhotel.it\/wp-content\/uploads\/2024\/12\/Gommapiuma-EVI-Tropical-1600x558-1.jpg","datePublished":"2024-12-18T08:30:48+00:00","dateModified":"2025-01-31T08:21:34+00:00","description":"Au Parc Gommapiuma Jesolo, les enfants jouent sans limite de temps. Espace s\u00e9curis\u00e9 avec bancs, gazebos et mini bar.Tedesco","breadcrumb":{"@id":"https:\/\/tropicalhotel.it\/fr\/attractions\/by-day\/parc-gommapiuma\/#breadcrumb"},"inLanguage":"fr-FR","potentialAction":[{"@type":"ReadAction","target":["https:\/\/tropicalhotel.it\/fr\/attractions\/by-day\/parc-gommapiuma\/"]}]},{"@type":"ImageObject","inLanguage":"fr-FR","@id":"https:\/\/tropicalhotel.it\/fr\/attractions\/by-day\/parc-gommapiuma\/#primaryimage","url":"https:\/\/tropicalhotel.it\/wp-content\/uploads\/2024\/12\/Gommapiuma-EVI-Tropical-1600x558-1.jpg","contentUrl":"https:\/\/tropicalhotel.it\/wp-content\/uploads\/2024\/12\/Gommapiuma-EVI-Tropical-1600x558-1.jpg","width":1600,"height":558,"caption":"Gommapiuma"},{"@type":"BreadcrumbList","@id":"https:\/\/tropicalhotel.it\/fr\/attractions\/by-day\/parc-gommapiuma\/#breadcrumb","itemListElement":[{"@type":"ListItem","position":1,"name":"Home","item":"https:\/\/tropicalhotel.it\/fr\/"},{"@type":"ListItem","position":2,"name":"Attractions","item":"https:\/\/tropicalhotel.it\/fr\/attractions\/"},{"@type":"ListItem","position":3,"name":"By Day","item":"https:\/\/tropicalhotel.it\/fr\/attractions\/by-day\/"},{"@type":"ListItem","position":4,"name":"PARC GOMMAPIUMA"}]},{"@type":"WebSite","@id":"https:\/\/tropicalhotel.it\/fr\/#website","url":"https:\/\/tropicalhotel.it\/fr\/","name":"Tropical Hotel Jesolo","description":"Hotel 3 stelle a Jesolo","publisher":{"@id":"https:\/\/tropicalhotel.it\/fr\/#organization"},"potentialAction":[{"@type":"SearchAction","target":{"@type":"EntryPoint","urlTemplate":"https:\/\/tropicalhotel.it\/fr\/?s={search_term_string}"},"query-input":{"@type":"PropertyValueSpecification","valueRequired":true,"valueName":"search_term_string"}}],"inLanguage":"fr-FR"},{"@type":"Organization","@id":"https:\/\/tropicalhotel.it\/fr\/#organization","name":"Tropical Hotel Jesolo","url":"https:\/\/tropicalhotel.it\/fr\/","logo":{"@type":"ImageObject","inLanguage":"fr-FR","@id":"https:\/\/tropicalhotel.it\/fr\/#\/schema\/logo\/image\/","url":"https:\/\/tropicalhotel.it\/wp-content\/uploads\/2024\/12\/Logo-Tropical-Verticale-2-2.jpg","contentUrl":"https:\/\/tropicalhotel.it\/wp-content\/uploads\/2024\/12\/Logo-Tropical-Verticale-2-2.jpg","width":190,"height":147,"caption":"Tropical Hotel Jesolo"},"image":{"@id":"https:\/\/tropicalhotel.it\/fr\/#\/schema\/logo\/image\/"},"sameAs":["https:\/\/www.facebook.com\/Tropical-Hotel-Jesolo-276868195688612\/","https:\/\/www.instagram.com\/tropicalhoteljesolo\/"]}]}},"_links":{"self":[{"href":"https:\/\/tropicalhotel.it\/fr\/wp-json\/wp\/v2\/pages\/1119","targetHints":{"allow":["GET"]}}],"collection":[{"href":"https:\/\/tropicalhotel.it\/fr\/wp-json\/wp\/v2\/pages"}],"about":[{"href":"https:\/\/tropicalhotel.it\/fr\/wp-json\/wp\/v2\/types\/page"}],"author":[{"embeddable":true,"href":"https:\/\/tropicalhotel.it\/fr\/wp-json\/wp\/v2\/users\/1"}],"replies":[{"embeddable":true,"href":"https:\/\/tropicalhotel.it\/fr\/wp-json\/wp\/v2\/comments?post=1119"}],"version-history":[{"count":2,"href":"https:\/\/tropicalhotel.it\/fr\/wp-json\/wp\/v2\/pages\/1119\/revisions"}],"predecessor-version":[{"id":1216,"href":"https:\/\/tropicalhotel.it\/fr\/wp-json\/wp\/v2\/pages\/1119\/revisions\/1216"}],"up":[{"embeddable":true,"href":"https:\/\/tropicalhotel.it\/fr\/wp-json\/wp\/v2\/pages\/1101"}],"wp:featuredmedia":[{"embeddable":true,"href":"https:\/\/tropicalhotel.it\/fr\/wp-json\/wp\/v2\/media\/785"}],"wp:attachment":[{"href":"https:\/\/tropicalhotel.it\/fr\/wp-json\/wp\/v2\/media?parent=1119"}],"curies":[{"name":"wp","href":"https:\/\/api.w.org\/{rel}","templated":true}]}}