{"id":1122,"date":"2024-12-18T08:37:34","date_gmt":"2024-12-18T08:37:34","guid":{"rendered":"https:\/\/staging.tropicalhotel.it\/by-day\/ruota-panoramica\/"},"modified":"2025-03-18T14:12:26","modified_gmt":"2025-03-18T14:12:26","slug":"roue-ferris","status":"publish","type":"page","link":"https:\/\/tropicalhotel.it\/fr\/attractions\/by-day\/roue-ferris\/","title":{"rendered":"ROUE FERRIS"},"content":{"rendered":"\n<p>Jesolo Wheel of Venice offre une vue panoramique sur le Lido di Jesolo depuis une hauteur de 60 m\u00e8tres. De l\u00e0, en altitude, vous pouvez profiter d&rsquo;un vaste panorama qui s&rsquo;\u00e9tend de la c\u00f4te \u00e0 la ligne d&rsquo;horizon de Venise. Les 42 cabines, toutes climatis\u00e9es et ferm\u00e9es, sont id\u00e9ales pour s&rsquo;amuser quelques heures, \u00e9t\u00e9 comme hiver. Chaque cabine est homologu\u00e9e pour transporter jusqu&rsquo;\u00e0 huit personnes.<br>Les horaires d&rsquo;ouverture sont de 17h00 \u00e0 minuit, et chaque trajet dure environ 10 minutes.<\/p>\n\n\n\n<p>Plus d&rsquo;informations : <a href=\"https:\/\/freij.com\/wheel-of-venice\/\" target=\"_blank\" rel=\"noreferrer noopener nofollow\">https:\/\/freij.com\/wheel-of-venice\/<\/a><\/p>\n","protected":false},"excerpt":{"rendered":"<p>Jesolo Wheel of Venice offre une vue panoramique sur le Lido di Jesolo depuis une hauteur de 60 m\u00e8tres. De l\u00e0, en altitude, vous pouvez profiter d&rsquo;un vaste panorama qui s&rsquo;\u00e9tend de la c\u00f4te \u00e0 la ligne d&rsquo;horizon de Venise. Les 42 cabines, toutes climatis\u00e9es et ferm\u00e9es, sont id\u00e9ales pour s&rsquo;amuser quelques heures, \u00e9t\u00e9 comme [&hellip;]<\/p>\n","protected":false},"author":1,"featured_media":793,"parent":1101,"menu_order":0,"comment_status":"closed","ping_status":"closed","template":"templates\/lista-figlio.php","meta":{"_acf_changed":false,"footnotes":""},"class_list":["post-1122","page","type-page","status-publish","has-post-thumbnail","hentry"],"acf":[],"yoast_head":"<!-- This site is optimized with the Yoast SEO plugin v27.0 - https:\/\/yoast.com\/product\/yoast-seo-wordpress\/ -->\n<title>Grande Roue de Jesolo : une vue panoramique incroyable<\/title>\n<meta name=\"description\" content=\"Admirez Jesolo depuis 60m de haut sur la Grande Roue. 42 cabines climatis\u00e9es pour une exp\u00e9rience unique en \u00e9t\u00e9 comme en hiver.\" \/>\n<meta name=\"robots\" content=\"index, follow, max-snippet:-1, max-image-preview:large, max-video-preview:-1\" \/>\n<link rel=\"canonical\" href=\"https:\/\/tropicalhotel.it\/fr\/attractions\/by-day\/roue-ferris\/\" \/>\n<meta property=\"og:locale\" content=\"fr_FR\" \/>\n<meta property=\"og:type\" content=\"article\" \/>\n<meta property=\"og:title\" content=\"Grande Roue de Jesolo : une vue panoramique incroyable\" \/>\n<meta property=\"og:description\" content=\"Admirez Jesolo depuis 60m de haut sur la Grande Roue. 42 cabines climatis\u00e9es pour une exp\u00e9rience unique en \u00e9t\u00e9 comme en hiver.\" \/>\n<meta property=\"og:url\" content=\"https:\/\/tropicalhotel.it\/fr\/attractions\/by-day\/roue-ferris\/\" \/>\n<meta property=\"og:site_name\" content=\"Tropical Hotel Jesolo\" \/>\n<meta property=\"article:publisher\" content=\"https:\/\/www.facebook.com\/Tropical-Hotel-Jesolo-276868195688612\/\" \/>\n<meta property=\"article:modified_time\" content=\"2025-03-18T14:12:26+00:00\" \/>\n<meta property=\"og:image\" content=\"https:\/\/tropicalhotel.it\/wp-content\/uploads\/2024\/12\/ruota-panoramica-jesolo-1600x558-1.jpg\" \/>\n\t<meta property=\"og:image:width\" content=\"1600\" \/>\n\t<meta property=\"og:image:height\" content=\"558\" \/>\n\t<meta property=\"og:image:type\" content=\"image\/jpeg\" \/>\n<meta name=\"twitter:card\" content=\"summary_large_image\" \/>\n<meta name=\"twitter:label1\" content=\"Dur\u00e9e de lecture estim\u00e9e\" \/>\n\t<meta name=\"twitter:data1\" content=\"1 minute\" \/>\n<script type=\"application\/ld+json\" class=\"yoast-schema-graph\">{\"@context\":\"https:\/\/schema.org\",\"@graph\":[{\"@type\":\"WebPage\",\"@id\":\"https:\/\/tropicalhotel.it\/fr\/attractions\/by-day\/roue-ferris\/\",\"url\":\"https:\/\/tropicalhotel.it\/fr\/attractions\/by-day\/roue-ferris\/\",\"name\":\"Grande Roue de Jesolo : une vue panoramique incroyable\",\"isPartOf\":{\"@id\":\"https:\/\/tropicalhotel.it\/fr\/#website\"},\"primaryImageOfPage\":{\"@id\":\"https:\/\/tropicalhotel.it\/fr\/attractions\/by-day\/roue-ferris\/#primaryimage\"},\"image\":{\"@id\":\"https:\/\/tropicalhotel.it\/fr\/attractions\/by-day\/roue-ferris\/#primaryimage\"},\"thumbnailUrl\":\"https:\/\/tropicalhotel.it\/wp-content\/uploads\/2024\/12\/ruota-panoramica-jesolo-1600x558-1.jpg\",\"datePublished\":\"2024-12-18T08:37:34+00:00\",\"dateModified\":\"2025-03-18T14:12:26+00:00\",\"description\":\"Admirez Jesolo depuis 60m de haut sur la Grande Roue. 42 cabines climatis\u00e9es pour une exp\u00e9rience unique en \u00e9t\u00e9 comme en hiver.\",\"breadcrumb\":{\"@id\":\"https:\/\/tropicalhotel.it\/fr\/attractions\/by-day\/roue-ferris\/#breadcrumb\"},\"inLanguage\":\"fr-FR\",\"potentialAction\":[{\"@type\":\"ReadAction\",\"target\":[\"https:\/\/tropicalhotel.it\/fr\/attractions\/by-day\/roue-ferris\/\"]}]},{\"@type\":\"ImageObject\",\"inLanguage\":\"fr-FR\",\"@id\":\"https:\/\/tropicalhotel.it\/fr\/attractions\/by-day\/roue-ferris\/#primaryimage\",\"url\":\"https:\/\/tropicalhotel.it\/wp-content\/uploads\/2024\/12\/ruota-panoramica-jesolo-1600x558-1.jpg\",\"contentUrl\":\"https:\/\/tropicalhotel.it\/wp-content\/uploads\/2024\/12\/ruota-panoramica-jesolo-1600x558-1.jpg\",\"width\":1600,\"height\":558},{\"@type\":\"BreadcrumbList\",\"@id\":\"https:\/\/tropicalhotel.it\/fr\/attractions\/by-day\/roue-ferris\/#breadcrumb\",\"itemListElement\":[{\"@type\":\"ListItem\",\"position\":1,\"name\":\"Home\",\"item\":\"https:\/\/tropicalhotel.it\/fr\/\"},{\"@type\":\"ListItem\",\"position\":2,\"name\":\"Attractions\",\"item\":\"https:\/\/tropicalhotel.it\/fr\/attractions\/\"},{\"@type\":\"ListItem\",\"position\":3,\"name\":\"By Day\",\"item\":\"https:\/\/tropicalhotel.it\/fr\/attractions\/by-day\/\"},{\"@type\":\"ListItem\",\"position\":4,\"name\":\"ROUE FERRIS\"}]},{\"@type\":\"WebSite\",\"@id\":\"https:\/\/tropicalhotel.it\/fr\/#website\",\"url\":\"https:\/\/tropicalhotel.it\/fr\/\",\"name\":\"Tropical Hotel Jesolo\",\"description\":\"Hotel 3 stelle a Jesolo\",\"publisher\":{\"@id\":\"https:\/\/tropicalhotel.it\/fr\/#organization\"},\"potentialAction\":[{\"@type\":\"SearchAction\",\"target\":{\"@type\":\"EntryPoint\",\"urlTemplate\":\"https:\/\/tropicalhotel.it\/fr\/?s={search_term_string}\"},\"query-input\":{\"@type\":\"PropertyValueSpecification\",\"valueRequired\":true,\"valueName\":\"search_term_string\"}}],\"inLanguage\":\"fr-FR\"},{\"@type\":\"Organization\",\"@id\":\"https:\/\/tropicalhotel.it\/fr\/#organization\",\"name\":\"Tropical Hotel Jesolo\",\"url\":\"https:\/\/tropicalhotel.it\/fr\/\",\"logo\":{\"@type\":\"ImageObject\",\"inLanguage\":\"fr-FR\",\"@id\":\"https:\/\/tropicalhotel.it\/fr\/#\/schema\/logo\/image\/\",\"url\":\"https:\/\/tropicalhotel.it\/wp-content\/uploads\/2024\/12\/Logo-Tropical-Verticale-2-2.jpg\",\"contentUrl\":\"https:\/\/tropicalhotel.it\/wp-content\/uploads\/2024\/12\/Logo-Tropical-Verticale-2-2.jpg\",\"width\":190,\"height\":147,\"caption\":\"Tropical Hotel Jesolo\"},\"image\":{\"@id\":\"https:\/\/tropicalhotel.it\/fr\/#\/schema\/logo\/image\/\"},\"sameAs\":[\"https:\/\/www.facebook.com\/Tropical-Hotel-Jesolo-276868195688612\/\",\"https:\/\/www.instagram.com\/tropicalhoteljesolo\/\"]}]}<\/script>\n<!-- \/ Yoast SEO plugin. -->","yoast_head_json":{"title":"Grande Roue de Jesolo : une vue panoramique incroyable","description":"Admirez Jesolo depuis 60m de haut sur la Grande Roue. 42 cabines climatis\u00e9es pour une exp\u00e9rience unique en \u00e9t\u00e9 comme en hiver.","robots":{"index":"index","follow":"follow","max-snippet":"max-snippet:-1","max-image-preview":"max-image-preview:large","max-video-preview":"max-video-preview:-1"},"canonical":"https:\/\/tropicalhotel.it\/fr\/attractions\/by-day\/roue-ferris\/","og_locale":"fr_FR","og_type":"article","og_title":"Grande Roue de Jesolo : une vue panoramique incroyable","og_description":"Admirez Jesolo depuis 60m de haut sur la Grande Roue. 42 cabines climatis\u00e9es pour une exp\u00e9rience unique en \u00e9t\u00e9 comme en hiver.","og_url":"https:\/\/tropicalhotel.it\/fr\/attractions\/by-day\/roue-ferris\/","og_site_name":"Tropical Hotel Jesolo","article_publisher":"https:\/\/www.facebook.com\/Tropical-Hotel-Jesolo-276868195688612\/","article_modified_time":"2025-03-18T14:12:26+00:00","og_image":[{"width":1600,"height":558,"url":"https:\/\/tropicalhotel.it\/wp-content\/uploads\/2024\/12\/ruota-panoramica-jesolo-1600x558-1.jpg","type":"image\/jpeg"}],"twitter_card":"summary_large_image","twitter_misc":{"Dur\u00e9e de lecture estim\u00e9e":"1 minute"},"schema":{"@context":"https:\/\/schema.org","@graph":[{"@type":"WebPage","@id":"https:\/\/tropicalhotel.it\/fr\/attractions\/by-day\/roue-ferris\/","url":"https:\/\/tropicalhotel.it\/fr\/attractions\/by-day\/roue-ferris\/","name":"Grande Roue de Jesolo : une vue panoramique incroyable","isPartOf":{"@id":"https:\/\/tropicalhotel.it\/fr\/#website"},"primaryImageOfPage":{"@id":"https:\/\/tropicalhotel.it\/fr\/attractions\/by-day\/roue-ferris\/#primaryimage"},"image":{"@id":"https:\/\/tropicalhotel.it\/fr\/attractions\/by-day\/roue-ferris\/#primaryimage"},"thumbnailUrl":"https:\/\/tropicalhotel.it\/wp-content\/uploads\/2024\/12\/ruota-panoramica-jesolo-1600x558-1.jpg","datePublished":"2024-12-18T08:37:34+00:00","dateModified":"2025-03-18T14:12:26+00:00","description":"Admirez Jesolo depuis 60m de haut sur la Grande Roue. 42 cabines climatis\u00e9es pour une exp\u00e9rience unique en \u00e9t\u00e9 comme en hiver.","breadcrumb":{"@id":"https:\/\/tropicalhotel.it\/fr\/attractions\/by-day\/roue-ferris\/#breadcrumb"},"inLanguage":"fr-FR","potentialAction":[{"@type":"ReadAction","target":["https:\/\/tropicalhotel.it\/fr\/attractions\/by-day\/roue-ferris\/"]}]},{"@type":"ImageObject","inLanguage":"fr-FR","@id":"https:\/\/tropicalhotel.it\/fr\/attractions\/by-day\/roue-ferris\/#primaryimage","url":"https:\/\/tropicalhotel.it\/wp-content\/uploads\/2024\/12\/ruota-panoramica-jesolo-1600x558-1.jpg","contentUrl":"https:\/\/tropicalhotel.it\/wp-content\/uploads\/2024\/12\/ruota-panoramica-jesolo-1600x558-1.jpg","width":1600,"height":558},{"@type":"BreadcrumbList","@id":"https:\/\/tropicalhotel.it\/fr\/attractions\/by-day\/roue-ferris\/#breadcrumb","itemListElement":[{"@type":"ListItem","position":1,"name":"Home","item":"https:\/\/tropicalhotel.it\/fr\/"},{"@type":"ListItem","position":2,"name":"Attractions","item":"https:\/\/tropicalhotel.it\/fr\/attractions\/"},{"@type":"ListItem","position":3,"name":"By Day","item":"https:\/\/tropicalhotel.it\/fr\/attractions\/by-day\/"},{"@type":"ListItem","position":4,"name":"ROUE FERRIS"}]},{"@type":"WebSite","@id":"https:\/\/tropicalhotel.it\/fr\/#website","url":"https:\/\/tropicalhotel.it\/fr\/","name":"Tropical Hotel Jesolo","description":"Hotel 3 stelle a Jesolo","publisher":{"@id":"https:\/\/tropicalhotel.it\/fr\/#organization"},"potentialAction":[{"@type":"SearchAction","target":{"@type":"EntryPoint","urlTemplate":"https:\/\/tropicalhotel.it\/fr\/?s={search_term_string}"},"query-input":{"@type":"PropertyValueSpecification","valueRequired":true,"valueName":"search_term_string"}}],"inLanguage":"fr-FR"},{"@type":"Organization","@id":"https:\/\/tropicalhotel.it\/fr\/#organization","name":"Tropical Hotel Jesolo","url":"https:\/\/tropicalhotel.it\/fr\/","logo":{"@type":"ImageObject","inLanguage":"fr-FR","@id":"https:\/\/tropicalhotel.it\/fr\/#\/schema\/logo\/image\/","url":"https:\/\/tropicalhotel.it\/wp-content\/uploads\/2024\/12\/Logo-Tropical-Verticale-2-2.jpg","contentUrl":"https:\/\/tropicalhotel.it\/wp-content\/uploads\/2024\/12\/Logo-Tropical-Verticale-2-2.jpg","width":190,"height":147,"caption":"Tropical Hotel Jesolo"},"image":{"@id":"https:\/\/tropicalhotel.it\/fr\/#\/schema\/logo\/image\/"},"sameAs":["https:\/\/www.facebook.com\/Tropical-Hotel-Jesolo-276868195688612\/","https:\/\/www.instagram.com\/tropicalhoteljesolo\/"]}]}},"_links":{"self":[{"href":"https:\/\/tropicalhotel.it\/fr\/wp-json\/wp\/v2\/pages\/1122","targetHints":{"allow":["GET"]}}],"collection":[{"href":"https:\/\/tropicalhotel.it\/fr\/wp-json\/wp\/v2\/pages"}],"about":[{"href":"https:\/\/tropicalhotel.it\/fr\/wp-json\/wp\/v2\/types\/page"}],"author":[{"embeddable":true,"href":"https:\/\/tropicalhotel.it\/fr\/wp-json\/wp\/v2\/users\/1"}],"replies":[{"embeddable":true,"href":"https:\/\/tropicalhotel.it\/fr\/wp-json\/wp\/v2\/comments?post=1122"}],"version-history":[{"count":5,"href":"https:\/\/tropicalhotel.it\/fr\/wp-json\/wp\/v2\/pages\/1122\/revisions"}],"predecessor-version":[{"id":2571,"href":"https:\/\/tropicalhotel.it\/fr\/wp-json\/wp\/v2\/pages\/1122\/revisions\/2571"}],"up":[{"embeddable":true,"href":"https:\/\/tropicalhotel.it\/fr\/wp-json\/wp\/v2\/pages\/1101"}],"wp:featuredmedia":[{"embeddable":true,"href":"https:\/\/tropicalhotel.it\/fr\/wp-json\/wp\/v2\/media\/793"}],"wp:attachment":[{"href":"https:\/\/tropicalhotel.it\/fr\/wp-json\/wp\/v2\/media?parent=1122"}],"curies":[{"name":"wp","href":"https:\/\/api.w.org\/{rel}","templated":true}]}}