{"id":1128,"date":"2024-12-18T08:35:35","date_gmt":"2024-12-18T08:35:35","guid":{"rendered":"https:\/\/staging.tropicalhotel.it\/by-day\/tropicarium-park\/"},"modified":"2025-01-31T08:58:33","modified_gmt":"2025-01-31T08:58:33","slug":"tropicarium-park","status":"publish","type":"page","link":"https:\/\/tropicalhotel.it\/fr\/attractions\/by-day\/tropicarium-park\/","title":{"rendered":"TROPICARIUM PARK"},"content":{"rendered":"\n<p>Tropicarium&nbsp;Park,&nbsp;une grande exposition&nbsp;sur la Piazza&nbsp;Brescia, qui s\u2019est tenue&nbsp;dans une aile&nbsp;de l\u2019Palazzo del&nbsp;Turismo,&nbsp;vu&nbsp;le long des&nbsp;deuxprincipaux pr\u00e9dateurs: requins&nbsp;et les crocodiles, en particulier&nbsp;Godzilla&nbsp;est le plus&nbsp;nomin\u00e9 parmi les&nbsp;alligators&nbsp;et le parc&nbsp;provient de la&nbsp;Canary&nbsp;long 5m\u00e8tres,&nbsp;p\u00e8se&nbsp;800 kg.&nbsp;Il&nbsp;\u00ables seuls sp\u00e9cimens&nbsp;du monde&nbsp;\u00e0 avoir&nbsp;cette taille.<\/p>\n\n\n\n<p>INFO&nbsp;\u2192<br>Pala Arrex \u2013 Piazza Brescia (distance 3 km)<br>E. exponaturaitalia@gmail.com<br><a href=\"http:\/\/www.tropicarium.it\/\" target=\"_blank\" rel=\"noreferrer noopener\">www.tropicarium.it<\/a><\/p>\n\n\n\n<p>Foto \u00a9 www.tropicarium.it<\/p>\n\n\n\n<p><a href=\"https:\/\/www.tropicalhotel.it\/#facebook\" rel=\"noreferrer noopener\" target=\"_blank\"><\/a><\/p>\n","protected":false},"excerpt":{"rendered":"<p>Tropicarium&nbsp;Park,&nbsp;une grande exposition&nbsp;sur la Piazza&nbsp;Brescia, qui s\u2019est tenue&nbsp;dans une aile&nbsp;de l\u2019Palazzo del&nbsp;Turismo,&nbsp;vu&nbsp;le long des&nbsp;deuxprincipaux pr\u00e9dateurs: requins&nbsp;et les crocodiles, en particulier&nbsp;Godzilla&nbsp;est le plus&nbsp;nomin\u00e9 parmi les&nbsp;alligators&nbsp;et le parc&nbsp;provient de la&nbsp;Canary&nbsp;long 5m\u00e8tres,&nbsp;p\u00e8se&nbsp;800 kg.&nbsp;Il&nbsp;\u00ables seuls sp\u00e9cimens&nbsp;du monde&nbsp;\u00e0 avoir&nbsp;cette taille. INFO&nbsp;\u2192Pala Arrex \u2013 Piazza Brescia (distance 3 km)E. exponaturaitalia@gmail.comwww.tropicarium.it Foto \u00a9 www.tropicarium.it<\/p>\n","protected":false},"author":1,"featured_media":781,"parent":1101,"menu_order":0,"comment_status":"closed","ping_status":"closed","template":"templates\/lista-figlio.php","meta":{"_acf_changed":false,"footnotes":""},"class_list":["post-1128","page","type-page","status-publish","has-post-thumbnail","hentry"],"acf":[],"_links":{"self":[{"href":"https:\/\/tropicalhotel.it\/fr\/wp-json\/wp\/v2\/pages\/1128","targetHints":{"allow":["GET"]}}],"collection":[{"href":"https:\/\/tropicalhotel.it\/fr\/wp-json\/wp\/v2\/pages"}],"about":[{"href":"https:\/\/tropicalhotel.it\/fr\/wp-json\/wp\/v2\/types\/page"}],"author":[{"embeddable":true,"href":"https:\/\/tropicalhotel.it\/fr\/wp-json\/wp\/v2\/users\/1"}],"replies":[{"embeddable":true,"href":"https:\/\/tropicalhotel.it\/fr\/wp-json\/wp\/v2\/comments?post=1128"}],"version-history":[{"count":2,"href":"https:\/\/tropicalhotel.it\/fr\/wp-json\/wp\/v2\/pages\/1128\/revisions"}],"predecessor-version":[{"id":1243,"href":"https:\/\/tropicalhotel.it\/fr\/wp-json\/wp\/v2\/pages\/1128\/revisions\/1243"}],"up":[{"embeddable":true,"href":"https:\/\/tropicalhotel.it\/fr\/wp-json\/wp\/v2\/pages\/1101"}],"wp:featuredmedia":[{"embeddable":true,"href":"https:\/\/tropicalhotel.it\/fr\/wp-json\/wp\/v2\/media\/781"}],"wp:attachment":[{"href":"https:\/\/tropicalhotel.it\/fr\/wp-json\/wp\/v2\/media?parent=1128"}],"curies":[{"name":"wp","href":"https:\/\/api.w.org\/{rel}","templated":true}]}}