{"id":1134,"date":"2024-12-18T09:12:36","date_gmt":"2024-12-18T09:12:36","guid":{"rendered":"https:\/\/staging.tropicalhotel.it\/by-night\/casabianca-cafe\/"},"modified":"2025-01-31T09:26:31","modified_gmt":"2025-01-31T09:26:31","slug":"casabianca-cafe","status":"publish","type":"page","link":"https:\/\/tropicalhotel.it\/fr\/attractions\/by-night\/casabianca-cafe\/","title":{"rendered":"CASABIANCA CAF\u00c8"},"content":{"rendered":"\n<p>Le caf\u00e9 CASABIANCA est un lieu tr\u00e8s \u00e9l\u00e9gant, classe mais aussi informel. C&rsquo;est l&rsquo;endroit id\u00e9al pour prendre l&rsquo;ap\u00e9ritif, toujours accompagn\u00e9 de musique live. Au premier \u00e9tage se trouve le salon du jardin sur le toit, un endroit raffin\u00e9 o\u00f9 vous pouvez siroter votre cocktail \u00e0 deux pas des \u00e9toiles.<\/p>\n\n\n\n<p>Ce lieu est ouvert toute l&rsquo;ann\u00e9e et constitue l&rsquo;un des endroits les plus branch\u00e9s de la sc\u00e8ne nocturne de Jesolo.<\/p>\n\n\n\n<p>INFO&nbsp;\u2192<br>Via dei Pioppi, 46 (distanza 7 km)<\/p>\n\n\n\n<p><a href=\"https:\/\/www.tropicalhotel.it\/#facebook\" rel=\"noreferrer noopener\" target=\"_blank\">Facebook<\/a><a href=\"https:\/\/www.tropicalhotel.it\/#twitter\" rel=\"noreferrer noopener\" target=\"_blank\">Twitter<\/a><a href=\"https:\/\/www.addtoany.com\/add_to\/google_plus?linkurl=https%3A%2F%2Fwww.tropicalhotel.it%2Fby-night%2Fcasabianca-cafe-jesolo%2F&amp;linkname=CASABIANCA%20Caf%C3%A8\" rel=\"noreferrer noopener\" target=\"_blank\"><\/a><a href=\"https:\/\/www.addtoany.com\/share#url=https%3A%2F%2Fwww.tropicalhotel.it%2Fby-night%2Fcasabianca-cafe-jesolo%2F&amp;title=CASABIANCA%20Caf%C3%A8\">Condividi<\/a><\/p>\n\n\n\n<p><\/p>\n","protected":false},"excerpt":{"rendered":"<p>Le caf\u00e9 CASABIANCA est un lieu tr\u00e8s \u00e9l\u00e9gant, classe mais aussi informel. C&rsquo;est l&rsquo;endroit id\u00e9al pour prendre l&rsquo;ap\u00e9ritif, toujours accompagn\u00e9 de musique live. Au premier \u00e9tage se trouve le salon du jardin sur le toit, un endroit raffin\u00e9 o\u00f9 vous pouvez siroter votre cocktail \u00e0 deux pas des \u00e9toiles. Ce lieu est ouvert toute l&rsquo;ann\u00e9e [&hellip;]<\/p>\n","protected":false},"author":1,"featured_media":844,"parent":1030,"menu_order":0,"comment_status":"closed","ping_status":"closed","template":"templates\/lista-figlio.php","meta":{"_acf_changed":false,"footnotes":""},"class_list":["post-1134","page","type-page","status-publish","has-post-thumbnail","hentry"],"acf":[],"_links":{"self":[{"href":"https:\/\/tropicalhotel.it\/fr\/wp-json\/wp\/v2\/pages\/1134","targetHints":{"allow":["GET"]}}],"collection":[{"href":"https:\/\/tropicalhotel.it\/fr\/wp-json\/wp\/v2\/pages"}],"about":[{"href":"https:\/\/tropicalhotel.it\/fr\/wp-json\/wp\/v2\/types\/page"}],"author":[{"embeddable":true,"href":"https:\/\/tropicalhotel.it\/fr\/wp-json\/wp\/v2\/users\/1"}],"replies":[{"embeddable":true,"href":"https:\/\/tropicalhotel.it\/fr\/wp-json\/wp\/v2\/comments?post=1134"}],"version-history":[{"count":3,"href":"https:\/\/tropicalhotel.it\/fr\/wp-json\/wp\/v2\/pages\/1134\/revisions"}],"predecessor-version":[{"id":1433,"href":"https:\/\/tropicalhotel.it\/fr\/wp-json\/wp\/v2\/pages\/1134\/revisions\/1433"}],"up":[{"embeddable":true,"href":"https:\/\/tropicalhotel.it\/fr\/wp-json\/wp\/v2\/pages\/1030"}],"wp:featuredmedia":[{"embeddable":true,"href":"https:\/\/tropicalhotel.it\/fr\/wp-json\/wp\/v2\/media\/844"}],"wp:attachment":[{"href":"https:\/\/tropicalhotel.it\/fr\/wp-json\/wp\/v2\/media?parent=1134"}],"curies":[{"name":"wp","href":"https:\/\/api.w.org\/{rel}","templated":true}]}}