{"id":1140,"date":"2024-12-18T09:41:51","date_gmt":"2024-12-18T09:41:51","guid":{"rendered":"https:\/\/staging.tropicalhotel.it\/by-night\/il-muretto\/"},"modified":"2025-01-31T10:54:35","modified_gmt":"2025-01-31T10:54:35","slug":"il-muretto-disco","status":"publish","type":"page","link":"https:\/\/tropicalhotel.it\/fr\/attractions\/by-night\/il-muretto-disco\/","title":{"rendered":"IL MURETTO"},"content":{"rendered":"\n<p>Le DISCO IL MURETTO de Jesolo est l&rsquo;un des clubs les plus r\u00e9put\u00e9s au monde. Certains des meilleurs DJ et producteurs de diff\u00e9rents continents y ont jou\u00e9.<br>La discoth\u00e8que est ouverte toute l&rsquo;ann\u00e9e. Vous pourrez y passer vos soir\u00e9es en profitant d&rsquo;\u00e9motions fortes gr\u00e2ce \u00e0 une excellente musique et \u00e0 un service de qualit\u00e9 toujours \u00e0 l&rsquo;\u00e9coute de ses clients.<\/p>\n\n\n\n<p>INFO&nbsp;\u2192<br>Via Roma Destra, 120 (distanza 7 km)<\/p>\n\n\n\n<p><a href=\"https:\/\/www.tropicalhotel.it\/#facebook\" rel=\"noreferrer noopener\" target=\"_blank\">Facebook<\/a><a href=\"https:\/\/www.tropicalhotel.it\/#twitter\" rel=\"noreferrer noopener\" target=\"_blank\">Twitter<\/a><a href=\"https:\/\/www.addtoany.com\/add_to\/google_plus?linkurl=https%3A%2F%2Fwww.tropicalhotel.it%2Fby-night%2Fil-muretto-jesolo%2F&amp;linkname=IL%20MURETTO\" rel=\"noreferrer noopener\" target=\"_blank\"><\/a><a href=\"https:\/\/www.addtoany.com\/share#url=https%3A%2F%2Fwww.tropicalhotel.it%2Fby-night%2Fil-muretto-jesolo%2F&amp;title=IL%20MURETTO\">Condividi<\/a><\/p>\n\n\n\n<p><\/p>\n","protected":false},"excerpt":{"rendered":"<p>Le DISCO IL MURETTO de Jesolo est l&rsquo;un des clubs les plus r\u00e9put\u00e9s au monde. Certains des meilleurs DJ et producteurs de diff\u00e9rents continents y ont jou\u00e9.La discoth\u00e8que est ouverte toute l&rsquo;ann\u00e9e. Vous pourrez y passer vos soir\u00e9es en profitant d&rsquo;\u00e9motions fortes gr\u00e2ce \u00e0 une excellente musique et \u00e0 un service de qualit\u00e9 toujours \u00e0 [&hellip;]<\/p>\n","protected":false},"author":1,"featured_media":836,"parent":1030,"menu_order":0,"comment_status":"closed","ping_status":"closed","template":"templates\/lista-figlio.php","meta":{"_acf_changed":false,"footnotes":""},"class_list":["post-1140","page","type-page","status-publish","has-post-thumbnail","hentry"],"acf":[],"_links":{"self":[{"href":"https:\/\/tropicalhotel.it\/fr\/wp-json\/wp\/v2\/pages\/1140","targetHints":{"allow":["GET"]}}],"collection":[{"href":"https:\/\/tropicalhotel.it\/fr\/wp-json\/wp\/v2\/pages"}],"about":[{"href":"https:\/\/tropicalhotel.it\/fr\/wp-json\/wp\/v2\/types\/page"}],"author":[{"embeddable":true,"href":"https:\/\/tropicalhotel.it\/fr\/wp-json\/wp\/v2\/users\/1"}],"replies":[{"embeddable":true,"href":"https:\/\/tropicalhotel.it\/fr\/wp-json\/wp\/v2\/comments?post=1140"}],"version-history":[{"count":4,"href":"https:\/\/tropicalhotel.it\/fr\/wp-json\/wp\/v2\/pages\/1140\/revisions"}],"predecessor-version":[{"id":1478,"href":"https:\/\/tropicalhotel.it\/fr\/wp-json\/wp\/v2\/pages\/1140\/revisions\/1478"}],"up":[{"embeddable":true,"href":"https:\/\/tropicalhotel.it\/fr\/wp-json\/wp\/v2\/pages\/1030"}],"wp:featuredmedia":[{"embeddable":true,"href":"https:\/\/tropicalhotel.it\/fr\/wp-json\/wp\/v2\/media\/836"}],"wp:attachment":[{"href":"https:\/\/tropicalhotel.it\/fr\/wp-json\/wp\/v2\/media?parent=1140"}],"curies":[{"name":"wp","href":"https:\/\/api.w.org\/{rel}","templated":true}]}}