{"id":1146,"date":"2024-12-18T09:06:45","date_gmt":"2024-12-18T09:06:45","guid":{"rendered":"https:\/\/staging.tropicalhotel.it\/by-night\/limobus\/"},"modified":"2025-01-31T12:49:25","modified_gmt":"2025-01-31T12:49:25","slug":"limobus","status":"publish","type":"page","link":"https:\/\/tropicalhotel.it\/fr\/attractions\/by-night\/limobus\/","title":{"rendered":"LIMOBUS"},"content":{"rendered":"\n<p>Le&nbsp;service de navette pour&nbsp;les transports en commun&nbsp;d\u00e9di\u00e9 \u00e0 tous les&nbsp;gens de&nbsp;la nuit.&nbsp;De Juin \u00e0 Ao\u00fbt,&nbsp;de 22,00 \u00e0 5,30&nbsp;heures du matin,&nbsp;marcher sur le&nbsp;rivage de la&nbsp;Cortellazzo&nbsp;LimousineShuttle&nbsp;discoth\u00e8que&nbsp;\u00e0 la vanille et&nbsp;le Camping&nbsp;Marina di&nbsp;Venezia&nbsp;Kclub&nbsp;\u00e0 vous apporter&nbsp;pour d\u00e9couvrir&nbsp;la nuit la plus&nbsp;glamour&nbsp;de Jesolo.<br>Le service&nbsp;s\u2019\u00e9tend de Juin \u00e0&nbsp;Juillet:&nbsp;vendredi, samedi&nbsp;et dimanche&nbsp;dans le&nbsp;mois d\u2019Ao\u00fbt.<\/p>\n\n\n\n<p>INFO&nbsp;\u2192<br>T. +39&nbsp;0421 383633<\/p>\n\n\n\n<p><a href=\"https:\/\/www.tropicalhotel.it\/#facebook\" rel=\"noreferrer noopener\" target=\"_blank\">Facebook<\/a><a href=\"https:\/\/www.tropicalhotel.it\/#twitter\" rel=\"noreferrer noopener\" target=\"_blank\">Twitter<\/a><a href=\"https:\/\/www.addtoany.com\/add_to\/google_plus?linkurl=https%3A%2F%2Fwww.tropicalhotel.it%2Fby-night%2Flimobus-jesolo%2F&amp;linkname=LIMOBUS\" rel=\"noreferrer noopener\" target=\"_blank\"><\/a><a href=\"https:\/\/www.addtoany.com\/share#url=https%3A%2F%2Fwww.tropicalhotel.it%2Fby-night%2Flimobus-jesolo%2F&amp;title=LIMOBUS\">Condividi<\/a><\/p>\n\n\n\n<p><\/p>\n","protected":false},"excerpt":{"rendered":"<p>Le&nbsp;service de navette pour&nbsp;les transports en commun&nbsp;d\u00e9di\u00e9 \u00e0 tous les&nbsp;gens de&nbsp;la nuit.&nbsp;De Juin \u00e0 Ao\u00fbt,&nbsp;de 22,00 \u00e0 5,30&nbsp;heures du matin,&nbsp;marcher sur le&nbsp;rivage de la&nbsp;Cortellazzo&nbsp;LimousineShuttle&nbsp;discoth\u00e8que&nbsp;\u00e0 la vanille et&nbsp;le Camping&nbsp;Marina di&nbsp;Venezia&nbsp;Kclub&nbsp;\u00e0 vous apporter&nbsp;pour d\u00e9couvrir&nbsp;la nuit la plus&nbsp;glamour&nbsp;de Jesolo.Le service&nbsp;s\u2019\u00e9tend de Juin \u00e0&nbsp;Juillet:&nbsp;vendredi, samedi&nbsp;et dimanche&nbsp;dans le&nbsp;mois d\u2019Ao\u00fbt. INFO&nbsp;\u2192T. +39&nbsp;0421 383633 FacebookTwitterCondividi<\/p>\n","protected":false},"author":1,"featured_media":860,"parent":1030,"menu_order":0,"comment_status":"closed","ping_status":"closed","template":"templates\/lista-figlio.php","meta":{"_acf_changed":false,"footnotes":""},"class_list":["post-1146","page","type-page","status-publish","has-post-thumbnail","hentry"],"acf":[],"_links":{"self":[{"href":"https:\/\/tropicalhotel.it\/fr\/wp-json\/wp\/v2\/pages\/1146","targetHints":{"allow":["GET"]}}],"collection":[{"href":"https:\/\/tropicalhotel.it\/fr\/wp-json\/wp\/v2\/pages"}],"about":[{"href":"https:\/\/tropicalhotel.it\/fr\/wp-json\/wp\/v2\/types\/page"}],"author":[{"embeddable":true,"href":"https:\/\/tropicalhotel.it\/fr\/wp-json\/wp\/v2\/users\/1"}],"replies":[{"embeddable":true,"href":"https:\/\/tropicalhotel.it\/fr\/wp-json\/wp\/v2\/comments?post=1146"}],"version-history":[{"count":3,"href":"https:\/\/tropicalhotel.it\/fr\/wp-json\/wp\/v2\/pages\/1146\/revisions"}],"predecessor-version":[{"id":1494,"href":"https:\/\/tropicalhotel.it\/fr\/wp-json\/wp\/v2\/pages\/1146\/revisions\/1494"}],"up":[{"embeddable":true,"href":"https:\/\/tropicalhotel.it\/fr\/wp-json\/wp\/v2\/pages\/1030"}],"wp:featuredmedia":[{"embeddable":true,"href":"https:\/\/tropicalhotel.it\/fr\/wp-json\/wp\/v2\/media\/860"}],"wp:attachment":[{"href":"https:\/\/tropicalhotel.it\/fr\/wp-json\/wp\/v2\/media?parent=1146"}],"curies":[{"name":"wp","href":"https:\/\/api.w.org\/{rel}","templated":true}]}}