{"id":1149,"date":"2024-12-18T09:11:32","date_gmt":"2024-12-18T09:11:32","guid":{"rendered":"https:\/\/staging.tropicalhotel.it\/by-night\/marina-club\/"},"modified":"2025-01-31T12:59:02","modified_gmt":"2025-01-31T12:59:02","slug":"marina-club","status":"publish","type":"page","link":"https:\/\/tropicalhotel.it\/fr\/attractions\/by-night\/marina-club\/","title":{"rendered":"MARINA CLUB"},"content":{"rendered":"\n<p>Une\u00a0disco-bar,\u00a0jardin d\u2019\u00e9t\u00e9\u00a0bar \u00e0 vin\u00a0et restaurant:\u00a0ce sont les\u00a0multiples facettes\u00a0d\u2019un\u00a0night-club\u00a0unique\u00a0\u2013 le Club\u00a0Marina,\u00a0un lieu de plaisir\u00a0qui est devenu\u00a0un must pour ceux\u00a0qui aiment la musique,\u00a0y compris les spectacles.\u00a0Les artistes qui\u00a0ont jou\u00e9\u00a0au Club\u00a0Marina\u00a0comprennent\u00a0Mario\u00a0Biondi,Dolcenera,\u00a0Alberto\u00a0Fortis,\u00a0Irene\u00a0Fornaciari,\u00a0Arisa\u00a0et Noemi,\u00a0en collaboration avec\u00a0le jazz\u00a0international et\u00a0des artistes de blues.\u00a0Chaque\u00a0mercredi, vendredi,\u00a0samedi et dimanche\u00a0il ya des\u00a0DJ sets\u00a0avec\u00a0Daniele\u00a0Danieli,\u00a0Fausto\u00a0Messina\u00a0et Luciano\u00a0Gaggia.\u00a0Le\u00a0restaurant est ouvert de\u00a020 heures.Cette ann\u00e9e, le\u00a0night-club\u00a0dispose \u00e9galement d\u2019un\u00a0bar \u00e0 vin\u00a0enti\u00e8rement mis \u00e0 jour:\u00a0les\u00a0nouveaux silos\u00a0dans le jardin\u00a0ont \u00e9t\u00e9 transform\u00e9es en\u00a0une boutique\u00a0bon vin,\u00a0o\u00f9 vous pourrez d\u00e9guster\u00a0les meilleurs cocktails\u00a0et de vins mousseux\u00a0en collaboration avec\u00a0les hu\u00eetres\u00a0et autres gourmandises.<\/p>\n\n\n\n<p>INFO&nbsp;\u2192<br>Via Roma Destra 120\/b (distanza 6 km)<br>E. marinaclub@hotmail.it<br>T. +39&nbsp;0421 370645<br><a href=\"http:\/\/www.marinaclubjesolo.com\/\" target=\"_blank\" rel=\"noreferrer noopener\">www.marinaclubjesolo.com<\/a><\/p>\n\n\n\n<p>Foto&nbsp;\u00a9 www.marinaclubjesolo.com<\/p>\n\n\n\n<p><a href=\"https:\/\/www.tropicalhotel.it\/#facebook\" rel=\"noreferrer noopener\" target=\"_blank\">Facebook<\/a><a href=\"https:\/\/www.tropicalhotel.it\/#twitter\" rel=\"noreferrer noopener\" target=\"_blank\">Twitter<\/a><a href=\"https:\/\/www.addtoany.com\/add_to\/google_plus?linkurl=https%3A%2F%2Fwww.tropicalhotel.it%2Fby-night%2Fmarina-club-jesolo%2F&amp;linkname=MARINA%20CLUB\" rel=\"noreferrer noopener\" target=\"_blank\"><\/a><a href=\"https:\/\/www.addtoany.com\/share#url=https%3A%2F%2Fwww.tropicalhotel.it%2Fby-night%2Fmarina-club-jesolo%2F&amp;title=MARINA%20CLUB\">Condividi<\/a><\/p>\n","protected":false},"excerpt":{"rendered":"<p>Une\u00a0disco-bar,\u00a0jardin d\u2019\u00e9t\u00e9\u00a0bar \u00e0 vin\u00a0et restaurant:\u00a0ce sont les\u00a0multiples facettes\u00a0d\u2019un\u00a0night-club\u00a0unique\u00a0\u2013 le Club\u00a0Marina,\u00a0un lieu de plaisir\u00a0qui est devenu\u00a0un must pour ceux\u00a0qui aiment la musique,\u00a0y compris les spectacles.\u00a0Les artistes qui\u00a0ont jou\u00e9\u00a0au Club\u00a0Marina\u00a0comprennent\u00a0Mario\u00a0Biondi,Dolcenera,\u00a0Alberto\u00a0Fortis,\u00a0Irene\u00a0Fornaciari,\u00a0Arisa\u00a0et Noemi,\u00a0en collaboration avec\u00a0le jazz\u00a0international et\u00a0des artistes de blues.\u00a0Chaque\u00a0mercredi, vendredi,\u00a0samedi et dimanche\u00a0il ya des\u00a0DJ sets\u00a0avec\u00a0Daniele\u00a0Danieli,\u00a0Fausto\u00a0Messina\u00a0et Luciano\u00a0Gaggia.\u00a0Le\u00a0restaurant est ouvert de\u00a020 heures.Cette ann\u00e9e, le\u00a0night-club\u00a0dispose \u00e9galement d\u2019un\u00a0bar \u00e0 vin\u00a0enti\u00e8rement mis \u00e0 [&hellip;]<\/p>\n","protected":false},"author":1,"featured_media":893,"parent":1030,"menu_order":0,"comment_status":"closed","ping_status":"closed","template":"templates\/lista-figlio.php","meta":{"_acf_changed":false,"footnotes":""},"class_list":["post-1149","page","type-page","status-publish","has-post-thumbnail","hentry"],"acf":[],"_links":{"self":[{"href":"https:\/\/tropicalhotel.it\/fr\/wp-json\/wp\/v2\/pages\/1149","targetHints":{"allow":["GET"]}}],"collection":[{"href":"https:\/\/tropicalhotel.it\/fr\/wp-json\/wp\/v2\/pages"}],"about":[{"href":"https:\/\/tropicalhotel.it\/fr\/wp-json\/wp\/v2\/types\/page"}],"author":[{"embeddable":true,"href":"https:\/\/tropicalhotel.it\/fr\/wp-json\/wp\/v2\/users\/1"}],"replies":[{"embeddable":true,"href":"https:\/\/tropicalhotel.it\/fr\/wp-json\/wp\/v2\/comments?post=1149"}],"version-history":[{"count":2,"href":"https:\/\/tropicalhotel.it\/fr\/wp-json\/wp\/v2\/pages\/1149\/revisions"}],"predecessor-version":[{"id":1504,"href":"https:\/\/tropicalhotel.it\/fr\/wp-json\/wp\/v2\/pages\/1149\/revisions\/1504"}],"up":[{"embeddable":true,"href":"https:\/\/tropicalhotel.it\/fr\/wp-json\/wp\/v2\/pages\/1030"}],"wp:featuredmedia":[{"embeddable":true,"href":"https:\/\/tropicalhotel.it\/fr\/wp-json\/wp\/v2\/media\/893"}],"wp:attachment":[{"href":"https:\/\/tropicalhotel.it\/fr\/wp-json\/wp\/v2\/media?parent=1149"}],"curies":[{"name":"wp","href":"https:\/\/api.w.org\/{rel}","templated":true}]}}