{"id":1152,"date":"2024-12-18T09:46:34","date_gmt":"2024-12-18T09:46:34","guid":{"rendered":"https:\/\/staging.tropicalhotel.it\/by-night\/morgans-pub\/"},"modified":"2025-01-31T13:06:20","modified_gmt":"2025-01-31T13:06:20","slug":"morgans-pub-jesolo","status":"publish","type":"page","link":"https:\/\/tropicalhotel.it\/fr\/attractions\/by-night\/morgans-pub-jesolo\/","title":{"rendered":"MORGAN\u2019S PUB"},"content":{"rendered":"\n<p>MORGAN&rsquo;S PUB est un lieu historique, tr\u00e8s appr\u00e9ci\u00e9 par ceux qui aiment passer la nuit \u00e0 Jesolo. Avec son ambiance latine, ses cocktails br\u00e9siliens et ses snacks imaginatifs, le Morgan&rsquo;s Pub est l&rsquo;endroit id\u00e9al pour un ap\u00e9ritif, mais aussi pour un digestif.<br>Chaque ann\u00e9e, en avril et en septembre, les femmes sexy, les motards et les pirates sont les bienvenus \u00e0 l&rsquo;\u00e9v\u00e9nement le plus rock du pub Morgan&rsquo;s \u00e0 Jesolo.<br>Tous les jeudis, un rock acoustique est propos\u00e9 aux pirates de passage.<br>Notre liste de cocktails avec l&rsquo;offre 2\u00d71, embarquez avec nous tous les mardis de 19h \u00e0 21h !<\/p>\n\n\n\n<p>Le pub est ouvert pendant toute la saison estivale.<\/p>\n\n\n\n<p>INFO&nbsp;\u2192<br>Via Bafile, 225 (distanza 7 km)<br>E. morganspubjesolo@gmail.com<br><a href=\"https:\/\/www.morganspub.it\/\" target=\"_blank\" rel=\"noopener\">https:\/\/www.morganspub.it<\/a><br>T. +39 347 640 9003<\/p>\n\n\n\n<p><a href=\"https:\/\/www.tropicalhotel.it\/#facebook\" rel=\"noreferrer noopener\" target=\"_blank\"><\/a><\/p>\n","protected":false},"excerpt":{"rendered":"<p>MORGAN&rsquo;S PUB est un lieu historique, tr\u00e8s appr\u00e9ci\u00e9 par ceux qui aiment passer la nuit \u00e0 Jesolo. Avec son ambiance latine, ses cocktails br\u00e9siliens et ses snacks imaginatifs, le Morgan&rsquo;s Pub est l&rsquo;endroit id\u00e9al pour un ap\u00e9ritif, mais aussi pour un digestif.Chaque ann\u00e9e, en avril et en septembre, les femmes sexy, les motards et les [&hellip;]<\/p>\n","protected":false},"author":1,"featured_media":864,"parent":1030,"menu_order":0,"comment_status":"closed","ping_status":"closed","template":"templates\/lista-figlio.php","meta":{"_acf_changed":false,"footnotes":""},"class_list":["post-1152","page","type-page","status-publish","has-post-thumbnail","hentry"],"acf":[],"_links":{"self":[{"href":"https:\/\/tropicalhotel.it\/fr\/wp-json\/wp\/v2\/pages\/1152","targetHints":{"allow":["GET"]}}],"collection":[{"href":"https:\/\/tropicalhotel.it\/fr\/wp-json\/wp\/v2\/pages"}],"about":[{"href":"https:\/\/tropicalhotel.it\/fr\/wp-json\/wp\/v2\/types\/page"}],"author":[{"embeddable":true,"href":"https:\/\/tropicalhotel.it\/fr\/wp-json\/wp\/v2\/users\/1"}],"replies":[{"embeddable":true,"href":"https:\/\/tropicalhotel.it\/fr\/wp-json\/wp\/v2\/comments?post=1152"}],"version-history":[{"count":3,"href":"https:\/\/tropicalhotel.it\/fr\/wp-json\/wp\/v2\/pages\/1152\/revisions"}],"predecessor-version":[{"id":1513,"href":"https:\/\/tropicalhotel.it\/fr\/wp-json\/wp\/v2\/pages\/1152\/revisions\/1513"}],"up":[{"embeddable":true,"href":"https:\/\/tropicalhotel.it\/fr\/wp-json\/wp\/v2\/pages\/1030"}],"wp:featuredmedia":[{"embeddable":true,"href":"https:\/\/tropicalhotel.it\/fr\/wp-json\/wp\/v2\/media\/864"}],"wp:attachment":[{"href":"https:\/\/tropicalhotel.it\/fr\/wp-json\/wp\/v2\/media?parent=1152"}],"curies":[{"name":"wp","href":"https:\/\/api.w.org\/{rel}","templated":true}]}}