{"id":1155,"date":"2024-12-18T08:54:22","date_gmt":"2024-12-18T08:54:22","guid":{"rendered":"https:\/\/staging.tropicalhotel.it\/by-night\/new-jesolandia\/"},"modified":"2025-01-31T13:10:08","modified_gmt":"2025-01-31T13:10:08","slug":"nouveau-jesolandia","status":"publish","type":"page","link":"https:\/\/tropicalhotel.it\/fr\/attractions\/by-night\/nouveau-jesolandia\/","title":{"rendered":"NEW JESOLANDIA"},"content":{"rendered":"\n<p><strong>New Jesolandia<\/strong>\u00a0est le nouveau parc d\u2019attractions sur le th\u00e8me de Jesolo. D\u00e9velopp\u00e9 dans une zone de 20.000 m\u00e8tres carr\u00e9s \u00e0 l\u2019entr\u00e9e du Lido di Jesolo offre des attractions et d\u2019amusement pour petits et grands, en mettant l\u2019accent sur les familles. Navettes gratuites de la rue principale du parc toutes les 30 minutes<br><\/p>\n\n\n\n<p>INFO \u2192<br>Via Lucio Battisti (distanza 3 km)<br>E.&nbsp;info@newjesolandia.com<br><a href=\"http:\/\/www.newjesolandia.com\/index.php\" target=\"_blank\" rel=\"noreferrer noopener\">www.newjesolandia.com<\/a><\/p>\n\n\n\n<p><\/p>\n","protected":false},"excerpt":{"rendered":"<p>New Jesolandia\u00a0est le nouveau parc d\u2019attractions sur le th\u00e8me de Jesolo. D\u00e9velopp\u00e9 dans une zone de 20.000 m\u00e8tres carr\u00e9s \u00e0 l\u2019entr\u00e9e du Lido di Jesolo offre des attractions et d\u2019amusement pour petits et grands, en mettant l\u2019accent sur les familles. Navettes gratuites de la rue principale du parc toutes les 30 minutes INFO \u2192Via Lucio [&hellip;]<\/p>\n","protected":false},"author":1,"featured_media":852,"parent":1030,"menu_order":0,"comment_status":"closed","ping_status":"closed","template":"templates\/lista-figlio.php","meta":{"_acf_changed":false,"footnotes":""},"class_list":["post-1155","page","type-page","status-publish","has-post-thumbnail","hentry"],"acf":[],"yoast_head":"<!-- This site is optimized with the Yoast SEO plugin v27.0 - https:\/\/yoast.com\/product\/yoast-seo-wordpress\/ -->\n<title>New Jesolandia Jesolo : le parc d\u2019attractions pour toute la famille<\/title>\n<meta name=\"description\" content=\"D\u00e9couvrez New Jesolandia Jesolo, un parc d\u2019attractions de 20 000 m\u00b2 avec des man\u00e8ges pour tous, dans un cadre s\u00e9curis\u00e9 et convivial.\" \/>\n<meta name=\"robots\" content=\"index, follow, max-snippet:-1, max-image-preview:large, max-video-preview:-1\" \/>\n<link rel=\"canonical\" href=\"https:\/\/tropicalhotel.it\/fr\/attractions\/by-night\/nouveau-jesolandia\/\" \/>\n<meta property=\"og:locale\" content=\"fr_FR\" \/>\n<meta property=\"og:type\" content=\"article\" \/>\n<meta property=\"og:title\" content=\"New Jesolandia Jesolo : le parc d\u2019attractions pour toute la famille\" \/>\n<meta property=\"og:description\" content=\"D\u00e9couvrez New Jesolandia Jesolo, un parc d\u2019attractions de 20 000 m\u00b2 avec des man\u00e8ges pour tous, dans un cadre s\u00e9curis\u00e9 et convivial.\" \/>\n<meta property=\"og:url\" content=\"https:\/\/tropicalhotel.it\/fr\/attractions\/by-night\/nouveau-jesolandia\/\" \/>\n<meta property=\"og:site_name\" content=\"Tropical Hotel Jesolo\" \/>\n<meta property=\"article:publisher\" content=\"https:\/\/www.facebook.com\/Tropical-Hotel-Jesolo-276868195688612\/\" \/>\n<meta property=\"article:modified_time\" content=\"2025-01-31T13:10:08+00:00\" \/>\n<meta property=\"og:image\" content=\"https:\/\/tropicalhotel.it\/wp-content\/uploads\/2024\/12\/Newjesolandia-EVI-Tropical-1600x558-1.jpg\" \/>\n\t<meta property=\"og:image:width\" content=\"1600\" \/>\n\t<meta property=\"og:image:height\" content=\"558\" \/>\n\t<meta property=\"og:image:type\" content=\"image\/jpeg\" \/>\n<meta name=\"twitter:card\" content=\"summary_large_image\" \/>\n<meta name=\"twitter:label1\" content=\"Dur\u00e9e de lecture estim\u00e9e\" \/>\n\t<meta name=\"twitter:data1\" content=\"1 minute\" \/>\n<script type=\"application\/ld+json\" class=\"yoast-schema-graph\">{\"@context\":\"https:\/\/schema.org\",\"@graph\":[{\"@type\":\"WebPage\",\"@id\":\"https:\/\/tropicalhotel.it\/fr\/attractions\/by-night\/nouveau-jesolandia\/\",\"url\":\"https:\/\/tropicalhotel.it\/fr\/attractions\/by-night\/nouveau-jesolandia\/\",\"name\":\"New Jesolandia Jesolo : le parc d\u2019attractions pour toute la famille\",\"isPartOf\":{\"@id\":\"https:\/\/tropicalhotel.it\/fr\/#website\"},\"primaryImageOfPage\":{\"@id\":\"https:\/\/tropicalhotel.it\/fr\/attractions\/by-night\/nouveau-jesolandia\/#primaryimage\"},\"image\":{\"@id\":\"https:\/\/tropicalhotel.it\/fr\/attractions\/by-night\/nouveau-jesolandia\/#primaryimage\"},\"thumbnailUrl\":\"https:\/\/tropicalhotel.it\/wp-content\/uploads\/2024\/12\/Newjesolandia-EVI-Tropical-1600x558-1.jpg\",\"datePublished\":\"2024-12-18T08:54:22+00:00\",\"dateModified\":\"2025-01-31T13:10:08+00:00\",\"description\":\"D\u00e9couvrez New Jesolandia Jesolo, un parc d\u2019attractions de 20 000 m\u00b2 avec des man\u00e8ges pour tous, dans un cadre s\u00e9curis\u00e9 et convivial.\",\"breadcrumb\":{\"@id\":\"https:\/\/tropicalhotel.it\/fr\/attractions\/by-night\/nouveau-jesolandia\/#breadcrumb\"},\"inLanguage\":\"fr-FR\",\"potentialAction\":[{\"@type\":\"ReadAction\",\"target\":[\"https:\/\/tropicalhotel.it\/fr\/attractions\/by-night\/nouveau-jesolandia\/\"]}]},{\"@type\":\"ImageObject\",\"inLanguage\":\"fr-FR\",\"@id\":\"https:\/\/tropicalhotel.it\/fr\/attractions\/by-night\/nouveau-jesolandia\/#primaryimage\",\"url\":\"https:\/\/tropicalhotel.it\/wp-content\/uploads\/2024\/12\/Newjesolandia-EVI-Tropical-1600x558-1.jpg\",\"contentUrl\":\"https:\/\/tropicalhotel.it\/wp-content\/uploads\/2024\/12\/Newjesolandia-EVI-Tropical-1600x558-1.jpg\",\"width\":1600,\"height\":558,\"caption\":\"New Jesolandia\"},{\"@type\":\"BreadcrumbList\",\"@id\":\"https:\/\/tropicalhotel.it\/fr\/attractions\/by-night\/nouveau-jesolandia\/#breadcrumb\",\"itemListElement\":[{\"@type\":\"ListItem\",\"position\":1,\"name\":\"Home\",\"item\":\"https:\/\/tropicalhotel.it\/fr\/\"},{\"@type\":\"ListItem\",\"position\":2,\"name\":\"Attractions\",\"item\":\"https:\/\/tropicalhotel.it\/fr\/attractions\/\"},{\"@type\":\"ListItem\",\"position\":3,\"name\":\"By Night\",\"item\":\"https:\/\/tropicalhotel.it\/fr\/attractions\/by-night\/\"},{\"@type\":\"ListItem\",\"position\":4,\"name\":\"NEW JESOLANDIA\"}]},{\"@type\":\"WebSite\",\"@id\":\"https:\/\/tropicalhotel.it\/fr\/#website\",\"url\":\"https:\/\/tropicalhotel.it\/fr\/\",\"name\":\"Tropical Hotel Jesolo\",\"description\":\"Hotel 3 stelle a Jesolo\",\"publisher\":{\"@id\":\"https:\/\/tropicalhotel.it\/fr\/#organization\"},\"potentialAction\":[{\"@type\":\"SearchAction\",\"target\":{\"@type\":\"EntryPoint\",\"urlTemplate\":\"https:\/\/tropicalhotel.it\/fr\/?s={search_term_string}\"},\"query-input\":{\"@type\":\"PropertyValueSpecification\",\"valueRequired\":true,\"valueName\":\"search_term_string\"}}],\"inLanguage\":\"fr-FR\"},{\"@type\":\"Organization\",\"@id\":\"https:\/\/tropicalhotel.it\/fr\/#organization\",\"name\":\"Tropical Hotel Jesolo\",\"url\":\"https:\/\/tropicalhotel.it\/fr\/\",\"logo\":{\"@type\":\"ImageObject\",\"inLanguage\":\"fr-FR\",\"@id\":\"https:\/\/tropicalhotel.it\/fr\/#\/schema\/logo\/image\/\",\"url\":\"https:\/\/tropicalhotel.it\/wp-content\/uploads\/2024\/12\/Logo-Tropical-Verticale-2-2.jpg\",\"contentUrl\":\"https:\/\/tropicalhotel.it\/wp-content\/uploads\/2024\/12\/Logo-Tropical-Verticale-2-2.jpg\",\"width\":190,\"height\":147,\"caption\":\"Tropical Hotel Jesolo\"},\"image\":{\"@id\":\"https:\/\/tropicalhotel.it\/fr\/#\/schema\/logo\/image\/\"},\"sameAs\":[\"https:\/\/www.facebook.com\/Tropical-Hotel-Jesolo-276868195688612\/\",\"https:\/\/www.instagram.com\/tropicalhoteljesolo\/\"]}]}<\/script>\n<!-- \/ Yoast SEO plugin. -->","yoast_head_json":{"title":"New Jesolandia Jesolo : le parc d\u2019attractions pour toute la famille","description":"D\u00e9couvrez New Jesolandia Jesolo, un parc d\u2019attractions de 20 000 m\u00b2 avec des man\u00e8ges pour tous, dans un cadre s\u00e9curis\u00e9 et convivial.","robots":{"index":"index","follow":"follow","max-snippet":"max-snippet:-1","max-image-preview":"max-image-preview:large","max-video-preview":"max-video-preview:-1"},"canonical":"https:\/\/tropicalhotel.it\/fr\/attractions\/by-night\/nouveau-jesolandia\/","og_locale":"fr_FR","og_type":"article","og_title":"New Jesolandia Jesolo : le parc d\u2019attractions pour toute la famille","og_description":"D\u00e9couvrez New Jesolandia Jesolo, un parc d\u2019attractions de 20 000 m\u00b2 avec des man\u00e8ges pour tous, dans un cadre s\u00e9curis\u00e9 et convivial.","og_url":"https:\/\/tropicalhotel.it\/fr\/attractions\/by-night\/nouveau-jesolandia\/","og_site_name":"Tropical Hotel Jesolo","article_publisher":"https:\/\/www.facebook.com\/Tropical-Hotel-Jesolo-276868195688612\/","article_modified_time":"2025-01-31T13:10:08+00:00","og_image":[{"width":1600,"height":558,"url":"https:\/\/tropicalhotel.it\/wp-content\/uploads\/2024\/12\/Newjesolandia-EVI-Tropical-1600x558-1.jpg","type":"image\/jpeg"}],"twitter_card":"summary_large_image","twitter_misc":{"Dur\u00e9e de lecture estim\u00e9e":"1 minute"},"schema":{"@context":"https:\/\/schema.org","@graph":[{"@type":"WebPage","@id":"https:\/\/tropicalhotel.it\/fr\/attractions\/by-night\/nouveau-jesolandia\/","url":"https:\/\/tropicalhotel.it\/fr\/attractions\/by-night\/nouveau-jesolandia\/","name":"New Jesolandia Jesolo : le parc d\u2019attractions pour toute la famille","isPartOf":{"@id":"https:\/\/tropicalhotel.it\/fr\/#website"},"primaryImageOfPage":{"@id":"https:\/\/tropicalhotel.it\/fr\/attractions\/by-night\/nouveau-jesolandia\/#primaryimage"},"image":{"@id":"https:\/\/tropicalhotel.it\/fr\/attractions\/by-night\/nouveau-jesolandia\/#primaryimage"},"thumbnailUrl":"https:\/\/tropicalhotel.it\/wp-content\/uploads\/2024\/12\/Newjesolandia-EVI-Tropical-1600x558-1.jpg","datePublished":"2024-12-18T08:54:22+00:00","dateModified":"2025-01-31T13:10:08+00:00","description":"D\u00e9couvrez New Jesolandia Jesolo, un parc d\u2019attractions de 20 000 m\u00b2 avec des man\u00e8ges pour tous, dans un cadre s\u00e9curis\u00e9 et convivial.","breadcrumb":{"@id":"https:\/\/tropicalhotel.it\/fr\/attractions\/by-night\/nouveau-jesolandia\/#breadcrumb"},"inLanguage":"fr-FR","potentialAction":[{"@type":"ReadAction","target":["https:\/\/tropicalhotel.it\/fr\/attractions\/by-night\/nouveau-jesolandia\/"]}]},{"@type":"ImageObject","inLanguage":"fr-FR","@id":"https:\/\/tropicalhotel.it\/fr\/attractions\/by-night\/nouveau-jesolandia\/#primaryimage","url":"https:\/\/tropicalhotel.it\/wp-content\/uploads\/2024\/12\/Newjesolandia-EVI-Tropical-1600x558-1.jpg","contentUrl":"https:\/\/tropicalhotel.it\/wp-content\/uploads\/2024\/12\/Newjesolandia-EVI-Tropical-1600x558-1.jpg","width":1600,"height":558,"caption":"New Jesolandia"},{"@type":"BreadcrumbList","@id":"https:\/\/tropicalhotel.it\/fr\/attractions\/by-night\/nouveau-jesolandia\/#breadcrumb","itemListElement":[{"@type":"ListItem","position":1,"name":"Home","item":"https:\/\/tropicalhotel.it\/fr\/"},{"@type":"ListItem","position":2,"name":"Attractions","item":"https:\/\/tropicalhotel.it\/fr\/attractions\/"},{"@type":"ListItem","position":3,"name":"By Night","item":"https:\/\/tropicalhotel.it\/fr\/attractions\/by-night\/"},{"@type":"ListItem","position":4,"name":"NEW JESOLANDIA"}]},{"@type":"WebSite","@id":"https:\/\/tropicalhotel.it\/fr\/#website","url":"https:\/\/tropicalhotel.it\/fr\/","name":"Tropical Hotel Jesolo","description":"Hotel 3 stelle a Jesolo","publisher":{"@id":"https:\/\/tropicalhotel.it\/fr\/#organization"},"potentialAction":[{"@type":"SearchAction","target":{"@type":"EntryPoint","urlTemplate":"https:\/\/tropicalhotel.it\/fr\/?s={search_term_string}"},"query-input":{"@type":"PropertyValueSpecification","valueRequired":true,"valueName":"search_term_string"}}],"inLanguage":"fr-FR"},{"@type":"Organization","@id":"https:\/\/tropicalhotel.it\/fr\/#organization","name":"Tropical Hotel Jesolo","url":"https:\/\/tropicalhotel.it\/fr\/","logo":{"@type":"ImageObject","inLanguage":"fr-FR","@id":"https:\/\/tropicalhotel.it\/fr\/#\/schema\/logo\/image\/","url":"https:\/\/tropicalhotel.it\/wp-content\/uploads\/2024\/12\/Logo-Tropical-Verticale-2-2.jpg","contentUrl":"https:\/\/tropicalhotel.it\/wp-content\/uploads\/2024\/12\/Logo-Tropical-Verticale-2-2.jpg","width":190,"height":147,"caption":"Tropical Hotel Jesolo"},"image":{"@id":"https:\/\/tropicalhotel.it\/fr\/#\/schema\/logo\/image\/"},"sameAs":["https:\/\/www.facebook.com\/Tropical-Hotel-Jesolo-276868195688612\/","https:\/\/www.instagram.com\/tropicalhoteljesolo\/"]}]}},"_links":{"self":[{"href":"https:\/\/tropicalhotel.it\/fr\/wp-json\/wp\/v2\/pages\/1155","targetHints":{"allow":["GET"]}}],"collection":[{"href":"https:\/\/tropicalhotel.it\/fr\/wp-json\/wp\/v2\/pages"}],"about":[{"href":"https:\/\/tropicalhotel.it\/fr\/wp-json\/wp\/v2\/types\/page"}],"author":[{"embeddable":true,"href":"https:\/\/tropicalhotel.it\/fr\/wp-json\/wp\/v2\/users\/1"}],"replies":[{"embeddable":true,"href":"https:\/\/tropicalhotel.it\/fr\/wp-json\/wp\/v2\/comments?post=1155"}],"version-history":[{"count":3,"href":"https:\/\/tropicalhotel.it\/fr\/wp-json\/wp\/v2\/pages\/1155\/revisions"}],"predecessor-version":[{"id":1549,"href":"https:\/\/tropicalhotel.it\/fr\/wp-json\/wp\/v2\/pages\/1155\/revisions\/1549"}],"up":[{"embeddable":true,"href":"https:\/\/tropicalhotel.it\/fr\/wp-json\/wp\/v2\/pages\/1030"}],"wp:featuredmedia":[{"embeddable":true,"href":"https:\/\/tropicalhotel.it\/fr\/wp-json\/wp\/v2\/media\/852"}],"wp:attachment":[{"href":"https:\/\/tropicalhotel.it\/fr\/wp-json\/wp\/v2\/media?parent=1155"}],"curies":[{"name":"wp","href":"https:\/\/api.w.org\/{rel}","templated":true}]}}