{"id":1737,"date":"2025-01-08T09:06:38","date_gmt":"2025-01-08T09:06:38","guid":{"rendered":"https:\/\/staging.tropicalhotel.it\/?page_id=1737"},"modified":"2025-02-20T11:44:34","modified_gmt":"2025-02-20T11:44:34","slug":"formule-dejeuner-a-emporter","status":"publish","type":"page","link":"https:\/\/tropicalhotel.it\/fr\/formule-dejeuner-a-emporter\/","title":{"rendered":"Formule d\u00e9jeuner \u00e0 emporter"},"content":{"rendered":"\n<p><strong>Salade C\u00e9sar<\/strong><br>\u20ac 10,00<br>Ingr\u00e9dients : laitue, cro\u00fbtons, filet de poulet, parmesan, sauce C\u00e9sar<\/p>\n\n\n\n<p><strong>Salade de poisson<\/strong><br>\u20ac 11,00<br>Ingr\u00e9dients : poulpe, seiche, tomates, concombres, courgettes, carottes, c\u00e9leri<\/p>\n\n\n\n<p><strong>Salade grecque<\/strong><br>\u20ac 8,00<br>Ingr\u00e9dients : salade mixte, tomates, concombres, olives, feta, oignon de Tropea<\/p>\n\n\n\n<p><strong>Salade m\u00e9diterran\u00e9enne<\/strong><br>\u20ac 9,00<br>Ingr\u00e9dients : haricots verts, tomates, olives, \u0153ufs durs, thon, oignon de Tropea<\/p>\n\n\n\n<p><strong>Carpaccio de bresaola<\/strong><br>\u20ac 11,00<br>Ingr\u00e9dients : carpaccio de bresaola, roquette, parmesan, tomates cerises<\/p>\n\n\n\n<p><strong>SERVICE SUR R\u00c9SERVATION DISPONIBLE DE 12H00 \u00c0 13H00<\/strong><\/p>\n","protected":false},"excerpt":{"rendered":"<p>Salade C\u00e9sar\u20ac 10,00Ingr\u00e9dients : laitue, cro\u00fbtons, filet de poulet, parmesan, sauce C\u00e9sar Salade de poisson\u20ac 11,00Ingr\u00e9dients : poulpe, seiche, tomates, concombres, courgettes, carottes, c\u00e9leri Salade grecque\u20ac 8,00Ingr\u00e9dients : salade mixte, tomates, concombres, olives, feta, oignon de Tropea Salade m\u00e9diterran\u00e9enne\u20ac 9,00Ingr\u00e9dients : haricots verts, tomates, olives, \u0153ufs durs, thon, oignon de Tropea Carpaccio de bresaola\u20ac 11,00Ingr\u00e9dients [&hellip;]<\/p>\n","protected":false},"author":1,"featured_media":1612,"parent":0,"menu_order":0,"comment_status":"closed","ping_status":"closed","template":"","meta":{"_acf_changed":false,"footnotes":""},"class_list":["post-1737","page","type-page","status-publish","has-post-thumbnail","hentry"],"acf":[],"yoast_head":"<!-- This site is optimized with the Yoast SEO plugin v27.0 - https:\/\/yoast.com\/product\/yoast-seo-wordpress\/ -->\n<title>Formule d\u00e9jeuner \u00e0 emporter - Tropical Hotel Jesolo<\/title>\n<meta name=\"description\" content=\"Optez pour notre formule d\u00e9jeuner \u00e0 emporter pour un repas savoureux et pratique! D\u00e9couvrez le menu et commandez votre plat pr\u00e9f\u00e9r\u00e9!\" \/>\n<meta name=\"robots\" content=\"index, follow, max-snippet:-1, max-image-preview:large, max-video-preview:-1\" \/>\n<link rel=\"canonical\" href=\"https:\/\/tropicalhotel.it\/fr\/formule-dejeuner-a-emporter\/\" \/>\n<meta property=\"og:locale\" content=\"fr_FR\" \/>\n<meta property=\"og:type\" content=\"article\" \/>\n<meta property=\"og:title\" content=\"Formule d\u00e9jeuner \u00e0 emporter - Tropical Hotel Jesolo\" \/>\n<meta property=\"og:description\" content=\"Optez pour notre formule d\u00e9jeuner \u00e0 emporter pour un repas savoureux et pratique! D\u00e9couvrez le menu et commandez votre plat pr\u00e9f\u00e9r\u00e9!\" \/>\n<meta property=\"og:url\" content=\"https:\/\/tropicalhotel.it\/fr\/formule-dejeuner-a-emporter\/\" \/>\n<meta property=\"og:site_name\" content=\"Tropical Hotel Jesolo\" \/>\n<meta property=\"article:publisher\" content=\"https:\/\/www.facebook.com\/Tropical-Hotel-Jesolo-276868195688612\/\" \/>\n<meta property=\"article:modified_time\" content=\"2025-02-20T11:44:34+00:00\" \/>\n<meta property=\"og:image\" content=\"https:\/\/tropicalhotel.it\/wp-content\/uploads\/2025\/01\/insalata-tropical.jpg\" \/>\n\t<meta property=\"og:image:width\" content=\"1600\" \/>\n\t<meta property=\"og:image:height\" content=\"558\" \/>\n\t<meta property=\"og:image:type\" content=\"image\/jpeg\" \/>\n<meta name=\"twitter:card\" content=\"summary_large_image\" \/>\n<meta name=\"twitter:label1\" content=\"Dur\u00e9e de lecture estim\u00e9e\" \/>\n\t<meta name=\"twitter:data1\" content=\"1 minute\" \/>\n<script type=\"application\/ld+json\" class=\"yoast-schema-graph\">{\"@context\":\"https:\/\/schema.org\",\"@graph\":[{\"@type\":\"WebPage\",\"@id\":\"https:\/\/tropicalhotel.it\/fr\/formule-dejeuner-a-emporter\/\",\"url\":\"https:\/\/tropicalhotel.it\/fr\/formule-dejeuner-a-emporter\/\",\"name\":\"Formule d\u00e9jeuner \u00e0 emporter - Tropical Hotel Jesolo\",\"isPartOf\":{\"@id\":\"https:\/\/tropicalhotel.it\/fr\/#website\"},\"primaryImageOfPage\":{\"@id\":\"https:\/\/tropicalhotel.it\/fr\/formule-dejeuner-a-emporter\/#primaryimage\"},\"image\":{\"@id\":\"https:\/\/tropicalhotel.it\/fr\/formule-dejeuner-a-emporter\/#primaryimage\"},\"thumbnailUrl\":\"https:\/\/tropicalhotel.it\/wp-content\/uploads\/2025\/01\/insalata-tropical.jpg\",\"datePublished\":\"2025-01-08T09:06:38+00:00\",\"dateModified\":\"2025-02-20T11:44:34+00:00\",\"description\":\"Optez pour notre formule d\u00e9jeuner \u00e0 emporter pour un repas savoureux et pratique! D\u00e9couvrez le menu et commandez votre plat pr\u00e9f\u00e9r\u00e9!\",\"breadcrumb\":{\"@id\":\"https:\/\/tropicalhotel.it\/fr\/formule-dejeuner-a-emporter\/#breadcrumb\"},\"inLanguage\":\"fr-FR\",\"potentialAction\":[{\"@type\":\"ReadAction\",\"target\":[\"https:\/\/tropicalhotel.it\/fr\/formule-dejeuner-a-emporter\/\"]}]},{\"@type\":\"ImageObject\",\"inLanguage\":\"fr-FR\",\"@id\":\"https:\/\/tropicalhotel.it\/fr\/formule-dejeuner-a-emporter\/#primaryimage\",\"url\":\"https:\/\/tropicalhotel.it\/wp-content\/uploads\/2025\/01\/insalata-tropical.jpg\",\"contentUrl\":\"https:\/\/tropicalhotel.it\/wp-content\/uploads\/2025\/01\/insalata-tropical.jpg\",\"width\":1600,\"height\":558},{\"@type\":\"BreadcrumbList\",\"@id\":\"https:\/\/tropicalhotel.it\/fr\/formule-dejeuner-a-emporter\/#breadcrumb\",\"itemListElement\":[{\"@type\":\"ListItem\",\"position\":1,\"name\":\"Home\",\"item\":\"https:\/\/tropicalhotel.it\/fr\/\"},{\"@type\":\"ListItem\",\"position\":2,\"name\":\"Formule d\u00e9jeuner \u00e0 emporter\"}]},{\"@type\":\"WebSite\",\"@id\":\"https:\/\/tropicalhotel.it\/fr\/#website\",\"url\":\"https:\/\/tropicalhotel.it\/fr\/\",\"name\":\"Tropical Hotel Jesolo\",\"description\":\"Hotel 3 stelle a Jesolo\",\"publisher\":{\"@id\":\"https:\/\/tropicalhotel.it\/fr\/#organization\"},\"potentialAction\":[{\"@type\":\"SearchAction\",\"target\":{\"@type\":\"EntryPoint\",\"urlTemplate\":\"https:\/\/tropicalhotel.it\/fr\/?s={search_term_string}\"},\"query-input\":{\"@type\":\"PropertyValueSpecification\",\"valueRequired\":true,\"valueName\":\"search_term_string\"}}],\"inLanguage\":\"fr-FR\"},{\"@type\":\"Organization\",\"@id\":\"https:\/\/tropicalhotel.it\/fr\/#organization\",\"name\":\"Tropical Hotel Jesolo\",\"url\":\"https:\/\/tropicalhotel.it\/fr\/\",\"logo\":{\"@type\":\"ImageObject\",\"inLanguage\":\"fr-FR\",\"@id\":\"https:\/\/tropicalhotel.it\/fr\/#\/schema\/logo\/image\/\",\"url\":\"https:\/\/tropicalhotel.it\/wp-content\/uploads\/2024\/12\/Logo-Tropical-Verticale-2-2.jpg\",\"contentUrl\":\"https:\/\/tropicalhotel.it\/wp-content\/uploads\/2024\/12\/Logo-Tropical-Verticale-2-2.jpg\",\"width\":190,\"height\":147,\"caption\":\"Tropical Hotel Jesolo\"},\"image\":{\"@id\":\"https:\/\/tropicalhotel.it\/fr\/#\/schema\/logo\/image\/\"},\"sameAs\":[\"https:\/\/www.facebook.com\/Tropical-Hotel-Jesolo-276868195688612\/\",\"https:\/\/www.instagram.com\/tropicalhoteljesolo\/\"]}]}<\/script>\n<!-- \/ Yoast SEO plugin. -->","yoast_head_json":{"title":"Formule d\u00e9jeuner \u00e0 emporter - Tropical Hotel Jesolo","description":"Optez pour notre formule d\u00e9jeuner \u00e0 emporter pour un repas savoureux et pratique! D\u00e9couvrez le menu et commandez votre plat pr\u00e9f\u00e9r\u00e9!","robots":{"index":"index","follow":"follow","max-snippet":"max-snippet:-1","max-image-preview":"max-image-preview:large","max-video-preview":"max-video-preview:-1"},"canonical":"https:\/\/tropicalhotel.it\/fr\/formule-dejeuner-a-emporter\/","og_locale":"fr_FR","og_type":"article","og_title":"Formule d\u00e9jeuner \u00e0 emporter - Tropical Hotel Jesolo","og_description":"Optez pour notre formule d\u00e9jeuner \u00e0 emporter pour un repas savoureux et pratique! D\u00e9couvrez le menu et commandez votre plat pr\u00e9f\u00e9r\u00e9!","og_url":"https:\/\/tropicalhotel.it\/fr\/formule-dejeuner-a-emporter\/","og_site_name":"Tropical Hotel Jesolo","article_publisher":"https:\/\/www.facebook.com\/Tropical-Hotel-Jesolo-276868195688612\/","article_modified_time":"2025-02-20T11:44:34+00:00","og_image":[{"width":1600,"height":558,"url":"https:\/\/tropicalhotel.it\/wp-content\/uploads\/2025\/01\/insalata-tropical.jpg","type":"image\/jpeg"}],"twitter_card":"summary_large_image","twitter_misc":{"Dur\u00e9e de lecture estim\u00e9e":"1 minute"},"schema":{"@context":"https:\/\/schema.org","@graph":[{"@type":"WebPage","@id":"https:\/\/tropicalhotel.it\/fr\/formule-dejeuner-a-emporter\/","url":"https:\/\/tropicalhotel.it\/fr\/formule-dejeuner-a-emporter\/","name":"Formule d\u00e9jeuner \u00e0 emporter - Tropical Hotel Jesolo","isPartOf":{"@id":"https:\/\/tropicalhotel.it\/fr\/#website"},"primaryImageOfPage":{"@id":"https:\/\/tropicalhotel.it\/fr\/formule-dejeuner-a-emporter\/#primaryimage"},"image":{"@id":"https:\/\/tropicalhotel.it\/fr\/formule-dejeuner-a-emporter\/#primaryimage"},"thumbnailUrl":"https:\/\/tropicalhotel.it\/wp-content\/uploads\/2025\/01\/insalata-tropical.jpg","datePublished":"2025-01-08T09:06:38+00:00","dateModified":"2025-02-20T11:44:34+00:00","description":"Optez pour notre formule d\u00e9jeuner \u00e0 emporter pour un repas savoureux et pratique! D\u00e9couvrez le menu et commandez votre plat pr\u00e9f\u00e9r\u00e9!","breadcrumb":{"@id":"https:\/\/tropicalhotel.it\/fr\/formule-dejeuner-a-emporter\/#breadcrumb"},"inLanguage":"fr-FR","potentialAction":[{"@type":"ReadAction","target":["https:\/\/tropicalhotel.it\/fr\/formule-dejeuner-a-emporter\/"]}]},{"@type":"ImageObject","inLanguage":"fr-FR","@id":"https:\/\/tropicalhotel.it\/fr\/formule-dejeuner-a-emporter\/#primaryimage","url":"https:\/\/tropicalhotel.it\/wp-content\/uploads\/2025\/01\/insalata-tropical.jpg","contentUrl":"https:\/\/tropicalhotel.it\/wp-content\/uploads\/2025\/01\/insalata-tropical.jpg","width":1600,"height":558},{"@type":"BreadcrumbList","@id":"https:\/\/tropicalhotel.it\/fr\/formule-dejeuner-a-emporter\/#breadcrumb","itemListElement":[{"@type":"ListItem","position":1,"name":"Home","item":"https:\/\/tropicalhotel.it\/fr\/"},{"@type":"ListItem","position":2,"name":"Formule d\u00e9jeuner \u00e0 emporter"}]},{"@type":"WebSite","@id":"https:\/\/tropicalhotel.it\/fr\/#website","url":"https:\/\/tropicalhotel.it\/fr\/","name":"Tropical Hotel Jesolo","description":"Hotel 3 stelle a Jesolo","publisher":{"@id":"https:\/\/tropicalhotel.it\/fr\/#organization"},"potentialAction":[{"@type":"SearchAction","target":{"@type":"EntryPoint","urlTemplate":"https:\/\/tropicalhotel.it\/fr\/?s={search_term_string}"},"query-input":{"@type":"PropertyValueSpecification","valueRequired":true,"valueName":"search_term_string"}}],"inLanguage":"fr-FR"},{"@type":"Organization","@id":"https:\/\/tropicalhotel.it\/fr\/#organization","name":"Tropical Hotel Jesolo","url":"https:\/\/tropicalhotel.it\/fr\/","logo":{"@type":"ImageObject","inLanguage":"fr-FR","@id":"https:\/\/tropicalhotel.it\/fr\/#\/schema\/logo\/image\/","url":"https:\/\/tropicalhotel.it\/wp-content\/uploads\/2024\/12\/Logo-Tropical-Verticale-2-2.jpg","contentUrl":"https:\/\/tropicalhotel.it\/wp-content\/uploads\/2024\/12\/Logo-Tropical-Verticale-2-2.jpg","width":190,"height":147,"caption":"Tropical Hotel Jesolo"},"image":{"@id":"https:\/\/tropicalhotel.it\/fr\/#\/schema\/logo\/image\/"},"sameAs":["https:\/\/www.facebook.com\/Tropical-Hotel-Jesolo-276868195688612\/","https:\/\/www.instagram.com\/tropicalhoteljesolo\/"]}]}},"_links":{"self":[{"href":"https:\/\/tropicalhotel.it\/fr\/wp-json\/wp\/v2\/pages\/1737","targetHints":{"allow":["GET"]}}],"collection":[{"href":"https:\/\/tropicalhotel.it\/fr\/wp-json\/wp\/v2\/pages"}],"about":[{"href":"https:\/\/tropicalhotel.it\/fr\/wp-json\/wp\/v2\/types\/page"}],"author":[{"embeddable":true,"href":"https:\/\/tropicalhotel.it\/fr\/wp-json\/wp\/v2\/users\/1"}],"replies":[{"embeddable":true,"href":"https:\/\/tropicalhotel.it\/fr\/wp-json\/wp\/v2\/comments?post=1737"}],"version-history":[{"count":1,"href":"https:\/\/tropicalhotel.it\/fr\/wp-json\/wp\/v2\/pages\/1737\/revisions"}],"predecessor-version":[{"id":1738,"href":"https:\/\/tropicalhotel.it\/fr\/wp-json\/wp\/v2\/pages\/1737\/revisions\/1738"}],"wp:featuredmedia":[{"embeddable":true,"href":"https:\/\/tropicalhotel.it\/fr\/wp-json\/wp\/v2\/media\/1612"}],"wp:attachment":[{"href":"https:\/\/tropicalhotel.it\/fr\/wp-json\/wp\/v2\/media?parent=1737"}],"curies":[{"name":"wp","href":"https:\/\/api.w.org\/{rel}","templated":true}]}}