{"id":1742,"date":"2025-01-08T09:03:54","date_gmt":"2025-01-08T09:03:54","guid":{"rendered":"https:\/\/staging.tropicalhotel.it\/?page_id=1742"},"modified":"2025-04-07T12:18:40","modified_gmt":"2025-04-07T12:18:40","slug":"restaurant","status":"publish","type":"page","link":"https:\/\/tropicalhotel.it\/fr\/restaurant\/","title":{"rendered":"Restaurant"},"content":{"rendered":"\n<p><strong>Excellente cuisine avec choix de menu<\/strong><br>Tous les plats sont pr\u00e9par\u00e9s avec des produits frais et de haute qualit\u00e9, en privil\u00e9giant les ingr\u00e9dients locaux, directement s\u00e9lectionn\u00e9s et cuisin\u00e9s par notre Chef avec soin et passion. Notre menu offre un large choix de plats traditionnels italiens, tout en r\u00e9pondant \u00e9galement aux besoins des v\u00e9g\u00e9tariens et des amateurs de cuisine naturelle. Une attention particuli\u00e8re est \u00e9galement port\u00e9e aux menus pour enfants.<\/p>\n\n\n\n<p><strong>Profitez des vacances parfaites<\/strong><br>Savourez les saveurs m\u00e9diterran\u00e9ennes et l\u2019ar\u00f4me incomparable d\u2019un d\u00e9licieux petit-d\u00e9jeuner servi par notre personnel chaleureux, avec des p\u00e2tisseries maison, charcuteries et fromages, yaourt, caf\u00e9, jus de fruits et bien plus encore ! Pour commencer la journ\u00e9e de la meilleure mani\u00e8re possible !<\/p>\n\n\n\n<p class=\"has-text-color has-link-color wp-elements-20c677ce27f79f3c43bb92daf2255886\" style=\"color:#c47b27\"><strong>NOUVEAUT\u00c9 2025<\/strong><br><strong>FORMULE D\u00c9JEUNER<\/strong><\/p>\n\n\n\n<p>Exclusivement pour les clients de l&rsquo;<strong>H\u00f4tel Tropical<\/strong>, nous proposons cette ann\u00e9e la tr\u00e8s appr\u00e9ci\u00e9e formule d\u00e9jeuner avec notre partenaire <strong>Ristorante\/Pizzeria Happy Days<\/strong>, situ\u00e9 \u00e0 seulement 20 m\u00e8tres de nous.<br>Gr\u00e2ce \u00e0 notre accord sp\u00e9cial avec une carte d\u00e9di\u00e9e,<\/p>\n\n\n\n<p>Vous b\u00e9n\u00e9ficiez d&rsquo;une remise imm\u00e9diate de 10 % sur le prix affich\u00e9 pour le d\u00e9jeuner, \u00e0 tout moment, sans les contraintes des horaires de repas de l&rsquo;h\u00f4tel.<\/p>\n\n\n\n<p>Les propositions du menu sont disponibles <strong><a href=\"https:\/\/tropicalhotel.it\/wp-content\/uploads\/happy-days-menu.pdf\" target=\"_blank\" rel=\"noreferrer noopener\">EN CLIQUANT ICI<\/a><\/strong>.<br>Une petite pause \u00e0 emporter avec des plats frais, parmi lesquels des p\u00e2tes ou du riz assaisonn\u00e9s et de copieuses salades, peut \u00eatre r\u00e9serv\u00e9e la veille au soir.<\/p>\n\n\n\n<p>Les propositions de la <strong>formule d\u00e9jeuner \u00e0 emporter<\/strong> sont disponibles <strong><a href=\"https:\/\/tropicalhotel.it\/fr\/formule-dejeuner-a-emporter\/\">EN CLIQUANT ICI<\/a><\/strong>.<br>Pour les enfants, nous avons cr\u00e9\u00e9 un espace <strong>baby food<\/strong> pour le d\u00e9jeuner. Ici, les parents peuvent pr\u00e9parer des repas chauds pour leurs b\u00e9b\u00e9s avec l\u2019aide de nos chefs.<\/p>\n\n\n\n<p><strong>Si vous souhaitez consulter la carte des vins, <a href=\"https:\/\/tropicalhotel.it\/fr\/carta-dei-vini\/\">CLIQUEZ ICI<\/a><\/strong><\/p>\n","protected":false},"excerpt":{"rendered":"<p>Excellente cuisine avec choix de menuTous les plats sont pr\u00e9par\u00e9s avec des produits frais et de haute qualit\u00e9, en privil\u00e9giant les ingr\u00e9dients locaux, directement s\u00e9lectionn\u00e9s et cuisin\u00e9s par notre Chef avec soin et passion. Notre menu offre un large choix de plats traditionnels italiens, tout en r\u00e9pondant \u00e9galement aux besoins des v\u00e9g\u00e9tariens et des amateurs [&hellip;]<\/p>\n","protected":false},"author":1,"featured_media":1606,"parent":0,"menu_order":0,"comment_status":"closed","ping_status":"closed","template":"","meta":{"_acf_changed":false,"footnotes":""},"class_list":["post-1742","page","type-page","status-publish","has-post-thumbnail","hentry"],"acf":[],"_links":{"self":[{"href":"https:\/\/tropicalhotel.it\/fr\/wp-json\/wp\/v2\/pages\/1742","targetHints":{"allow":["GET"]}}],"collection":[{"href":"https:\/\/tropicalhotel.it\/fr\/wp-json\/wp\/v2\/pages"}],"about":[{"href":"https:\/\/tropicalhotel.it\/fr\/wp-json\/wp\/v2\/types\/page"}],"author":[{"embeddable":true,"href":"https:\/\/tropicalhotel.it\/fr\/wp-json\/wp\/v2\/users\/1"}],"replies":[{"embeddable":true,"href":"https:\/\/tropicalhotel.it\/fr\/wp-json\/wp\/v2\/comments?post=1742"}],"version-history":[{"count":5,"href":"https:\/\/tropicalhotel.it\/fr\/wp-json\/wp\/v2\/pages\/1742\/revisions"}],"predecessor-version":[{"id":3070,"href":"https:\/\/tropicalhotel.it\/fr\/wp-json\/wp\/v2\/pages\/1742\/revisions\/3070"}],"wp:featuredmedia":[{"embeddable":true,"href":"https:\/\/tropicalhotel.it\/fr\/wp-json\/wp\/v2\/media\/1606"}],"wp:attachment":[{"href":"https:\/\/tropicalhotel.it\/fr\/wp-json\/wp\/v2\/media?parent=1742"}],"curies":[{"name":"wp","href":"https:\/\/api.w.org\/{rel}","templated":true}]}}