{"id":2079,"date":"2025-01-09T10:35:50","date_gmt":"2025-01-09T10:35:50","guid":{"rendered":"https:\/\/staging.tropicalhotel.it\/attrazioni\/"},"modified":"2025-04-07T13:04:59","modified_gmt":"2025-04-07T13:04:59","slug":"attractions","status":"publish","type":"page","link":"https:\/\/tropicalhotel.it\/fr\/attractions\/","title":{"rendered":"Attractions"},"content":{"rendered":"\n<p><strong>D\u00e9couvrez tout ce que Jesolo a \u00e0 offrir<\/strong><br>Entre d\u00e9tente sur la plage et animations nocturnes, Jesolo regorge d\u2019activit\u00e9s pour tous les go\u00fbts. Partez en excursion, pratiquez des sports, visitez des lieux culturels, amusez-vous dans les parcs et vivez une vie nocturne anim\u00e9e. Le Tropical Hotel est le point de d\u00e9part id\u00e9al pour une exp\u00e9rience riche et vari\u00e9e.<\/p>\n","protected":false},"excerpt":{"rendered":"<p>D\u00e9couvrez tout ce que Jesolo a \u00e0 offrirEntre d\u00e9tente sur la plage et animations nocturnes, Jesolo regorge d\u2019activit\u00e9s pour tous les go\u00fbts. Partez en excursion, pratiquez des sports, visitez des lieux culturels, amusez-vous dans les parcs et vivez une vie nocturne anim\u00e9e. Le Tropical Hotel est le point de d\u00e9part id\u00e9al pour une exp\u00e9rience riche [&hellip;]<\/p>\n","protected":false},"author":1,"featured_media":2072,"parent":0,"menu_order":0,"comment_status":"closed","ping_status":"closed","template":"templates\/lista.php","meta":{"_acf_changed":false,"footnotes":""},"class_list":["post-2079","page","type-page","status-publish","has-post-thumbnail","hentry"],"acf":[],"_links":{"self":[{"href":"https:\/\/tropicalhotel.it\/fr\/wp-json\/wp\/v2\/pages\/2079","targetHints":{"allow":["GET"]}}],"collection":[{"href":"https:\/\/tropicalhotel.it\/fr\/wp-json\/wp\/v2\/pages"}],"about":[{"href":"https:\/\/tropicalhotel.it\/fr\/wp-json\/wp\/v2\/types\/page"}],"author":[{"embeddable":true,"href":"https:\/\/tropicalhotel.it\/fr\/wp-json\/wp\/v2\/users\/1"}],"replies":[{"embeddable":true,"href":"https:\/\/tropicalhotel.it\/fr\/wp-json\/wp\/v2\/comments?post=2079"}],"version-history":[{"count":3,"href":"https:\/\/tropicalhotel.it\/fr\/wp-json\/wp\/v2\/pages\/2079\/revisions"}],"predecessor-version":[{"id":3075,"href":"https:\/\/tropicalhotel.it\/fr\/wp-json\/wp\/v2\/pages\/2079\/revisions\/3075"}],"wp:featuredmedia":[{"embeddable":true,"href":"https:\/\/tropicalhotel.it\/fr\/wp-json\/wp\/v2\/media\/2072"}],"wp:attachment":[{"href":"https:\/\/tropicalhotel.it\/fr\/wp-json\/wp\/v2\/media?parent=2079"}],"curies":[{"name":"wp","href":"https:\/\/api.w.org\/{rel}","templated":true}]}}