{"id":2194,"date":"2024-12-17T10:00:42","date_gmt":"2024-12-17T10:00:42","guid":{"rendered":"https:\/\/staging.tropicalhotel.it\/hotel\/"},"modified":"2025-02-20T12:50:15","modified_gmt":"2025-02-20T12:50:15","slug":"hotel","status":"publish","type":"page","link":"https:\/\/tropicalhotel.it\/fr\/hotel\/","title":{"rendered":"H\u00f4tel"},"content":{"rendered":"\n<p>L&rsquo;H\u00f4tel Tropical, dans un environnement en<strong>\u00a0harmonie avec la nature<\/strong>, \u00e0 quelques pas de la mer o\u00f9 vous pourrez vous relaxer et vous r\u00e9g\u00e9n\u00e9rer, offre les \u00e9l\u00e9ments essentiels pour vos vacances, un lieu accueillant, riche en simplicit\u00e9 et cordialit\u00e9, o\u00f9 vous trouverez la qualit\u00e9 des services. R\u00e9nov\u00e9 d\u2019une mani\u00e8re discr\u00e8te et \u00e9l\u00e9gante, il unit relax et divertissement dans une position id\u00e9ale sur la rue principale qui se transforme, les soirs d\u2019\u00e9t\u00e9, en zone pi\u00e9tonne. Notre parking priv\u00e9 et des bicyclettes gratuites sont \u00e0 disposition de la client\u00e8le de l\u2019h\u00f4tel.<\/p>\n\n\n\n<p><\/p>\n","protected":false},"excerpt":{"rendered":"<p>L&rsquo;H\u00f4tel Tropical, dans un environnement en\u00a0harmonie avec la nature, \u00e0 quelques pas de la mer o\u00f9 vous pourrez vous relaxer et vous r\u00e9g\u00e9n\u00e9rer, offre les \u00e9l\u00e9ments essentiels pour vos vacances, un lieu accueillant, riche en simplicit\u00e9 et cordialit\u00e9, o\u00f9 vous trouverez la qualit\u00e9 des services. R\u00e9nov\u00e9 d\u2019une mani\u00e8re discr\u00e8te et \u00e9l\u00e9gante, il unit relax et [&hellip;]<\/p>\n","protected":false},"author":1,"featured_media":0,"parent":0,"menu_order":0,"comment_status":"closed","ping_status":"closed","template":"templates\/lista.php","meta":{"_acf_changed":false,"footnotes":""},"class_list":["post-2194","page","type-page","status-publish","hentry"],"acf":[],"_links":{"self":[{"href":"https:\/\/tropicalhotel.it\/fr\/wp-json\/wp\/v2\/pages\/2194","targetHints":{"allow":["GET"]}}],"collection":[{"href":"https:\/\/tropicalhotel.it\/fr\/wp-json\/wp\/v2\/pages"}],"about":[{"href":"https:\/\/tropicalhotel.it\/fr\/wp-json\/wp\/v2\/types\/page"}],"author":[{"embeddable":true,"href":"https:\/\/tropicalhotel.it\/fr\/wp-json\/wp\/v2\/users\/1"}],"replies":[{"embeddable":true,"href":"https:\/\/tropicalhotel.it\/fr\/wp-json\/wp\/v2\/comments?post=2194"}],"version-history":[{"count":2,"href":"https:\/\/tropicalhotel.it\/fr\/wp-json\/wp\/v2\/pages\/2194\/revisions"}],"predecessor-version":[{"id":2202,"href":"https:\/\/tropicalhotel.it\/fr\/wp-json\/wp\/v2\/pages\/2194\/revisions\/2202"}],"wp:attachment":[{"href":"https:\/\/tropicalhotel.it\/fr\/wp-json\/wp\/v2\/media?parent=2194"}],"curies":[{"name":"wp","href":"https:\/\/api.w.org\/{rel}","templated":true}]}}