{"id":2205,"date":"2025-01-09T07:43:17","date_gmt":"2025-01-09T07:43:17","guid":{"rendered":"https:\/\/staging.tropicalhotel.it\/hotel\/jesolo-bike-hotel\/"},"modified":"2025-02-21T14:57:38","modified_gmt":"2025-02-21T14:57:38","slug":"jesolo-bike-hotel","status":"publish","type":"page","link":"https:\/\/tropicalhotel.it\/fr\/hotel\/jesolo-bike-hotel\/","title":{"rendered":"Jesolo Bike H\u00f4tel"},"content":{"rendered":"\n<p>Une lagune sauvage avec un \u00e9cosyst\u00e8me vibrant de vie, une pin\u00e8de luxuriante et un centre avec la zone pi\u00e9tonne la plus longue d\u2019Europe\u2026 pr\u00eatons gratuitement!<\/p>\n\n\n\n<p>Si vous aimez le sport et le grand air et cherchez la d\u00e9tente \u00e9galement en dehors de la plage, vous aurez la possibilit\u00e9 d\u2019explorer Jesolo et ses alentours imm\u00e9diats en p\u00e9dalant le long des itin\u00e9raires de&nbsp;<strong>Jesolo Ambient Bike.<\/strong><\/p>\n\n\n\n<p>Stretching de la plage de la lagune, ces itin\u00e9raires&nbsp;<strong>couvrant 150 km<\/strong>&nbsp;ont \u00e9t\u00e9 divis\u00e9s en&nbsp;<strong>6 routes<\/strong>, dont la longueur varie, le niveau de difficult\u00e9 et de la zone d\u2019int\u00e9r\u00eat, tous clairement identifi\u00e9s.<\/p>\n\n\n\n<p>Une fa\u00e7on amusante et abordable de se sentir une partie de cet&nbsp;<strong>habitat vierge unique<\/strong>, o\u00f9 le magnifique lagon se confond avec l\u2019arri\u00e8re-pays entre le fleuve et les terres agricoles.<\/p>\n\n\n\n<p>L\u2019H\u00f4tel Tropical est un&nbsp;<strong>bike h\u00f4tel<\/strong>&nbsp;avec de nombreux autres services compris dans le prix exclusifs pour vous:<\/p>\n\n\n\n<ul class=\"wp-block-list\">\n<li>D\u00e9p\u00f4t bicyclettes d\u00e9di\u00e9 et r\u00e9serv\u00e9<\/li>\n\n\n\n<li>Cartes des diff\u00e9rents parcours cyclables avec des itin\u00e9raires et des descriptions techniques<\/li>\n\n\n\n<li>Riche petit-d\u00e9jeuner \u00e9nerg\u00e9tique sous forme de buffet et panier-repas sur demande<\/li>\n\n\n\n<li>Service de laverie pour v\u00eatements et habillement technique<\/li>\n\n\n\n<li>Location de city bike<\/li>\n\n\n\n<li>Zone lavage bicyclettes et petit atelier \u00e9quip\u00e9 pour l\u2019entretien courant.<\/li>\n<\/ul>\n\n\n\n<p>l\u2019H\u00f4tel met \u00e0 disposition de ses Clients cyclotouristes, \u00e9galement les services conventionn\u00e9s payants suivants:<\/p>\n\n\n\n<ul class=\"wp-block-list\">\n<li>Service navette \u00e0 partir et en direction des a\u00e9roports de Venise et Tr\u00e9vise et les stations.<\/li>\n<\/ul>\n\n\n\n<ul class=\"wp-block-list\">\n<li>Excursions avec guide certifi\u00e9<\/li>\n<\/ul>\n\n\n\n<ul class=\"wp-block-list\">\n<li>Assistance technique qualifi\u00e9e dans un bike shop \u00e0 proximit\u00e9, avec un service de r\u00e9paration dans les 24 heures<\/li>\n<\/ul>\n\n\n\n<ul class=\"wp-block-list\">\n<li>Panier-repas sur demande<\/li>\n<\/ul>\n\n\n\n<ul class=\"wp-block-list\">\n<li>Collation \u00e9nerg\u00e9tique ave sels min\u00e9raux et barres \u00e9nerg\u00e9tiques pour la r\u00e9cup\u00e9ration physique<\/li>\n<\/ul>\n\n\n<div class=\"wp-block-image\">\n<figure class=\"alignleft size-full\"><img loading=\"lazy\" decoding=\"async\" width=\"185\" height=\"160\" src=\"https:\/\/tropicalhotel.it\/wp-content\/uploads\/2025\/01\/Bike-Logo-Tropical.jpg\" alt=\"\" class=\"wp-image-1765\"\/><\/figure>\n<\/div>\n\n\n<p><\/p>\n","protected":false},"excerpt":{"rendered":"<p>Une lagune sauvage avec un \u00e9cosyst\u00e8me vibrant de vie, une pin\u00e8de luxuriante et un centre avec la zone pi\u00e9tonne la plus longue d\u2019Europe\u2026 pr\u00eatons gratuitement! Si vous aimez le sport et le grand air et cherchez la d\u00e9tente \u00e9galement en dehors de la plage, vous aurez la possibilit\u00e9 d\u2019explorer Jesolo et ses alentours imm\u00e9diats en [&hellip;]<\/p>\n","protected":false},"author":1,"featured_media":2142,"parent":2194,"menu_order":0,"comment_status":"closed","ping_status":"closed","template":"","meta":{"_acf_changed":false,"footnotes":""},"class_list":["post-2205","page","type-page","status-publish","has-post-thumbnail","hentry"],"acf":[],"yoast_head":"<!-- This site is optimized with the Yoast SEO plugin v27.0 - https:\/\/yoast.com\/product\/yoast-seo-wordpress\/ -->\n<title>Jesolo Bike H\u00f4tel - Tropical Hotel Jesolo<\/title>\n<meta name=\"description\" content=\"Visitez Jesolo \u00e0 v\u00e9lo ! L\u2019H\u00f4tel Tropical met \u00e0 disposition de ses clients un service de v\u00e9los en libre-service enti\u00e8rement gratuit.\" \/>\n<meta name=\"robots\" content=\"index, follow, max-snippet:-1, max-image-preview:large, max-video-preview:-1\" \/>\n<link rel=\"canonical\" href=\"https:\/\/tropicalhotel.it\/fr\/hotel\/jesolo-bike-hotel\/\" \/>\n<meta property=\"og:locale\" content=\"fr_FR\" \/>\n<meta property=\"og:type\" content=\"article\" \/>\n<meta property=\"og:title\" content=\"Jesolo Bike H\u00f4tel - Tropical Hotel Jesolo\" \/>\n<meta property=\"og:description\" content=\"Visitez Jesolo \u00e0 v\u00e9lo ! L\u2019H\u00f4tel Tropical met \u00e0 disposition de ses clients un service de v\u00e9los en libre-service enti\u00e8rement gratuit.\" \/>\n<meta property=\"og:url\" content=\"https:\/\/tropicalhotel.it\/fr\/hotel\/jesolo-bike-hotel\/\" \/>\n<meta property=\"og:site_name\" content=\"Tropical Hotel Jesolo\" \/>\n<meta property=\"article:publisher\" content=\"https:\/\/www.facebook.com\/Tropical-Hotel-Jesolo-276868195688612\/\" \/>\n<meta property=\"article:modified_time\" content=\"2025-02-21T14:57:38+00:00\" \/>\n<meta property=\"og:image\" content=\"https:\/\/tropicalhotel.it\/wp-content\/uploads\/2025\/02\/Bike-Hotel-Jesolo-EVI-Tropical-1600x558-1.jpg\" \/>\n\t<meta property=\"og:image:width\" content=\"1600\" \/>\n\t<meta property=\"og:image:height\" content=\"558\" \/>\n\t<meta property=\"og:image:type\" content=\"image\/jpeg\" \/>\n<meta name=\"twitter:card\" content=\"summary_large_image\" \/>\n<meta name=\"twitter:label1\" content=\"Dur\u00e9e de lecture estim\u00e9e\" \/>\n\t<meta name=\"twitter:data1\" content=\"2 minutes\" \/>\n<script type=\"application\/ld+json\" class=\"yoast-schema-graph\">{\"@context\":\"https:\/\/schema.org\",\"@graph\":[{\"@type\":\"WebPage\",\"@id\":\"https:\/\/tropicalhotel.it\/fr\/hotel\/jesolo-bike-hotel\/\",\"url\":\"https:\/\/tropicalhotel.it\/fr\/hotel\/jesolo-bike-hotel\/\",\"name\":\"Jesolo Bike H\u00f4tel - Tropical Hotel Jesolo\",\"isPartOf\":{\"@id\":\"https:\/\/tropicalhotel.it\/fr\/#website\"},\"primaryImageOfPage\":{\"@id\":\"https:\/\/tropicalhotel.it\/fr\/hotel\/jesolo-bike-hotel\/#primaryimage\"},\"image\":{\"@id\":\"https:\/\/tropicalhotel.it\/fr\/hotel\/jesolo-bike-hotel\/#primaryimage\"},\"thumbnailUrl\":\"https:\/\/tropicalhotel.it\/wp-content\/uploads\/2025\/02\/Bike-Hotel-Jesolo-EVI-Tropical-1600x558-1.jpg\",\"datePublished\":\"2025-01-09T07:43:17+00:00\",\"dateModified\":\"2025-02-21T14:57:38+00:00\",\"description\":\"Visitez Jesolo \u00e0 v\u00e9lo ! L\u2019H\u00f4tel Tropical met \u00e0 disposition de ses clients un service de v\u00e9los en libre-service enti\u00e8rement gratuit.\",\"breadcrumb\":{\"@id\":\"https:\/\/tropicalhotel.it\/fr\/hotel\/jesolo-bike-hotel\/#breadcrumb\"},\"inLanguage\":\"fr-FR\",\"potentialAction\":[{\"@type\":\"ReadAction\",\"target\":[\"https:\/\/tropicalhotel.it\/fr\/hotel\/jesolo-bike-hotel\/\"]}]},{\"@type\":\"ImageObject\",\"inLanguage\":\"fr-FR\",\"@id\":\"https:\/\/tropicalhotel.it\/fr\/hotel\/jesolo-bike-hotel\/#primaryimage\",\"url\":\"https:\/\/tropicalhotel.it\/wp-content\/uploads\/2025\/02\/Bike-Hotel-Jesolo-EVI-Tropical-1600x558-1.jpg\",\"contentUrl\":\"https:\/\/tropicalhotel.it\/wp-content\/uploads\/2025\/02\/Bike-Hotel-Jesolo-EVI-Tropical-1600x558-1.jpg\",\"width\":1600,\"height\":558},{\"@type\":\"BreadcrumbList\",\"@id\":\"https:\/\/tropicalhotel.it\/fr\/hotel\/jesolo-bike-hotel\/#breadcrumb\",\"itemListElement\":[{\"@type\":\"ListItem\",\"position\":1,\"name\":\"Home\",\"item\":\"https:\/\/tropicalhotel.it\/fr\/\"},{\"@type\":\"ListItem\",\"position\":2,\"name\":\"H\u00f4tel\",\"item\":\"https:\/\/tropicalhotel.it\/fr\/hotel\/\"},{\"@type\":\"ListItem\",\"position\":3,\"name\":\"Jesolo Bike H\u00f4tel\"}]},{\"@type\":\"WebSite\",\"@id\":\"https:\/\/tropicalhotel.it\/fr\/#website\",\"url\":\"https:\/\/tropicalhotel.it\/fr\/\",\"name\":\"Tropical Hotel Jesolo\",\"description\":\"Hotel 3 stelle a Jesolo\",\"publisher\":{\"@id\":\"https:\/\/tropicalhotel.it\/fr\/#organization\"},\"potentialAction\":[{\"@type\":\"SearchAction\",\"target\":{\"@type\":\"EntryPoint\",\"urlTemplate\":\"https:\/\/tropicalhotel.it\/fr\/?s={search_term_string}\"},\"query-input\":{\"@type\":\"PropertyValueSpecification\",\"valueRequired\":true,\"valueName\":\"search_term_string\"}}],\"inLanguage\":\"fr-FR\"},{\"@type\":\"Organization\",\"@id\":\"https:\/\/tropicalhotel.it\/fr\/#organization\",\"name\":\"Tropical Hotel Jesolo\",\"url\":\"https:\/\/tropicalhotel.it\/fr\/\",\"logo\":{\"@type\":\"ImageObject\",\"inLanguage\":\"fr-FR\",\"@id\":\"https:\/\/tropicalhotel.it\/fr\/#\/schema\/logo\/image\/\",\"url\":\"https:\/\/tropicalhotel.it\/wp-content\/uploads\/2024\/12\/Logo-Tropical-Verticale-2-2.jpg\",\"contentUrl\":\"https:\/\/tropicalhotel.it\/wp-content\/uploads\/2024\/12\/Logo-Tropical-Verticale-2-2.jpg\",\"width\":190,\"height\":147,\"caption\":\"Tropical Hotel Jesolo\"},\"image\":{\"@id\":\"https:\/\/tropicalhotel.it\/fr\/#\/schema\/logo\/image\/\"},\"sameAs\":[\"https:\/\/www.facebook.com\/Tropical-Hotel-Jesolo-276868195688612\/\",\"https:\/\/www.instagram.com\/tropicalhoteljesolo\/\"]}]}<\/script>\n<!-- \/ Yoast SEO plugin. -->","yoast_head_json":{"title":"Jesolo Bike H\u00f4tel - Tropical Hotel Jesolo","description":"Visitez Jesolo \u00e0 v\u00e9lo ! L\u2019H\u00f4tel Tropical met \u00e0 disposition de ses clients un service de v\u00e9los en libre-service enti\u00e8rement gratuit.","robots":{"index":"index","follow":"follow","max-snippet":"max-snippet:-1","max-image-preview":"max-image-preview:large","max-video-preview":"max-video-preview:-1"},"canonical":"https:\/\/tropicalhotel.it\/fr\/hotel\/jesolo-bike-hotel\/","og_locale":"fr_FR","og_type":"article","og_title":"Jesolo Bike H\u00f4tel - Tropical Hotel Jesolo","og_description":"Visitez Jesolo \u00e0 v\u00e9lo ! L\u2019H\u00f4tel Tropical met \u00e0 disposition de ses clients un service de v\u00e9los en libre-service enti\u00e8rement gratuit.","og_url":"https:\/\/tropicalhotel.it\/fr\/hotel\/jesolo-bike-hotel\/","og_site_name":"Tropical Hotel Jesolo","article_publisher":"https:\/\/www.facebook.com\/Tropical-Hotel-Jesolo-276868195688612\/","article_modified_time":"2025-02-21T14:57:38+00:00","og_image":[{"width":1600,"height":558,"url":"https:\/\/tropicalhotel.it\/wp-content\/uploads\/2025\/02\/Bike-Hotel-Jesolo-EVI-Tropical-1600x558-1.jpg","type":"image\/jpeg"}],"twitter_card":"summary_large_image","twitter_misc":{"Dur\u00e9e de lecture estim\u00e9e":"2 minutes"},"schema":{"@context":"https:\/\/schema.org","@graph":[{"@type":"WebPage","@id":"https:\/\/tropicalhotel.it\/fr\/hotel\/jesolo-bike-hotel\/","url":"https:\/\/tropicalhotel.it\/fr\/hotel\/jesolo-bike-hotel\/","name":"Jesolo Bike H\u00f4tel - Tropical Hotel Jesolo","isPartOf":{"@id":"https:\/\/tropicalhotel.it\/fr\/#website"},"primaryImageOfPage":{"@id":"https:\/\/tropicalhotel.it\/fr\/hotel\/jesolo-bike-hotel\/#primaryimage"},"image":{"@id":"https:\/\/tropicalhotel.it\/fr\/hotel\/jesolo-bike-hotel\/#primaryimage"},"thumbnailUrl":"https:\/\/tropicalhotel.it\/wp-content\/uploads\/2025\/02\/Bike-Hotel-Jesolo-EVI-Tropical-1600x558-1.jpg","datePublished":"2025-01-09T07:43:17+00:00","dateModified":"2025-02-21T14:57:38+00:00","description":"Visitez Jesolo \u00e0 v\u00e9lo ! L\u2019H\u00f4tel Tropical met \u00e0 disposition de ses clients un service de v\u00e9los en libre-service enti\u00e8rement gratuit.","breadcrumb":{"@id":"https:\/\/tropicalhotel.it\/fr\/hotel\/jesolo-bike-hotel\/#breadcrumb"},"inLanguage":"fr-FR","potentialAction":[{"@type":"ReadAction","target":["https:\/\/tropicalhotel.it\/fr\/hotel\/jesolo-bike-hotel\/"]}]},{"@type":"ImageObject","inLanguage":"fr-FR","@id":"https:\/\/tropicalhotel.it\/fr\/hotel\/jesolo-bike-hotel\/#primaryimage","url":"https:\/\/tropicalhotel.it\/wp-content\/uploads\/2025\/02\/Bike-Hotel-Jesolo-EVI-Tropical-1600x558-1.jpg","contentUrl":"https:\/\/tropicalhotel.it\/wp-content\/uploads\/2025\/02\/Bike-Hotel-Jesolo-EVI-Tropical-1600x558-1.jpg","width":1600,"height":558},{"@type":"BreadcrumbList","@id":"https:\/\/tropicalhotel.it\/fr\/hotel\/jesolo-bike-hotel\/#breadcrumb","itemListElement":[{"@type":"ListItem","position":1,"name":"Home","item":"https:\/\/tropicalhotel.it\/fr\/"},{"@type":"ListItem","position":2,"name":"H\u00f4tel","item":"https:\/\/tropicalhotel.it\/fr\/hotel\/"},{"@type":"ListItem","position":3,"name":"Jesolo Bike H\u00f4tel"}]},{"@type":"WebSite","@id":"https:\/\/tropicalhotel.it\/fr\/#website","url":"https:\/\/tropicalhotel.it\/fr\/","name":"Tropical Hotel Jesolo","description":"Hotel 3 stelle a Jesolo","publisher":{"@id":"https:\/\/tropicalhotel.it\/fr\/#organization"},"potentialAction":[{"@type":"SearchAction","target":{"@type":"EntryPoint","urlTemplate":"https:\/\/tropicalhotel.it\/fr\/?s={search_term_string}"},"query-input":{"@type":"PropertyValueSpecification","valueRequired":true,"valueName":"search_term_string"}}],"inLanguage":"fr-FR"},{"@type":"Organization","@id":"https:\/\/tropicalhotel.it\/fr\/#organization","name":"Tropical Hotel Jesolo","url":"https:\/\/tropicalhotel.it\/fr\/","logo":{"@type":"ImageObject","inLanguage":"fr-FR","@id":"https:\/\/tropicalhotel.it\/fr\/#\/schema\/logo\/image\/","url":"https:\/\/tropicalhotel.it\/wp-content\/uploads\/2024\/12\/Logo-Tropical-Verticale-2-2.jpg","contentUrl":"https:\/\/tropicalhotel.it\/wp-content\/uploads\/2024\/12\/Logo-Tropical-Verticale-2-2.jpg","width":190,"height":147,"caption":"Tropical Hotel Jesolo"},"image":{"@id":"https:\/\/tropicalhotel.it\/fr\/#\/schema\/logo\/image\/"},"sameAs":["https:\/\/www.facebook.com\/Tropical-Hotel-Jesolo-276868195688612\/","https:\/\/www.instagram.com\/tropicalhoteljesolo\/"]}]}},"_links":{"self":[{"href":"https:\/\/tropicalhotel.it\/fr\/wp-json\/wp\/v2\/pages\/2205","targetHints":{"allow":["GET"]}}],"collection":[{"href":"https:\/\/tropicalhotel.it\/fr\/wp-json\/wp\/v2\/pages"}],"about":[{"href":"https:\/\/tropicalhotel.it\/fr\/wp-json\/wp\/v2\/types\/page"}],"author":[{"embeddable":true,"href":"https:\/\/tropicalhotel.it\/fr\/wp-json\/wp\/v2\/users\/1"}],"replies":[{"embeddable":true,"href":"https:\/\/tropicalhotel.it\/fr\/wp-json\/wp\/v2\/comments?post=2205"}],"version-history":[{"count":4,"href":"https:\/\/tropicalhotel.it\/fr\/wp-json\/wp\/v2\/pages\/2205\/revisions"}],"predecessor-version":[{"id":2476,"href":"https:\/\/tropicalhotel.it\/fr\/wp-json\/wp\/v2\/pages\/2205\/revisions\/2476"}],"up":[{"embeddable":true,"href":"https:\/\/tropicalhotel.it\/fr\/wp-json\/wp\/v2\/pages\/2194"}],"wp:featuredmedia":[{"embeddable":true,"href":"https:\/\/tropicalhotel.it\/fr\/wp-json\/wp\/v2\/media\/2142"}],"wp:attachment":[{"href":"https:\/\/tropicalhotel.it\/fr\/wp-json\/wp\/v2\/media?parent=2205"}],"curies":[{"name":"wp","href":"https:\/\/api.w.org\/{rel}","templated":true}]}}