{"id":2218,"date":"2024-12-16T13:01:16","date_gmt":"2024-12-16T13:01:16","guid":{"rendered":"https:\/\/staging.tropicalhotel.it\/hotel\/jesolo-pet-hotel\/"},"modified":"2025-03-19T14:59:57","modified_gmt":"2025-03-19T14:59:57","slug":"jesolo-pet-hotel","status":"publish","type":"page","link":"https:\/\/tropicalhotel.it\/fr\/hotel\/jesolo-pet-hotel\/","title":{"rendered":"Jesolo Pet H\u00f4tel"},"content":{"rendered":"\n<p><strong>Emmenez avec vous vos amis animaux, notre Pet H\u00f4tel tient \u00e0 c\u0153ur chaque membre de la famille.<\/strong><\/p>\n\n\n\n<p>Pour rendre votre s\u00e9jour sp\u00e9cial pour toute votre famille nous avons pens\u00e9 \u00e0 des services simples, mais utiles, pour g\u00e9rer votre ami \u00e0 quatre pattes!<\/p>\n\n\n\n<p>\u00c0 l\u2019entr\u00e9e vous trouverez toujours une gamelle d\u2019eau pour votre ami.<\/p>\n\n\n\n<p><strong>Dans la chambre nous vous fournirons gratuitement les services suivants:<\/strong><\/p>\n\n\n\n<ul class=\"wp-block-list\">\n<li>gamelle pour le repas et l\u2019eau<\/li>\n\n\n\n<li>un tapis rembourr\u00e9 o\u00f9 il pourra se reposer<\/li>\n\n\n\n<li>un plaid pour dessus-de-lit<\/li>\n\n\n\n<li>des chambres avec balcon<\/li>\n\n\n\n<li>un tapis sp\u00e9cifique pour se faire les griffes<\/li>\n<\/ul>\n\n\n\n<p><strong>\u00c0 la r\u00e9ception:<\/strong><\/p>\n\n\n\n<ul class=\"wp-block-list\">\n<li>Un cadeau sympathique \u00e0 votre arriv\u00e9e<\/li>\n\n\n\n<li>Sacs hygi\u00e9niques toujours disponibles lorsque vous sortez faire vos promenades<\/li>\n\n\n\n<li>Toutes les informations pour acc\u00e9der et arriver \u00e0 la \u00ab Bau Bau beach \u00bb (elle se trouve \u00e0 environ 800 m\u00e8tres de chez nous)<\/li>\n\n\n\n<li>Informations sur les parcs et les endroits o\u00f9 votre animal peut courir et jouer librement<\/li>\n\n\n\n<li>Un contact v\u00e9t\u00e9rinaire avec clinique sp\u00e9cialis\u00e9e, en service 24h sur 24<\/li>\n\n\n\n<li>Service de dog-sitting sur demande et payant<\/li>\n\n\n\n<li>Services de toilettage 24h sur 24 sur demande et payants<\/li>\n<\/ul>\n\n\n\n<p><strong>Territoire:<\/strong> Notre H\u00f4tel est situ\u00e9 dans la zone centrale, mais tranquille, de Jesolo. Il donne sur la zone pi\u00e9tonne et des espaces verts accessibles aux chiens en laisse sont situ\u00e9s \u00e0 quelques pas de l\u2019h\u00f4tel. Ils sont admis aussi sur la plage, le long du trottoir (Lungomare). Possibilit\u00e9 en outre de rester avec eux sur la plage publique. Mais la baignade est interdite aux chiens (elle est possible uniquement dans l\u2019\u00e9tablissement \u00ab Bau Bau Beach \u00bb). Nous rappelons en outre l\u2019obligation de tenir les chiens en laisse et d\u2019utiliser les sacs hygi\u00e9niques.<\/p>\n\n\n\n<p><strong>Espaces accessibles \u00e0 l\u2019h\u00f4tel:<\/strong> tous les espaces communs (sauf les piscines et la terrasse solarium), de notre h\u00f4tel sont accessibles \u00e0 vos compagnons animaux, en respectant les autres personnes.<\/p>\n\n\n\n<p><strong>Nettoyage: <\/strong>toutes les chambres seront assainies \u00e0 la fin du s\u00e9jour avec des d\u00e9tergents sp\u00e9cifiques et antiallergiques de mani\u00e8re \u00e0 ce que toute notre client\u00e8le soit contente, sure et satisfaite, car la propret\u00e9 est la chose la plus importante!<\/p>\n\n\n\n<p>Pour cette raison un petit suppl\u00e9ment est demand\u00e9 \u00e0 la fin du s\u00e9jour pour l\u2019assainissement de la chambre.<\/p>\n\n\n\n<figure class=\"wp-block-image size-full\"><img loading=\"lazy\" decoding=\"async\" width=\"171\" height=\"160\" src=\"https:\/\/tropicalhotel.it\/wp-content\/uploads\/2024\/12\/Pet-Logo-Tropical.jpg\" alt=\"\" class=\"wp-image-237\"\/><\/figure>\n\n\n\n<p><\/p>\n","protected":false},"excerpt":{"rendered":"<p>Emmenez avec vous vos amis animaux, notre Pet H\u00f4tel tient \u00e0 c\u0153ur chaque membre de la famille. Pour rendre votre s\u00e9jour sp\u00e9cial pour toute votre famille nous avons pens\u00e9 \u00e0 des services simples, mais utiles, pour g\u00e9rer votre ami \u00e0 quatre pattes! \u00c0 l\u2019entr\u00e9e vous trouverez toujours une gamelle d\u2019eau pour votre ami. Dans la [&hellip;]<\/p>\n","protected":false},"author":1,"featured_media":243,"parent":2194,"menu_order":0,"comment_status":"closed","ping_status":"closed","template":"","meta":{"_acf_changed":false,"footnotes":""},"class_list":["post-2218","page","type-page","status-publish","has-post-thumbnail","hentry"],"acf":[],"_links":{"self":[{"href":"https:\/\/tropicalhotel.it\/fr\/wp-json\/wp\/v2\/pages\/2218","targetHints":{"allow":["GET"]}}],"collection":[{"href":"https:\/\/tropicalhotel.it\/fr\/wp-json\/wp\/v2\/pages"}],"about":[{"href":"https:\/\/tropicalhotel.it\/fr\/wp-json\/wp\/v2\/types\/page"}],"author":[{"embeddable":true,"href":"https:\/\/tropicalhotel.it\/fr\/wp-json\/wp\/v2\/users\/1"}],"replies":[{"embeddable":true,"href":"https:\/\/tropicalhotel.it\/fr\/wp-json\/wp\/v2\/comments?post=2218"}],"version-history":[{"count":3,"href":"https:\/\/tropicalhotel.it\/fr\/wp-json\/wp\/v2\/pages\/2218\/revisions"}],"predecessor-version":[{"id":2611,"href":"https:\/\/tropicalhotel.it\/fr\/wp-json\/wp\/v2\/pages\/2218\/revisions\/2611"}],"up":[{"embeddable":true,"href":"https:\/\/tropicalhotel.it\/fr\/wp-json\/wp\/v2\/pages\/2194"}],"wp:featuredmedia":[{"embeddable":true,"href":"https:\/\/tropicalhotel.it\/fr\/wp-json\/wp\/v2\/media\/243"}],"wp:attachment":[{"href":"https:\/\/tropicalhotel.it\/fr\/wp-json\/wp\/v2\/media?parent=2218"}],"curies":[{"name":"wp","href":"https:\/\/api.w.org\/{rel}","templated":true}]}}