{"id":2229,"date":"2025-01-09T07:48:39","date_gmt":"2025-01-09T07:48:39","guid":{"rendered":"https:\/\/staging.tropicalhotel.it\/hotel\/jesolo-walk-hotel\/"},"modified":"2025-03-19T15:02:18","modified_gmt":"2025-03-19T15:02:18","slug":"jesolo-walk-hotel","status":"publish","type":"page","link":"https:\/\/tropicalhotel.it\/fr\/hotel\/jesolo-walk-hotel\/","title":{"rendered":"Jesolo Walk H\u00f4tel"},"content":{"rendered":"\n<p><strong>Des vacances saines, en faisant de l\u2019activit\u00e9 physique et en profitant dans le m\u00eame temps des beaut\u00e9s de Jesolo.<\/strong><\/p>\n\n\n\n<p>Des dizaines de kilom\u00e8tres de sentiers et de promenades au c\u0153ur de la nature partent de l\u2019H\u00f4tel Tropical. Pour b\u00e9n\u00e9ficier pleinement de ce magnifique paysage, vous pouvez partir \u00e0 pied le long des diff\u00e9rents parcours s\u00e9lectionn\u00e9s et trac\u00e9s le long de la c\u00f4te, parmi les pin\u00e8des, les parcs naturels et \u00e0 c\u00f4t\u00e9 de la lagune de Venise.<\/p>\n\n\n\n<p><strong>L\u2019H\u00f4tel Tropical est un Walk h\u00f4tel avec de nombreux autres services exclusifs compris dans le prix pour vous:<\/strong><\/p>\n\n\n\n<ul class=\"wp-block-list\">\n<li>Fourniture de b\u00e2tons t\u00e9lescopiques<\/li>\n\n\n\n<li>D\u00e9p\u00f4t s\u00e9curis\u00e9 de l\u2019\u00e9quipement<\/li>\n\n\n\n<li>Petit-d\u00e9jeuner \u00e9nerg\u00e9tique<\/li>\n\n\n\n<li>D\u00e9pliants et informations sur les itin\u00e9raires et les trac\u00e9s<\/li>\n\n\n\n<li>Tickets ATVO en cadeau pour le retour \u00e9ventuel en autobus<\/li>\n\n\n\n<li>Boisson \u00e9nerg\u00e9tique au retour<\/li>\n\n\n\n<li>Assistance m\u00e9dicale<\/li>\n<\/ul>\n\n\n\n<p><strong>\u00c0 disposition \u00e9galement les services suivants sur demande et payants:<\/strong><\/p>\n\n\n\n<ul class=\"wp-block-list\">\n<li>Cours de base de nordic walking \u2013 3 le\u00e7ons pratiques de 60 minutes chacune.<\/li>\n<\/ul>\n\n\n\n<ul class=\"wp-block-list\">\n<li>Randonn\u00e9es de Nordic Walking avec guide expert.<\/li>\n<\/ul>\n\n\n\n<ul class=\"wp-block-list\">\n<li>\u00abR\u00e9cup\u00e9ration\u00bb des personnes<\/li>\n<\/ul>\n\n\n<div class=\"wp-block-image\">\n<figure class=\"alignleft size-full\"><img loading=\"lazy\" decoding=\"async\" width=\"235\" height=\"160\" src=\"https:\/\/tropicalhotel.it\/wp-content\/uploads\/2025\/01\/Walk-Logo-Tropical.jpg\" alt=\"\" class=\"wp-image-1777\"\/><\/figure>\n<\/div>\n\n\n<p><\/p>\n","protected":false},"excerpt":{"rendered":"<p>Des vacances saines, en faisant de l\u2019activit\u00e9 physique et en profitant dans le m\u00eame temps des beaut\u00e9s de Jesolo. Des dizaines de kilom\u00e8tres de sentiers et de promenades au c\u0153ur de la nature partent de l\u2019H\u00f4tel Tropical. Pour b\u00e9n\u00e9ficier pleinement de ce magnifique paysage, vous pouvez partir \u00e0 pied le long des diff\u00e9rents parcours s\u00e9lectionn\u00e9s [&hellip;]<\/p>\n","protected":false},"author":1,"featured_media":1774,"parent":2194,"menu_order":0,"comment_status":"closed","ping_status":"closed","template":"","meta":{"_acf_changed":false,"footnotes":""},"class_list":["post-2229","page","type-page","status-publish","has-post-thumbnail","hentry"],"acf":[],"_links":{"self":[{"href":"https:\/\/tropicalhotel.it\/fr\/wp-json\/wp\/v2\/pages\/2229","targetHints":{"allow":["GET"]}}],"collection":[{"href":"https:\/\/tropicalhotel.it\/fr\/wp-json\/wp\/v2\/pages"}],"about":[{"href":"https:\/\/tropicalhotel.it\/fr\/wp-json\/wp\/v2\/types\/page"}],"author":[{"embeddable":true,"href":"https:\/\/tropicalhotel.it\/fr\/wp-json\/wp\/v2\/users\/1"}],"replies":[{"embeddable":true,"href":"https:\/\/tropicalhotel.it\/fr\/wp-json\/wp\/v2\/comments?post=2229"}],"version-history":[{"count":3,"href":"https:\/\/tropicalhotel.it\/fr\/wp-json\/wp\/v2\/pages\/2229\/revisions"}],"predecessor-version":[{"id":2614,"href":"https:\/\/tropicalhotel.it\/fr\/wp-json\/wp\/v2\/pages\/2229\/revisions\/2614"}],"up":[{"embeddable":true,"href":"https:\/\/tropicalhotel.it\/fr\/wp-json\/wp\/v2\/pages\/2194"}],"wp:featuredmedia":[{"embeddable":true,"href":"https:\/\/tropicalhotel.it\/fr\/wp-json\/wp\/v2\/media\/1774"}],"wp:attachment":[{"href":"https:\/\/tropicalhotel.it\/fr\/wp-json\/wp\/v2\/media?parent=2229"}],"curies":[{"name":"wp","href":"https:\/\/api.w.org\/{rel}","templated":true}]}}