{"id":2243,"date":"2025-01-09T09:46:20","date_gmt":"2025-01-09T09:46:20","guid":{"rendered":"https:\/\/staging.tropicalhotel.it\/piscina\/"},"modified":"2025-02-20T13:58:04","modified_gmt":"2025-02-20T13:58:04","slug":"piscine","status":"publish","type":"page","link":"https:\/\/tropicalhotel.it\/fr\/piscine\/","title":{"rendered":"Piscine"},"content":{"rendered":"\n<p><strong>La magie.<\/strong>&nbsp;Pour&nbsp;vivre des exp\u00e9riences&nbsp;nouvelles et excitantes&nbsp;au printemps, plongez&nbsp;dans&nbsp;<strong>la<\/strong><strong>&nbsp;piscine chauff\u00e9e&nbsp;nouvelle&nbsp;avec hydro massage<\/strong>,&nbsp;et d\u00e9couvrez la magie&nbsp;de cette&nbsp;source vitale d\u2019\u00e9nergie&nbsp;o\u00f9 la d\u00e9tente&nbsp;et le plaisir&nbsp;est \u00e9galement assur\u00e9e&nbsp;pour les enfants.<\/p>\n\n\n\n<p>Ouvert depuis le 17 mai<\/p>\n\n\n\n<figure class=\"wp-block-gallery has-nested-images columns-default is-cropped wp-block-gallery-1 is-layout-flex wp-block-gallery-is-layout-flex\">\n<figure class=\"wp-block-image size-large\"><img loading=\"lazy\" decoding=\"async\" width=\"1024\" height=\"683\" data-id=\"1931\" src=\"https:\/\/tropicalhotel.it\/wp-content\/uploads\/2025\/01\/Piscina-Tropical-GA-01-1024x683.jpg\" alt=\"\" class=\"wp-image-1931\" srcset=\"https:\/\/tropicalhotel.it\/wp-content\/uploads\/2025\/01\/Piscina-Tropical-GA-01-1024x683.jpg 1024w, https:\/\/tropicalhotel.it\/wp-content\/uploads\/2025\/01\/Piscina-Tropical-GA-01-300x200.jpg 300w, https:\/\/tropicalhotel.it\/wp-content\/uploads\/2025\/01\/Piscina-Tropical-GA-01-768x512.jpg 768w, https:\/\/tropicalhotel.it\/wp-content\/uploads\/2025\/01\/Piscina-Tropical-GA-01.jpg 1200w\" sizes=\"auto, (max-width: 1024px) 100vw, 1024px\" \/><\/figure>\n\n\n\n<figure class=\"wp-block-image size-large\"><img loading=\"lazy\" decoding=\"async\" width=\"1024\" height=\"683\" data-id=\"1935\" src=\"https:\/\/tropicalhotel.it\/wp-content\/uploads\/2025\/01\/Piscina-Tropical-GA-02-1024x683.jpg\" alt=\"\" class=\"wp-image-1935\" srcset=\"https:\/\/tropicalhotel.it\/wp-content\/uploads\/2025\/01\/Piscina-Tropical-GA-02-1024x683.jpg 1024w, https:\/\/tropicalhotel.it\/wp-content\/uploads\/2025\/01\/Piscina-Tropical-GA-02-300x200.jpg 300w, https:\/\/tropicalhotel.it\/wp-content\/uploads\/2025\/01\/Piscina-Tropical-GA-02-768x512.jpg 768w, https:\/\/tropicalhotel.it\/wp-content\/uploads\/2025\/01\/Piscina-Tropical-GA-02.jpg 1200w\" sizes=\"auto, (max-width: 1024px) 100vw, 1024px\" \/><\/figure>\n\n\n\n<figure class=\"wp-block-image size-large\"><img loading=\"lazy\" decoding=\"async\" width=\"1024\" height=\"683\" data-id=\"1952\" src=\"https:\/\/tropicalhotel.it\/wp-content\/uploads\/2025\/01\/Piscina-Tropical-GA-03-1024x683.jpg\" alt=\"\" class=\"wp-image-1952\" srcset=\"https:\/\/tropicalhotel.it\/wp-content\/uploads\/2025\/01\/Piscina-Tropical-GA-03-1024x683.jpg 1024w, https:\/\/tropicalhotel.it\/wp-content\/uploads\/2025\/01\/Piscina-Tropical-GA-03-300x200.jpg 300w, https:\/\/tropicalhotel.it\/wp-content\/uploads\/2025\/01\/Piscina-Tropical-GA-03-768x512.jpg 768w, https:\/\/tropicalhotel.it\/wp-content\/uploads\/2025\/01\/Piscina-Tropical-GA-03.jpg 1200w\" sizes=\"auto, (max-width: 1024px) 100vw, 1024px\" \/><\/figure>\n\n\n\n<figure class=\"wp-block-image size-large\"><img loading=\"lazy\" decoding=\"async\" width=\"1024\" height=\"683\" data-id=\"1939\" src=\"https:\/\/tropicalhotel.it\/wp-content\/uploads\/2025\/01\/Piscina-Tropical-GA-04-1024x683.jpg\" alt=\"\" class=\"wp-image-1939\" srcset=\"https:\/\/tropicalhotel.it\/wp-content\/uploads\/2025\/01\/Piscina-Tropical-GA-04-1024x683.jpg 1024w, https:\/\/tropicalhotel.it\/wp-content\/uploads\/2025\/01\/Piscina-Tropical-GA-04-300x200.jpg 300w, https:\/\/tropicalhotel.it\/wp-content\/uploads\/2025\/01\/Piscina-Tropical-GA-04-768x512.jpg 768w, https:\/\/tropicalhotel.it\/wp-content\/uploads\/2025\/01\/Piscina-Tropical-GA-04.jpg 1200w\" sizes=\"auto, (max-width: 1024px) 100vw, 1024px\" \/><\/figure>\n\n\n\n<figure class=\"wp-block-image size-large\"><img loading=\"lazy\" decoding=\"async\" width=\"1024\" height=\"683\" data-id=\"1943\" src=\"https:\/\/tropicalhotel.it\/wp-content\/uploads\/2025\/01\/Piscina-Tropical-GA-05-1024x683.jpg\" alt=\"\" class=\"wp-image-1943\" srcset=\"https:\/\/tropicalhotel.it\/wp-content\/uploads\/2025\/01\/Piscina-Tropical-GA-05-1024x683.jpg 1024w, https:\/\/tropicalhotel.it\/wp-content\/uploads\/2025\/01\/Piscina-Tropical-GA-05-300x200.jpg 300w, https:\/\/tropicalhotel.it\/wp-content\/uploads\/2025\/01\/Piscina-Tropical-GA-05-768x512.jpg 768w, https:\/\/tropicalhotel.it\/wp-content\/uploads\/2025\/01\/Piscina-Tropical-GA-05.jpg 1200w\" sizes=\"auto, (max-width: 1024px) 100vw, 1024px\" \/><\/figure>\n\n\n\n<figure class=\"wp-block-image size-large\"><img loading=\"lazy\" decoding=\"async\" width=\"1024\" height=\"683\" data-id=\"1955\" src=\"https:\/\/tropicalhotel.it\/wp-content\/uploads\/2025\/01\/Piscina-Tropical-GA-06-1024x683.jpg\" alt=\"\" class=\"wp-image-1955\" srcset=\"https:\/\/tropicalhotel.it\/wp-content\/uploads\/2025\/01\/Piscina-Tropical-GA-06-1024x683.jpg 1024w, https:\/\/tropicalhotel.it\/wp-content\/uploads\/2025\/01\/Piscina-Tropical-GA-06-300x200.jpg 300w, https:\/\/tropicalhotel.it\/wp-content\/uploads\/2025\/01\/Piscina-Tropical-GA-06-768x512.jpg 768w, https:\/\/tropicalhotel.it\/wp-content\/uploads\/2025\/01\/Piscina-Tropical-GA-06.jpg 1200w\" sizes=\"auto, (max-width: 1024px) 100vw, 1024px\" \/><\/figure>\n\n\n\n<figure class=\"wp-block-image size-large\"><img loading=\"lazy\" decoding=\"async\" width=\"1024\" height=\"683\" data-id=\"1953\" src=\"https:\/\/tropicalhotel.it\/wp-content\/uploads\/2025\/01\/Piscina-Tropical-GA-07-1024x683.jpg\" alt=\"\" class=\"wp-image-1953\" srcset=\"https:\/\/tropicalhotel.it\/wp-content\/uploads\/2025\/01\/Piscina-Tropical-GA-07-1024x683.jpg 1024w, https:\/\/tropicalhotel.it\/wp-content\/uploads\/2025\/01\/Piscina-Tropical-GA-07-300x200.jpg 300w, https:\/\/tropicalhotel.it\/wp-content\/uploads\/2025\/01\/Piscina-Tropical-GA-07-768x512.jpg 768w, https:\/\/tropicalhotel.it\/wp-content\/uploads\/2025\/01\/Piscina-Tropical-GA-07.jpg 1200w\" sizes=\"auto, (max-width: 1024px) 100vw, 1024px\" \/><\/figure>\n\n\n\n<figure class=\"wp-block-image size-large\"><img loading=\"lazy\" decoding=\"async\" width=\"1024\" height=\"683\" data-id=\"1945\" src=\"https:\/\/tropicalhotel.it\/wp-content\/uploads\/2025\/01\/Piscina-Tropical-GA-08-1024x683.jpg\" alt=\"\" class=\"wp-image-1945\" srcset=\"https:\/\/tropicalhotel.it\/wp-content\/uploads\/2025\/01\/Piscina-Tropical-GA-08-1024x683.jpg 1024w, https:\/\/tropicalhotel.it\/wp-content\/uploads\/2025\/01\/Piscina-Tropical-GA-08-300x200.jpg 300w, https:\/\/tropicalhotel.it\/wp-content\/uploads\/2025\/01\/Piscina-Tropical-GA-08-768x512.jpg 768w, https:\/\/tropicalhotel.it\/wp-content\/uploads\/2025\/01\/Piscina-Tropical-GA-08.jpg 1200w\" sizes=\"auto, (max-width: 1024px) 100vw, 1024px\" \/><\/figure>\n\n\n\n<figure class=\"wp-block-image size-large\"><img loading=\"lazy\" decoding=\"async\" width=\"1024\" height=\"683\" data-id=\"1967\" src=\"https:\/\/tropicalhotel.it\/wp-content\/uploads\/2025\/01\/Piscina-Tropical-GA-09-1024x683.jpg\" alt=\"\" class=\"wp-image-1967\" srcset=\"https:\/\/tropicalhotel.it\/wp-content\/uploads\/2025\/01\/Piscina-Tropical-GA-09-1024x683.jpg 1024w, https:\/\/tropicalhotel.it\/wp-content\/uploads\/2025\/01\/Piscina-Tropical-GA-09-300x200.jpg 300w, https:\/\/tropicalhotel.it\/wp-content\/uploads\/2025\/01\/Piscina-Tropical-GA-09-768x512.jpg 768w, https:\/\/tropicalhotel.it\/wp-content\/uploads\/2025\/01\/Piscina-Tropical-GA-09.jpg 1200w\" sizes=\"auto, (max-width: 1024px) 100vw, 1024px\" \/><\/figure>\n\n\n\n<figure class=\"wp-block-image size-large\"><img loading=\"lazy\" decoding=\"async\" width=\"1024\" height=\"683\" data-id=\"1949\" src=\"https:\/\/tropicalhotel.it\/wp-content\/uploads\/2025\/01\/Piscina-Tropical-GA-10-1024x683.jpg\" alt=\"\" class=\"wp-image-1949\" srcset=\"https:\/\/tropicalhotel.it\/wp-content\/uploads\/2025\/01\/Piscina-Tropical-GA-10-1024x683.jpg 1024w, https:\/\/tropicalhotel.it\/wp-content\/uploads\/2025\/01\/Piscina-Tropical-GA-10-300x200.jpg 300w, https:\/\/tropicalhotel.it\/wp-content\/uploads\/2025\/01\/Piscina-Tropical-GA-10-768x512.jpg 768w, https:\/\/tropicalhotel.it\/wp-content\/uploads\/2025\/01\/Piscina-Tropical-GA-10.jpg 1200w\" sizes=\"auto, (max-width: 1024px) 100vw, 1024px\" \/><\/figure>\n<\/figure>\n","protected":false},"excerpt":{"rendered":"<p>La magie.&nbsp;Pour&nbsp;vivre des exp\u00e9riences&nbsp;nouvelles et excitantes&nbsp;au printemps, plongez&nbsp;dans&nbsp;la&nbsp;piscine chauff\u00e9e&nbsp;nouvelle&nbsp;avec hydro massage,&nbsp;et d\u00e9couvrez la magie&nbsp;de cette&nbsp;source vitale d\u2019\u00e9nergie&nbsp;o\u00f9 la d\u00e9tente&nbsp;et le plaisir&nbsp;est \u00e9galement assur\u00e9e&nbsp;pour les enfants. Ouvert depuis le 17 mai<\/p>\n","protected":false},"author":1,"featured_media":0,"parent":0,"menu_order":0,"comment_status":"closed","ping_status":"closed","template":"","meta":{"_acf_changed":false,"footnotes":""},"class_list":["post-2243","page","type-page","status-publish","hentry"],"acf":[],"_links":{"self":[{"href":"https:\/\/tropicalhotel.it\/fr\/wp-json\/wp\/v2\/pages\/2243","targetHints":{"allow":["GET"]}}],"collection":[{"href":"https:\/\/tropicalhotel.it\/fr\/wp-json\/wp\/v2\/pages"}],"about":[{"href":"https:\/\/tropicalhotel.it\/fr\/wp-json\/wp\/v2\/types\/page"}],"author":[{"embeddable":true,"href":"https:\/\/tropicalhotel.it\/fr\/wp-json\/wp\/v2\/users\/1"}],"replies":[{"embeddable":true,"href":"https:\/\/tropicalhotel.it\/fr\/wp-json\/wp\/v2\/comments?post=2243"}],"version-history":[{"count":2,"href":"https:\/\/tropicalhotel.it\/fr\/wp-json\/wp\/v2\/pages\/2243\/revisions"}],"predecessor-version":[{"id":2248,"href":"https:\/\/tropicalhotel.it\/fr\/wp-json\/wp\/v2\/pages\/2243\/revisions\/2248"}],"wp:attachment":[{"href":"https:\/\/tropicalhotel.it\/fr\/wp-json\/wp\/v2\/media?parent=2243"}],"curies":[{"name":"wp","href":"https:\/\/api.w.org\/{rel}","templated":true}]}}