{"id":2284,"date":"2025-01-09T09:58:11","date_gmt":"2025-01-09T09:58:11","guid":{"rendered":"https:\/\/staging.tropicalhotel.it\/prezzi\/"},"modified":"2025-06-17T07:56:05","modified_gmt":"2025-06-17T07:56:05","slug":"prix","status":"publish","type":"page","link":"https:\/\/tropicalhotel.it\/fr\/prix\/","title":{"rendered":"Prix"},"content":{"rendered":"\n<blockquote class=\"wp-block-quote is-layout-flow wp-block-quote-is-layout-flow\">\n<blockquote class=\"wp-block-quote is-layout-flow wp-block-quote-is-layout-flow\">\n<p><em>Cher client,<\/em><br><em>Afin de se conformer aux nouvelles technologies de march\u00e9 et de vous offrir toujours le meilleur tarif, l\u2019H\u00f4tel Tropical a adopt\u00e9 depuis cette ann\u00e9e une liste dynamique des prix.<\/em><br><em>Rappelez-vous toujours de r\u00e9server longtemps \u00e0 l\u2019avance pour obtenir des tarifs avantageux.<\/em><br><em>Andrea et Nadia ainsi que toute l\u2019\u00e9quipe sont toujours \u00e0 disposition pour vos demandes.<\/em><\/p>\n\n\n\n<p>Les prix comprennent la&nbsp;<strong>plage priv\u00e9e avec parasol et 2 transats<\/strong>, premi\u00e8re, seconde et&nbsp; troisi\u00e8me rang\u00e9es face \u00e0 la mer exclues, l\u2019utilisation du solarium panoramique avec vasque d\u2019hydromassage&nbsp;<strong>Jacuzzi chauff\u00e9e&nbsp;<\/strong>(utilisable moyennant un suppl\u00e9ment uniquement sur r\u00e9servation) et le&nbsp;<strong>Roof Garden<\/strong>, l\u2019utilisation de la nouvelle&nbsp;<strong>piscine avec hydromassage et piscine pour enfants chauff\u00e9es<\/strong>&nbsp;durant la basse saison.<br>Possibilit\u00e9 de r\u00e9server votre<strong>&nbsp;emplacement sur la plage face \u00e0 la mer<\/strong>&nbsp;sur la Premi\u00e8re\/Seconde Rang\u00e9e, r\u00e9serv\u00e9 exclusivement pour vous. Vous pouvez r\u00e9server ce service en contactant la r\u00e9ception de l\u2019h\u00f4tel.<\/p>\n\n\n\n<p>\u00c0 disposition de la client\u00e8le : location gratuite de v\u00e9los, WI-FI gratuit et tous les autres services offerts par l\u2019h\u00f4tel.<br><strong>Parking priv\u00e9<\/strong>&nbsp;avec vid\u00e9osurveillance, parking ult\u00e9rieur surveill\u00e9 \u00e0 100 m.<\/p>\n\n\n\n<p>L\u2019h\u00f4tel propose un&nbsp;<strong>menu avec un vaste choix<\/strong>&nbsp;d\u2019entr\u00e9es et de plats de r\u00e9sistance, parmi lesquels un choix de poisson et un menu v\u00e9g\u00e9tarien au&nbsp; d\u00eener, buffet de salades et de l\u00e9gumes, menu pour enfants. Petit-d\u00e9jeuner copieux au buffet dans la v\u00e9randa panoramique.<\/p>\n\n\n\n<p>Boissons des repas non comprises.<\/p>\n\n\n\n<p><strong>Arriv\u00e9e<\/strong>&nbsp;\u00e0 partir de 12H00, le jour du d\u00e9part la chambre, le parking et la plage doivent \u00eatre lib\u00e9r\u00e9s avant 10H00<\/p>\n\n\n\n<figure class=\"wp-block-table\"><table class=\"has-fixed-layout\"><tbody><tr><td colspan=\"2\"><strong>R\u00e9duction (avec lit suppl\u00e9mentaire dans la chambre des parents)<\/strong><\/td><\/tr><tr><td>Enfants jusqu\u2019\u00e0 2 ans<\/td><td>Gratis<\/td><\/tr><tr><td>de 2 jusqu\u2019\u00e0 6 ans<\/td><td>&#8211; 50%<\/td><\/tr><tr><td>de 7 jusqu\u2019\u00e0 15 ans<\/td><td>&#8211; 30% \/ &#8211; 40%<\/td><\/tr><tr><td>Troisi\u00e8me\/quatri\u00e8me lit pour adultes<\/td><td>&#8211; 15% \/ &#8211; 20%<\/td><\/tr><\/tbody><\/table><\/figure>\n\n\n\n<h3 class=\"wp-block-heading\"><strong>SERVICES DE PLAGE<\/strong><\/h3>\n\n\n\n<hr class=\"wp-block-separator has-alpha-channel-opacity\"\/>\n\n\n\n<figure class=\"wp-block-image size-full\"><img loading=\"lazy\" decoding=\"async\" width=\"300\" height=\"200\" src=\"https:\/\/tropicalhotel.it\/wp-content\/uploads\/2025\/01\/spiaggia.jpg\" alt=\"\" class=\"wp-image-1982\"\/><\/figure>\n\n\n\n<h3 class=\"wp-block-heading\">Place en bord de mer<\/h3>\n\n\n\n<p>Votre place de plage en bord de mer en Premi\u00e8re Ligne, Deuxi\u00e8me Ligne, Troisi\u00e8me Ligne, avec coffre-fort, r\u00e9serv\u00e9e exclusivement pour vous. <em>(Service avec disponibilit\u00e9 limit\u00e9e)<\/em><\/p>\n\n\n\n<p>Le service comprend un parasol avec coffre-fort \u00e9lectronique et 2 transats.<\/p>\n\n\n\n<p>\u00c0 partir de la quatri\u00e8me ligne, le parasol et les 2 transats sont inclus dans le tarif de la chambre.<\/p>\n\n\n\n<p>Tarif journalier 1\u00e8re Ligne : 12,00 \u20ac<\/p>\n\n\n\n<p>Tarif journalier 2\u00e8me Ligne : 10,00 \u20ac<\/p>\n\n\n\n<p>Tarif journalier 3\u00e8me Ligne : 7,00 \u20ac<\/p>\n\n\n\n<hr class=\"wp-block-separator has-alpha-channel-opacity\"\/>\n\n\n\n<figure class=\"wp-block-image size-full\"><img loading=\"lazy\" decoding=\"async\" width=\"300\" height=\"200\" src=\"https:\/\/tropicalhotel.it\/wp-content\/uploads\/2025\/01\/telo-mare.jpg\" alt=\"\" class=\"wp-image-1986\"\/><\/figure>\n\n\n\n<h3 class=\"wp-block-heading\"><strong>SERVIETTE DE PLAGE<\/strong><\/h3>\n\n\n\n<p>Pour les serviettes de plage, veuillez v\u00e9rifier la disponibilit\u00e9 \u00e0 la r\u00e9ception.<\/p>\n\n\n\n<p>Changement de serviette : 3,00 \u20ac<\/p>\n\n\n\n<p>Location d\u2019une serviette de plage : 5,00 \u20ac<\/p>\n\n\n\n<hr class=\"wp-block-separator has-alpha-channel-opacity\"\/>\n\n\n\n<h3 class=\"wp-block-heading\"><strong>RESTAURANT<\/strong><\/h3>\n\n\n\n<hr class=\"wp-block-separator has-alpha-channel-opacity\"\/>\n\n\n\n<figure class=\"wp-block-image size-full\"><img loading=\"lazy\" decoding=\"async\" width=\"300\" height=\"200\" src=\"https:\/\/tropicalhotel.it\/wp-content\/uploads\/2025\/01\/colazione.jpg\" alt=\"\" class=\"wp-image-1990\"\/><\/figure>\n\n\n\n<h3 class=\"wp-block-heading\"><strong>PETIT-D\u00c9JEUNER<\/strong><\/h3>\n\n\n\n<p>Des vacances \u00e0 savourer avec l\u2019ar\u00f4me inimitable d\u2019un d\u00e9licieux buffet petit-d\u00e9jeuner, servi avec grande hospitalit\u00e9 dans la nouvelle v\u00e9randa. Profitez de p\u00e2tisseries faites maison, charcuterie et fromages, yaourts, caf\u00e9, jus de fruits et bien plus encore ! Commencez votre journ\u00e9e de la meilleure fa\u00e7on !<\/p>\n\n\n\n<p>(Le service peut \u00eatre r\u00e9serv\u00e9 quotidiennement et pay\u00e9 sur place.)<br>Prix par personne : 10,00 \u20ac<\/p>\n\n\n\n<hr class=\"wp-block-separator has-alpha-channel-opacity\"\/>\n\n\n\n<h3 class=\"wp-block-heading\"><strong>NOS SALADES<\/strong><\/h3>\n\n\n\n<hr class=\"wp-block-separator has-alpha-channel-opacity\"\/>\n\n\n\n<figure class=\"wp-block-image size-full\"><img loading=\"lazy\" decoding=\"async\" width=\"300\" height=\"200\" src=\"https:\/\/tropicalhotel.it\/wp-content\/uploads\/2025\/01\/insalatona.jpg\" alt=\"\" class=\"wp-image-1994\"\/><\/figure>\n\n\n\n<h3 class=\"wp-block-heading\">Formule d\u00e9jeuner \u00e0 emporter<\/h3>\n\n\n\n<p>Caesar Salad \u2013 10,00 \u20ac<br>Ingr\u00e9dients : laitue, cro\u00fbtons, blanc de poulet, parmesan, sauce caesar<\/p>\n\n\n\n<p>Salade de la mer \u2013 11,00 \u20ac<br>Ingr\u00e9dients : poulpe, petites seiches, tomates, concombres, courgettes, carottes, c\u00e9leri<\/p>\n\n\n\n<p>Salade grecque \u2013 8,00 \u20ac<br>Ingr\u00e9dients : salade mixte, tomates, concombres, olives, feta, oignon rouge de Tropea<\/p>\n\n\n\n<p>Salade m\u00e9diterran\u00e9enne \u2013 9,00 \u20ac<br>Ingr\u00e9dients : haricots verts, tomates, olives noires, \u0153ufs durs, thon, oignon rouge de Tropea<\/p>\n\n\n\n<p>Carpaccio de bresaola \u2013 11,00 \u20ac<br>Ingr\u00e9dients : carpaccio de bresaola, roquette, parmesan, tomates cerises<\/p>\n\n\n\n<p> Service sur r\u00e9servation disponible de 12h00 \u00e0 13h00<\/p>\n\n\n\n<hr class=\"wp-block-separator has-alpha-channel-opacity\"\/>\n\n\n\n<figure class=\"wp-block-image size-full\"><img loading=\"lazy\" decoding=\"async\" width=\"300\" height=\"200\" src=\"https:\/\/tropicalhotel.it\/wp-content\/uploads\/2025\/01\/cena.jpg\" alt=\"\" class=\"wp-image-1998\"\/><\/figure>\n\n\n\n<h3 class=\"wp-block-heading\"><strong>D\u00ceNER<\/strong><\/h3>\n\n\n\n<p>Notre Chef vous propose le meilleur des plats typiques de notre r\u00e9gion pour un voyage culinaire \u00e0 travers des saveurs raffin\u00e9es et de grande qualit\u00e9.<\/p>\n\n\n\n<p>Le poisson est toujours pr\u00e9sent sur notre menu, ainsi que des options v\u00e9g\u00e9tariennes et un menu sp\u00e9cialement con\u00e7u pour nos petits invit\u00e9s.<\/p>\n\n\n\n<p>Un d\u00eener en quatre services, comprenant un buffet de salades et de l\u00e9gumes chauds, suivi d\u2019un d\u00e9licieux dessert.<\/p>\n\n\n\n<p>La carte des plats est consultable quotidiennement \u00e0 la r\u00e9ception.<\/p>\n\n\n\n<p>B\u00e9b\u00e9s : 9,00 \u20ac<\/p>\n\n\n\n<p>Adultes : 25,00 \u20ac<\/p>\n\n\n\n<p>Enfants : 12,00 \u20ac<\/p>\n\n\n\n<hr class=\"wp-block-separator has-alpha-channel-opacity\"\/>\n\n\n\n<h3 class=\"wp-block-heading\">SERVICES EN CHAMBRE<\/h3>\n\n\n\n<hr class=\"wp-block-separator has-alpha-channel-opacity\"\/>\n\n\n\n<figure class=\"wp-block-image size-full\"><img loading=\"lazy\" decoding=\"async\" width=\"300\" height=\"200\" src=\"https:\/\/tropicalhotel.it\/wp-content\/uploads\/2025\/01\/s-camera.jpg\" alt=\"\" class=\"wp-image-2002\"\/><\/figure>\n\n\n\n<h3 class=\"wp-block-heading\">SERVICE EN CHAMBRE<\/h3>\n\n\n\n<p>Nous accordons une grande importance \u00e0 la satisfaction de nos h\u00f4tes. C&rsquo;est pourquoi nous offrons la possibilit\u00e9 de savourer le petit-d\u00e9jeuner gr\u00e2ce \u00e0 notre SERVICE EN CHAMBRE exclusif pour 7,00 \u20ac par jour, con\u00e7u pour garantir intimit\u00e9, d\u00e9tente et confort \u00e0 ceux qui le souhaitent.<\/p>\n\n\n\n<p>Pour les clients ayant r\u00e9serv\u00e9 uniquement l\u2019h\u00e9bergement, le petit-d\u00e9jeuner \u00e0 la carte est disponible en suppl\u00e9ment pour 10,00 \u20ac par personne, en plus du service en chambre. <em>(Le service peut \u00eatre r\u00e9serv\u00e9 quotidiennement et pay\u00e9 sur place.)<\/em><\/p>\n\n\n\n<hr class=\"wp-block-separator has-alpha-channel-opacity\"\/>\n\n\n\n<figure class=\"wp-block-image size-full\"><img loading=\"lazy\" decoding=\"async\" width=\"300\" height=\"200\" src=\"https:\/\/tropicalhotel.it\/wp-content\/uploads\/2025\/01\/Prosecco.jpg\" alt=\"\" class=\"wp-image-2010\"\/><\/figure>\n\n\n\n<h3 class=\"wp-block-heading\"><strong>UN TOAST POUR C\u00c9L\u00c9BRER<\/strong><\/h3>\n\n\n\n<p>Vous souhaitez trouver une bouteille fra\u00eeche de Prosecco typique dans votre chambre ?<\/p>\n\n\n\n<p>En r\u00e9servant ce service, une bouteille bien fra\u00eeche vous attendra \u00e0 votre arriv\u00e9e, pour bien commencer vos vacances ou c\u00e9l\u00e9brer une occasion sp\u00e9ciale.<\/p>\n\n\n\n<p>22,00 \u20ac<\/p>\n\n\n\n<hr class=\"wp-block-separator has-alpha-channel-opacity\"\/>\n\n\n\n<figure class=\"wp-block-image size-full\"><img loading=\"lazy\" decoding=\"async\" width=\"300\" height=\"200\" src=\"https:\/\/tropicalhotel.it\/wp-content\/uploads\/2025\/01\/animali.jpg\" alt=\"\" class=\"wp-image-2014\"\/><\/figure>\n\n\n\n<h3 class=\"wp-block-heading\"><strong>ANIMAUX<\/strong><\/h3>\n\n\n\n<p>Service obligatoire pour le nettoyage final du check-out, \u00e0 r\u00e9gler sur place.<\/p>\n\n\n\n<p>30,00 \u20ac<\/p>\n\n\n\n<hr class=\"wp-block-separator has-alpha-channel-opacity\"\/>\n\n\n\n<figure class=\"wp-block-image size-full\"><img loading=\"lazy\" decoding=\"async\" width=\"300\" height=\"200\" src=\"https:\/\/tropicalhotel.it\/wp-content\/uploads\/2025\/01\/late.jpg\" alt=\"\" class=\"wp-image-2018\"\/><\/figure>\n\n\n\n<h3 class=\"wp-block-heading\"><strong>LATE CHECK-OUT<\/strong><\/h3>\n\n\n\n<p>Il est possible de retarder votre d\u00e9part en conservant la chambre, la place de parking et l\u2019acc\u00e8s \u00e0 la plage, tout en profitant de la piscine et du solarium jusqu&rsquo;\u00e0 18h30.<\/p>\n\n\n\n<p>Service suppl\u00e9mentaire soumis \u00e0 disponibilit\u00e9.<\/p>\n\n\n\n<hr class=\"wp-block-separator has-alpha-channel-opacity\"\/>\n\n\n\n<h3 class=\"wp-block-heading\"><strong><strong>BIEN-\u00caTRE :<\/strong><\/strong><\/h3>\n\n\n\n<hr class=\"wp-block-separator has-alpha-channel-opacity\"\/>\n\n\n\n<figure class=\"wp-block-image size-full\"><img loading=\"lazy\" decoding=\"async\" width=\"300\" height=\"200\" src=\"https:\/\/tropicalhotel.it\/wp-content\/uploads\/2025\/01\/romantica.jpg\" alt=\"\" class=\"wp-image-2022\"\/><\/figure>\n\n\n\n<h3 class=\"wp-block-heading\"><strong>Soir\u00e9e romantique en jacuzzi avec bulles<\/strong><\/h3>\n\n\n\n<p>Soir\u00e9e romantique en jacuzzi avec bulles<\/p>\n\n\n\n<p>Vous souhaitez surprendre votre partenaire ?<\/p>\n\n\n\n<p>Au dernier \u00e9tage, sous les \u00e9toiles, \u00e0 la lueur des bougies et avec une douce musique d\u2019ambiance, profitez d\u2019une <strong>soir\u00e9e priv\u00e9e avec jacuzzi<\/strong> rien que pour vous.<\/p>\n\n\n\n<p>L\u2019exp\u00e9rience sera accompagn\u00e9e d\u2019une bouteille de Prosecco DOC de Valdobbiadene et d\u2019un panier de fraises.<\/p>\n\n\n\n<p><em>(Service \u00e0 r\u00e9server aupr\u00e8s de la r\u00e9ception, selon disponibilit\u00e9.)<\/em><\/p>\n\n\n\n<p>40,00 \u20ac<\/p>\n\n\n\n<hr class=\"wp-block-separator has-alpha-channel-opacity\"\/>\n\n\n\n<figure class=\"wp-block-image size-full\"><img loading=\"lazy\" decoding=\"async\" width=\"300\" height=\"200\" src=\"https:\/\/tropicalhotel.it\/wp-content\/uploads\/2025\/01\/jacuzzi.jpg\" alt=\"\" class=\"wp-image-2026\"\/><\/figure>\n\n\n\n<h3 class=\"wp-block-heading\">JACUZZI<\/h3>\n\n\n\n<p>Vous la trouverez au cinqui\u00e8me \u00e9tage, ouverte tous les jours de 10h00 \u00e0 19h30.<\/p>\n\n\n\n<p>Il est possible de la r\u00e9server \u00e0 la r\u00e9ception pour 30 minutes au tarif de 5 \u20ac par personne.<\/p>\n\n\n\n<p>Nous vous rappelons qu&rsquo;il est obligatoire de prendre une douche avant d\u2019y entrer.<\/p>\n\n\n\n<p>Nous vous invitons \u00e0 lire le r\u00e8glement de la Jacuzzi.<\/p>\n\n\n\n<hr class=\"wp-block-separator has-alpha-channel-opacity\"\/>\n\n\n\n<p><em><strong>LES PRIX CONTRACTUELLEMENT D\u00c9FINIS N\u2019INCLUENT PAS LA TAXE DE S\u00c9JOUR \u00c9VENTUELLEMENT DUE \u00c0 L\u2019ADMINISTRATION COMMUNALE, QUI SERA \u00c0 LA CHARGE DE L\u2019H\u00d4TE, AINSI QUE D\u2019\u00c9VENTUELLES AUGMENTATIONS DES TAXES L\u00c9GALES.<\/strong><\/em><\/p>\n<\/blockquote>\n<\/blockquote>\n","protected":false},"excerpt":{"rendered":"","protected":false},"author":1,"featured_media":2035,"parent":0,"menu_order":0,"comment_status":"closed","ping_status":"closed","template":"","meta":{"_acf_changed":false,"footnotes":""},"class_list":["post-2284","page","type-page","status-publish","has-post-thumbnail","hentry"],"acf":[],"yoast_head":"<!-- This site is optimized with the Yoast SEO plugin v27.0 - https:\/\/yoast.com\/product\/yoast-seo-wordpress\/ -->\n<title>Prix - Tropical Hotel Jesolo<\/title>\n<meta name=\"description\" content=\"D\u00e9couvrez les tarifs de nos chambres ! De nombreux services inclus, comme l\u2019acc\u00e8s \u00e0 la plage et le parking. N\u2019h\u00e9sitez pas \u00e0 nous contacter pour toute information.\" \/>\n<meta name=\"robots\" content=\"index, follow, max-snippet:-1, max-image-preview:large, max-video-preview:-1\" \/>\n<link rel=\"canonical\" href=\"https:\/\/tropicalhotel.it\/fr\/prix\/\" \/>\n<meta property=\"og:locale\" content=\"fr_FR\" \/>\n<meta property=\"og:type\" content=\"article\" \/>\n<meta property=\"og:title\" content=\"Prix - Tropical Hotel Jesolo\" \/>\n<meta property=\"og:description\" content=\"D\u00e9couvrez les tarifs de nos chambres ! De nombreux services inclus, comme l\u2019acc\u00e8s \u00e0 la plage et le parking. N\u2019h\u00e9sitez pas \u00e0 nous contacter pour toute information.\" \/>\n<meta property=\"og:url\" content=\"https:\/\/tropicalhotel.it\/fr\/prix\/\" \/>\n<meta property=\"og:site_name\" content=\"Tropical Hotel Jesolo\" \/>\n<meta property=\"article:publisher\" content=\"https:\/\/www.facebook.com\/Tropical-Hotel-Jesolo-276868195688612\/\" \/>\n<meta property=\"article:modified_time\" content=\"2025-06-17T07:56:05+00:00\" \/>\n<meta property=\"og:image\" content=\"https:\/\/tropicalhotel.it\/wp-content\/uploads\/2025\/01\/Prezzi-EVI-Tropical.jpg\" \/>\n\t<meta property=\"og:image:width\" content=\"1600\" \/>\n\t<meta property=\"og:image:height\" content=\"558\" \/>\n\t<meta property=\"og:image:type\" content=\"image\/jpeg\" \/>\n<meta name=\"twitter:card\" content=\"summary_large_image\" \/>\n<meta name=\"twitter:label1\" content=\"Dur\u00e9e de lecture estim\u00e9e\" \/>\n\t<meta name=\"twitter:data1\" content=\"1 minute\" \/>\n<script type=\"application\/ld+json\" class=\"yoast-schema-graph\">{\"@context\":\"https:\/\/schema.org\",\"@graph\":[{\"@type\":\"WebPage\",\"@id\":\"https:\/\/tropicalhotel.it\/fr\/prix\/\",\"url\":\"https:\/\/tropicalhotel.it\/fr\/prix\/\",\"name\":\"Prix - Tropical Hotel Jesolo\",\"isPartOf\":{\"@id\":\"https:\/\/tropicalhotel.it\/fr\/#website\"},\"primaryImageOfPage\":{\"@id\":\"https:\/\/tropicalhotel.it\/fr\/prix\/#primaryimage\"},\"image\":{\"@id\":\"https:\/\/tropicalhotel.it\/fr\/prix\/#primaryimage\"},\"thumbnailUrl\":\"https:\/\/tropicalhotel.it\/wp-content\/uploads\/2025\/01\/Prezzi-EVI-Tropical.jpg\",\"datePublished\":\"2025-01-09T09:58:11+00:00\",\"dateModified\":\"2025-06-17T07:56:05+00:00\",\"description\":\"D\u00e9couvrez les tarifs de nos chambres ! De nombreux services inclus, comme l\u2019acc\u00e8s \u00e0 la plage et le parking. N\u2019h\u00e9sitez pas \u00e0 nous contacter pour toute information.\",\"breadcrumb\":{\"@id\":\"https:\/\/tropicalhotel.it\/fr\/prix\/#breadcrumb\"},\"inLanguage\":\"fr-FR\",\"potentialAction\":[{\"@type\":\"ReadAction\",\"target\":[\"https:\/\/tropicalhotel.it\/fr\/prix\/\"]}]},{\"@type\":\"ImageObject\",\"inLanguage\":\"fr-FR\",\"@id\":\"https:\/\/tropicalhotel.it\/fr\/prix\/#primaryimage\",\"url\":\"https:\/\/tropicalhotel.it\/wp-content\/uploads\/2025\/01\/Prezzi-EVI-Tropical.jpg\",\"contentUrl\":\"https:\/\/tropicalhotel.it\/wp-content\/uploads\/2025\/01\/Prezzi-EVI-Tropical.jpg\",\"width\":1600,\"height\":558},{\"@type\":\"BreadcrumbList\",\"@id\":\"https:\/\/tropicalhotel.it\/fr\/prix\/#breadcrumb\",\"itemListElement\":[{\"@type\":\"ListItem\",\"position\":1,\"name\":\"Home\",\"item\":\"https:\/\/tropicalhotel.it\/fr\/\"},{\"@type\":\"ListItem\",\"position\":2,\"name\":\"Prix\"}]},{\"@type\":\"WebSite\",\"@id\":\"https:\/\/tropicalhotel.it\/fr\/#website\",\"url\":\"https:\/\/tropicalhotel.it\/fr\/\",\"name\":\"Tropical Hotel Jesolo\",\"description\":\"Hotel 3 stelle a Jesolo\",\"publisher\":{\"@id\":\"https:\/\/tropicalhotel.it\/fr\/#organization\"},\"potentialAction\":[{\"@type\":\"SearchAction\",\"target\":{\"@type\":\"EntryPoint\",\"urlTemplate\":\"https:\/\/tropicalhotel.it\/fr\/?s={search_term_string}\"},\"query-input\":{\"@type\":\"PropertyValueSpecification\",\"valueRequired\":true,\"valueName\":\"search_term_string\"}}],\"inLanguage\":\"fr-FR\"},{\"@type\":\"Organization\",\"@id\":\"https:\/\/tropicalhotel.it\/fr\/#organization\",\"name\":\"Tropical Hotel Jesolo\",\"url\":\"https:\/\/tropicalhotel.it\/fr\/\",\"logo\":{\"@type\":\"ImageObject\",\"inLanguage\":\"fr-FR\",\"@id\":\"https:\/\/tropicalhotel.it\/fr\/#\/schema\/logo\/image\/\",\"url\":\"https:\/\/tropicalhotel.it\/wp-content\/uploads\/2024\/12\/Logo-Tropical-Verticale-2-2.jpg\",\"contentUrl\":\"https:\/\/tropicalhotel.it\/wp-content\/uploads\/2024\/12\/Logo-Tropical-Verticale-2-2.jpg\",\"width\":190,\"height\":147,\"caption\":\"Tropical Hotel Jesolo\"},\"image\":{\"@id\":\"https:\/\/tropicalhotel.it\/fr\/#\/schema\/logo\/image\/\"},\"sameAs\":[\"https:\/\/www.facebook.com\/Tropical-Hotel-Jesolo-276868195688612\/\",\"https:\/\/www.instagram.com\/tropicalhoteljesolo\/\"]}]}<\/script>\n<!-- \/ Yoast SEO plugin. -->","yoast_head_json":{"title":"Prix - Tropical Hotel Jesolo","description":"D\u00e9couvrez les tarifs de nos chambres ! De nombreux services inclus, comme l\u2019acc\u00e8s \u00e0 la plage et le parking. N\u2019h\u00e9sitez pas \u00e0 nous contacter pour toute information.","robots":{"index":"index","follow":"follow","max-snippet":"max-snippet:-1","max-image-preview":"max-image-preview:large","max-video-preview":"max-video-preview:-1"},"canonical":"https:\/\/tropicalhotel.it\/fr\/prix\/","og_locale":"fr_FR","og_type":"article","og_title":"Prix - Tropical Hotel Jesolo","og_description":"D\u00e9couvrez les tarifs de nos chambres ! De nombreux services inclus, comme l\u2019acc\u00e8s \u00e0 la plage et le parking. N\u2019h\u00e9sitez pas \u00e0 nous contacter pour toute information.","og_url":"https:\/\/tropicalhotel.it\/fr\/prix\/","og_site_name":"Tropical Hotel Jesolo","article_publisher":"https:\/\/www.facebook.com\/Tropical-Hotel-Jesolo-276868195688612\/","article_modified_time":"2025-06-17T07:56:05+00:00","og_image":[{"width":1600,"height":558,"url":"https:\/\/tropicalhotel.it\/wp-content\/uploads\/2025\/01\/Prezzi-EVI-Tropical.jpg","type":"image\/jpeg"}],"twitter_card":"summary_large_image","twitter_misc":{"Dur\u00e9e de lecture estim\u00e9e":"1 minute"},"schema":{"@context":"https:\/\/schema.org","@graph":[{"@type":"WebPage","@id":"https:\/\/tropicalhotel.it\/fr\/prix\/","url":"https:\/\/tropicalhotel.it\/fr\/prix\/","name":"Prix - Tropical Hotel Jesolo","isPartOf":{"@id":"https:\/\/tropicalhotel.it\/fr\/#website"},"primaryImageOfPage":{"@id":"https:\/\/tropicalhotel.it\/fr\/prix\/#primaryimage"},"image":{"@id":"https:\/\/tropicalhotel.it\/fr\/prix\/#primaryimage"},"thumbnailUrl":"https:\/\/tropicalhotel.it\/wp-content\/uploads\/2025\/01\/Prezzi-EVI-Tropical.jpg","datePublished":"2025-01-09T09:58:11+00:00","dateModified":"2025-06-17T07:56:05+00:00","description":"D\u00e9couvrez les tarifs de nos chambres ! De nombreux services inclus, comme l\u2019acc\u00e8s \u00e0 la plage et le parking. N\u2019h\u00e9sitez pas \u00e0 nous contacter pour toute information.","breadcrumb":{"@id":"https:\/\/tropicalhotel.it\/fr\/prix\/#breadcrumb"},"inLanguage":"fr-FR","potentialAction":[{"@type":"ReadAction","target":["https:\/\/tropicalhotel.it\/fr\/prix\/"]}]},{"@type":"ImageObject","inLanguage":"fr-FR","@id":"https:\/\/tropicalhotel.it\/fr\/prix\/#primaryimage","url":"https:\/\/tropicalhotel.it\/wp-content\/uploads\/2025\/01\/Prezzi-EVI-Tropical.jpg","contentUrl":"https:\/\/tropicalhotel.it\/wp-content\/uploads\/2025\/01\/Prezzi-EVI-Tropical.jpg","width":1600,"height":558},{"@type":"BreadcrumbList","@id":"https:\/\/tropicalhotel.it\/fr\/prix\/#breadcrumb","itemListElement":[{"@type":"ListItem","position":1,"name":"Home","item":"https:\/\/tropicalhotel.it\/fr\/"},{"@type":"ListItem","position":2,"name":"Prix"}]},{"@type":"WebSite","@id":"https:\/\/tropicalhotel.it\/fr\/#website","url":"https:\/\/tropicalhotel.it\/fr\/","name":"Tropical Hotel Jesolo","description":"Hotel 3 stelle a Jesolo","publisher":{"@id":"https:\/\/tropicalhotel.it\/fr\/#organization"},"potentialAction":[{"@type":"SearchAction","target":{"@type":"EntryPoint","urlTemplate":"https:\/\/tropicalhotel.it\/fr\/?s={search_term_string}"},"query-input":{"@type":"PropertyValueSpecification","valueRequired":true,"valueName":"search_term_string"}}],"inLanguage":"fr-FR"},{"@type":"Organization","@id":"https:\/\/tropicalhotel.it\/fr\/#organization","name":"Tropical Hotel Jesolo","url":"https:\/\/tropicalhotel.it\/fr\/","logo":{"@type":"ImageObject","inLanguage":"fr-FR","@id":"https:\/\/tropicalhotel.it\/fr\/#\/schema\/logo\/image\/","url":"https:\/\/tropicalhotel.it\/wp-content\/uploads\/2024\/12\/Logo-Tropical-Verticale-2-2.jpg","contentUrl":"https:\/\/tropicalhotel.it\/wp-content\/uploads\/2024\/12\/Logo-Tropical-Verticale-2-2.jpg","width":190,"height":147,"caption":"Tropical Hotel Jesolo"},"image":{"@id":"https:\/\/tropicalhotel.it\/fr\/#\/schema\/logo\/image\/"},"sameAs":["https:\/\/www.facebook.com\/Tropical-Hotel-Jesolo-276868195688612\/","https:\/\/www.instagram.com\/tropicalhoteljesolo\/"]}]}},"_links":{"self":[{"href":"https:\/\/tropicalhotel.it\/fr\/wp-json\/wp\/v2\/pages\/2284","targetHints":{"allow":["GET"]}}],"collection":[{"href":"https:\/\/tropicalhotel.it\/fr\/wp-json\/wp\/v2\/pages"}],"about":[{"href":"https:\/\/tropicalhotel.it\/fr\/wp-json\/wp\/v2\/types\/page"}],"author":[{"embeddable":true,"href":"https:\/\/tropicalhotel.it\/fr\/wp-json\/wp\/v2\/users\/1"}],"replies":[{"embeddable":true,"href":"https:\/\/tropicalhotel.it\/fr\/wp-json\/wp\/v2\/comments?post=2284"}],"version-history":[{"count":5,"href":"https:\/\/tropicalhotel.it\/fr\/wp-json\/wp\/v2\/pages\/2284\/revisions"}],"predecessor-version":[{"id":3959,"href":"https:\/\/tropicalhotel.it\/fr\/wp-json\/wp\/v2\/pages\/2284\/revisions\/3959"}],"wp:featuredmedia":[{"embeddable":true,"href":"https:\/\/tropicalhotel.it\/fr\/wp-json\/wp\/v2\/media\/2035"}],"wp:attachment":[{"href":"https:\/\/tropicalhotel.it\/fr\/wp-json\/wp\/v2\/media?parent=2284"}],"curies":[{"name":"wp","href":"https:\/\/api.w.org\/{rel}","templated":true}]}}