{"id":2293,"date":"2025-01-09T09:59:31","date_gmt":"2025-01-09T09:59:31","guid":{"rendered":"https:\/\/staging.tropicalhotel.it\/prix\/cancellation-policy\/"},"modified":"2025-04-23T13:21:11","modified_gmt":"2025-04-23T13:21:11","slug":"annulation-reservation","status":"publish","type":"page","link":"https:\/\/tropicalhotel.it\/fr\/prix\/annulation-reservation\/","title":{"rendered":"Annulation R\u00e9servation"},"content":{"rendered":"\n<p>1- Les chambres, le parking et la plage, sont disponibles \u00e0 partir de 12H 00 le jour d\u2019arriv\u00e9e jusqu\u2019\u00e0 10H 00 le jour du d\u00e9par.<\/p>\n\n\n\n<p>2- Les r\u00e9servations seront confirm\u00e9es apr\u00e8s la communication des coordonn\u00e9es d\u2019une carte de cr\u00e9dit (num\u00e9ro et date d\u2019\u00e9ch\u00e9ance) garantissant la r\u00e9servation, ou bien du versement d\u2019arrhes pour la confirmation (min. 30% du montant du s\u00e9jour par chambre) effectu\u00e9 par versement bancaire.<\/p>\n\n\n\n<p>3- A l\u2019exclusion des offres sp\u00e9ciales, il est possible d\u2019annuler la r\u00e9servation sans p\u00e9nalit\u00e9s au moins 7 jours avant la date d\u2019arriv\u00e9e, et ce par communication \u00e9crite, email ou t\u00e9l\u00e9copie.<\/p>\n\n\n\n<p>4- Si le client ne se pr\u00e9sent pas ou en cas d\u2019annulation au-del\u00e0 des d\u00e9lais mentionn\u00e9s au point 3, le prix de trois nuits sera factur\u00e9 ou bien les arrhes de confirmation seront retenus.<\/p>\n\n\n\n<p>5- Des arriv\u00e9es diff\u00e9r\u00e9es ou des d\u00e9parts anticip\u00e9s entra\u00eenent le d\u00e9bit uniquement du prix de la chambre pour toute la p\u00e9riode qui ne sera pas utilis\u00e9e.<\/p>\n\n\n\n<p>La r\u00e9servation garantie est une garantie \u00e9galement pour le Client.<\/p>\n","protected":false},"excerpt":{"rendered":"<p>1- Les chambres, le parking et la plage, sont disponibles \u00e0 partir de 12H 00 le jour d\u2019arriv\u00e9e jusqu\u2019\u00e0 10H 00 le jour du d\u00e9par. 2- Les r\u00e9servations seront confirm\u00e9es apr\u00e8s la communication des coordonn\u00e9es d\u2019une carte de cr\u00e9dit (num\u00e9ro et date d\u2019\u00e9ch\u00e9ance) garantissant la r\u00e9servation, ou bien du versement d\u2019arrhes pour la confirmation (min. [&hellip;]<\/p>\n","protected":false},"author":1,"featured_media":2035,"parent":2284,"menu_order":0,"comment_status":"closed","ping_status":"closed","template":"","meta":{"_acf_changed":false,"footnotes":""},"class_list":["post-2293","page","type-page","status-publish","has-post-thumbnail","hentry"],"acf":[],"_links":{"self":[{"href":"https:\/\/tropicalhotel.it\/fr\/wp-json\/wp\/v2\/pages\/2293","targetHints":{"allow":["GET"]}}],"collection":[{"href":"https:\/\/tropicalhotel.it\/fr\/wp-json\/wp\/v2\/pages"}],"about":[{"href":"https:\/\/tropicalhotel.it\/fr\/wp-json\/wp\/v2\/types\/page"}],"author":[{"embeddable":true,"href":"https:\/\/tropicalhotel.it\/fr\/wp-json\/wp\/v2\/users\/1"}],"replies":[{"embeddable":true,"href":"https:\/\/tropicalhotel.it\/fr\/wp-json\/wp\/v2\/comments?post=2293"}],"version-history":[{"count":3,"href":"https:\/\/tropicalhotel.it\/fr\/wp-json\/wp\/v2\/pages\/2293\/revisions"}],"predecessor-version":[{"id":3100,"href":"https:\/\/tropicalhotel.it\/fr\/wp-json\/wp\/v2\/pages\/2293\/revisions\/3100"}],"up":[{"embeddable":true,"href":"https:\/\/tropicalhotel.it\/fr\/wp-json\/wp\/v2\/pages\/2284"}],"wp:featuredmedia":[{"embeddable":true,"href":"https:\/\/tropicalhotel.it\/fr\/wp-json\/wp\/v2\/media\/2035"}],"wp:attachment":[{"href":"https:\/\/tropicalhotel.it\/fr\/wp-json\/wp\/v2\/media?parent=2293"}],"curies":[{"name":"wp","href":"https:\/\/api.w.org\/{rel}","templated":true}]}}