{"id":2316,"date":"2025-02-03T13:24:04","date_gmt":"2025-02-03T13:24:04","guid":{"rendered":"https:\/\/staging.tropicalhotel.it\/pubblicazione-degli-aiuti-di-stato-contributi-ricevuti-nellanno-2020-legge-124-2017\/"},"modified":"2025-02-21T10:18:05","modified_gmt":"2025-02-21T10:18:05","slug":"publication-des-aides-detat-contributions-recues-en-2020-loi-124-2017","status":"publish","type":"page","link":"https:\/\/tropicalhotel.it\/fr\/publication-des-aides-detat-contributions-recues-en-2020-loi-124-2017\/","title":{"rendered":"PUBLICATION DES AIDES D&rsquo;\u00c9TAT\/CONTRIBUTIONS RE\u00c7UES EN 2020 \u2013 LOI 124\/2017"},"content":{"rendered":"\n<p><strong>Nom du b\u00e9n\u00e9ficiaire : TROPICAL S.N.C. DI ANDREA BERGAMO &amp; C.<\/strong><br>Code fiscal du b\u00e9n\u00e9ficiaire : <strong>02174050274<\/strong><\/p>\n\n\n\n<ol class=\"wp-block-list\">\n<li>Organisme payeur : Administration financi\u00e8re de l&rsquo;\u00c9tat italien<br>Montant per\u00e7u : 3.848,00 \u20ac<br>Date de r\u00e9ception : 25\/06\/2020<br>Motif : Subvention non remboursable \u2013 D\u00e9cret Relance, Art. 25 du D\u00e9cret-loi du 19\/05\/2020<\/li>\n\n\n\n<li>Organisme payeur : Administration financi\u00e8re de l&rsquo;\u00c9tat italien<br>Montant per\u00e7u : 5.772,00 \u20ac<br>Date de r\u00e9ception : 10\/11\/2020<br>Motif : D\u00e9crets Ristori et Ristori Bis \u2013 Art. 1 du D\u00e9cret-loi du 28 octobre 2020 n\u00b0137 et Art. 2 du D\u00e9cret-loi du 9 novembre 2020 n\u00b0149<\/li>\n\n\n\n<li>Organisme payeur : Agence des Imp\u00f4ts italienne<br>Cr\u00e9dit accord\u00e9 : 480,00 \u20ac<br>Date de derni\u00e8re utilisation : 14\/12\/2020<br>Motif : Cr\u00e9dit d&rsquo;imp\u00f4t pour la d\u00e9sinfection et les EPI \u2013 Article 125 du D\u00e9cret-loi n\u00b034 du 19 mai 2020<\/li>\n<\/ol>\n","protected":false},"excerpt":{"rendered":"<p>Nom du b\u00e9n\u00e9ficiaire : TROPICAL S.N.C. DI ANDREA BERGAMO &amp; C.Code fiscal du b\u00e9n\u00e9ficiaire : 02174050274<\/p>\n","protected":false},"author":1,"featured_media":0,"parent":0,"menu_order":0,"comment_status":"closed","ping_status":"closed","template":"","meta":{"_acf_changed":false,"footnotes":""},"class_list":["post-2316","page","type-page","status-publish","hentry"],"acf":[],"_links":{"self":[{"href":"https:\/\/tropicalhotel.it\/fr\/wp-json\/wp\/v2\/pages\/2316","targetHints":{"allow":["GET"]}}],"collection":[{"href":"https:\/\/tropicalhotel.it\/fr\/wp-json\/wp\/v2\/pages"}],"about":[{"href":"https:\/\/tropicalhotel.it\/fr\/wp-json\/wp\/v2\/types\/page"}],"author":[{"embeddable":true,"href":"https:\/\/tropicalhotel.it\/fr\/wp-json\/wp\/v2\/users\/1"}],"replies":[{"embeddable":true,"href":"https:\/\/tropicalhotel.it\/fr\/wp-json\/wp\/v2\/comments?post=2316"}],"version-history":[{"count":3,"href":"https:\/\/tropicalhotel.it\/fr\/wp-json\/wp\/v2\/pages\/2316\/revisions"}],"predecessor-version":[{"id":2325,"href":"https:\/\/tropicalhotel.it\/fr\/wp-json\/wp\/v2\/pages\/2316\/revisions\/2325"}],"wp:attachment":[{"href":"https:\/\/tropicalhotel.it\/fr\/wp-json\/wp\/v2\/media?parent=2316"}],"curies":[{"name":"wp","href":"https:\/\/api.w.org\/{rel}","templated":true}]}}