{"id":2329,"date":"2024-12-17T09:17:42","date_gmt":"2024-12-17T09:17:42","guid":{"rendered":"https:\/\/staging.tropicalhotel.it\/servizio-in-camera\/"},"modified":"2025-02-21T10:31:00","modified_gmt":"2025-02-21T10:31:00","slug":"service-en-chambre","status":"publish","type":"page","link":"https:\/\/tropicalhotel.it\/fr\/service-en-chambre\/","title":{"rendered":"Service en chambre"},"content":{"rendered":"\n<p><strong>Le plaisir de prendre le petit d\u00e9jeuner dans votre chambre<\/strong><br>Comme nous voulons vraiment que nos clients soient en bonne sant\u00e9 et satisfaits, nous sommes heureux de vous offrir<br>la possibilit\u00e9 d\u2019avoir le petit d\u00e9jeuner (aussi sans gluten) dans votre chambre, o\u00f9 vous pourrez profiter de votre intimit\u00e9,<br>vous d\u00e9tendre et vous conforter comme vous le souhaitez.<\/p>\n\n\n\n<p><strong>Comment \u00e7a marche<\/strong><br>C\u2019est tr\u00e8s simple!<br>Vous trouverez le menu du petit d\u00e9jeuner dans votre chambre. Choisissez ce que vous souhaitez avoir et l\u2019heure de<br>livraison souhait\u00e9e. Laissez le formulaire rempli accroch\u00e9 devant votre porte avant 6 h et nous vous livrerons votre<br>petit-d\u00e9jeuner en chambre comme vous le souhaitez.<\/p>\n\n\n\n<p><strong>\u2026Combien \u00e7a co\u00fbte?<\/strong><br>Notre suppl\u00e9ment pour le petit d\u00e9jeuner en chambre est de 7,00 Eur par chambre. Le co\u00fbt du petit d\u00e9jeuner d\u00e9pend de<br>vos choix; nous avons de nombreuses options, ainsi que le petit d\u00e9jeuner inclus dans le prix de la chambre. Vous pouvez<br>\u00e9galement choisir votre petit-d\u00e9jeuner \u00ab\u00e0 la carte\u00bb; dans ce cas, vous trouverez les co\u00fbts des articles individuels sur le<br>menu de votre chambre.<\/p>\n","protected":false},"excerpt":{"rendered":"<p>Le plaisir de prendre le petit d\u00e9jeuner dans votre chambreComme nous voulons vraiment que nos clients soient en bonne sant\u00e9 et satisfaits, nous sommes heureux de vous offrirla possibilit\u00e9 d\u2019avoir le petit d\u00e9jeuner (aussi sans gluten) dans votre chambre, o\u00f9 vous pourrez profiter de votre intimit\u00e9,vous d\u00e9tendre et vous conforter comme vous le souhaitez. Comment [&hellip;]<\/p>\n","protected":false},"author":1,"featured_media":494,"parent":0,"menu_order":0,"comment_status":"closed","ping_status":"closed","template":"","meta":{"_acf_changed":false,"footnotes":""},"class_list":["post-2329","page","type-page","status-publish","has-post-thumbnail","hentry"],"acf":[],"yoast_head":"<!-- This site is optimized with the Yoast SEO plugin v27.0 - https:\/\/yoast.com\/product\/yoast-seo-wordpress\/ -->\n<title>Service en chambre - Tropical Hotel Jesolo<\/title>\n<meta name=\"description\" content=\"Savourez votre petit-d\u00e9jeuner en chambre avec notre service, incluant des options sans gluten. Intimit\u00e9, d\u00e9tente et confort au r\u00e9veil.\" \/>\n<meta name=\"robots\" content=\"index, follow, max-snippet:-1, max-image-preview:large, max-video-preview:-1\" \/>\n<link rel=\"canonical\" href=\"https:\/\/tropicalhotel.it\/fr\/service-en-chambre\/\" \/>\n<meta property=\"og:locale\" content=\"fr_FR\" \/>\n<meta property=\"og:type\" content=\"article\" \/>\n<meta property=\"og:title\" content=\"Service en chambre - Tropical Hotel Jesolo\" \/>\n<meta property=\"og:description\" content=\"Savourez votre petit-d\u00e9jeuner en chambre avec notre service, incluant des options sans gluten. Intimit\u00e9, d\u00e9tente et confort au r\u00e9veil.\" \/>\n<meta property=\"og:url\" content=\"https:\/\/tropicalhotel.it\/fr\/service-en-chambre\/\" \/>\n<meta property=\"og:site_name\" content=\"Tropical Hotel Jesolo\" \/>\n<meta property=\"article:publisher\" content=\"https:\/\/www.facebook.com\/Tropical-Hotel-Jesolo-276868195688612\/\" \/>\n<meta property=\"article:modified_time\" content=\"2025-02-21T10:31:00+00:00\" \/>\n<meta property=\"og:image\" content=\"https:\/\/tropicalhotel.it\/wp-content\/uploads\/2024\/12\/colazione-top.jpg\" \/>\n\t<meta property=\"og:image:width\" content=\"1920\" \/>\n\t<meta property=\"og:image:height\" content=\"670\" \/>\n\t<meta property=\"og:image:type\" content=\"image\/jpeg\" \/>\n<meta name=\"twitter:card\" content=\"summary_large_image\" \/>\n<meta name=\"twitter:label1\" content=\"Dur\u00e9e de lecture estim\u00e9e\" \/>\n\t<meta name=\"twitter:data1\" content=\"2 minutes\" \/>\n<script type=\"application\/ld+json\" class=\"yoast-schema-graph\">{\"@context\":\"https:\/\/schema.org\",\"@graph\":[{\"@type\":\"WebPage\",\"@id\":\"https:\/\/tropicalhotel.it\/fr\/service-en-chambre\/\",\"url\":\"https:\/\/tropicalhotel.it\/fr\/service-en-chambre\/\",\"name\":\"Service en chambre - Tropical Hotel Jesolo\",\"isPartOf\":{\"@id\":\"https:\/\/tropicalhotel.it\/fr\/#website\"},\"primaryImageOfPage\":{\"@id\":\"https:\/\/tropicalhotel.it\/fr\/service-en-chambre\/#primaryimage\"},\"image\":{\"@id\":\"https:\/\/tropicalhotel.it\/fr\/service-en-chambre\/#primaryimage\"},\"thumbnailUrl\":\"https:\/\/tropicalhotel.it\/wp-content\/uploads\/2024\/12\/colazione-top.jpg\",\"datePublished\":\"2024-12-17T09:17:42+00:00\",\"dateModified\":\"2025-02-21T10:31:00+00:00\",\"description\":\"Savourez votre petit-d\u00e9jeuner en chambre avec notre service, incluant des options sans gluten. Intimit\u00e9, d\u00e9tente et confort au r\u00e9veil.\",\"breadcrumb\":{\"@id\":\"https:\/\/tropicalhotel.it\/fr\/service-en-chambre\/#breadcrumb\"},\"inLanguage\":\"fr-FR\",\"potentialAction\":[{\"@type\":\"ReadAction\",\"target\":[\"https:\/\/tropicalhotel.it\/fr\/service-en-chambre\/\"]}]},{\"@type\":\"ImageObject\",\"inLanguage\":\"fr-FR\",\"@id\":\"https:\/\/tropicalhotel.it\/fr\/service-en-chambre\/#primaryimage\",\"url\":\"https:\/\/tropicalhotel.it\/wp-content\/uploads\/2024\/12\/colazione-top.jpg\",\"contentUrl\":\"https:\/\/tropicalhotel.it\/wp-content\/uploads\/2024\/12\/colazione-top.jpg\",\"width\":1920,\"height\":670},{\"@type\":\"BreadcrumbList\",\"@id\":\"https:\/\/tropicalhotel.it\/fr\/service-en-chambre\/#breadcrumb\",\"itemListElement\":[{\"@type\":\"ListItem\",\"position\":1,\"name\":\"Home\",\"item\":\"https:\/\/tropicalhotel.it\/fr\/\"},{\"@type\":\"ListItem\",\"position\":2,\"name\":\"Service en chambre\"}]},{\"@type\":\"WebSite\",\"@id\":\"https:\/\/tropicalhotel.it\/fr\/#website\",\"url\":\"https:\/\/tropicalhotel.it\/fr\/\",\"name\":\"Tropical Hotel Jesolo\",\"description\":\"Hotel 3 stelle a Jesolo\",\"publisher\":{\"@id\":\"https:\/\/tropicalhotel.it\/fr\/#organization\"},\"potentialAction\":[{\"@type\":\"SearchAction\",\"target\":{\"@type\":\"EntryPoint\",\"urlTemplate\":\"https:\/\/tropicalhotel.it\/fr\/?s={search_term_string}\"},\"query-input\":{\"@type\":\"PropertyValueSpecification\",\"valueRequired\":true,\"valueName\":\"search_term_string\"}}],\"inLanguage\":\"fr-FR\"},{\"@type\":\"Organization\",\"@id\":\"https:\/\/tropicalhotel.it\/fr\/#organization\",\"name\":\"Tropical Hotel Jesolo\",\"url\":\"https:\/\/tropicalhotel.it\/fr\/\",\"logo\":{\"@type\":\"ImageObject\",\"inLanguage\":\"fr-FR\",\"@id\":\"https:\/\/tropicalhotel.it\/fr\/#\/schema\/logo\/image\/\",\"url\":\"https:\/\/tropicalhotel.it\/wp-content\/uploads\/2024\/12\/Logo-Tropical-Verticale-2-2.jpg\",\"contentUrl\":\"https:\/\/tropicalhotel.it\/wp-content\/uploads\/2024\/12\/Logo-Tropical-Verticale-2-2.jpg\",\"width\":190,\"height\":147,\"caption\":\"Tropical Hotel Jesolo\"},\"image\":{\"@id\":\"https:\/\/tropicalhotel.it\/fr\/#\/schema\/logo\/image\/\"},\"sameAs\":[\"https:\/\/www.facebook.com\/Tropical-Hotel-Jesolo-276868195688612\/\",\"https:\/\/www.instagram.com\/tropicalhoteljesolo\/\"]}]}<\/script>\n<!-- \/ Yoast SEO plugin. -->","yoast_head_json":{"title":"Service en chambre - Tropical Hotel Jesolo","description":"Savourez votre petit-d\u00e9jeuner en chambre avec notre service, incluant des options sans gluten. Intimit\u00e9, d\u00e9tente et confort au r\u00e9veil.","robots":{"index":"index","follow":"follow","max-snippet":"max-snippet:-1","max-image-preview":"max-image-preview:large","max-video-preview":"max-video-preview:-1"},"canonical":"https:\/\/tropicalhotel.it\/fr\/service-en-chambre\/","og_locale":"fr_FR","og_type":"article","og_title":"Service en chambre - Tropical Hotel Jesolo","og_description":"Savourez votre petit-d\u00e9jeuner en chambre avec notre service, incluant des options sans gluten. Intimit\u00e9, d\u00e9tente et confort au r\u00e9veil.","og_url":"https:\/\/tropicalhotel.it\/fr\/service-en-chambre\/","og_site_name":"Tropical Hotel Jesolo","article_publisher":"https:\/\/www.facebook.com\/Tropical-Hotel-Jesolo-276868195688612\/","article_modified_time":"2025-02-21T10:31:00+00:00","og_image":[{"width":1920,"height":670,"url":"https:\/\/tropicalhotel.it\/wp-content\/uploads\/2024\/12\/colazione-top.jpg","type":"image\/jpeg"}],"twitter_card":"summary_large_image","twitter_misc":{"Dur\u00e9e de lecture estim\u00e9e":"2 minutes"},"schema":{"@context":"https:\/\/schema.org","@graph":[{"@type":"WebPage","@id":"https:\/\/tropicalhotel.it\/fr\/service-en-chambre\/","url":"https:\/\/tropicalhotel.it\/fr\/service-en-chambre\/","name":"Service en chambre - Tropical Hotel Jesolo","isPartOf":{"@id":"https:\/\/tropicalhotel.it\/fr\/#website"},"primaryImageOfPage":{"@id":"https:\/\/tropicalhotel.it\/fr\/service-en-chambre\/#primaryimage"},"image":{"@id":"https:\/\/tropicalhotel.it\/fr\/service-en-chambre\/#primaryimage"},"thumbnailUrl":"https:\/\/tropicalhotel.it\/wp-content\/uploads\/2024\/12\/colazione-top.jpg","datePublished":"2024-12-17T09:17:42+00:00","dateModified":"2025-02-21T10:31:00+00:00","description":"Savourez votre petit-d\u00e9jeuner en chambre avec notre service, incluant des options sans gluten. Intimit\u00e9, d\u00e9tente et confort au r\u00e9veil.","breadcrumb":{"@id":"https:\/\/tropicalhotel.it\/fr\/service-en-chambre\/#breadcrumb"},"inLanguage":"fr-FR","potentialAction":[{"@type":"ReadAction","target":["https:\/\/tropicalhotel.it\/fr\/service-en-chambre\/"]}]},{"@type":"ImageObject","inLanguage":"fr-FR","@id":"https:\/\/tropicalhotel.it\/fr\/service-en-chambre\/#primaryimage","url":"https:\/\/tropicalhotel.it\/wp-content\/uploads\/2024\/12\/colazione-top.jpg","contentUrl":"https:\/\/tropicalhotel.it\/wp-content\/uploads\/2024\/12\/colazione-top.jpg","width":1920,"height":670},{"@type":"BreadcrumbList","@id":"https:\/\/tropicalhotel.it\/fr\/service-en-chambre\/#breadcrumb","itemListElement":[{"@type":"ListItem","position":1,"name":"Home","item":"https:\/\/tropicalhotel.it\/fr\/"},{"@type":"ListItem","position":2,"name":"Service en chambre"}]},{"@type":"WebSite","@id":"https:\/\/tropicalhotel.it\/fr\/#website","url":"https:\/\/tropicalhotel.it\/fr\/","name":"Tropical Hotel Jesolo","description":"Hotel 3 stelle a Jesolo","publisher":{"@id":"https:\/\/tropicalhotel.it\/fr\/#organization"},"potentialAction":[{"@type":"SearchAction","target":{"@type":"EntryPoint","urlTemplate":"https:\/\/tropicalhotel.it\/fr\/?s={search_term_string}"},"query-input":{"@type":"PropertyValueSpecification","valueRequired":true,"valueName":"search_term_string"}}],"inLanguage":"fr-FR"},{"@type":"Organization","@id":"https:\/\/tropicalhotel.it\/fr\/#organization","name":"Tropical Hotel Jesolo","url":"https:\/\/tropicalhotel.it\/fr\/","logo":{"@type":"ImageObject","inLanguage":"fr-FR","@id":"https:\/\/tropicalhotel.it\/fr\/#\/schema\/logo\/image\/","url":"https:\/\/tropicalhotel.it\/wp-content\/uploads\/2024\/12\/Logo-Tropical-Verticale-2-2.jpg","contentUrl":"https:\/\/tropicalhotel.it\/wp-content\/uploads\/2024\/12\/Logo-Tropical-Verticale-2-2.jpg","width":190,"height":147,"caption":"Tropical Hotel Jesolo"},"image":{"@id":"https:\/\/tropicalhotel.it\/fr\/#\/schema\/logo\/image\/"},"sameAs":["https:\/\/www.facebook.com\/Tropical-Hotel-Jesolo-276868195688612\/","https:\/\/www.instagram.com\/tropicalhoteljesolo\/"]}]}},"_links":{"self":[{"href":"https:\/\/tropicalhotel.it\/fr\/wp-json\/wp\/v2\/pages\/2329","targetHints":{"allow":["GET"]}}],"collection":[{"href":"https:\/\/tropicalhotel.it\/fr\/wp-json\/wp\/v2\/pages"}],"about":[{"href":"https:\/\/tropicalhotel.it\/fr\/wp-json\/wp\/v2\/types\/page"}],"author":[{"embeddable":true,"href":"https:\/\/tropicalhotel.it\/fr\/wp-json\/wp\/v2\/users\/1"}],"replies":[{"embeddable":true,"href":"https:\/\/tropicalhotel.it\/fr\/wp-json\/wp\/v2\/comments?post=2329"}],"version-history":[{"count":2,"href":"https:\/\/tropicalhotel.it\/fr\/wp-json\/wp\/v2\/pages\/2329\/revisions"}],"predecessor-version":[{"id":2336,"href":"https:\/\/tropicalhotel.it\/fr\/wp-json\/wp\/v2\/pages\/2329\/revisions\/2336"}],"wp:featuredmedia":[{"embeddable":true,"href":"https:\/\/tropicalhotel.it\/fr\/wp-json\/wp\/v2\/media\/494"}],"wp:attachment":[{"href":"https:\/\/tropicalhotel.it\/fr\/wp-json\/wp\/v2\/media?parent=2329"}],"curies":[{"name":"wp","href":"https:\/\/api.w.org\/{rel}","templated":true}]}}