{"id":2339,"date":"2025-01-09T09:25:52","date_gmt":"2025-01-09T09:25:52","guid":{"rendered":"https:\/\/staging.tropicalhotel.it\/solarium\/"},"modified":"2025-02-21T14:59:29","modified_gmt":"2025-02-21T14:59:29","slug":"solarium","status":"publish","type":"page","link":"https:\/\/tropicalhotel.it\/fr\/solarium\/","title":{"rendered":"Solarium"},"content":{"rendered":"\n<p><strong>Le Soleil.<\/strong>\u00a0Bien-\u00eatre psychophysique, bronzage et relax \u00e9galement dans notre solarium avec bassin \u00e0 hydromassage chauff\u00e9 \u00e0 disposition de notre client\u00e8le, o\u00f9 le corps et l\u2019esprit se r\u00e9g\u00e9n\u00e8rent dans la force de l\u2019union des trois \u00e9l\u00e9ments soleil, eau et air, accompagn\u00e9s de la chaleur de la belle saison.<\/p>\n\n\n\n<figure class=\"wp-block-gallery has-nested-images columns-default is-cropped wp-block-gallery-1 is-layout-flex wp-block-gallery-is-layout-flex\">\n<figure class=\"wp-block-image size-large\"><img loading=\"lazy\" decoding=\"async\" width=\"1024\" height=\"683\" data-id=\"1886\" src=\"https:\/\/tropicalhotel.it\/wp-content\/uploads\/2025\/01\/Solarium-Tropical-GA-01-1024x683.jpg\" alt=\"\" class=\"wp-image-1886\" srcset=\"https:\/\/tropicalhotel.it\/wp-content\/uploads\/2025\/01\/Solarium-Tropical-GA-01-1024x683.jpg 1024w, https:\/\/tropicalhotel.it\/wp-content\/uploads\/2025\/01\/Solarium-Tropical-GA-01-300x200.jpg 300w, https:\/\/tropicalhotel.it\/wp-content\/uploads\/2025\/01\/Solarium-Tropical-GA-01-768x512.jpg 768w, https:\/\/tropicalhotel.it\/wp-content\/uploads\/2025\/01\/Solarium-Tropical-GA-01.jpg 1200w\" sizes=\"auto, (max-width: 1024px) 100vw, 1024px\" \/><\/figure>\n\n\n\n<figure class=\"wp-block-image size-large\"><img loading=\"lazy\" decoding=\"async\" width=\"1024\" height=\"683\" data-id=\"1897\" src=\"https:\/\/tropicalhotel.it\/wp-content\/uploads\/2025\/01\/Solarium-Tropical-GA-02-1024x683.jpg\" alt=\"\" class=\"wp-image-1897\" srcset=\"https:\/\/tropicalhotel.it\/wp-content\/uploads\/2025\/01\/Solarium-Tropical-GA-02-1024x683.jpg 1024w, https:\/\/tropicalhotel.it\/wp-content\/uploads\/2025\/01\/Solarium-Tropical-GA-02-300x200.jpg 300w, https:\/\/tropicalhotel.it\/wp-content\/uploads\/2025\/01\/Solarium-Tropical-GA-02-768x512.jpg 768w, https:\/\/tropicalhotel.it\/wp-content\/uploads\/2025\/01\/Solarium-Tropical-GA-02.jpg 1200w\" sizes=\"auto, (max-width: 1024px) 100vw, 1024px\" \/><\/figure>\n\n\n\n<figure class=\"wp-block-image size-large\"><img loading=\"lazy\" decoding=\"async\" width=\"1024\" height=\"683\" data-id=\"1882\" src=\"https:\/\/tropicalhotel.it\/wp-content\/uploads\/2025\/01\/Solarium-Tropical-GA-03-1024x683.jpg\" alt=\"\" class=\"wp-image-1882\" srcset=\"https:\/\/tropicalhotel.it\/wp-content\/uploads\/2025\/01\/Solarium-Tropical-GA-03-1024x683.jpg 1024w, https:\/\/tropicalhotel.it\/wp-content\/uploads\/2025\/01\/Solarium-Tropical-GA-03-300x200.jpg 300w, https:\/\/tropicalhotel.it\/wp-content\/uploads\/2025\/01\/Solarium-Tropical-GA-03-768x512.jpg 768w, https:\/\/tropicalhotel.it\/wp-content\/uploads\/2025\/01\/Solarium-Tropical-GA-03.jpg 1200w\" sizes=\"auto, (max-width: 1024px) 100vw, 1024px\" \/><\/figure>\n\n\n\n<figure class=\"wp-block-image size-large\"><img loading=\"lazy\" decoding=\"async\" width=\"1024\" height=\"683\" data-id=\"1890\" src=\"https:\/\/tropicalhotel.it\/wp-content\/uploads\/2025\/01\/Solarium-Tropical-GA-04-1024x683.jpg\" alt=\"\" class=\"wp-image-1890\" srcset=\"https:\/\/tropicalhotel.it\/wp-content\/uploads\/2025\/01\/Solarium-Tropical-GA-04-1024x683.jpg 1024w, https:\/\/tropicalhotel.it\/wp-content\/uploads\/2025\/01\/Solarium-Tropical-GA-04-300x200.jpg 300w, https:\/\/tropicalhotel.it\/wp-content\/uploads\/2025\/01\/Solarium-Tropical-GA-04-768x512.jpg 768w, https:\/\/tropicalhotel.it\/wp-content\/uploads\/2025\/01\/Solarium-Tropical-GA-04.jpg 1200w\" sizes=\"auto, (max-width: 1024px) 100vw, 1024px\" \/><\/figure>\n\n\n\n<figure class=\"wp-block-image size-large\"><img loading=\"lazy\" decoding=\"async\" width=\"1024\" height=\"683\" data-id=\"1892\" src=\"https:\/\/tropicalhotel.it\/wp-content\/uploads\/2025\/01\/Solarium-Tropical-GA-05-2-1024x683.jpg\" alt=\"\" class=\"wp-image-1892\" srcset=\"https:\/\/tropicalhotel.it\/wp-content\/uploads\/2025\/01\/Solarium-Tropical-GA-05-2-1024x683.jpg 1024w, https:\/\/tropicalhotel.it\/wp-content\/uploads\/2025\/01\/Solarium-Tropical-GA-05-2-300x200.jpg 300w, https:\/\/tropicalhotel.it\/wp-content\/uploads\/2025\/01\/Solarium-Tropical-GA-05-2-768x512.jpg 768w, https:\/\/tropicalhotel.it\/wp-content\/uploads\/2025\/01\/Solarium-Tropical-GA-05-2.jpg 1200w\" sizes=\"auto, (max-width: 1024px) 100vw, 1024px\" \/><\/figure>\n<\/figure>\n","protected":false},"excerpt":{"rendered":"<p>Le Soleil.\u00a0Bien-\u00eatre psychophysique, bronzage et relax \u00e9galement dans notre solarium avec bassin \u00e0 hydromassage chauff\u00e9 \u00e0 disposition de notre client\u00e8le, o\u00f9 le corps et l\u2019esprit se r\u00e9g\u00e9n\u00e8rent dans la force de l\u2019union des trois \u00e9l\u00e9ments soleil, eau et air, accompagn\u00e9s de la chaleur de la belle saison.<\/p>\n","protected":false},"author":1,"featured_media":0,"parent":0,"menu_order":0,"comment_status":"closed","ping_status":"closed","template":"","meta":{"_acf_changed":false,"footnotes":""},"class_list":["post-2339","page","type-page","status-publish","hentry"],"acf":[],"_links":{"self":[{"href":"https:\/\/tropicalhotel.it\/fr\/wp-json\/wp\/v2\/pages\/2339","targetHints":{"allow":["GET"]}}],"collection":[{"href":"https:\/\/tropicalhotel.it\/fr\/wp-json\/wp\/v2\/pages"}],"about":[{"href":"https:\/\/tropicalhotel.it\/fr\/wp-json\/wp\/v2\/types\/page"}],"author":[{"embeddable":true,"href":"https:\/\/tropicalhotel.it\/fr\/wp-json\/wp\/v2\/users\/1"}],"replies":[{"embeddable":true,"href":"https:\/\/tropicalhotel.it\/fr\/wp-json\/wp\/v2\/comments?post=2339"}],"version-history":[{"count":3,"href":"https:\/\/tropicalhotel.it\/fr\/wp-json\/wp\/v2\/pages\/2339\/revisions"}],"predecessor-version":[{"id":2482,"href":"https:\/\/tropicalhotel.it\/fr\/wp-json\/wp\/v2\/pages\/2339\/revisions\/2482"}],"wp:attachment":[{"href":"https:\/\/tropicalhotel.it\/fr\/wp-json\/wp\/v2\/media?parent=2339"}],"curies":[{"name":"wp","href":"https:\/\/api.w.org\/{rel}","templated":true}]}}