{"id":2349,"date":"2025-01-09T09:27:51","date_gmt":"2025-01-09T09:27:51","guid":{"rendered":"https:\/\/staging.tropicalhotel.it\/spiaggia\/"},"modified":"2025-02-21T10:47:59","modified_gmt":"2025-02-21T10:47:59","slug":"plage","status":"publish","type":"page","link":"https:\/\/tropicalhotel.it\/fr\/plage\/","title":{"rendered":"Plage"},"content":{"rendered":"\n<p><strong>L\u2019Eau.<\/strong>&nbsp;Toute l\u2019\u00e9nergie d\u00e9gag\u00e9e par l\u2019eau et par la brise marine \u00e0 quelques pas de l\u2019h\u00f4tel, o\u00f9 vous pourrez vous promener pieds nus sur la plage priv\u00e9e exclusive r\u00e9serv\u00e9e \u00e0 nos clients, dans un environnement unique et incomparable riche en sons, parfums et couleurs. Service \u00e0 la plage gratuit<\/p>\n\n\n\n<ul class=\"wp-block-list\">\n<li><strong>Parasol et 2 chaises longue par chambre<\/strong><\/li>\n\n\n\n<li><strong>Cabine dressing<\/strong><\/li>\n\n\n\n<li><strong>Salles de bains avec douche<\/strong><\/li>\n\n\n\n<li><strong>Animation<\/strong><\/li>\n\n\n\n<li><strong>Service de sauvetages \u00e0 la plage<\/strong><\/li>\n\n\n\n<li><strong>Proenade avec \u00e8clairage<\/strong><\/li>\n<\/ul>\n\n\n\n<p>L\u2019attribution des places est libre, \u00e0 l\u2019exception de la premi\u00e8re\/deuxi\u00e8me et de la&nbsp;troisi\u00e8me&nbsp; rang\u00e9e face \u00e0 la mer qui peuvent \u00eatre r\u00e9serv\u00e9es \u00e0 la r\u00e9ception de l\u2019h\u00f4tel moyennant paiement.<\/p>\n\n\n\n<figure class=\"wp-block-gallery has-nested-images columns-default is-cropped wp-block-gallery-1 is-layout-flex wp-block-gallery-is-layout-flex\">\n<figure class=\"wp-block-image size-large\"><img loading=\"lazy\" decoding=\"async\" width=\"1024\" height=\"683\" data-id=\"1904\" src=\"https:\/\/tropicalhotel.it\/wp-content\/uploads\/2025\/01\/Spiaggia-Tropical-GA-01-1024x683.jpg\" alt=\"\" class=\"wp-image-1904\" srcset=\"https:\/\/tropicalhotel.it\/wp-content\/uploads\/2025\/01\/Spiaggia-Tropical-GA-01-1024x683.jpg 1024w, https:\/\/tropicalhotel.it\/wp-content\/uploads\/2025\/01\/Spiaggia-Tropical-GA-01-300x200.jpg 300w, https:\/\/tropicalhotel.it\/wp-content\/uploads\/2025\/01\/Spiaggia-Tropical-GA-01-768x512.jpg 768w, https:\/\/tropicalhotel.it\/wp-content\/uploads\/2025\/01\/Spiaggia-Tropical-GA-01.jpg 1200w\" sizes=\"auto, (max-width: 1024px) 100vw, 1024px\" \/><\/figure>\n\n\n\n<figure class=\"wp-block-image size-large\"><img loading=\"lazy\" decoding=\"async\" width=\"1024\" height=\"683\" data-id=\"1921\" src=\"https:\/\/tropicalhotel.it\/wp-content\/uploads\/2025\/01\/Spiaggia-Tropical-GA-02-1024x683.jpg\" alt=\"\" class=\"wp-image-1921\" srcset=\"https:\/\/tropicalhotel.it\/wp-content\/uploads\/2025\/01\/Spiaggia-Tropical-GA-02-1024x683.jpg 1024w, https:\/\/tropicalhotel.it\/wp-content\/uploads\/2025\/01\/Spiaggia-Tropical-GA-02-300x200.jpg 300w, https:\/\/tropicalhotel.it\/wp-content\/uploads\/2025\/01\/Spiaggia-Tropical-GA-02-768x512.jpg 768w, https:\/\/tropicalhotel.it\/wp-content\/uploads\/2025\/01\/Spiaggia-Tropical-GA-02.jpg 1200w\" sizes=\"auto, (max-width: 1024px) 100vw, 1024px\" \/><\/figure>\n\n\n\n<figure class=\"wp-block-image size-large\"><img loading=\"lazy\" decoding=\"async\" width=\"1024\" height=\"683\" data-id=\"1914\" src=\"https:\/\/tropicalhotel.it\/wp-content\/uploads\/2025\/01\/Spiaggia-Tropical-GA-03-1024x683.jpg\" alt=\"\" class=\"wp-image-1914\" srcset=\"https:\/\/tropicalhotel.it\/wp-content\/uploads\/2025\/01\/Spiaggia-Tropical-GA-03-1024x683.jpg 1024w, https:\/\/tropicalhotel.it\/wp-content\/uploads\/2025\/01\/Spiaggia-Tropical-GA-03-300x200.jpg 300w, https:\/\/tropicalhotel.it\/wp-content\/uploads\/2025\/01\/Spiaggia-Tropical-GA-03-768x512.jpg 768w, https:\/\/tropicalhotel.it\/wp-content\/uploads\/2025\/01\/Spiaggia-Tropical-GA-03.jpg 1200w\" sizes=\"auto, (max-width: 1024px) 100vw, 1024px\" \/><\/figure>\n\n\n\n<figure class=\"wp-block-image size-large\"><img loading=\"lazy\" decoding=\"async\" width=\"1024\" height=\"683\" data-id=\"1920\" src=\"https:\/\/tropicalhotel.it\/wp-content\/uploads\/2025\/01\/Spiaggia-Tropical-GA-04-1024x683.jpg\" alt=\"\" class=\"wp-image-1920\" srcset=\"https:\/\/tropicalhotel.it\/wp-content\/uploads\/2025\/01\/Spiaggia-Tropical-GA-04-1024x683.jpg 1024w, https:\/\/tropicalhotel.it\/wp-content\/uploads\/2025\/01\/Spiaggia-Tropical-GA-04-300x200.jpg 300w, https:\/\/tropicalhotel.it\/wp-content\/uploads\/2025\/01\/Spiaggia-Tropical-GA-04-768x512.jpg 768w, https:\/\/tropicalhotel.it\/wp-content\/uploads\/2025\/01\/Spiaggia-Tropical-GA-04.jpg 1200w\" sizes=\"auto, (max-width: 1024px) 100vw, 1024px\" \/><\/figure>\n\n\n\n<figure class=\"wp-block-image size-large\"><img loading=\"lazy\" decoding=\"async\" width=\"1024\" height=\"683\" data-id=\"1912\" src=\"https:\/\/tropicalhotel.it\/wp-content\/uploads\/2025\/01\/Spiaggia-Tropical-GA-05-1024x683.jpg\" alt=\"\" class=\"wp-image-1912\" srcset=\"https:\/\/tropicalhotel.it\/wp-content\/uploads\/2025\/01\/Spiaggia-Tropical-GA-05-1024x683.jpg 1024w, https:\/\/tropicalhotel.it\/wp-content\/uploads\/2025\/01\/Spiaggia-Tropical-GA-05-300x200.jpg 300w, https:\/\/tropicalhotel.it\/wp-content\/uploads\/2025\/01\/Spiaggia-Tropical-GA-05-768x512.jpg 768w, https:\/\/tropicalhotel.it\/wp-content\/uploads\/2025\/01\/Spiaggia-Tropical-GA-05.jpg 1200w\" sizes=\"auto, (max-width: 1024px) 100vw, 1024px\" \/><\/figure>\n\n\n\n<figure class=\"wp-block-image size-large\"><img loading=\"lazy\" decoding=\"async\" width=\"1024\" height=\"683\" data-id=\"1908\" src=\"https:\/\/tropicalhotel.it\/wp-content\/uploads\/2025\/01\/Spiaggia-Tropical-GA-06-1024x683.jpg\" alt=\"\" class=\"wp-image-1908\" srcset=\"https:\/\/tropicalhotel.it\/wp-content\/uploads\/2025\/01\/Spiaggia-Tropical-GA-06-1024x683.jpg 1024w, https:\/\/tropicalhotel.it\/wp-content\/uploads\/2025\/01\/Spiaggia-Tropical-GA-06-300x200.jpg 300w, https:\/\/tropicalhotel.it\/wp-content\/uploads\/2025\/01\/Spiaggia-Tropical-GA-06-768x512.jpg 768w, https:\/\/tropicalhotel.it\/wp-content\/uploads\/2025\/01\/Spiaggia-Tropical-GA-06.jpg 1200w\" sizes=\"auto, (max-width: 1024px) 100vw, 1024px\" \/><\/figure>\n<\/figure>\n","protected":false},"excerpt":{"rendered":"<p>L\u2019Eau.&nbsp;Toute l\u2019\u00e9nergie d\u00e9gag\u00e9e par l\u2019eau et par la brise marine \u00e0 quelques pas de l\u2019h\u00f4tel, o\u00f9 vous pourrez vous promener pieds nus sur la plage priv\u00e9e exclusive r\u00e9serv\u00e9e \u00e0 nos clients, dans un environnement unique et incomparable riche en sons, parfums et couleurs. Service \u00e0 la plage gratuit L\u2019attribution des places est libre, \u00e0 l\u2019exception [&hellip;]<\/p>\n","protected":false},"author":1,"featured_media":0,"parent":0,"menu_order":0,"comment_status":"closed","ping_status":"closed","template":"","meta":{"_acf_changed":false,"footnotes":""},"class_list":["post-2349","page","type-page","status-publish","hentry"],"acf":[],"yoast_head":"<!-- This site is optimized with the Yoast SEO plugin v27.0 - https:\/\/yoast.com\/product\/yoast-seo-wordpress\/ -->\n<title>Plage - Tropical Hotel Jesolo<\/title>\n<meta name=\"description\" content=\"Plage priv\u00e9e \u00e0 quelques pas de l&#039;h\u00f4tel avec parasol et transats inclus. Services exclusifs, d\u00e9tente et charme de la mer.\" \/>\n<meta name=\"robots\" content=\"index, follow, max-snippet:-1, max-image-preview:large, max-video-preview:-1\" \/>\n<link rel=\"canonical\" href=\"https:\/\/tropicalhotel.it\/fr\/plage\/\" \/>\n<meta property=\"og:locale\" content=\"fr_FR\" \/>\n<meta property=\"og:type\" content=\"article\" \/>\n<meta property=\"og:title\" content=\"Plage - Tropical Hotel Jesolo\" \/>\n<meta property=\"og:description\" content=\"Plage priv\u00e9e \u00e0 quelques pas de l&#039;h\u00f4tel avec parasol et transats inclus. Services exclusifs, d\u00e9tente et charme de la mer.\" \/>\n<meta property=\"og:url\" content=\"https:\/\/tropicalhotel.it\/fr\/plage\/\" \/>\n<meta property=\"og:site_name\" content=\"Tropical Hotel Jesolo\" \/>\n<meta property=\"article:publisher\" content=\"https:\/\/www.facebook.com\/Tropical-Hotel-Jesolo-276868195688612\/\" \/>\n<meta property=\"article:modified_time\" content=\"2025-02-21T10:47:59+00:00\" \/>\n<meta property=\"og:image\" content=\"https:\/\/tropicalhotel.it\/wp-content\/uploads\/2025\/01\/Spiaggia-Tropical-GA-01.jpg\" \/>\n\t<meta property=\"og:image:width\" content=\"1200\" \/>\n\t<meta property=\"og:image:height\" content=\"800\" \/>\n\t<meta property=\"og:image:type\" content=\"image\/jpeg\" \/>\n<meta name=\"twitter:card\" content=\"summary_large_image\" \/>\n<meta name=\"twitter:label1\" content=\"Dur\u00e9e de lecture estim\u00e9e\" \/>\n\t<meta name=\"twitter:data1\" content=\"2 minutes\" \/>\n<script type=\"application\/ld+json\" class=\"yoast-schema-graph\">{\"@context\":\"https:\/\/schema.org\",\"@graph\":[{\"@type\":\"WebPage\",\"@id\":\"https:\/\/tropicalhotel.it\/fr\/plage\/\",\"url\":\"https:\/\/tropicalhotel.it\/fr\/plage\/\",\"name\":\"Plage - Tropical Hotel Jesolo\",\"isPartOf\":{\"@id\":\"https:\/\/tropicalhotel.it\/fr\/#website\"},\"primaryImageOfPage\":{\"@id\":\"https:\/\/tropicalhotel.it\/fr\/plage\/#primaryimage\"},\"image\":{\"@id\":\"https:\/\/tropicalhotel.it\/fr\/plage\/#primaryimage\"},\"thumbnailUrl\":\"https:\/\/tropicalhotel.it\/wp-content\/uploads\/2025\/01\/Spiaggia-Tropical-GA-01-1024x683.jpg\",\"datePublished\":\"2025-01-09T09:27:51+00:00\",\"dateModified\":\"2025-02-21T10:47:59+00:00\",\"description\":\"Plage priv\u00e9e \u00e0 quelques pas de l'h\u00f4tel avec parasol et transats inclus. Services exclusifs, d\u00e9tente et charme de la mer.\",\"breadcrumb\":{\"@id\":\"https:\/\/tropicalhotel.it\/fr\/plage\/#breadcrumb\"},\"inLanguage\":\"fr-FR\",\"potentialAction\":[{\"@type\":\"ReadAction\",\"target\":[\"https:\/\/tropicalhotel.it\/fr\/plage\/\"]}]},{\"@type\":\"ImageObject\",\"inLanguage\":\"fr-FR\",\"@id\":\"https:\/\/tropicalhotel.it\/fr\/plage\/#primaryimage\",\"url\":\"https:\/\/tropicalhotel.it\/wp-content\/uploads\/2025\/01\/Spiaggia-Tropical-GA-01-1024x683.jpg\",\"contentUrl\":\"https:\/\/tropicalhotel.it\/wp-content\/uploads\/2025\/01\/Spiaggia-Tropical-GA-01-1024x683.jpg\"},{\"@type\":\"BreadcrumbList\",\"@id\":\"https:\/\/tropicalhotel.it\/fr\/plage\/#breadcrumb\",\"itemListElement\":[{\"@type\":\"ListItem\",\"position\":1,\"name\":\"Home\",\"item\":\"https:\/\/tropicalhotel.it\/fr\/\"},{\"@type\":\"ListItem\",\"position\":2,\"name\":\"Plage\"}]},{\"@type\":\"WebSite\",\"@id\":\"https:\/\/tropicalhotel.it\/fr\/#website\",\"url\":\"https:\/\/tropicalhotel.it\/fr\/\",\"name\":\"Tropical Hotel Jesolo\",\"description\":\"Hotel 3 stelle a Jesolo\",\"publisher\":{\"@id\":\"https:\/\/tropicalhotel.it\/fr\/#organization\"},\"potentialAction\":[{\"@type\":\"SearchAction\",\"target\":{\"@type\":\"EntryPoint\",\"urlTemplate\":\"https:\/\/tropicalhotel.it\/fr\/?s={search_term_string}\"},\"query-input\":{\"@type\":\"PropertyValueSpecification\",\"valueRequired\":true,\"valueName\":\"search_term_string\"}}],\"inLanguage\":\"fr-FR\"},{\"@type\":\"Organization\",\"@id\":\"https:\/\/tropicalhotel.it\/fr\/#organization\",\"name\":\"Tropical Hotel Jesolo\",\"url\":\"https:\/\/tropicalhotel.it\/fr\/\",\"logo\":{\"@type\":\"ImageObject\",\"inLanguage\":\"fr-FR\",\"@id\":\"https:\/\/tropicalhotel.it\/fr\/#\/schema\/logo\/image\/\",\"url\":\"https:\/\/tropicalhotel.it\/wp-content\/uploads\/2024\/12\/Logo-Tropical-Verticale-2-2.jpg\",\"contentUrl\":\"https:\/\/tropicalhotel.it\/wp-content\/uploads\/2024\/12\/Logo-Tropical-Verticale-2-2.jpg\",\"width\":190,\"height\":147,\"caption\":\"Tropical Hotel Jesolo\"},\"image\":{\"@id\":\"https:\/\/tropicalhotel.it\/fr\/#\/schema\/logo\/image\/\"},\"sameAs\":[\"https:\/\/www.facebook.com\/Tropical-Hotel-Jesolo-276868195688612\/\",\"https:\/\/www.instagram.com\/tropicalhoteljesolo\/\"]}]}<\/script>\n<!-- \/ Yoast SEO plugin. -->","yoast_head_json":{"title":"Plage - Tropical Hotel Jesolo","description":"Plage priv\u00e9e \u00e0 quelques pas de l'h\u00f4tel avec parasol et transats inclus. Services exclusifs, d\u00e9tente et charme de la mer.","robots":{"index":"index","follow":"follow","max-snippet":"max-snippet:-1","max-image-preview":"max-image-preview:large","max-video-preview":"max-video-preview:-1"},"canonical":"https:\/\/tropicalhotel.it\/fr\/plage\/","og_locale":"fr_FR","og_type":"article","og_title":"Plage - Tropical Hotel Jesolo","og_description":"Plage priv\u00e9e \u00e0 quelques pas de l'h\u00f4tel avec parasol et transats inclus. Services exclusifs, d\u00e9tente et charme de la mer.","og_url":"https:\/\/tropicalhotel.it\/fr\/plage\/","og_site_name":"Tropical Hotel Jesolo","article_publisher":"https:\/\/www.facebook.com\/Tropical-Hotel-Jesolo-276868195688612\/","article_modified_time":"2025-02-21T10:47:59+00:00","og_image":[{"width":1200,"height":800,"url":"https:\/\/tropicalhotel.it\/wp-content\/uploads\/2025\/01\/Spiaggia-Tropical-GA-01.jpg","type":"image\/jpeg"}],"twitter_card":"summary_large_image","twitter_misc":{"Dur\u00e9e de lecture estim\u00e9e":"2 minutes"},"schema":{"@context":"https:\/\/schema.org","@graph":[{"@type":"WebPage","@id":"https:\/\/tropicalhotel.it\/fr\/plage\/","url":"https:\/\/tropicalhotel.it\/fr\/plage\/","name":"Plage - Tropical Hotel Jesolo","isPartOf":{"@id":"https:\/\/tropicalhotel.it\/fr\/#website"},"primaryImageOfPage":{"@id":"https:\/\/tropicalhotel.it\/fr\/plage\/#primaryimage"},"image":{"@id":"https:\/\/tropicalhotel.it\/fr\/plage\/#primaryimage"},"thumbnailUrl":"https:\/\/tropicalhotel.it\/wp-content\/uploads\/2025\/01\/Spiaggia-Tropical-GA-01-1024x683.jpg","datePublished":"2025-01-09T09:27:51+00:00","dateModified":"2025-02-21T10:47:59+00:00","description":"Plage priv\u00e9e \u00e0 quelques pas de l'h\u00f4tel avec parasol et transats inclus. Services exclusifs, d\u00e9tente et charme de la mer.","breadcrumb":{"@id":"https:\/\/tropicalhotel.it\/fr\/plage\/#breadcrumb"},"inLanguage":"fr-FR","potentialAction":[{"@type":"ReadAction","target":["https:\/\/tropicalhotel.it\/fr\/plage\/"]}]},{"@type":"ImageObject","inLanguage":"fr-FR","@id":"https:\/\/tropicalhotel.it\/fr\/plage\/#primaryimage","url":"https:\/\/tropicalhotel.it\/wp-content\/uploads\/2025\/01\/Spiaggia-Tropical-GA-01-1024x683.jpg","contentUrl":"https:\/\/tropicalhotel.it\/wp-content\/uploads\/2025\/01\/Spiaggia-Tropical-GA-01-1024x683.jpg"},{"@type":"BreadcrumbList","@id":"https:\/\/tropicalhotel.it\/fr\/plage\/#breadcrumb","itemListElement":[{"@type":"ListItem","position":1,"name":"Home","item":"https:\/\/tropicalhotel.it\/fr\/"},{"@type":"ListItem","position":2,"name":"Plage"}]},{"@type":"WebSite","@id":"https:\/\/tropicalhotel.it\/fr\/#website","url":"https:\/\/tropicalhotel.it\/fr\/","name":"Tropical Hotel Jesolo","description":"Hotel 3 stelle a Jesolo","publisher":{"@id":"https:\/\/tropicalhotel.it\/fr\/#organization"},"potentialAction":[{"@type":"SearchAction","target":{"@type":"EntryPoint","urlTemplate":"https:\/\/tropicalhotel.it\/fr\/?s={search_term_string}"},"query-input":{"@type":"PropertyValueSpecification","valueRequired":true,"valueName":"search_term_string"}}],"inLanguage":"fr-FR"},{"@type":"Organization","@id":"https:\/\/tropicalhotel.it\/fr\/#organization","name":"Tropical Hotel Jesolo","url":"https:\/\/tropicalhotel.it\/fr\/","logo":{"@type":"ImageObject","inLanguage":"fr-FR","@id":"https:\/\/tropicalhotel.it\/fr\/#\/schema\/logo\/image\/","url":"https:\/\/tropicalhotel.it\/wp-content\/uploads\/2024\/12\/Logo-Tropical-Verticale-2-2.jpg","contentUrl":"https:\/\/tropicalhotel.it\/wp-content\/uploads\/2024\/12\/Logo-Tropical-Verticale-2-2.jpg","width":190,"height":147,"caption":"Tropical Hotel Jesolo"},"image":{"@id":"https:\/\/tropicalhotel.it\/fr\/#\/schema\/logo\/image\/"},"sameAs":["https:\/\/www.facebook.com\/Tropical-Hotel-Jesolo-276868195688612\/","https:\/\/www.instagram.com\/tropicalhoteljesolo\/"]}]}},"_links":{"self":[{"href":"https:\/\/tropicalhotel.it\/fr\/wp-json\/wp\/v2\/pages\/2349","targetHints":{"allow":["GET"]}}],"collection":[{"href":"https:\/\/tropicalhotel.it\/fr\/wp-json\/wp\/v2\/pages"}],"about":[{"href":"https:\/\/tropicalhotel.it\/fr\/wp-json\/wp\/v2\/types\/page"}],"author":[{"embeddable":true,"href":"https:\/\/tropicalhotel.it\/fr\/wp-json\/wp\/v2\/users\/1"}],"replies":[{"embeddable":true,"href":"https:\/\/tropicalhotel.it\/fr\/wp-json\/wp\/v2\/comments?post=2349"}],"version-history":[{"count":1,"href":"https:\/\/tropicalhotel.it\/fr\/wp-json\/wp\/v2\/pages\/2349\/revisions"}],"predecessor-version":[{"id":2353,"href":"https:\/\/tropicalhotel.it\/fr\/wp-json\/wp\/v2\/pages\/2349\/revisions\/2353"}],"wp:attachment":[{"href":"https:\/\/tropicalhotel.it\/fr\/wp-json\/wp\/v2\/media?parent=2349"}],"curies":[{"name":"wp","href":"https:\/\/api.w.org\/{rel}","templated":true}]}}