{"id":2663,"date":"2024-11-27T07:53:08","date_gmt":"2024-11-27T07:53:08","guid":{"rendered":"https:\/\/staging.tropicalhotel.it\/?page_id=2663"},"modified":"2025-03-20T09:08:16","modified_gmt":"2025-03-20T09:08:16","slug":"privacy-policy","status":"publish","type":"page","link":"https:\/\/tropicalhotel.it\/fr\/privacy-policy\/","title":{"rendered":"Privacy Policy"},"content":{"rendered":"\n<p><strong>Clause de protection des donn\u00e9es<\/strong><\/p>\n\n\n\n<p><strong>D\u00e9cret l\u00e9gislatif n\u00b0 196\/2003 pour les clients et fournisseurs<\/strong><\/p>\n\n\n\n<p>Conform\u00e9ment \u00e0 l\u2019article 13 du Code en mati\u00e8re de protection des donn\u00e9es personnelles, nous vous informons que les donn\u00e9es personnelles, fiscales et d\u2019identification acquises directement et\/ou par l\u2019interm\u00e9diaire de tiers par la soci\u00e9t\u00e9 <strong>Hotel Tropical \u2013 P.zza Milano \u2013 Via Altinate, 49 \u2013 Lido di Jesolo (VE) \u2013 TVA n\u00b0 02174050274<\/strong>, en tant que responsable du traitement, sont trait\u00e9es sous forme papier, informatique et t\u00e9l\u00e9matique pour r\u00e9pondre aux exigences contractuelles et l\u00e9gales, ainsi que pour assurer une gestion efficace des relations commerciales.<\/p>\n\n\n\n<p>Les adresses e-mail fournies peuvent \u00eatre utilis\u00e9es par l\u2019entreprise pour envoyer des communications relatives \u00e0 des services similaires \u00e0 ceux couverts par la relation commerciale en cours. L\u2019absence de communication de certaines donn\u00e9es, lorsque cela n\u2019est pas obligatoire, sera \u00e9valu\u00e9e au cas par cas par le responsable du traitement et pourra influencer la gestion de la relation commerciale.<\/p>\n\n\n\n<p>Les donn\u00e9es peuvent \u00eatre communiqu\u00e9es en Italie et\/ou \u00e0 l\u2019\u00e9tranger, exclusivement pour les finalit\u00e9s susmentionn\u00e9es, et trait\u00e9es par les entit\u00e9s suivantes :<br>\u2013 Notre r\u00e9seau d\u2019agents<br>\u2013 Institutions bancaires<br>\u2013 Soci\u00e9t\u00e9s de recouvrement de cr\u00e9ances<br>\u2013 Compagnies d\u2019assurance-cr\u00e9dit<br>\u2013 Soci\u00e9t\u00e9s d\u2019informations commerciales<br>\u2013 Professionnels et consultants<\/p>\n\n\n\n<p>Pour les m\u00eames finalit\u00e9s, les donn\u00e9es peuvent \u00eatre trait\u00e9es par le personnel autoris\u00e9 au sein de l\u2019entreprise.<\/p>\n\n\n\n<p>La personne concern\u00e9e peut exercer tous les droits pr\u00e9vus \u00e0 l\u2019article 7 du d\u00e9cret l\u00e9gislatif n\u00b0 196\/2003, y compris le droit d\u2019acc\u00e8s, de rectification, de mise \u00e0 jour, d\u2019opposition au traitement et de suppression des donn\u00e9es personnelles.<\/p>\n","protected":false},"excerpt":{"rendered":"<p>Clause de protection des donn\u00e9es D\u00e9cret l\u00e9gislatif n\u00b0 196\/2003 pour les clients et fournisseurs Conform\u00e9ment \u00e0 l\u2019article 13 du Code en mati\u00e8re de protection des donn\u00e9es personnelles, nous vous informons que les donn\u00e9es personnelles, fiscales et d\u2019identification acquises directement et\/ou par l\u2019interm\u00e9diaire de tiers par la soci\u00e9t\u00e9 Hotel Tropical \u2013 P.zza Milano \u2013 Via Altinate, [&hellip;]<\/p>\n","protected":false},"author":1,"featured_media":0,"parent":0,"menu_order":0,"comment_status":"closed","ping_status":"open","template":"","meta":{"_acf_changed":false,"footnotes":""},"class_list":["post-2663","page","type-page","status-publish","hentry"],"acf":[],"yoast_head":"<!-- This site is optimized with the Yoast SEO plugin v27.0 - https:\/\/yoast.com\/product\/yoast-seo-wordpress\/ -->\n<title>Privacy Policy - Tropical Hotel Jesolo<\/title>\n<meta name=\"robots\" content=\"index, follow, max-snippet:-1, max-image-preview:large, max-video-preview:-1\" \/>\n<link rel=\"canonical\" href=\"https:\/\/tropicalhotel.it\/fr\/privacy-policy\/\" \/>\n<meta property=\"og:locale\" content=\"fr_FR\" \/>\n<meta property=\"og:type\" content=\"article\" \/>\n<meta property=\"og:title\" content=\"Privacy Policy - Tropical Hotel Jesolo\" \/>\n<meta property=\"og:description\" content=\"Clause de protection des donn\u00e9es D\u00e9cret l\u00e9gislatif n\u00b0 196\/2003 pour les clients et fournisseurs Conform\u00e9ment \u00e0 l\u2019article 13 du Code en mati\u00e8re de protection des donn\u00e9es personnelles, nous vous informons que les donn\u00e9es personnelles, fiscales et d\u2019identification acquises directement et\/ou par l\u2019interm\u00e9diaire de tiers par la soci\u00e9t\u00e9 Hotel Tropical \u2013 P.zza Milano \u2013 Via Altinate, [&hellip;]\" \/>\n<meta property=\"og:url\" content=\"https:\/\/tropicalhotel.it\/fr\/privacy-policy\/\" \/>\n<meta property=\"og:site_name\" content=\"Tropical Hotel Jesolo\" \/>\n<meta property=\"article:publisher\" content=\"https:\/\/www.facebook.com\/Tropical-Hotel-Jesolo-276868195688612\/\" \/>\n<meta property=\"article:modified_time\" content=\"2025-03-20T09:08:16+00:00\" \/>\n<meta name=\"twitter:card\" content=\"summary_large_image\" \/>\n<meta name=\"twitter:label1\" content=\"Dur\u00e9e de lecture estim\u00e9e\" \/>\n\t<meta name=\"twitter:data1\" content=\"2 minutes\" \/>\n<script type=\"application\/ld+json\" class=\"yoast-schema-graph\">{\"@context\":\"https:\/\/schema.org\",\"@graph\":[{\"@type\":\"WebPage\",\"@id\":\"https:\/\/tropicalhotel.it\/fr\/privacy-policy\/\",\"url\":\"https:\/\/tropicalhotel.it\/fr\/privacy-policy\/\",\"name\":\"Privacy Policy - Tropical Hotel Jesolo\",\"isPartOf\":{\"@id\":\"https:\/\/tropicalhotel.it\/fr\/#website\"},\"datePublished\":\"2024-11-27T07:53:08+00:00\",\"dateModified\":\"2025-03-20T09:08:16+00:00\",\"breadcrumb\":{\"@id\":\"https:\/\/tropicalhotel.it\/fr\/privacy-policy\/#breadcrumb\"},\"inLanguage\":\"fr-FR\",\"potentialAction\":[{\"@type\":\"ReadAction\",\"target\":[\"https:\/\/tropicalhotel.it\/fr\/privacy-policy\/\"]}]},{\"@type\":\"BreadcrumbList\",\"@id\":\"https:\/\/tropicalhotel.it\/fr\/privacy-policy\/#breadcrumb\",\"itemListElement\":[{\"@type\":\"ListItem\",\"position\":1,\"name\":\"Home\",\"item\":\"https:\/\/tropicalhotel.it\/fr\/\"},{\"@type\":\"ListItem\",\"position\":2,\"name\":\"Privacy Policy\"}]},{\"@type\":\"WebSite\",\"@id\":\"https:\/\/tropicalhotel.it\/fr\/#website\",\"url\":\"https:\/\/tropicalhotel.it\/fr\/\",\"name\":\"Tropical Hotel Jesolo\",\"description\":\"Hotel 3 stelle a Jesolo\",\"publisher\":{\"@id\":\"https:\/\/tropicalhotel.it\/fr\/#organization\"},\"potentialAction\":[{\"@type\":\"SearchAction\",\"target\":{\"@type\":\"EntryPoint\",\"urlTemplate\":\"https:\/\/tropicalhotel.it\/fr\/?s={search_term_string}\"},\"query-input\":{\"@type\":\"PropertyValueSpecification\",\"valueRequired\":true,\"valueName\":\"search_term_string\"}}],\"inLanguage\":\"fr-FR\"},{\"@type\":\"Organization\",\"@id\":\"https:\/\/tropicalhotel.it\/fr\/#organization\",\"name\":\"Tropical Hotel Jesolo\",\"url\":\"https:\/\/tropicalhotel.it\/fr\/\",\"logo\":{\"@type\":\"ImageObject\",\"inLanguage\":\"fr-FR\",\"@id\":\"https:\/\/tropicalhotel.it\/fr\/#\/schema\/logo\/image\/\",\"url\":\"https:\/\/tropicalhotel.it\/wp-content\/uploads\/2024\/12\/Logo-Tropical-Verticale-2-2.jpg\",\"contentUrl\":\"https:\/\/tropicalhotel.it\/wp-content\/uploads\/2024\/12\/Logo-Tropical-Verticale-2-2.jpg\",\"width\":190,\"height\":147,\"caption\":\"Tropical Hotel Jesolo\"},\"image\":{\"@id\":\"https:\/\/tropicalhotel.it\/fr\/#\/schema\/logo\/image\/\"},\"sameAs\":[\"https:\/\/www.facebook.com\/Tropical-Hotel-Jesolo-276868195688612\/\",\"https:\/\/www.instagram.com\/tropicalhoteljesolo\/\"]}]}<\/script>\n<!-- \/ Yoast SEO plugin. -->","yoast_head_json":{"title":"Privacy Policy - Tropical Hotel Jesolo","robots":{"index":"index","follow":"follow","max-snippet":"max-snippet:-1","max-image-preview":"max-image-preview:large","max-video-preview":"max-video-preview:-1"},"canonical":"https:\/\/tropicalhotel.it\/fr\/privacy-policy\/","og_locale":"fr_FR","og_type":"article","og_title":"Privacy Policy - Tropical Hotel Jesolo","og_description":"Clause de protection des donn\u00e9es D\u00e9cret l\u00e9gislatif n\u00b0 196\/2003 pour les clients et fournisseurs Conform\u00e9ment \u00e0 l\u2019article 13 du Code en mati\u00e8re de protection des donn\u00e9es personnelles, nous vous informons que les donn\u00e9es personnelles, fiscales et d\u2019identification acquises directement et\/ou par l\u2019interm\u00e9diaire de tiers par la soci\u00e9t\u00e9 Hotel Tropical \u2013 P.zza Milano \u2013 Via Altinate, [&hellip;]","og_url":"https:\/\/tropicalhotel.it\/fr\/privacy-policy\/","og_site_name":"Tropical Hotel Jesolo","article_publisher":"https:\/\/www.facebook.com\/Tropical-Hotel-Jesolo-276868195688612\/","article_modified_time":"2025-03-20T09:08:16+00:00","twitter_card":"summary_large_image","twitter_misc":{"Dur\u00e9e de lecture estim\u00e9e":"2 minutes"},"schema":{"@context":"https:\/\/schema.org","@graph":[{"@type":"WebPage","@id":"https:\/\/tropicalhotel.it\/fr\/privacy-policy\/","url":"https:\/\/tropicalhotel.it\/fr\/privacy-policy\/","name":"Privacy Policy - Tropical Hotel Jesolo","isPartOf":{"@id":"https:\/\/tropicalhotel.it\/fr\/#website"},"datePublished":"2024-11-27T07:53:08+00:00","dateModified":"2025-03-20T09:08:16+00:00","breadcrumb":{"@id":"https:\/\/tropicalhotel.it\/fr\/privacy-policy\/#breadcrumb"},"inLanguage":"fr-FR","potentialAction":[{"@type":"ReadAction","target":["https:\/\/tropicalhotel.it\/fr\/privacy-policy\/"]}]},{"@type":"BreadcrumbList","@id":"https:\/\/tropicalhotel.it\/fr\/privacy-policy\/#breadcrumb","itemListElement":[{"@type":"ListItem","position":1,"name":"Home","item":"https:\/\/tropicalhotel.it\/fr\/"},{"@type":"ListItem","position":2,"name":"Privacy Policy"}]},{"@type":"WebSite","@id":"https:\/\/tropicalhotel.it\/fr\/#website","url":"https:\/\/tropicalhotel.it\/fr\/","name":"Tropical Hotel Jesolo","description":"Hotel 3 stelle a Jesolo","publisher":{"@id":"https:\/\/tropicalhotel.it\/fr\/#organization"},"potentialAction":[{"@type":"SearchAction","target":{"@type":"EntryPoint","urlTemplate":"https:\/\/tropicalhotel.it\/fr\/?s={search_term_string}"},"query-input":{"@type":"PropertyValueSpecification","valueRequired":true,"valueName":"search_term_string"}}],"inLanguage":"fr-FR"},{"@type":"Organization","@id":"https:\/\/tropicalhotel.it\/fr\/#organization","name":"Tropical Hotel Jesolo","url":"https:\/\/tropicalhotel.it\/fr\/","logo":{"@type":"ImageObject","inLanguage":"fr-FR","@id":"https:\/\/tropicalhotel.it\/fr\/#\/schema\/logo\/image\/","url":"https:\/\/tropicalhotel.it\/wp-content\/uploads\/2024\/12\/Logo-Tropical-Verticale-2-2.jpg","contentUrl":"https:\/\/tropicalhotel.it\/wp-content\/uploads\/2024\/12\/Logo-Tropical-Verticale-2-2.jpg","width":190,"height":147,"caption":"Tropical Hotel Jesolo"},"image":{"@id":"https:\/\/tropicalhotel.it\/fr\/#\/schema\/logo\/image\/"},"sameAs":["https:\/\/www.facebook.com\/Tropical-Hotel-Jesolo-276868195688612\/","https:\/\/www.instagram.com\/tropicalhoteljesolo\/"]}]}},"_links":{"self":[{"href":"https:\/\/tropicalhotel.it\/fr\/wp-json\/wp\/v2\/pages\/2663","targetHints":{"allow":["GET"]}}],"collection":[{"href":"https:\/\/tropicalhotel.it\/fr\/wp-json\/wp\/v2\/pages"}],"about":[{"href":"https:\/\/tropicalhotel.it\/fr\/wp-json\/wp\/v2\/types\/page"}],"author":[{"embeddable":true,"href":"https:\/\/tropicalhotel.it\/fr\/wp-json\/wp\/v2\/users\/1"}],"replies":[{"embeddable":true,"href":"https:\/\/tropicalhotel.it\/fr\/wp-json\/wp\/v2\/comments?post=2663"}],"version-history":[{"count":1,"href":"https:\/\/tropicalhotel.it\/fr\/wp-json\/wp\/v2\/pages\/2663\/revisions"}],"predecessor-version":[{"id":2664,"href":"https:\/\/tropicalhotel.it\/fr\/wp-json\/wp\/v2\/pages\/2663\/revisions\/2664"}],"wp:attachment":[{"href":"https:\/\/tropicalhotel.it\/fr\/wp-json\/wp\/v2\/media?parent=2663"}],"curies":[{"name":"wp","href":"https:\/\/api.w.org\/{rel}","templated":true}]}}