{"id":2682,"date":"2025-03-20T10:01:28","date_gmt":"2025-03-20T10:01:28","guid":{"rendered":"https:\/\/staging.tropicalhotel.it\/?page_id=2682"},"modified":"2025-03-20T10:06:10","modified_gmt":"2025-03-20T10:06:10","slug":"hotel-avec-piscine-chauffee-a-jesolo","status":"publish","type":"page","link":"https:\/\/tropicalhotel.it\/fr\/hotel-avec-piscine-chauffee-a-jesolo\/","title":{"rendered":"H\u00f4tel avec piscine chauff\u00e9e \u00e0 Jesolo"},"content":{"rendered":"\n<p><strong>L\u2019H\u00f4tel Tropical, votre h\u00f4tel avec piscine chauff\u00e9e \u00e0 Jesolo !<\/strong> D\u00e9couvrez deux espaces d\u00e9di\u00e9s \u00e0 votre bien-\u00eatre : une <a href=\"https:\/\/tropicalhotel.it\/fr\/piscine\/\">piscine chauff\u00e9e avec hydromassage<\/a> au deuxi\u00e8me \u00e9tage et un jacuzzi panoramique sur le toit.<\/p>\n\n\n\n<p>Selon <em>La m\u00e9thode japonaise pour cultiver le bonheur et vivre plus longtemps<\/em> de Qing Li, passer du temps dans la nature apporte d\u2019incroyables bienfaits pour la sant\u00e9. C\u2019est pourquoi nous avons cr\u00e9\u00e9 notre piscine chauff\u00e9e : pour vous permettre de profiter du plein air m\u00eame au d\u00e9but de l\u2019\u00e9t\u00e9, entour\u00e9 de ciel, d\u2019air pur et d\u2019eau.<\/p>\n\n\n\n<p>Un lieu parfait pour se d\u00e9tendre en \u00e9coutant le doux bruit de la cascade qui s\u00e9pare la grande piscine de celle des enfants. L\u2019eau est une source d\u2019\u00e9nergie, et nous sommes convaincus que les petits d\u00e9tails \u2013 comme une eau \u00e0 temp\u00e9rature id\u00e9ale \u2013 font toute la diff\u00e9rence pour votre bien-\u00eatre.<\/p>\n\n\n\n<p>Si vous aimez les grands espaces et les moments de douceur, laissez-vous tenter par un bain sous le ciel bleu, dans les bulles effervescentes de notre<a href=\"https:\/\/tropicalhotel.it\/fr\/solarium\/\"> jacuzzi sur le toit<\/a>. Un espace d\u00e9di\u00e9 \u00e0 la relaxation, \u00e0 la tranquillit\u00e9 et \u00e0 une ambiance musicale apaisante. Pour une exp\u00e9rience encore plus magique, <strong>d\u00e9couvrez notre soir\u00e9e priv\u00e9e sous les \u00e9toiles avec bulles et fraises<\/strong>.<\/p>\n\n\n\n<p><strong>NOTRE OBJECTIF : VOTRE BIEN-\u00caTRE<\/strong><br>\u00c0 l\u2019H\u00f4tel Tropical, votre confort est notre priorit\u00e9. Notre espace piscine raffin\u00e9 est l\u2019endroit parfait pour se ressourcer et profiter d\u2019un v\u00e9ritable moment de d\u00e9tente.<\/p>\n\n\n\n<p><strong>LES ITALIENS ADORENT LES PISCINES CHAUFF\u00c9ES !<\/strong><br>Nous, Italiens, aimons les piscines avec une eau bien chaude \u2013 g\u00e9n\u00e9ralement autour de <strong>28-29\u00b0C<\/strong>.<\/p>\n\n\n\n<p>Pour nous, une temp\u00e9rature de <strong>24-26\u00b0C<\/strong> est d\u00e9j\u00e0 trop fra\u00eeche et d\u00e9courage souvent les baignades, surtout le matin.<\/p>\n\n\n\n<p>Mais pour nos amis du Nord de l\u2019Europe, c\u2019est tout le contraire ! Ils pr\u00e9f\u00e8rent une eau plus fra\u00eeche et demandent parfois m\u00eame <strong>un syst\u00e8me de refroidissement<\/strong> maintenant l\u2019eau en dessous de <strong>25\u00b0C<\/strong>.<\/p>\n","protected":false},"excerpt":{"rendered":"<p>L\u2019H\u00f4tel Tropical, votre h\u00f4tel avec piscine chauff\u00e9e \u00e0 Jesolo ! D\u00e9couvrez deux espaces d\u00e9di\u00e9s \u00e0 votre bien-\u00eatre : une piscine chauff\u00e9e avec hydromassage au deuxi\u00e8me \u00e9tage et un jacuzzi panoramique sur le toit. Selon La m\u00e9thode japonaise pour cultiver le bonheur et vivre plus longtemps de Qing Li, passer du temps dans la nature apporte [&hellip;]<\/p>\n","protected":false},"author":1,"featured_media":22,"parent":0,"menu_order":0,"comment_status":"closed","ping_status":"closed","template":"","meta":{"_acf_changed":false,"footnotes":""},"class_list":["post-2682","page","type-page","status-publish","has-post-thumbnail","hentry"],"acf":[],"yoast_head":"<!-- This site is optimized with the Yoast SEO plugin v27.0 - https:\/\/yoast.com\/product\/yoast-seo-wordpress\/ -->\n<title>H\u00f4tel avec piscine chauff\u00e9e \u00e0 Jesolo - Tropical Hotel Jesolo<\/title>\n<meta name=\"robots\" content=\"index, follow, max-snippet:-1, max-image-preview:large, max-video-preview:-1\" \/>\n<link rel=\"canonical\" href=\"https:\/\/tropicalhotel.it\/fr\/hotel-avec-piscine-chauffee-a-jesolo\/\" \/>\n<meta property=\"og:locale\" content=\"fr_FR\" \/>\n<meta property=\"og:type\" content=\"article\" \/>\n<meta property=\"og:title\" content=\"H\u00f4tel avec piscine chauff\u00e9e \u00e0 Jesolo - Tropical Hotel Jesolo\" \/>\n<meta property=\"og:description\" content=\"L\u2019H\u00f4tel Tropical, votre h\u00f4tel avec piscine chauff\u00e9e \u00e0 Jesolo ! D\u00e9couvrez deux espaces d\u00e9di\u00e9s \u00e0 votre bien-\u00eatre : une piscine chauff\u00e9e avec hydromassage au deuxi\u00e8me \u00e9tage et un jacuzzi panoramique sur le toit. Selon La m\u00e9thode japonaise pour cultiver le bonheur et vivre plus longtemps de Qing Li, passer du temps dans la nature apporte [&hellip;]\" \/>\n<meta property=\"og:url\" content=\"https:\/\/tropicalhotel.it\/fr\/hotel-avec-piscine-chauffee-a-jesolo\/\" \/>\n<meta property=\"og:site_name\" content=\"Tropical Hotel Jesolo\" \/>\n<meta property=\"article:publisher\" content=\"https:\/\/www.facebook.com\/Tropical-Hotel-Jesolo-276868195688612\/\" \/>\n<meta property=\"article:modified_time\" content=\"2025-03-20T10:06:10+00:00\" \/>\n<meta property=\"og:image\" content=\"https:\/\/tropicalhotel.it\/wp-content\/uploads\/2024\/12\/Home-Tropical-04.jpg\" \/>\n\t<meta property=\"og:image:width\" content=\"1600\" \/>\n\t<meta property=\"og:image:height\" content=\"833\" \/>\n\t<meta property=\"og:image:type\" content=\"image\/jpeg\" \/>\n<meta name=\"twitter:card\" content=\"summary_large_image\" \/>\n<meta name=\"twitter:label1\" content=\"Dur\u00e9e de lecture estim\u00e9e\" \/>\n\t<meta name=\"twitter:data1\" content=\"2 minutes\" \/>\n<script type=\"application\/ld+json\" class=\"yoast-schema-graph\">{\"@context\":\"https:\/\/schema.org\",\"@graph\":[{\"@type\":\"WebPage\",\"@id\":\"https:\/\/tropicalhotel.it\/fr\/hotel-avec-piscine-chauffee-a-jesolo\/\",\"url\":\"https:\/\/tropicalhotel.it\/fr\/hotel-avec-piscine-chauffee-a-jesolo\/\",\"name\":\"H\u00f4tel avec piscine chauff\u00e9e \u00e0 Jesolo - Tropical Hotel Jesolo\",\"isPartOf\":{\"@id\":\"https:\/\/tropicalhotel.it\/fr\/#website\"},\"primaryImageOfPage\":{\"@id\":\"https:\/\/tropicalhotel.it\/fr\/hotel-avec-piscine-chauffee-a-jesolo\/#primaryimage\"},\"image\":{\"@id\":\"https:\/\/tropicalhotel.it\/fr\/hotel-avec-piscine-chauffee-a-jesolo\/#primaryimage\"},\"thumbnailUrl\":\"https:\/\/tropicalhotel.it\/wp-content\/uploads\/2024\/12\/Home-Tropical-04.jpg\",\"datePublished\":\"2025-03-20T10:01:28+00:00\",\"dateModified\":\"2025-03-20T10:06:10+00:00\",\"breadcrumb\":{\"@id\":\"https:\/\/tropicalhotel.it\/fr\/hotel-avec-piscine-chauffee-a-jesolo\/#breadcrumb\"},\"inLanguage\":\"fr-FR\",\"potentialAction\":[{\"@type\":\"ReadAction\",\"target\":[\"https:\/\/tropicalhotel.it\/fr\/hotel-avec-piscine-chauffee-a-jesolo\/\"]}]},{\"@type\":\"ImageObject\",\"inLanguage\":\"fr-FR\",\"@id\":\"https:\/\/tropicalhotel.it\/fr\/hotel-avec-piscine-chauffee-a-jesolo\/#primaryimage\",\"url\":\"https:\/\/tropicalhotel.it\/wp-content\/uploads\/2024\/12\/Home-Tropical-04.jpg\",\"contentUrl\":\"https:\/\/tropicalhotel.it\/wp-content\/uploads\/2024\/12\/Home-Tropical-04.jpg\",\"width\":1600,\"height\":833},{\"@type\":\"BreadcrumbList\",\"@id\":\"https:\/\/tropicalhotel.it\/fr\/hotel-avec-piscine-chauffee-a-jesolo\/#breadcrumb\",\"itemListElement\":[{\"@type\":\"ListItem\",\"position\":1,\"name\":\"Home\",\"item\":\"https:\/\/tropicalhotel.it\/fr\/\"},{\"@type\":\"ListItem\",\"position\":2,\"name\":\"H\u00f4tel avec piscine chauff\u00e9e \u00e0 Jesolo\"}]},{\"@type\":\"WebSite\",\"@id\":\"https:\/\/tropicalhotel.it\/fr\/#website\",\"url\":\"https:\/\/tropicalhotel.it\/fr\/\",\"name\":\"Tropical Hotel Jesolo\",\"description\":\"Hotel 3 stelle a Jesolo\",\"publisher\":{\"@id\":\"https:\/\/tropicalhotel.it\/fr\/#organization\"},\"potentialAction\":[{\"@type\":\"SearchAction\",\"target\":{\"@type\":\"EntryPoint\",\"urlTemplate\":\"https:\/\/tropicalhotel.it\/fr\/?s={search_term_string}\"},\"query-input\":{\"@type\":\"PropertyValueSpecification\",\"valueRequired\":true,\"valueName\":\"search_term_string\"}}],\"inLanguage\":\"fr-FR\"},{\"@type\":\"Organization\",\"@id\":\"https:\/\/tropicalhotel.it\/fr\/#organization\",\"name\":\"Tropical Hotel Jesolo\",\"url\":\"https:\/\/tropicalhotel.it\/fr\/\",\"logo\":{\"@type\":\"ImageObject\",\"inLanguage\":\"fr-FR\",\"@id\":\"https:\/\/tropicalhotel.it\/fr\/#\/schema\/logo\/image\/\",\"url\":\"https:\/\/tropicalhotel.it\/wp-content\/uploads\/2024\/12\/Logo-Tropical-Verticale-2-2.jpg\",\"contentUrl\":\"https:\/\/tropicalhotel.it\/wp-content\/uploads\/2024\/12\/Logo-Tropical-Verticale-2-2.jpg\",\"width\":190,\"height\":147,\"caption\":\"Tropical Hotel Jesolo\"},\"image\":{\"@id\":\"https:\/\/tropicalhotel.it\/fr\/#\/schema\/logo\/image\/\"},\"sameAs\":[\"https:\/\/www.facebook.com\/Tropical-Hotel-Jesolo-276868195688612\/\",\"https:\/\/www.instagram.com\/tropicalhoteljesolo\/\"]}]}<\/script>\n<!-- \/ Yoast SEO plugin. -->","yoast_head_json":{"title":"H\u00f4tel avec piscine chauff\u00e9e \u00e0 Jesolo - Tropical Hotel Jesolo","robots":{"index":"index","follow":"follow","max-snippet":"max-snippet:-1","max-image-preview":"max-image-preview:large","max-video-preview":"max-video-preview:-1"},"canonical":"https:\/\/tropicalhotel.it\/fr\/hotel-avec-piscine-chauffee-a-jesolo\/","og_locale":"fr_FR","og_type":"article","og_title":"H\u00f4tel avec piscine chauff\u00e9e \u00e0 Jesolo - Tropical Hotel Jesolo","og_description":"L\u2019H\u00f4tel Tropical, votre h\u00f4tel avec piscine chauff\u00e9e \u00e0 Jesolo ! D\u00e9couvrez deux espaces d\u00e9di\u00e9s \u00e0 votre bien-\u00eatre : une piscine chauff\u00e9e avec hydromassage au deuxi\u00e8me \u00e9tage et un jacuzzi panoramique sur le toit. Selon La m\u00e9thode japonaise pour cultiver le bonheur et vivre plus longtemps de Qing Li, passer du temps dans la nature apporte [&hellip;]","og_url":"https:\/\/tropicalhotel.it\/fr\/hotel-avec-piscine-chauffee-a-jesolo\/","og_site_name":"Tropical Hotel Jesolo","article_publisher":"https:\/\/www.facebook.com\/Tropical-Hotel-Jesolo-276868195688612\/","article_modified_time":"2025-03-20T10:06:10+00:00","og_image":[{"width":1600,"height":833,"url":"https:\/\/tropicalhotel.it\/wp-content\/uploads\/2024\/12\/Home-Tropical-04.jpg","type":"image\/jpeg"}],"twitter_card":"summary_large_image","twitter_misc":{"Dur\u00e9e de lecture estim\u00e9e":"2 minutes"},"schema":{"@context":"https:\/\/schema.org","@graph":[{"@type":"WebPage","@id":"https:\/\/tropicalhotel.it\/fr\/hotel-avec-piscine-chauffee-a-jesolo\/","url":"https:\/\/tropicalhotel.it\/fr\/hotel-avec-piscine-chauffee-a-jesolo\/","name":"H\u00f4tel avec piscine chauff\u00e9e \u00e0 Jesolo - Tropical Hotel Jesolo","isPartOf":{"@id":"https:\/\/tropicalhotel.it\/fr\/#website"},"primaryImageOfPage":{"@id":"https:\/\/tropicalhotel.it\/fr\/hotel-avec-piscine-chauffee-a-jesolo\/#primaryimage"},"image":{"@id":"https:\/\/tropicalhotel.it\/fr\/hotel-avec-piscine-chauffee-a-jesolo\/#primaryimage"},"thumbnailUrl":"https:\/\/tropicalhotel.it\/wp-content\/uploads\/2024\/12\/Home-Tropical-04.jpg","datePublished":"2025-03-20T10:01:28+00:00","dateModified":"2025-03-20T10:06:10+00:00","breadcrumb":{"@id":"https:\/\/tropicalhotel.it\/fr\/hotel-avec-piscine-chauffee-a-jesolo\/#breadcrumb"},"inLanguage":"fr-FR","potentialAction":[{"@type":"ReadAction","target":["https:\/\/tropicalhotel.it\/fr\/hotel-avec-piscine-chauffee-a-jesolo\/"]}]},{"@type":"ImageObject","inLanguage":"fr-FR","@id":"https:\/\/tropicalhotel.it\/fr\/hotel-avec-piscine-chauffee-a-jesolo\/#primaryimage","url":"https:\/\/tropicalhotel.it\/wp-content\/uploads\/2024\/12\/Home-Tropical-04.jpg","contentUrl":"https:\/\/tropicalhotel.it\/wp-content\/uploads\/2024\/12\/Home-Tropical-04.jpg","width":1600,"height":833},{"@type":"BreadcrumbList","@id":"https:\/\/tropicalhotel.it\/fr\/hotel-avec-piscine-chauffee-a-jesolo\/#breadcrumb","itemListElement":[{"@type":"ListItem","position":1,"name":"Home","item":"https:\/\/tropicalhotel.it\/fr\/"},{"@type":"ListItem","position":2,"name":"H\u00f4tel avec piscine chauff\u00e9e \u00e0 Jesolo"}]},{"@type":"WebSite","@id":"https:\/\/tropicalhotel.it\/fr\/#website","url":"https:\/\/tropicalhotel.it\/fr\/","name":"Tropical Hotel Jesolo","description":"Hotel 3 stelle a Jesolo","publisher":{"@id":"https:\/\/tropicalhotel.it\/fr\/#organization"},"potentialAction":[{"@type":"SearchAction","target":{"@type":"EntryPoint","urlTemplate":"https:\/\/tropicalhotel.it\/fr\/?s={search_term_string}"},"query-input":{"@type":"PropertyValueSpecification","valueRequired":true,"valueName":"search_term_string"}}],"inLanguage":"fr-FR"},{"@type":"Organization","@id":"https:\/\/tropicalhotel.it\/fr\/#organization","name":"Tropical Hotel Jesolo","url":"https:\/\/tropicalhotel.it\/fr\/","logo":{"@type":"ImageObject","inLanguage":"fr-FR","@id":"https:\/\/tropicalhotel.it\/fr\/#\/schema\/logo\/image\/","url":"https:\/\/tropicalhotel.it\/wp-content\/uploads\/2024\/12\/Logo-Tropical-Verticale-2-2.jpg","contentUrl":"https:\/\/tropicalhotel.it\/wp-content\/uploads\/2024\/12\/Logo-Tropical-Verticale-2-2.jpg","width":190,"height":147,"caption":"Tropical Hotel Jesolo"},"image":{"@id":"https:\/\/tropicalhotel.it\/fr\/#\/schema\/logo\/image\/"},"sameAs":["https:\/\/www.facebook.com\/Tropical-Hotel-Jesolo-276868195688612\/","https:\/\/www.instagram.com\/tropicalhoteljesolo\/"]}]}},"_links":{"self":[{"href":"https:\/\/tropicalhotel.it\/fr\/wp-json\/wp\/v2\/pages\/2682","targetHints":{"allow":["GET"]}}],"collection":[{"href":"https:\/\/tropicalhotel.it\/fr\/wp-json\/wp\/v2\/pages"}],"about":[{"href":"https:\/\/tropicalhotel.it\/fr\/wp-json\/wp\/v2\/types\/page"}],"author":[{"embeddable":true,"href":"https:\/\/tropicalhotel.it\/fr\/wp-json\/wp\/v2\/users\/1"}],"replies":[{"embeddable":true,"href":"https:\/\/tropicalhotel.it\/fr\/wp-json\/wp\/v2\/comments?post=2682"}],"version-history":[{"count":1,"href":"https:\/\/tropicalhotel.it\/fr\/wp-json\/wp\/v2\/pages\/2682\/revisions"}],"predecessor-version":[{"id":2683,"href":"https:\/\/tropicalhotel.it\/fr\/wp-json\/wp\/v2\/pages\/2682\/revisions\/2683"}],"wp:featuredmedia":[{"embeddable":true,"href":"https:\/\/tropicalhotel.it\/fr\/wp-json\/wp\/v2\/media\/22"}],"wp:attachment":[{"href":"https:\/\/tropicalhotel.it\/fr\/wp-json\/wp\/v2\/media?parent=2682"}],"curies":[{"name":"wp","href":"https:\/\/api.w.org\/{rel}","templated":true}]}}