{"id":3122,"date":"2025-04-28T09:20:33","date_gmt":"2025-04-28T09:20:33","guid":{"rendered":"https:\/\/staging.tropicalhotel.it\/attractions\/by-day\/jmuseo\/"},"modified":"2025-04-28T09:28:11","modified_gmt":"2025-04-28T09:28:11","slug":"jmuseo","status":"publish","type":"page","link":"https:\/\/tropicalhotel.it\/fr\/attractions\/by-day\/jmuseo\/","title":{"rendered":"JMuseo"},"content":{"rendered":"\n<p>Con\u00e7u pour devenir un p\u00f4le d&rsquo;exposition dynamique et un lieu de rencontre culturelle, cet espace a \u00e9t\u00e9 pens\u00e9 pour accueillir une grande vari\u00e9t\u00e9 d&rsquo;expositions, permanentes et temporaires. Gr\u00e2ce \u00e0 la large ouverture r\u00e9alis\u00e9e dans le mur du deuxi\u00e8me \u00e9tage, le mus\u00e9e est capable d&rsquo;accueillir \u00e9galement des \u0153uvres et des artefacts de grande dimension, offrant ainsi une flexibilit\u00e9 d&rsquo;exposition unique.<\/p>\n\n\n\n<p><strong>INFO \u2192<\/strong><br>Via Aldo Policek 7, 30016 Jesolo VE<br>E. <a class=\"\">info@jmuseo.it<\/a><br>T. +39 0418627167<br><a class=\"\" href=\"https:\/\/jmuseo.it\/\">https:\/\/jmuseo.it\/<\/a><\/p>\n\n\n\n<p>Photo \u00a9 jmuseo.it<\/p>\n\n\n\n<p><strong>HORAIRES D&rsquo;OUVERTURE<\/strong><br>Du 19 avril au 8 juin, le mus\u00e9e sera ouvert :<\/p>\n\n\n\n<ul class=\"wp-block-list\">\n<li>Le samedi de 14h30 \u00e0 18h30<\/li>\n\n\n\n<li>Le dimanche de 10h30 \u00e0 18h30<\/li>\n<\/ul>\n\n\n\n<p><strong>OUVERTURES SP\u00c9CIALES<\/strong><br>Le mus\u00e9e sera ouvert de 10h30 \u00e0 18h30 aux dates suivantes :<\/p>\n\n\n\n<p>2 juin<br>19, 20 et 21 avril<br>25, 26 et 27 avril<br>1, 2, 3 et 4 mai<\/p>\n","protected":false},"excerpt":{"rendered":"<p>Con\u00e7u pour devenir un p\u00f4le d&rsquo;exposition dynamique et un lieu de rencontre culturelle, cet espace a \u00e9t\u00e9 pens\u00e9 pour accueillir une grande vari\u00e9t\u00e9 d&rsquo;expositions, permanentes et temporaires. Gr\u00e2ce \u00e0 la large ouverture r\u00e9alis\u00e9e dans le mur du deuxi\u00e8me \u00e9tage, le mus\u00e9e est capable d&rsquo;accueillir \u00e9galement des \u0153uvres et des artefacts de grande dimension, offrant ainsi [&hellip;]<\/p>\n","protected":false},"author":1,"featured_media":3115,"parent":1101,"menu_order":0,"comment_status":"closed","ping_status":"closed","template":"templates\/lista.php","meta":{"_acf_changed":false,"footnotes":""},"class_list":["post-3122","page","type-page","status-publish","has-post-thumbnail","hentry"],"acf":[],"yoast_head":"<!-- This site is optimized with the Yoast SEO plugin v27.0 - https:\/\/yoast.com\/product\/yoast-seo-wordpress\/ -->\n<title>JMuseo - Tropical Hotel Jesolo<\/title>\n<meta name=\"description\" content=\"Jmuseo Con\u00e7u pour devenir un p\u00f4le d&#039;exposition dynamique et un lieu de rencontre culturelle, cet espace a \u00e9t\u00e9 pens\u00e9 pour accueillir une grande vari\u00e9t\u00e9 d&#039;expositions, permanentes et temporaires.\" \/>\n<meta name=\"robots\" content=\"index, follow, max-snippet:-1, max-image-preview:large, max-video-preview:-1\" \/>\n<link rel=\"canonical\" href=\"https:\/\/tropicalhotel.it\/fr\/attractions\/by-day\/jmuseo\/\" \/>\n<meta property=\"og:locale\" content=\"fr_FR\" \/>\n<meta property=\"og:type\" content=\"article\" \/>\n<meta property=\"og:title\" content=\"JMuseo - Tropical Hotel Jesolo\" \/>\n<meta property=\"og:description\" content=\"Jmuseo Con\u00e7u pour devenir un p\u00f4le d&#039;exposition dynamique et un lieu de rencontre culturelle, cet espace a \u00e9t\u00e9 pens\u00e9 pour accueillir une grande vari\u00e9t\u00e9 d&#039;expositions, permanentes et temporaires.\" \/>\n<meta property=\"og:url\" content=\"https:\/\/tropicalhotel.it\/fr\/attractions\/by-day\/jmuseo\/\" \/>\n<meta property=\"og:site_name\" content=\"Tropical Hotel Jesolo\" \/>\n<meta property=\"article:publisher\" content=\"https:\/\/www.facebook.com\/Tropical-Hotel-Jesolo-276868195688612\/\" \/>\n<meta property=\"article:modified_time\" content=\"2025-04-28T09:28:11+00:00\" \/>\n<meta property=\"og:image\" content=\"https:\/\/tropicalhotel.it\/wp-content\/uploads\/2025\/04\/jmuseo.jpg\" \/>\n\t<meta property=\"og:image:width\" content=\"1280\" \/>\n\t<meta property=\"og:image:height\" content=\"470\" \/>\n\t<meta property=\"og:image:type\" content=\"image\/jpeg\" \/>\n<meta name=\"twitter:card\" content=\"summary_large_image\" \/>\n<meta name=\"twitter:label1\" content=\"Dur\u00e9e de lecture estim\u00e9e\" \/>\n\t<meta name=\"twitter:data1\" content=\"1 minute\" \/>\n<script type=\"application\/ld+json\" class=\"yoast-schema-graph\">{\"@context\":\"https:\/\/schema.org\",\"@graph\":[{\"@type\":\"WebPage\",\"@id\":\"https:\/\/tropicalhotel.it\/fr\/attractions\/by-day\/jmuseo\/\",\"url\":\"https:\/\/tropicalhotel.it\/fr\/attractions\/by-day\/jmuseo\/\",\"name\":\"JMuseo - Tropical Hotel Jesolo\",\"isPartOf\":{\"@id\":\"https:\/\/tropicalhotel.it\/fr\/#website\"},\"primaryImageOfPage\":{\"@id\":\"https:\/\/tropicalhotel.it\/fr\/attractions\/by-day\/jmuseo\/#primaryimage\"},\"image\":{\"@id\":\"https:\/\/tropicalhotel.it\/fr\/attractions\/by-day\/jmuseo\/#primaryimage\"},\"thumbnailUrl\":\"https:\/\/tropicalhotel.it\/wp-content\/uploads\/2025\/04\/jmuseo.jpg\",\"datePublished\":\"2025-04-28T09:20:33+00:00\",\"dateModified\":\"2025-04-28T09:28:11+00:00\",\"description\":\"Jmuseo Con\u00e7u pour devenir un p\u00f4le d'exposition dynamique et un lieu de rencontre culturelle, cet espace a \u00e9t\u00e9 pens\u00e9 pour accueillir une grande vari\u00e9t\u00e9 d'expositions, permanentes et temporaires.\",\"breadcrumb\":{\"@id\":\"https:\/\/tropicalhotel.it\/fr\/attractions\/by-day\/jmuseo\/#breadcrumb\"},\"inLanguage\":\"fr-FR\",\"potentialAction\":[{\"@type\":\"ReadAction\",\"target\":[\"https:\/\/tropicalhotel.it\/fr\/attractions\/by-day\/jmuseo\/\"]}]},{\"@type\":\"ImageObject\",\"inLanguage\":\"fr-FR\",\"@id\":\"https:\/\/tropicalhotel.it\/fr\/attractions\/by-day\/jmuseo\/#primaryimage\",\"url\":\"https:\/\/tropicalhotel.it\/wp-content\/uploads\/2025\/04\/jmuseo.jpg\",\"contentUrl\":\"https:\/\/tropicalhotel.it\/wp-content\/uploads\/2025\/04\/jmuseo.jpg\",\"width\":1280,\"height\":470},{\"@type\":\"BreadcrumbList\",\"@id\":\"https:\/\/tropicalhotel.it\/fr\/attractions\/by-day\/jmuseo\/#breadcrumb\",\"itemListElement\":[{\"@type\":\"ListItem\",\"position\":1,\"name\":\"Home\",\"item\":\"https:\/\/tropicalhotel.it\/fr\/\"},{\"@type\":\"ListItem\",\"position\":2,\"name\":\"Attractions\",\"item\":\"https:\/\/tropicalhotel.it\/fr\/attractions\/\"},{\"@type\":\"ListItem\",\"position\":3,\"name\":\"By Day\",\"item\":\"https:\/\/tropicalhotel.it\/fr\/attractions\/by-day\/\"},{\"@type\":\"ListItem\",\"position\":4,\"name\":\"JMuseo\"}]},{\"@type\":\"WebSite\",\"@id\":\"https:\/\/tropicalhotel.it\/fr\/#website\",\"url\":\"https:\/\/tropicalhotel.it\/fr\/\",\"name\":\"Tropical Hotel Jesolo\",\"description\":\"Hotel 3 stelle a Jesolo\",\"publisher\":{\"@id\":\"https:\/\/tropicalhotel.it\/fr\/#organization\"},\"potentialAction\":[{\"@type\":\"SearchAction\",\"target\":{\"@type\":\"EntryPoint\",\"urlTemplate\":\"https:\/\/tropicalhotel.it\/fr\/?s={search_term_string}\"},\"query-input\":{\"@type\":\"PropertyValueSpecification\",\"valueRequired\":true,\"valueName\":\"search_term_string\"}}],\"inLanguage\":\"fr-FR\"},{\"@type\":\"Organization\",\"@id\":\"https:\/\/tropicalhotel.it\/fr\/#organization\",\"name\":\"Tropical Hotel Jesolo\",\"url\":\"https:\/\/tropicalhotel.it\/fr\/\",\"logo\":{\"@type\":\"ImageObject\",\"inLanguage\":\"fr-FR\",\"@id\":\"https:\/\/tropicalhotel.it\/fr\/#\/schema\/logo\/image\/\",\"url\":\"https:\/\/tropicalhotel.it\/wp-content\/uploads\/2024\/12\/Logo-Tropical-Verticale-2-2.jpg\",\"contentUrl\":\"https:\/\/tropicalhotel.it\/wp-content\/uploads\/2024\/12\/Logo-Tropical-Verticale-2-2.jpg\",\"width\":190,\"height\":147,\"caption\":\"Tropical Hotel Jesolo\"},\"image\":{\"@id\":\"https:\/\/tropicalhotel.it\/fr\/#\/schema\/logo\/image\/\"},\"sameAs\":[\"https:\/\/www.facebook.com\/Tropical-Hotel-Jesolo-276868195688612\/\",\"https:\/\/www.instagram.com\/tropicalhoteljesolo\/\"]}]}<\/script>\n<!-- \/ Yoast SEO plugin. -->","yoast_head_json":{"title":"JMuseo - Tropical Hotel Jesolo","description":"Jmuseo Con\u00e7u pour devenir un p\u00f4le d'exposition dynamique et un lieu de rencontre culturelle, cet espace a \u00e9t\u00e9 pens\u00e9 pour accueillir une grande vari\u00e9t\u00e9 d'expositions, permanentes et temporaires.","robots":{"index":"index","follow":"follow","max-snippet":"max-snippet:-1","max-image-preview":"max-image-preview:large","max-video-preview":"max-video-preview:-1"},"canonical":"https:\/\/tropicalhotel.it\/fr\/attractions\/by-day\/jmuseo\/","og_locale":"fr_FR","og_type":"article","og_title":"JMuseo - Tropical Hotel Jesolo","og_description":"Jmuseo Con\u00e7u pour devenir un p\u00f4le d'exposition dynamique et un lieu de rencontre culturelle, cet espace a \u00e9t\u00e9 pens\u00e9 pour accueillir une grande vari\u00e9t\u00e9 d'expositions, permanentes et temporaires.","og_url":"https:\/\/tropicalhotel.it\/fr\/attractions\/by-day\/jmuseo\/","og_site_name":"Tropical Hotel Jesolo","article_publisher":"https:\/\/www.facebook.com\/Tropical-Hotel-Jesolo-276868195688612\/","article_modified_time":"2025-04-28T09:28:11+00:00","og_image":[{"width":1280,"height":470,"url":"https:\/\/tropicalhotel.it\/wp-content\/uploads\/2025\/04\/jmuseo.jpg","type":"image\/jpeg"}],"twitter_card":"summary_large_image","twitter_misc":{"Dur\u00e9e de lecture estim\u00e9e":"1 minute"},"schema":{"@context":"https:\/\/schema.org","@graph":[{"@type":"WebPage","@id":"https:\/\/tropicalhotel.it\/fr\/attractions\/by-day\/jmuseo\/","url":"https:\/\/tropicalhotel.it\/fr\/attractions\/by-day\/jmuseo\/","name":"JMuseo - Tropical Hotel Jesolo","isPartOf":{"@id":"https:\/\/tropicalhotel.it\/fr\/#website"},"primaryImageOfPage":{"@id":"https:\/\/tropicalhotel.it\/fr\/attractions\/by-day\/jmuseo\/#primaryimage"},"image":{"@id":"https:\/\/tropicalhotel.it\/fr\/attractions\/by-day\/jmuseo\/#primaryimage"},"thumbnailUrl":"https:\/\/tropicalhotel.it\/wp-content\/uploads\/2025\/04\/jmuseo.jpg","datePublished":"2025-04-28T09:20:33+00:00","dateModified":"2025-04-28T09:28:11+00:00","description":"Jmuseo Con\u00e7u pour devenir un p\u00f4le d'exposition dynamique et un lieu de rencontre culturelle, cet espace a \u00e9t\u00e9 pens\u00e9 pour accueillir une grande vari\u00e9t\u00e9 d'expositions, permanentes et temporaires.","breadcrumb":{"@id":"https:\/\/tropicalhotel.it\/fr\/attractions\/by-day\/jmuseo\/#breadcrumb"},"inLanguage":"fr-FR","potentialAction":[{"@type":"ReadAction","target":["https:\/\/tropicalhotel.it\/fr\/attractions\/by-day\/jmuseo\/"]}]},{"@type":"ImageObject","inLanguage":"fr-FR","@id":"https:\/\/tropicalhotel.it\/fr\/attractions\/by-day\/jmuseo\/#primaryimage","url":"https:\/\/tropicalhotel.it\/wp-content\/uploads\/2025\/04\/jmuseo.jpg","contentUrl":"https:\/\/tropicalhotel.it\/wp-content\/uploads\/2025\/04\/jmuseo.jpg","width":1280,"height":470},{"@type":"BreadcrumbList","@id":"https:\/\/tropicalhotel.it\/fr\/attractions\/by-day\/jmuseo\/#breadcrumb","itemListElement":[{"@type":"ListItem","position":1,"name":"Home","item":"https:\/\/tropicalhotel.it\/fr\/"},{"@type":"ListItem","position":2,"name":"Attractions","item":"https:\/\/tropicalhotel.it\/fr\/attractions\/"},{"@type":"ListItem","position":3,"name":"By Day","item":"https:\/\/tropicalhotel.it\/fr\/attractions\/by-day\/"},{"@type":"ListItem","position":4,"name":"JMuseo"}]},{"@type":"WebSite","@id":"https:\/\/tropicalhotel.it\/fr\/#website","url":"https:\/\/tropicalhotel.it\/fr\/","name":"Tropical Hotel Jesolo","description":"Hotel 3 stelle a Jesolo","publisher":{"@id":"https:\/\/tropicalhotel.it\/fr\/#organization"},"potentialAction":[{"@type":"SearchAction","target":{"@type":"EntryPoint","urlTemplate":"https:\/\/tropicalhotel.it\/fr\/?s={search_term_string}"},"query-input":{"@type":"PropertyValueSpecification","valueRequired":true,"valueName":"search_term_string"}}],"inLanguage":"fr-FR"},{"@type":"Organization","@id":"https:\/\/tropicalhotel.it\/fr\/#organization","name":"Tropical Hotel Jesolo","url":"https:\/\/tropicalhotel.it\/fr\/","logo":{"@type":"ImageObject","inLanguage":"fr-FR","@id":"https:\/\/tropicalhotel.it\/fr\/#\/schema\/logo\/image\/","url":"https:\/\/tropicalhotel.it\/wp-content\/uploads\/2024\/12\/Logo-Tropical-Verticale-2-2.jpg","contentUrl":"https:\/\/tropicalhotel.it\/wp-content\/uploads\/2024\/12\/Logo-Tropical-Verticale-2-2.jpg","width":190,"height":147,"caption":"Tropical Hotel Jesolo"},"image":{"@id":"https:\/\/tropicalhotel.it\/fr\/#\/schema\/logo\/image\/"},"sameAs":["https:\/\/www.facebook.com\/Tropical-Hotel-Jesolo-276868195688612\/","https:\/\/www.instagram.com\/tropicalhoteljesolo\/"]}]}},"_links":{"self":[{"href":"https:\/\/tropicalhotel.it\/fr\/wp-json\/wp\/v2\/pages\/3122","targetHints":{"allow":["GET"]}}],"collection":[{"href":"https:\/\/tropicalhotel.it\/fr\/wp-json\/wp\/v2\/pages"}],"about":[{"href":"https:\/\/tropicalhotel.it\/fr\/wp-json\/wp\/v2\/types\/page"}],"author":[{"embeddable":true,"href":"https:\/\/tropicalhotel.it\/fr\/wp-json\/wp\/v2\/users\/1"}],"replies":[{"embeddable":true,"href":"https:\/\/tropicalhotel.it\/fr\/wp-json\/wp\/v2\/comments?post=3122"}],"version-history":[{"count":2,"href":"https:\/\/tropicalhotel.it\/fr\/wp-json\/wp\/v2\/pages\/3122\/revisions"}],"predecessor-version":[{"id":3130,"href":"https:\/\/tropicalhotel.it\/fr\/wp-json\/wp\/v2\/pages\/3122\/revisions\/3130"}],"up":[{"embeddable":true,"href":"https:\/\/tropicalhotel.it\/fr\/wp-json\/wp\/v2\/pages\/1101"}],"wp:featuredmedia":[{"embeddable":true,"href":"https:\/\/tropicalhotel.it\/fr\/wp-json\/wp\/v2\/media\/3115"}],"wp:attachment":[{"href":"https:\/\/tropicalhotel.it\/fr\/wp-json\/wp\/v2\/media?parent=3122"}],"curies":[{"name":"wp","href":"https:\/\/api.w.org\/{rel}","templated":true}]}}