{"id":4171,"date":"2026-04-23T15:04:07","date_gmt":"2026-04-23T15:04:07","guid":{"rendered":"https:\/\/tropicalhotel.it\/?page_id=4171"},"modified":"2026-04-24T08:32:34","modified_gmt":"2026-04-24T08:32:34","slug":"hotel-jesolo-plage-services-inclus","status":"publish","type":"page","link":"https:\/\/tropicalhotel.it\/fr\/hotel-jesolo-plage-services-inclus\/","title":{"rendered":"H\u00f4tel \u00e0 Jesolo pr\u00e8s de la plage avec services inclus"},"content":{"rendered":"\n<h2 class=\"wp-block-heading\">O\u00f9 s\u00e9journer \u00e0 Jesolo pour des vacances relaxantes et sans stress<\/h2>\n\n\n\n<p>Si vous cherchez un h\u00f4tel \u00e0 Jesolo pr\u00e8s de la plage avec services inclus, vous souhaitez probablement un s\u00e9jour simple et confortable. Tout est organis\u00e9 pour que vous puissiez profiter pleinement de vos vacances.<\/p>\n\n\n\n<p>De plus en plus de voyageurs choisissent des h\u00f4tels avec plage, parking, piscine et services inclus pour \u00e9viter le stress et les co\u00fbts impr\u00e9vus.<\/p>\n\n\n\n<h3 class=\"wp-block-heading\">Plage incluse pour plus de confort<\/h3>\n\n\n\n<p>Avoir un parasol et des transats inclus vous permet de profiter de la plage sans organisation quotidienne.<\/p>\n\n\n\n<p>D\u00e9couvrez aussi l\u2019<a href=\"\/fr\/hotel-jesolo-plage-incluse\/\">h\u00f4tel \u00e0 Jesolo avec plage incluse<\/a>.<\/p>\n\n\n\n<h3 class=\"wp-block-heading\">Piscine chauff\u00e9e pour plus de libert\u00e9<\/h3>\n\n\n\n<p>Une piscine chauff\u00e9e permet de se d\u00e9tendre m\u00eame lorsque la mer est plus fra\u00eeche.<\/p>\n\n\n\n<p>Voir l\u2019<a href=\"https:\/\/tropicalhotel.it\/fr\/hotel-jesolo-piscine-chauffee\/\">h\u00f4tel \u00e0 Jesolo avec piscine chauff\u00e9e<\/a>.<\/p>\n\n\n\n<h3 class=\"wp-block-heading\">Parfait pour couples et familles<\/h3>\n\n\n\n<p>Ce type d\u2019h\u00f4tel est id\u00e9al pour les couples et les familles gr\u00e2ce au confort et \u00e0 la simplicit\u00e9.<\/p>\n\n\n\n<p>Pour un s\u00e9jour romantique, d\u00e9couvrez l\u2019<a href=\"https:\/\/tropicalhotel.it\/fr\/hotel-romantique-jesolo-jacuzzi\/\">h\u00f4tel romantique \u00e0 Jesolo avec jacuzzi<\/a>.<\/p>\n\n\n\n<p><strong>R\u00e9servez maintenant sur le site officiel pour obtenir le meilleur prix.<\/strong><\/p>\n\n\n<div id=\"rank-math-faq\" class=\"rank-math-block\">\n<div class=\"rank-math-list \">\n<div id=\"rm-faq-0bf65ef272d14e5ee907cd8937fc3353\" class=\"rank-math-list-item\">\n<h3 class=\"rank-math-question \">Quels services sont inclus dans un h\u00f4tel \u00e0 Jesolo?<\/h3>\n<div class=\"rank-math-answer \">\n\n<p>Plage, parking, piscine et autres services.<\/p>\n\n<\/div>\n<\/div>\n<div id=\"rm-faq-d36bc577f58970ce9f8df37821d5f056\" class=\"rank-math-list-item\">\n<h3 class=\"rank-math-question \">Est-ce pratique?<\/h3>\n<div class=\"rank-math-answer \">\n\n<p>Oui, cela simplifie le s\u00e9jour.<\/p>\n\n<\/div>\n<\/div>\n<div id=\"rm-faq-4cb0db5e247909aef6f6def8222f6951\" class=\"rank-math-list-item\">\n<h3 class=\"rank-math-question \">La proximit\u00e9 de la plage est-elle importante?<\/h3>\n<div class=\"rank-math-answer \">\n\n<p>Oui, pour plus de confort.<\/p>\n\n<\/div>\n<\/div>\n<div id=\"rm-faq-74865abbb4d233681b0508dd2384efd9\" class=\"rank-math-list-item\">\n<h3 class=\"rank-math-question \">Y a-t-il des piscines chauff\u00e9es?<\/h3>\n<div class=\"rank-math-answer \">\n\n<p>Oui, dans de nombreux h\u00f4tels.<\/p>\n\n<\/div>\n<\/div>\n<\/div>\n<\/div>","protected":false},"excerpt":{"rendered":"<p>O\u00f9 s\u00e9journer \u00e0 Jesolo pour des vacances relaxantes et sans stress Si vous cherchez un h\u00f4tel \u00e0 Jesolo pr\u00e8s de la plage avec services inclus, vous souhaitez probablement un s\u00e9jour simple et confortable. Tout est organis\u00e9 pour que vous puissiez profiter pleinement de vos vacances. De plus en plus de voyageurs choisissent des h\u00f4tels avec [&hellip;]<\/p>\n","protected":false},"author":1,"featured_media":4170,"parent":0,"menu_order":0,"comment_status":"closed","ping_status":"closed","template":"","meta":{"_acf_changed":false,"footnotes":""},"class_list":["post-4171","page","type-page","status-publish","has-post-thumbnail","hentry"],"acf":[],"_links":{"self":[{"href":"https:\/\/tropicalhotel.it\/fr\/wp-json\/wp\/v2\/pages\/4171","targetHints":{"allow":["GET"]}}],"collection":[{"href":"https:\/\/tropicalhotel.it\/fr\/wp-json\/wp\/v2\/pages"}],"about":[{"href":"https:\/\/tropicalhotel.it\/fr\/wp-json\/wp\/v2\/types\/page"}],"author":[{"embeddable":true,"href":"https:\/\/tropicalhotel.it\/fr\/wp-json\/wp\/v2\/users\/1"}],"replies":[{"embeddable":true,"href":"https:\/\/tropicalhotel.it\/fr\/wp-json\/wp\/v2\/comments?post=4171"}],"version-history":[{"count":1,"href":"https:\/\/tropicalhotel.it\/fr\/wp-json\/wp\/v2\/pages\/4171\/revisions"}],"predecessor-version":[{"id":4173,"href":"https:\/\/tropicalhotel.it\/fr\/wp-json\/wp\/v2\/pages\/4171\/revisions\/4173"}],"wp:featuredmedia":[{"embeddable":true,"href":"https:\/\/tropicalhotel.it\/fr\/wp-json\/wp\/v2\/media\/4170"}],"wp:attachment":[{"href":"https:\/\/tropicalhotel.it\/fr\/wp-json\/wp\/v2\/media?parent=4171"}],"curies":[{"name":"wp","href":"https:\/\/api.w.org\/{rel}","templated":true}]}}