{"id":4183,"date":"2026-04-23T15:08:11","date_gmt":"2026-04-23T15:08:11","guid":{"rendered":"https:\/\/tropicalhotel.it\/?page_id=4183"},"modified":"2026-04-24T08:49:51","modified_gmt":"2026-04-24T08:49:51","slug":"hotel-famille-jesolo-services-inclus","status":"publish","type":"page","link":"https:\/\/tropicalhotel.it\/fr\/hotel-famille-jesolo-services-inclus\/","title":{"rendered":"H\u00f4tel familial \u00e0 Jesolo avec services inclus"},"content":{"rendered":"\n<h2 class=\"wp-block-heading\">O\u00f9 s\u00e9journer \u00e0 Jesolo avec des enfants pour des vacances sans stress<\/h2>\n\n\n\n<p>Choisir un h\u00f4tel familial \u00e0 Jesolo avec services inclus est la meilleure solution pour profiter de vacances relaxantes avec des enfants. Lorsque tout est d\u00e9j\u00e0 organis\u00e9, le s\u00e9jour devient plus simple et agr\u00e9able.<\/p>\n\n\n\n<p>Jesolo est une destination id\u00e9ale pour les familles gr\u00e2ce \u00e0 sa grande plage de sable, son environnement s\u00e9curis\u00e9 et ses nombreuses activit\u00e9s adapt\u00e9es aux enfants.<\/p>\n\n\n\n<h3 class=\"wp-block-heading\">Des services inclus pour simplifier le s\u00e9jour<\/h3>\n\n\n\n<ul class=\"wp-block-list\">\n<li>Plage avec parasol et transats<\/li>\n\n\n\n<li>Parking inclus<\/li>\n\n\n\n<li>Piscine pour adultes et enfants<\/li>\n\n\n\n<li>Services adapt\u00e9s aux enfants<\/li>\n\n\n\n<li>V\u00e9los gratuits<\/li>\n\n\n\n<li>Petit-d\u00e9jeuner et restaurant<\/li>\n<\/ul>\n\n\n\n<p>Ces services permettent de mieux organiser les journ\u00e9es et d\u2019\u00e9viter le stress pendant les vacances.<\/p>\n\n\n\n<p>D\u00e9couvrez aussi l\u2019<a href=\"\/fr\/hotel-jesolo-plage-incluse\/\">h\u00f4tel \u00e0 Jesolo avec plage incluse<\/a>.<\/p>\n\n\n\n<h3 class=\"wp-block-heading\">Piscine et s\u00e9curit\u00e9 pour les enfants<\/h3>\n\n\n\n<p>La piscine est un \u00e9l\u00e9ment essentiel pour les familles. Les enfants peuvent jouer en toute s\u00e9curit\u00e9 pendant que les parents se d\u00e9tendent.<\/p>\n\n\n\n<p>Voir aussi l\u2019<a href=\"https:\/\/tropicalhotel.it\/fr\/hotel-jesolo-piscine-chauffee\/\">h\u00f4tel \u00e0 Jesolo avec piscine chauff\u00e9e<\/a>.<\/p>\n\n\n\n<h3 class=\"wp-block-heading\">Une position id\u00e9ale pour les familles<\/h3>\n\n\n\n<p>Un h\u00f4tel proche de la plage et situ\u00e9 dans un quartier calme facilite les d\u00e9placements et rend le s\u00e9jour plus confortable, surtout avec des enfants.<\/p>\n\n\n\n<p>Pour une solution compl\u00e8te, d\u00e9couvrez l\u2019<a href=\"https:\/\/tropicalhotel.it\/fr\/hotel-jesolo-plage-services-inclus\/\">h\u00f4tel \u00e0 Jesolo avec services inclus<\/a>.<\/p>\n\n\n\n<h3 class=\"wp-block-heading\">Activit\u00e9s pour enfants et familles<\/h3>\n\n\n\n<p>Jesolo propose de nombreuses activit\u00e9s: parcs d\u2019attractions, animations sur la plage et pistes cyclables pour toute la famille.<\/p>\n\n\n\n<h3 class=\"wp-block-heading\">Des vacances familiales relaxantes<\/h3>\n\n\n\n<p>Lorsque les services sont inclus, les vacances deviennent plus simples et plus agr\u00e9ables. C\u2019est pour cela que de nombreuses familles reviennent chaque ann\u00e9e.<\/p>\n\n\n\n<p><strong>R\u00e9servez maintenant et profitez de vos vacances en famille \u00e0 Jesolo.<\/strong><\/p>\n\n\n<div id=\"rank-math-faq\" class=\"rank-math-block\">\n<div class=\"rank-math-list \">\n<div id=\"rm-faq-6c82a26a436156630e8b0e9c39965c5f\" class=\"rank-math-list-item\">\n<h3 class=\"rank-math-question \">Jesolo est-elle adapt\u00e9e aux familles?<\/h3>\n<div class=\"rank-math-answer \">\n\n<p>Oui, gr\u00e2ce \u00e0 sa plage et ses activit\u00e9s.<\/p>\n\n<\/div>\n<\/div>\n<div id=\"rm-faq-30b7824b24730a6a3fa9380c88b0168f\" class=\"rank-math-list-item\">\n<h3 class=\"rank-math-question \">Quels services sont importants pour les familles?<\/h3>\n<div class=\"rank-math-answer \">\n\n<p>Plage, piscine, parking et services pour enfants.<\/p>\n\n<\/div>\n<\/div>\n<div id=\"rm-faq-d98e5c996c80d0153039151d8e6691b0\" class=\"rank-math-list-item\">\n<h3 class=\"rank-math-question \">Les piscines sont-elles adapt\u00e9es aux enfants?<\/h3>\n<div class=\"rank-math-answer \">\n\n<p>Oui, de nombreux h\u00f4tels proposent des espaces d\u00e9di\u00e9s.<\/p>\n\n<\/div>\n<\/div>\n<div id=\"rm-faq-8b1ad3614c5f2a65ba3609a50c63a2e8\" class=\"rank-math-list-item\">\n<h3 class=\"rank-math-question \">Les services inclus sont-ils utiles?<\/h3>\n<div class=\"rank-math-answer \">\n\n<p>Oui, ils simplifient l\u2019organisation du s\u00e9jour.<\/p>\n\n<\/div>\n<\/div>\n<\/div>\n<\/div>","protected":false},"excerpt":{"rendered":"<p>O\u00f9 s\u00e9journer \u00e0 Jesolo avec des enfants pour des vacances sans stress Choisir un h\u00f4tel familial \u00e0 Jesolo avec services inclus est la meilleure solution pour profiter de vacances relaxantes avec des enfants. Lorsque tout est d\u00e9j\u00e0 organis\u00e9, le s\u00e9jour devient plus simple et agr\u00e9able. Jesolo est une destination id\u00e9ale pour les familles gr\u00e2ce \u00e0 [&hellip;]<\/p>\n","protected":false},"author":1,"featured_media":4182,"parent":0,"menu_order":0,"comment_status":"closed","ping_status":"closed","template":"","meta":{"_acf_changed":false,"footnotes":""},"class_list":["post-4183","page","type-page","status-publish","has-post-thumbnail","hentry"],"acf":[],"_links":{"self":[{"href":"https:\/\/tropicalhotel.it\/fr\/wp-json\/wp\/v2\/pages\/4183","targetHints":{"allow":["GET"]}}],"collection":[{"href":"https:\/\/tropicalhotel.it\/fr\/wp-json\/wp\/v2\/pages"}],"about":[{"href":"https:\/\/tropicalhotel.it\/fr\/wp-json\/wp\/v2\/types\/page"}],"author":[{"embeddable":true,"href":"https:\/\/tropicalhotel.it\/fr\/wp-json\/wp\/v2\/users\/1"}],"replies":[{"embeddable":true,"href":"https:\/\/tropicalhotel.it\/fr\/wp-json\/wp\/v2\/comments?post=4183"}],"version-history":[{"count":2,"href":"https:\/\/tropicalhotel.it\/fr\/wp-json\/wp\/v2\/pages\/4183\/revisions"}],"predecessor-version":[{"id":4185,"href":"https:\/\/tropicalhotel.it\/fr\/wp-json\/wp\/v2\/pages\/4183\/revisions\/4185"}],"wp:featuredmedia":[{"embeddable":true,"href":"https:\/\/tropicalhotel.it\/fr\/wp-json\/wp\/v2\/media\/4182"}],"wp:attachment":[{"href":"https:\/\/tropicalhotel.it\/fr\/wp-json\/wp\/v2\/media?parent=4183"}],"curies":[{"name":"wp","href":"https:\/\/api.w.org\/{rel}","templated":true}]}}