{"id":4191,"date":"2026-04-24T05:53:29","date_gmt":"2026-04-24T05:53:29","guid":{"rendered":"https:\/\/tropicalhotel.it\/?page_id=4191"},"modified":"2026-04-24T08:56:33","modified_gmt":"2026-04-24T08:56:33","slug":"hotel-jesolo-sans-voiture","status":"publish","type":"page","link":"https:\/\/tropicalhotel.it\/fr\/hotel-jesolo-sans-voiture\/","title":{"rendered":"H\u00f4tel \u00e0 Jesolo sans voiture: est-ce possible?"},"content":{"rendered":"\n<h2 class=\"wp-block-heading\">Comment profiter de Jesolo sans utiliser la voiture<\/h2>\n\n\n\n<p>Oui, s\u00e9journer dans un h\u00f4tel \u00e0 Jesolo sans voiture est tout \u00e0 fait possible et souvent plus agr\u00e9able. Il suffit de choisir un h\u00f4tel proche de la plage et des principaux services.<\/p>\n\n\n\n<p>Vous pourrez ainsi vous d\u00e9placer facilement \u00e0 pied ou \u00e0 v\u00e9lo et profiter d\u2019un s\u00e9jour plus d\u00e9tendu.<\/p>\n\n\n\n<h3 class=\"wp-block-heading\">Pourquoi choisir des vacances sans voiture<\/h3>\n\n\n\n<ul class=\"wp-block-list\">\n<li>Moins de stress pendant le s\u00e9jour<\/li>\n\n\n\n<li>Pas besoin de chercher un parking<\/li>\n\n\n\n<li>Plus de libert\u00e9 dans les d\u00e9placements<\/li>\n\n\n\n<li>Une exp\u00e9rience plus relaxante<\/li>\n<\/ul>\n\n\n\n<p>Jesolo est une destination id\u00e9ale pour ce type de vacances gr\u00e2ce \u00e0 ses zones pi\u00e9tonnes et ses pistes cyclables.<\/p>\n\n\n\n<h3 class=\"wp-block-heading\">Choisir un h\u00f4tel proche de la mer<\/h3>\n\n\n\n<p>La proximit\u00e9 de la plage est essentielle pour se d\u00e9placer facilement sans voiture. Tout devient plus accessible et pratique.<\/p>\n\n\n\n<p>D\u00e9couvrez aussi l\u2019<a href=\"https:\/\/tropicalhotel.it\/fr\/hotel-jesolo-plage-services-inclus\/\">h\u00f4tel \u00e0 Jesolo avec services inclus<\/a>.<\/p>\n\n\n\n<h3 class=\"wp-block-heading\">Les services qui font la diff\u00e9rence<\/h3>\n\n\n\n<ul class=\"wp-block-list\">\n<li>Plage incluse<\/li>\n\n\n\n<li>V\u00e9los gratuits<\/li>\n\n\n\n<li>Emplacement central<\/li>\n\n\n\n<li>Restaurant sur place<\/li>\n<\/ul>\n\n\n\n<p>Ces services permettent de profiter pleinement du s\u00e9jour sans utiliser de voiture.<\/p>\n\n\n\n<p>Voir aussi l\u2019<a href=\"\/fr\/hotel-jesolo-plage-incluse\/\">h\u00f4tel \u00e0 Jesolo avec plage incluse<\/a>.<\/p>\n\n\n\n<h3 class=\"wp-block-heading\">Se d\u00e9placer facilement<\/h3>\n\n\n\n<p>Gr\u00e2ce aux pistes cyclables et aux zones pi\u00e9tonnes, Jesolo est facile \u00e0 d\u00e9couvrir sans voiture. De nombreux h\u00f4tels proposent des v\u00e9los \u00e0 leurs clients.<\/p>\n\n\n\n<h3 class=\"wp-block-heading\">Des vacances plus l\u00e9g\u00e8res et relaxantes<\/h3>\n\n\n\n<p>Laisser la voiture de c\u00f4t\u00e9 permet de profiter d\u2019un rythme plus calme et de vacances plus agr\u00e9ables.<\/p>\n\n\n\n<p><strong>R\u00e9servez maintenant et profitez de Jesolo sans stress, m\u00eame sans voiture.<\/strong><\/p>\n\n\n<div id=\"rank-math-faq\" class=\"rank-math-block\">\n<div class=\"rank-math-list \">\n<div id=\"rm-faq-db549713835250dc5c1a24b02bcf70bd\" class=\"rank-math-list-item\">\n<h3 class=\"rank-math-question \">Peut-on s\u00e9journer \u00e0 Jesolo sans voiture?<\/h3>\n<div class=\"rank-math-answer \">\n\n<p>Oui, de nombreuses zones sont accessibles \u00e0 pied ou \u00e0 v\u00e9lo.<\/p>\n\n<\/div>\n<\/div>\n<div id=\"rm-faq-4cb0db5e247909aef6f6def8222f6951\" class=\"rank-math-list-item\">\n<h3 class=\"rank-math-question \">La proximit\u00e9 de la plage est-elle importante?<\/h3>\n<div class=\"rank-math-answer \">\n\n<p>Oui, elle facilite les d\u00e9placements.<\/p>\n\n<\/div>\n<\/div>\n<div id=\"rm-faq-073122e2a4d694caa26c7daba55f87a4\" class=\"rank-math-list-item\">\n<h3 class=\"rank-math-question \">Les h\u00f4tels proposent-ils des v\u00e9los?<\/h3>\n<div class=\"rank-math-answer \">\n\n<p>Oui, souvent gratuitement.<\/p>\n\n<\/div>\n<\/div>\n<div id=\"rm-faq-4655992a40fb20e052dda1971c0e31ed\" class=\"rank-math-list-item\">\n<h3 class=\"rank-math-question \">Est-ce plus relaxant sans voiture?<\/h3>\n<div class=\"rank-math-answer \">\n\n<p>Oui, cela simplifie le s\u00e9jour.<\/p>\n\n<\/div>\n<\/div>\n<\/div>\n<\/div>","protected":false},"excerpt":{"rendered":"<p>Comment profiter de Jesolo sans utiliser la voiture Oui, s\u00e9journer dans un h\u00f4tel \u00e0 Jesolo sans voiture est tout \u00e0 fait possible et souvent plus agr\u00e9able. Il suffit de choisir un h\u00f4tel proche de la plage et des principaux services. Vous pourrez ainsi vous d\u00e9placer facilement \u00e0 pied ou \u00e0 v\u00e9lo et profiter d\u2019un s\u00e9jour [&hellip;]<\/p>\n","protected":false},"author":1,"featured_media":4190,"parent":0,"menu_order":0,"comment_status":"closed","ping_status":"closed","template":"","meta":{"_acf_changed":false,"footnotes":""},"class_list":["post-4191","page","type-page","status-publish","has-post-thumbnail","hentry"],"acf":[],"_links":{"self":[{"href":"https:\/\/tropicalhotel.it\/fr\/wp-json\/wp\/v2\/pages\/4191","targetHints":{"allow":["GET"]}}],"collection":[{"href":"https:\/\/tropicalhotel.it\/fr\/wp-json\/wp\/v2\/pages"}],"about":[{"href":"https:\/\/tropicalhotel.it\/fr\/wp-json\/wp\/v2\/types\/page"}],"author":[{"embeddable":true,"href":"https:\/\/tropicalhotel.it\/fr\/wp-json\/wp\/v2\/users\/1"}],"replies":[{"embeddable":true,"href":"https:\/\/tropicalhotel.it\/fr\/wp-json\/wp\/v2\/comments?post=4191"}],"version-history":[{"count":2,"href":"https:\/\/tropicalhotel.it\/fr\/wp-json\/wp\/v2\/pages\/4191\/revisions"}],"predecessor-version":[{"id":4193,"href":"https:\/\/tropicalhotel.it\/fr\/wp-json\/wp\/v2\/pages\/4191\/revisions\/4193"}],"wp:featuredmedia":[{"embeddable":true,"href":"https:\/\/tropicalhotel.it\/fr\/wp-json\/wp\/v2\/media\/4190"}],"wp:attachment":[{"href":"https:\/\/tropicalhotel.it\/fr\/wp-json\/wp\/v2\/media?parent=4191"}],"curies":[{"name":"wp","href":"https:\/\/api.w.org\/{rel}","templated":true}]}}