{"id":4252,"date":"2026-05-05T07:08:18","date_gmt":"2026-05-05T07:08:18","guid":{"rendered":"https:\/\/tropicalhotel.it\/?page_id=4252"},"modified":"2026-05-06T07:39:45","modified_gmt":"2026-05-06T07:39:45","slug":"qui-sommes-nous","status":"publish","type":"page","link":"https:\/\/tropicalhotel.it\/fr\/hotel\/qui-sommes-nous\/","title":{"rendered":"Qui sommes-nous"},"content":{"rendered":"\n<p>Depuis plus de <strong>60 ans<\/strong>, l\u2019H\u00f4tel Tropical raconte une histoire faite de <strong>famille, de passion et d\u2019hospitalit\u00e9<\/strong>. N\u00e9 au d\u00e9but des ann\u00e9es 60, lorsque cette zone de Jesolo \u00e9tait encore appel\u00e9e \u00ab le d\u00e9sert \u00bb, il a vu le territoire se d\u00e9velopper et devenir une <strong>r\u00e9f\u00e9rence pour ceux qui recherchent des vacances authentiques<\/strong>.<\/p>\n\n\n\n<p>Depuis 1963, il est entre les mains de la famille Bergamo, qui a su transformer avec courage un investissement en un <strong>v\u00e9ritable projet de vie<\/strong>, en apprenant chaque jour, avec d\u00e9vouement et passion, l\u2019art de l\u2019accueil. Aujourd\u2019hui encore, cette histoire se ressent dans les moindres d\u00e9tails : comme la machine \u00e0 caf\u00e9 historique Faema E61 de 1962, toujours en fonctionnement et servant un caf\u00e9 comme autrefois, ou dans les espaces du hall qui conservent volontairement <strong>une partie du mobilier et du sol v\u00e9nitien d\u2019origine des ann\u00e9es 60<\/strong>.<\/p>\n\n\n\n<p>Au fil du temps, l\u2019h\u00f4tel s\u2019est renouvel\u00e9 <strong>sans jamais perdre son \u00e2me<\/strong>. Aujourd\u2019hui, avec d\u00e9j\u00e0 la troisi\u00e8me g\u00e9n\u00e9ration impliqu\u00e9e, Andrea et Nadia, avec Martina et Elisa, perp\u00e9tuent une tradition faite d\u2019<strong>attention, de qualit\u00e9 et de relations sinc\u00e8res avec les clients<\/strong> \u2014 dont beaucoup reviennent depuis <strong>plus de quarante ans<\/strong>.<\/p>\n\n\n\n<p>\u00c0 l\u2019H\u00f4tel Tropical, chaque s\u00e9jour fait partie d\u2019une <strong>histoire qui continue<\/strong>. Fiers et enthousiastes, depuis des g\u00e9n\u00e9rations, nous accueillons nos h\u00f4tes <strong>comme on accueille un ami<\/strong>.<\/p>\n\n\n\n<p>Parce que la plus belle hospitalit\u00e9 est celle qui <strong>vient du c\u0153ur et qui dure dans le temps<\/strong>.<br><strong>Notre histoire continue\u2026 avec vous.<\/strong><\/p>\n","protected":false},"excerpt":{"rendered":"<p>Depuis plus de 60 ans, l\u2019H\u00f4tel Tropical raconte une histoire faite de famille, de passion et d\u2019hospitalit\u00e9. N\u00e9 au d\u00e9but des ann\u00e9es 60, lorsque cette zone de Jesolo \u00e9tait encore appel\u00e9e \u00ab le d\u00e9sert \u00bb, il a vu le territoire se d\u00e9velopper et devenir une r\u00e9f\u00e9rence pour ceux qui recherchent des vacances authentiques. Depuis 1963, [&hellip;]<\/p>\n","protected":false},"author":1,"featured_media":4251,"parent":2194,"menu_order":0,"comment_status":"closed","ping_status":"closed","template":"","meta":{"_acf_changed":false,"footnotes":""},"class_list":["post-4252","page","type-page","status-publish","has-post-thumbnail","hentry"],"acf":[],"_links":{"self":[{"href":"https:\/\/tropicalhotel.it\/fr\/wp-json\/wp\/v2\/pages\/4252","targetHints":{"allow":["GET"]}}],"collection":[{"href":"https:\/\/tropicalhotel.it\/fr\/wp-json\/wp\/v2\/pages"}],"about":[{"href":"https:\/\/tropicalhotel.it\/fr\/wp-json\/wp\/v2\/types\/page"}],"author":[{"embeddable":true,"href":"https:\/\/tropicalhotel.it\/fr\/wp-json\/wp\/v2\/users\/1"}],"replies":[{"embeddable":true,"href":"https:\/\/tropicalhotel.it\/fr\/wp-json\/wp\/v2\/comments?post=4252"}],"version-history":[{"count":1,"href":"https:\/\/tropicalhotel.it\/fr\/wp-json\/wp\/v2\/pages\/4252\/revisions"}],"predecessor-version":[{"id":4253,"href":"https:\/\/tropicalhotel.it\/fr\/wp-json\/wp\/v2\/pages\/4252\/revisions\/4253"}],"up":[{"embeddable":true,"href":"https:\/\/tropicalhotel.it\/fr\/wp-json\/wp\/v2\/pages\/2194"}],"wp:featuredmedia":[{"embeddable":true,"href":"https:\/\/tropicalhotel.it\/fr\/wp-json\/wp\/v2\/media\/4251"}],"wp:attachment":[{"href":"https:\/\/tropicalhotel.it\/fr\/wp-json\/wp\/v2\/media?parent=4252"}],"curies":[{"name":"wp","href":"https:\/\/api.w.org\/{rel}","templated":true}]}}